{"id":40388,"date":"2025-10-27T13:54:24","date_gmt":"2025-10-27T05:54:24","guid":{"rendered":"https:\/\/visa-indonesia.com\/?post_type=product&#038;p=40388"},"modified":"2026-04-30T01:13:06","modified_gmt":"2026-04-29T17:13:06","slug":"esim-endonezya-bali-12gb-30gun","status":"publish","type":"product","link":"https:\/\/visa-indonesia.com\/tr\/service\/esim-indonesia-bali-12gb-30days\/","title":{"rendered":"eSIM Endonezya ve Bali 12 GB \/ 30 G\u00fcn"},"content":{"rendered":"","protected":false},"excerpt":{"rendered":"<p class=\"p4\">Endonezya i\u00e7in 12 GB veri hacmine sahip eSIM, Endonezya \u015febekesine ilk ba\u011flant\u0131dan itibaren 30 g\u00fcn boyunca ge\u00e7erlidir. <b><\/b>E-posta yoluyla 5 dakika i\u00e7inde teslimat. Ki\u015fisel do\u011frulama gerekmez. QR kodunu tarad\u0131ktan sonra an\u0131nda kullan\u0131m - yava\u015flama olmadan tam 5G h\u0131z\u0131.\u00a0<span class=\"s2\"><b>Avantaj:<\/b><\/span> IMEI'nizi veya telefonunuzu var\u0131\u015fta havaalan\u0131nda kaydetmenize gerek yoktur; Endonezya a\u011f\u0131nda sorunsuz bir \u015fekilde \u00e7al\u0131\u015fmaya devam edecektir. Bir hotspot kurmak i\u00e7in kullanabilirsiniz. eSIM hem 5G hem de 4G\/LTE'yi destekler.<\/p>\n<p class=\"p1\">\ud83d\udfe2 <span class=\"s2\"><b>Ana \u015febeke:<\/b><\/span> Indosat Ooredoo (IM3) - \u015fehirlerde ve turistik b\u00f6lgelerde (Bali, Jakarta, Yogyakarta, Lombok) g\u00fc\u00e7l\u00fc kapsama alan\u0131<br \/>\n\ud83d\udd35 <span class=\"s2\"><b>Alternatif a\u011f:<\/b><\/span> Telkomsel - en b\u00fcy\u00fck sa\u011flay\u0131c\u0131, uzak adalarda en iyi kapsama alan\u0131<\/p>","protected":false},"featured_media":45882,"comment_status":"closed","ping_status":"closed","template":"","meta":{"_acf_changed":false,"site-sidebar-layout":"default","site-content-layout":"","ast-site-content-layout":"default","site-content-style":"default","site-sidebar-style":"default","ast-global-header-display":"","ast-banner-title-visibility":"","ast-main-header-display":"","ast-hfb-above-header-display":"","ast-hfb-below-header-display":"","ast-hfb-mobile-header-display":"","site-post-title":"","ast-breadcrumbs-content":"","ast-featured-img":"","footer-sml-layout":"","ast-disable-related-posts":"","theme-transparent-header-meta":"default","adv-header-id-meta":"","stick-header-meta":"","header-above-stick-meta":"","header-main-stick-meta":"","header-below-stick-meta":"","astra-migrate-meta-layouts":"set","ast-page-background-enabled":"default","ast-page-background-meta":{"desktop":{"background-color":"","background-image":"","background-repeat":"repeat","background-position":"center center","background-size":"auto","background-attachment":"scroll","background-type":"","background-media":"","overlay-type":"","overlay-color":"","overlay-opacity":"","overlay-gradient":""},"tablet":{"background-color":"","background-image":"","background-repeat":"repeat","background-position":"center center","background-size":"auto","background-attachment":"scroll","background-type":"","background-media":"","overlay-type":"","overlay-color":"","overlay-opacity":"","overlay-gradient":""},"mobile":{"background-color":"","background-image":"","background-repeat":"repeat","background-position":"center center","background-size":"auto","background-attachment":"scroll","background-type":"","background-media":"","overlay-type":"","overlay-color":"","overlay-opacity":"","overlay-gradient":""}},"ast-content-background-meta":{"desktop":{"background-color":"var(--ast-global-color-5)","background-image":"","background-repeat":"repeat","background-position":"center center","background-size":"auto","background-attachment":"scroll","background-type":"","background-media":"","overlay-type":"","overlay-color":"","overlay-opacity":"","overlay-gradient":""},"tablet":{"background-color":"var(--ast-global-color-5)","background-image":"","background-repeat":"repeat","background-position":"center center","background-size":"auto","background-attachment":"scroll","background-type":"","background-media":"","overlay-type":"","overlay-color":"","overlay-opacity":"","overlay-gradient":""},"mobile":{"background-color":"var(--ast-global-color-5)","background-image":"","background-repeat":"repeat","background-position":"center center","background-size":"auto","background-attachment":"scroll","background-type":"","background-media":"","overlay-type":"","overlay-color":"","overlay-opacity":"","overlay-gradient":""}},"uix_meta_title":"","uix_meta_description":"","uix_canonical_url":""},"product_brand":[],"product_cat":[1562],"product_tag":[1563,1564,1565,1566,1567,1568,1569,1570,1571,1572,1573,1574],"comparison_feature":[],"class_list":{"0":"post-40388","1":"product","2":"type-product","3":"status-publish","4":"has-post-thumbnail","6":"product_cat-esim","7":"product_tag-esim-indonesia","8":"product_tag-esim-bali","9":"product_tag-e-sim-bali","10":"product_tag-bali-esim","11":"product_tag-esim-indonesien","12":"product_tag-e-sim-indonesien","13":"product_tag-indonesia-esim","14":"product_tag-indonesia-e-sim","15":"product_tag-indonesien-esim","16":"product_tag-indonesien-e-sim","17":"product_tag-bali-e-sim","18":"product_tag-e-sim-indonesia","19":"desktop-align-left","20":"tablet-align-left","21":"mobile-align-left","22":"ast-product-gallery-layout-horizontal-slider","23":"ast-product-gallery-with-no-image","24":"ast-magnify-disabled","25":"ast-product-tabs-layout-horizontal","27":"first","28":"instock","29":"shipping-taxable","30":"purchasable","31":"product-type-simple"},"acf":[],"_links":{"self":[{"href":"https:\/\/visa-indonesia.com\/tr\/wp-json\/wp\/v2\/product\/40388","targetHints":{"allow":["GET"]}}],"collection":[{"href":"https:\/\/visa-indonesia.com\/tr\/wp-json\/wp\/v2\/product"}],"about":[{"href":"https:\/\/visa-indonesia.com\/tr\/wp-json\/wp\/v2\/types\/product"}],"replies":[{"embeddable":true,"href":"https:\/\/visa-indonesia.com\/tr\/wp-json\/wp\/v2\/comments?post=40388"}],"wp:featuredmedia":[{"embeddable":true,"href":"https:\/\/visa-indonesia.com\/tr\/wp-json\/wp\/v2\/media\/45882"}],"wp:attachment":[{"href":"https:\/\/visa-indonesia.com\/tr\/wp-json\/wp\/v2\/media?parent=40388"}],"wp:term":[{"taxonomy":"product_brand","embeddable":true,"href":"https:\/\/visa-indonesia.com\/tr\/wp-json\/wp\/v2\/product_brand?post=40388"},{"taxonomy":"product_cat","embeddable":true,"href":"https:\/\/visa-indonesia.com\/tr\/wp-json\/wp\/v2\/product_cat?post=40388"},{"taxonomy":"product_tag","embeddable":true,"href":"https:\/\/visa-indonesia.com\/tr\/wp-json\/wp\/v2\/product_tag?post=40388"},{"taxonomy":"comparison_feature","embeddable":true,"href":"https:\/\/visa-indonesia.com\/tr\/wp-json\/wp\/v2\/comparison_feature?post=40388"}],"curies":[{"name":"wp","href":"https:\/\/api.w.org\/{rel}","templated":true}]}}