{"id":26916,"date":"2024-09-04T10:28:38","date_gmt":"2024-09-04T02:28:38","guid":{"rendered":"https:\/\/visa-indonesia.com\/?post_type=product&#038;p=26916"},"modified":"2026-04-23T18:52:18","modified_gmt":"2026-04-23T10:52:18","slug":"di%cc%87ji%cc%87tal-gocebe-vi%cc%87zesi%cc%87-endonezya","status":"publish","type":"product","link":"https:\/\/visa-indonesia.com\/tr\/service\/digital-nomad-visa-indonesia\/","title":{"rendered":"Endonezya Uzaktan \u00c7al\u0131\u015fma Vizesi \/ Dijital G\u00f6\u00e7ebe Vizesi (E33G)"},"content":{"rendered":"<div class=\"flex max-w-full flex-col flex-grow\">\n<div class=\"min-h-[20px] text-message flex w-full flex-col items-end gap-2 break-words [.text-message+&amp;]:mt-5 overflow-x-auto whitespace-normal\" dir=\"auto\" data-message-author-role=\"assistant\" data-message-id=\"a1206d80-c3f5-448f-a82b-7875c923491a\">\n<div class=\"flex w-full flex-col gap-1 empty:hidden first:pt-[3px]\">\n<div class=\"markdown prose w-full break-words dark:prose-invert dark\">\n<p>The Remote Worker Visa is tailored for foreign professionals who wish to work remotely in Indonesia for up to one year. To qualify, you must be employed by a foreign company with an annual income of at least $60,000 USD, allowing you to enjoy Indonesia tax-free and without the need to establish or be employed by a local company.<\/p>\n<p>&nbsp;<\/p>\n<p>&nbsp;<\/p>\n<p>&nbsp;<\/p>\n<p>&nbsp;<\/p>\n<\/div>\n<\/div>\n<\/div>\n<\/div>\n","protected":false},"excerpt":{"rendered":"<p>Bu <strong>Endonezya Dijital G\u00f6\u00e7ebe Vizesi<\/strong> (Endonezya Uzaktan \u00c7al\u0131\u015fma Vizesi olarak da adland\u0131r\u0131l\u0131r) uzaktan (\u00e7o\u011funlukla diz\u00fcst\u00fc bilgisayarlar\u0131nda) \u00e7al\u0131\u015fmak isteyen yabanc\u0131 profesyoneller ve dijital g\u00f6\u00e7ebeler i\u00e7in tasarlanm\u0131\u015ft\u0131r. Uzaktan \u00c7al\u0131\u015fma KITAS'\u0131 1 y\u0131la kadar kalman\u0131za izin verir.<\/p>","protected":false},"featured_media":28980,"comment_status":"closed","ping_status":"closed","template":"","meta":{"_acf_changed":false,"site-sidebar-layout":"default","site-content-layout":"default","ast-site-content-layout":"default","site-content-style":"default","site-sidebar-style":"default","ast-global-header-display":"","ast-banner-title-visibility":"","ast-main-header-display":"","ast-hfb-above-header-display":"","ast-hfb-below-header-display":"","ast-hfb-mobile-header-display":"","site-post-title":"","ast-breadcrumbs-content":"","ast-featured-img":"","footer-sml-layout":"","ast-disable-related-posts":"","theme-transparent-header-meta":"default","adv-header-id-meta":"","stick-header-meta":"default","header-above-stick-meta":"","header-main-stick-meta":"","header-below-stick-meta":"","astra-migrate-meta-layouts":"set","ast-page-background-enabled":"default","ast-page-background-meta":{"desktop":{"background-color":"","background-image":"","background-repeat":"repeat","background-position":"center center","background-size":"auto","background-attachment":"scroll","background-type":"","background-media":"","overlay-type":"","overlay-color":"","overlay-opacity":"","overlay-gradient":""},"tablet":{"background-color":"","background-image":"","background-repeat":"repeat","background-position":"center center","background-size":"auto","background-attachment":"scroll","background-type":"","background-media":"","overlay-type":"","overlay-color":"","overlay-opacity":"","overlay-gradient":""},"mobile":{"background-color":"","background-image":"","background-repeat":"repeat","background-position":"center center","background-size":"auto","background-attachment":"scroll","background-type":"","background-media":"","overlay-type":"","overlay-color":"","overlay-opacity":"","overlay-gradient":""}},"ast-content-background-meta":{"desktop":{"background-color":"var(--ast-global-color-5)","background-image":"","background-repeat":"repeat","background-position":"center center","background-size":"auto","background-attachment":"scroll","background-type":"","background-media":"","overlay-type":"","overlay-color":"","overlay-opacity":"","overlay-gradient":""},"tablet":{"background-color":"var(--ast-global-color-5)","background-image":"","background-repeat":"repeat","background-position":"center center","background-size":"auto","background-attachment":"scroll","background-type":"","background-media":"","overlay-type":"","overlay-color":"","overlay-opacity":"","overlay-gradient":""},"mobile":{"background-color":"var(--ast-global-color-5)","background-image":"","background-repeat":"repeat","background-position":"center center","background-size":"auto","background-attachment":"scroll","background-type":"","background-media":"","overlay-type":"","overlay-color":"","overlay-opacity":"","overlay-gradient":""}},"uix_meta_title":"","uix_meta_description":"","uix_canonical_url":""},"product_brand":[],"product_cat":[332],"product_tag":[534,536,636,637,638,639,640,641,642,643,644,733,734,735,819,820,821,822,823],"comparison_feature":[991,994,995,996,997,998,999,992,1000,1002,1001],"class_list":{"0":"post-26916","1":"product","2":"type-product","3":"status-publish","4":"has-post-thumbnail","6":"product_cat-kitas-indonesia","7":"product_tag-bali-remote-working-visa","8":"product_tag-remote-work-visa-indonesia","9":"product_tag-digital-nomad-visa-indonesia","10":"product_tag-bali-remote-worker-visa","11":"product_tag-indonesia-work-from-anywhere-visa","12":"product_tag-long-stay-visa-indonesia","13":"product_tag-tax-free-remote-work-indonesia","14":"product_tag-indonesia-remote-professional-visa","15":"product_tag-year-long-remote-visa-indonesia","16":"product_tag-remote-worker-permit-indonesia","17":"product_tag-bali-digital-nomad-visa","18":"product_tag-e33g","19":"product_tag-e33g-visa","20":"product_tag-digital-nomad-bali","21":"product_tag-digital-nomad-visum-bali","22":"product_tag-digital-nomad-visa-bali","23":"product_tag-remote-working-visa-indonesia","24":"product_tag-bali-remote-work-visa","25":"product_tag-nomad-visa-bali","26":"comparison_feature-guaranteed_visa_approval","27":"comparison_feature-guaranteed-visa-delivery-before-departure","28":"comparison_feature-refunds-available","29":"comparison_feature-multiple-payment-options","30":"comparison_feature-personal-point-of-contact","31":"comparison_feature-support-that-puts-you-first","32":"comparison_feature-apply-anytime","33":"comparison_feature-ease_of_application","34":"comparison_feature-currencies-supported","35":"comparison_feature-payment-methods","36":"comparison_feature-average-response-time","37":"desktop-align-left","38":"tablet-align-left","39":"mobile-align-left","40":"ast-product-gallery-layout-horizontal-slider","41":"ast-product-gallery-with-no-image","42":"ast-magnify-disabled","43":"ast-product-single-variable","44":"ast-product-tabs-layout-horizontal","46":"first","47":"instock","48":"sale","49":"shipping-taxable","50":"purchasable","51":"product-type-variable"},"acf":[],"_links":{"self":[{"href":"https:\/\/visa-indonesia.com\/tr\/wp-json\/wp\/v2\/product\/26916","targetHints":{"allow":["GET"]}}],"collection":[{"href":"https:\/\/visa-indonesia.com\/tr\/wp-json\/wp\/v2\/product"}],"about":[{"href":"https:\/\/visa-indonesia.com\/tr\/wp-json\/wp\/v2\/types\/product"}],"replies":[{"embeddable":true,"href":"https:\/\/visa-indonesia.com\/tr\/wp-json\/wp\/v2\/comments?post=26916"}],"wp:featuredmedia":[{"embeddable":true,"href":"https:\/\/visa-indonesia.com\/tr\/wp-json\/wp\/v2\/media\/28980"}],"wp:attachment":[{"href":"https:\/\/visa-indonesia.com\/tr\/wp-json\/wp\/v2\/media?parent=26916"}],"wp:term":[{"taxonomy":"product_brand","embeddable":true,"href":"https:\/\/visa-indonesia.com\/tr\/wp-json\/wp\/v2\/product_brand?post=26916"},{"taxonomy":"product_cat","embeddable":true,"href":"https:\/\/visa-indonesia.com\/tr\/wp-json\/wp\/v2\/product_cat?post=26916"},{"taxonomy":"product_tag","embeddable":true,"href":"https:\/\/visa-indonesia.com\/tr\/wp-json\/wp\/v2\/product_tag?post=26916"},{"taxonomy":"comparison_feature","embeddable":true,"href":"https:\/\/visa-indonesia.com\/tr\/wp-json\/wp\/v2\/comparison_feature?post=26916"}],"curies":[{"name":"wp","href":"https:\/\/api.w.org\/{rel}","templated":true}]}}