{"id":21936,"date":"2023-12-16T13:53:11","date_gmt":"2023-12-16T05:53:11","guid":{"rendered":"https:\/\/visa-indonesia.com\/?page_id=21936"},"modified":"2025-03-10T16:08:02","modified_gmt":"2025-03-10T08:08:02","slug":"bi%cc%87zi%cc%87mle-ortak-olun","status":"publish","type":"page","link":"https:\/\/visa-indonesia.com\/tr\/partner-with-us\/","title":{"rendered":"Bizimle ortak olun"},"content":{"rendered":"<p>Merhaba! visa-indonesia.com ile bir ortakl\u0131kla ilgilenmeniz \u00e7ok g\u00fczel. Size uygun kategoriyi se\u00e7in ve bizimle ileti\u015fime ge\u00e7in. Harika bir i\u015fbirli\u011fi i\u00e7in sab\u0131rs\u0131zlan\u0131yoruz.<\/p>\n<h2><a href=\"\/tr\/ortaklik-programi\/\">\u0130\u015ftirak-Ortakl\u0131k<\/a><\/h2>\n<p>\t\t\t\t\t\t\t\t\t\t\t\t\t\t\t\t<a href=\"\/tr\/ortaklik-programi\/\"><br \/>\n\t\t\t\t\t\t\t<img decoding=\"async\" width=\"1024\" height=\"536\" src=\"https:\/\/visa-indonesia.com\/wp-content\/uploads\/affiliate-partner-werden-1024x536.png\" alt=\"\" srcset=\"https:\/\/visa-indonesia.com\/wp-content\/uploads\/affiliate-partner-werden-1024x536.png 1024w, https:\/\/visa-indonesia.com\/wp-content\/uploads\/affiliate-partner-werden-300x157.png 300w, https:\/\/visa-indonesia.com\/wp-content\/uploads\/affiliate-partner-werden-768x402.png 768w, https:\/\/visa-indonesia.com\/wp-content\/uploads\/affiliate-partner-werden-360x188.png 360w, https:\/\/visa-indonesia.com\/wp-content\/uploads\/affiliate-partner-werden-600x314.png 600w, https:\/\/visa-indonesia.com\/wp-content\/uploads\/affiliate-partner-werden.png 1200w\" sizes=\"(max-width: 1024px) 100vw, 1024px\">\t\t\t\t\t\t\t\t<\/a><br \/>\n\t\t\t\t\t<a href=\"\/tr\/ortaklik-programi\/\"><br \/>\n\t\t\t\t\t\t\t\t\t\u0130\u015ftirak Ortakl\u0131\u011f\u0131<br \/>\n\t\t\t\t\t<\/a><\/p>\n<p>Influencer'lar, seyahat blogcular\u0131, YouTuber'lar, web sitesi operat\u00f6rleri vb. i\u00e7in idealdir.<\/p>\n<h2><a href=\"https:\/\/b2b.visa-indonesia.com\">B2B Ortakl\u0131k<\/a><\/h2>\n<p>\t\t\t\t\t\t\t\t\t\t\t\t\t\t\t\t<a href=\"https:\/\/b2b.visa-indonesia.com\"><br \/>\n\t\t\t\t\t\t\t<img decoding=\"async\" width=\"1024\" height=\"536\" src=\"https:\/\/visa-indonesia.com\/wp-content\/uploads\/affiliate-partner-werden-2-1024x536.png\" alt=\"\" srcset=\"https:\/\/visa-indonesia.com\/wp-content\/uploads\/affiliate-partner-werden-2-1024x536.png 1024w, https:\/\/visa-indonesia.com\/wp-content\/uploads\/affiliate-partner-werden-2-300x157.png 300w, https:\/\/visa-indonesia.com\/wp-content\/uploads\/affiliate-partner-werden-2-768x402.png 768w, https:\/\/visa-indonesia.com\/wp-content\/uploads\/affiliate-partner-werden-2-360x188.png 360w, https:\/\/visa-indonesia.com\/wp-content\/uploads\/affiliate-partner-werden-2-600x314.png 600w, https:\/\/visa-indonesia.com\/wp-content\/uploads\/affiliate-partner-werden-2.png 1200w\" sizes=\"(max-width: 1024px) 100vw, 1024px\">\t\t\t\t\t\t\t\t<\/a><br \/>\n\t\t\t\t\t<a href=\"https:\/\/b2b.visa-indonesia.com\"><br \/>\n\t\t\t\t\t\t\t\t\t\u0130\u015f orta\u011f\u0131 olun<br \/>\n\t\t\t\t\t<\/a><\/p>\n<p>Endonezya'ya d\u00fczenli olarak m\u00fc\u015fteri veya \u00e7al\u0131\u015fan g\u00f6nderen seyahat \u015firketleri ve di\u011fer \u015firketlerle birlikte \u00e7al\u0131\u015f\u0131yoruz.<\/p>\n<h2>Arkada\u015flar Arkada\u015flar\u0131 \u0130\u015fe Al\u0131r<\/h2>\n<p>\t\t\t\t\t\t\t\t\t\t\t\t\t\t\t<img decoding=\"async\" width=\"1024\" height=\"536\" src=\"https:\/\/visa-indonesia.com\/wp-content\/uploads\/affiliate-partner-werden-3-1024x536.png\" alt=\"\" srcset=\"https:\/\/visa-indonesia.com\/wp-content\/uploads\/affiliate-partner-werden-3-1024x536.png 1024w, https:\/\/visa-indonesia.com\/wp-content\/uploads\/affiliate-partner-werden-3-300x157.png 300w, https:\/\/visa-indonesia.com\/wp-content\/uploads\/affiliate-partner-werden-3-768x402.png 768w, https:\/\/visa-indonesia.com\/wp-content\/uploads\/affiliate-partner-werden-3-360x188.png 360w, https:\/\/visa-indonesia.com\/wp-content\/uploads\/affiliate-partner-werden-3-600x314.png 600w, https:\/\/visa-indonesia.com\/wp-content\/uploads\/affiliate-partner-werden-3.png 1200w\" sizes=\"(max-width: 1024px) 100vw, 1024px\"><br \/>\n\t\t\t\t\t<a href=\"#\"><br \/>\n\t\t\t\t\t\t\t\t\tBir arkada\u015f\u0131n\u0131z\u0131 tavsiye edin (\u00e7ok yak\u0131nda)<br \/>\n\t\t\t\t\t<\/a><\/p>\n<p>Mevcut m\u00fc\u015fterilerimiz i\u00e7in arkada\u015f tavsiyesi program\u0131m\u0131z yak\u0131nda ba\u015flayacakt\u0131r...<\/p>","protected":false},"excerpt":{"rendered":"<p>Hello! It&#8217;s nice that you are interested in a partnership with visa-indonesia.com. Choose the category that suits you and get in touch with us. We look forward to a great collaboration. Affiliate-Partnership Affiliate Partnership Ideal for influencers, travel bloggers, YouTubers, website operators, etc. B2B Partnership Become a business partner We work together with travel companies [&hellip;]<\/p>\n","protected":false},"author":1,"featured_media":0,"parent":0,"menu_order":0,"comment_status":"closed","ping_status":"closed","template":"","meta":{"_acf_changed":false,"site-sidebar-layout":"no-sidebar","site-content-layout":"page-builder","ast-site-content-layout":"full-width-container","site-content-style":"default","site-sidebar-style":"default","ast-global-header-display":"","ast-banner-title-visibility":"","ast-main-header-display":"","ast-hfb-above-header-display":"","ast-hfb-below-header-display":"","ast-hfb-mobile-header-display":"","site-post-title":"disabled","ast-breadcrumbs-content":"","ast-featured-img":"disabled","footer-sml-layout":"","ast-disable-related-posts":"","theme-transparent-header-meta":"","adv-header-id-meta":"","stick-header-meta":"","header-above-stick-meta":"","header-main-stick-meta":"","header-below-stick-meta":"","astra-migrate-meta-layouts":"set","ast-page-background-enabled":"default","ast-page-background-meta":{"desktop":{"background-color":"","background-image":"","background-repeat":"repeat","background-position":"center center","background-size":"auto","background-attachment":"scroll","background-type":"","background-media":"","overlay-type":"","overlay-color":"","overlay-opacity":"","overlay-gradient":""},"tablet":{"background-color":"","background-image":"","background-repeat":"repeat","background-position":"center center","background-size":"auto","background-attachment":"scroll","background-type":"","background-media":"","overlay-type":"","overlay-color":"","overlay-opacity":"","overlay-gradient":""},"mobile":{"background-color":"","background-image":"","background-repeat":"repeat","background-position":"center center","background-size":"auto","background-attachment":"scroll","background-type":"","background-media":"","overlay-type":"","overlay-color":"","overlay-opacity":"","overlay-gradient":""}},"ast-content-background-meta":{"desktop":{"background-color":"var(--ast-global-color-5)","background-image":"","background-repeat":"repeat","background-position":"center center","background-size":"auto","background-attachment":"scroll","background-type":"","background-media":"","overlay-type":"","overlay-color":"","overlay-opacity":"","overlay-gradient":""},"tablet":{"background-color":"var(--ast-global-color-5)","background-image":"","background-repeat":"repeat","background-position":"center center","background-size":"auto","background-attachment":"scroll","background-type":"","background-media":"","overlay-type":"","overlay-color":"","overlay-opacity":"","overlay-gradient":""},"mobile":{"background-color":"var(--ast-global-color-5)","background-image":"","background-repeat":"repeat","background-position":"center center","background-size":"auto","background-attachment":"scroll","background-type":"","background-media":"","overlay-type":"","overlay-color":"","overlay-opacity":"","overlay-gradient":""}},"uix_meta_title":"","uix_meta_description":"","uix_canonical_url":"","footnotes":""},"class_list":["post-21936","page","type-page","status-publish","hentry"],"acf":[],"_links":{"self":[{"href":"https:\/\/visa-indonesia.com\/tr\/wp-json\/wp\/v2\/pages\/21936","targetHints":{"allow":["GET"]}}],"collection":[{"href":"https:\/\/visa-indonesia.com\/tr\/wp-json\/wp\/v2\/pages"}],"about":[{"href":"https:\/\/visa-indonesia.com\/tr\/wp-json\/wp\/v2\/types\/page"}],"author":[{"embeddable":true,"href":"https:\/\/visa-indonesia.com\/tr\/wp-json\/wp\/v2\/users\/1"}],"replies":[{"embeddable":true,"href":"https:\/\/visa-indonesia.com\/tr\/wp-json\/wp\/v2\/comments?post=21936"}],"version-history":[{"count":15,"href":"https:\/\/visa-indonesia.com\/tr\/wp-json\/wp\/v2\/pages\/21936\/revisions"}],"predecessor-version":[{"id":30552,"href":"https:\/\/visa-indonesia.com\/tr\/wp-json\/wp\/v2\/pages\/21936\/revisions\/30552"}],"wp:attachment":[{"href":"https:\/\/visa-indonesia.com\/tr\/wp-json\/wp\/v2\/media?parent=21936"}],"curies":[{"name":"wp","href":"https:\/\/api.w.org\/{rel}","templated":true}]}}