{"id":14870,"date":"2022-11-03T22:33:17","date_gmt":"2022-11-03T14:33:17","guid":{"rendered":"https:\/\/visa-indonesia.com\/?page_id=14870"},"modified":"2025-02-17T20:32:16","modified_gmt":"2025-02-17T12:32:16","slug":"yasal-uyari","status":"publish","type":"page","link":"https:\/\/visa-indonesia.com\/tr\/disclaimer\/","title":{"rendered":"Sorumluluk Reddi"},"content":{"rendered":"<h1>Web Sitesi Sorumluluk Reddi<\/h1>\n<p>Visa Indonesia (\"biz\", \"bize\" veya \"bizim\") taraf\u0131ndan sa\u011flanan bilgiler\u00a0<a href=\"https:\/\/visa-indonesia.com\/tr\/\" data-custom-class=\"link\">https:\/\/visa-indonesia.com<\/a> (\"Site\") yaln\u0131zca genel bilgilendirme ama\u00e7l\u0131d\u0131r. Sitedeki t\u00fcm bilgiler iyi niyetle sa\u011flanmaktad\u0131r. Bununla birlikte, Sitedeki herhangi bir bilginin do\u011frulu\u011fu, yeterlili\u011fi, ge\u00e7erlili\u011fi, g\u00fcvenilirli\u011fi, kullan\u0131labilirli\u011fi veya eksiksizli\u011fi ile ilgili olarak a\u00e7\u0131k veya z\u0131mni hi\u00e7bir beyan veya garanti vermemekteyiz. HI\u0307\u00c7BI\u0307R KO\u015eUL ALTINDA, SI\u0307TENI\u0307N KULLANIMI VEYA SI\u0307TEDE SA\u011eLANAN HERHANGI\u0307 BI\u0307R BI\u0307LGI\u0307YE G\u00dcVENMENI\u0307Z SONUCUNDA ORTAYA \u00c7IKAN HERHANGI\u0307 BI\u0307R KAYIP VEYA HASAR I\u0307\u00c7I\u0307N SI\u0307ZE KAR\u015eI HERHANGI\u0307 BI\u0307R Y\u00dcK\u00dcML\u00dcL\u00dc\u011e\u00dcM\u00dcZ OLMAYACAKTIR. SI\u0307TEYI\u0307 KULLANMANIZIN VE SI\u0307TEDEKI\u0307 HERHANGI\u0307 BI\u0307R BI\u0307LGI\u0307YE G\u00dcVENMENI\u0307ZI\u0307N RI\u0307SKI\u0307 YALNIZCA SI\u0307ZE AI\u0307TTI\u0307R.<\/p>\n<h2>Harici Ba\u011flant\u0131lar Sorumluluk Reddi<\/h2>\n<p>Site, \u00fc\u00e7\u00fcnc\u00fc taraflara ait veya \u00fc\u00e7\u00fcnc\u00fc taraflardan kaynaklanan di\u011fer web sitelerine veya i\u00e7eri\u011fe veya banner'lardaki veya di\u011fer reklamlardaki web sitelerine ve \u00f6zelliklere ba\u011flant\u0131lar i\u00e7erebilir (veya Site arac\u0131l\u0131\u011f\u0131yla size g\u00f6nderilebilir). Bu t\u00fcr harici ba\u011flant\u0131lar taraf\u0131m\u0131zdan do\u011fruluk, yeterlilik, ge\u00e7erlilik, g\u00fcvenilirlik, kullan\u0131labilirlik veya eksiksizlik a\u00e7\u0131s\u0131ndan ara\u015ft\u0131r\u0131lmamakta, izlenmemekte veya kontrol edilmemektedir. SI\u0307TE \u00dcZERI\u0307NDEN BA\u011eLANTI VERI\u0307LEN \u00dc\u00c7\u00dcNC\u00dc TARAF WEB SI\u0307TELERI\u0307 VEYA HERHANGI\u0307 BI\u0307R BANNER VEYA DI\u0307\u011eER REKLAMLARDA BA\u011eLANTISI VERI\u0307LEN HERHANGI\u0307 BI\u0307R WEB SI\u0307TESI\u0307 VEYA \u00d6ZELLI\u0307K TARAFINDAN SUNULAN HERHANGI\u0307 BI\u0307R BI\u0307LGI\u0307NI\u0307N DO\u011eRULU\u011eU VEYA G\u00dcVENI\u0307LI\u0307RLI\u0307\u011eI\u0307 I\u0307\u00c7I\u0307N GARANTI\u0307 VERMEMEKTE, ONAYLAMAMAKTA, GARANTI\u0307 VERMEMEKTE VEYA SORUMLULUK KABUL ETMEMEKTEYI\u0307Z. SI\u0307Z VE \u00dc\u00c7\u00dcNC\u00dc TARAF \u00dcR\u00dcN VEYA HI\u0307ZMET SA\u011eLAYICILARI ARASINDAKI\u0307 HERHANGI\u0307 BI\u0307R I\u0307\u015eLEMI\u0307N TARAFI OLMAYACA\u011eIZ VEYA HERHANGI\u0307 BI\u0307R \u015eEKI\u0307LDE I\u0307ZLEMEKTEN SORUMLU OLMAYACA\u011eIZ.<\/p>\n<h2>Mesleki Sorumluluk Reddi<\/h2>\n<p>Site hukuki tavsiye i\u00e7ermez ve i\u00e7eremez. Hukuki bilgiler yaln\u0131zca genel bilgilendirme ve e\u011fitim ama\u00e7l\u0131 olup profesyonel tavsiye yerine ge\u00e7mez. Buna g\u00f6re, bu bilgilere dayanarak herhangi bir i\u015flem yapmadan \u00f6nce, uygun profesyonellere dan\u0131\u015fman\u0131z\u0131 \u00f6neririz. Herhangi bir hukuki tavsiye vermemekteyiz. SI\u0307TEDE YER ALAN HERHANGI\u0307 BI\u0307R BI\u0307LGI\u0307NI\u0307N KULLANIMI VEYA BUNA G\u00dcVENMENI\u0307N RI\u0307SKI\u0307 YALNIZCA SI\u0307ZE AI\u0307TTI\u0307R.<\/p>\n<h2>G\u00f6r\u00fc\u015fler Feragatname<\/h2>\n<p data-custom-class=\"body_text\">Site, \u00fcr\u00fcnlerimizin ve\/veya hizmetlerimizin kullan\u0131c\u0131lar\u0131n\u0131n referanslar\u0131n\u0131 i\u00e7erebilir. Bu referanslar, s\u00f6z konusu kullan\u0131c\u0131lar\u0131n ger\u00e7ek ya\u015fam deneyimlerini ve g\u00f6r\u00fc\u015flerini yans\u0131tmaktad\u0131r. Ancak, bu deneyimler s\u00f6z konusu kullan\u0131c\u0131lara \u00f6zeldir ve \u00fcr\u00fcnlerimizin ve\/veya hizmetlerimizin t\u00fcm kullan\u0131c\u0131lar\u0131n\u0131 temsil etmeyebilir. T\u00fcm kullan\u0131c\u0131lar\u0131n ayn\u0131 deneyimleri ya\u015fayaca\u011f\u0131n\u0131 iddia etmiyoruz ve siz de bunu varsaymamal\u0131s\u0131n\u0131z. BI\u0307REYSEL SONU\u00c7LARINIZ DE\u011eI\u0307\u015eEBI\u0307LI\u0307R.<\/p>\n<p data-custom-class=\"body_text\">Sitedeki referanslar metin, ses ve\/veya video gibi \u00e7e\u015fitli \u015fekillerde g\u00f6nderilir ve yay\u0131nlanmadan \u00f6nce taraf\u0131m\u0131zdan incelenir. Dilbilgisi veya yaz\u0131m hatalar\u0131n\u0131n d\u00fczeltilmesi d\u0131\u015f\u0131nda, kullan\u0131c\u0131lar taraf\u0131ndan verildi\u011fi \u015fekliyle Sitede yer al\u0131rlar. Baz\u0131 referanslar, tam referans\u0131n genel halkla ilgili olmayan gereksiz bilgiler i\u00e7erdi\u011fi durumlarda, k\u0131sa olmas\u0131 amac\u0131yla k\u0131salt\u0131lm\u0131\u015f olabilir.<\/p>\n<p data-custom-class=\"body_text\">Referanslarda yer alan g\u00f6r\u00fc\u015f ve fikirler yaln\u0131zca bireysel kullan\u0131c\u0131ya aittir ve bizim g\u00f6r\u00fc\u015f ve fikirlerimizi yans\u0131tmamaktad\u0131r. Referans veren kullan\u0131c\u0131larla hi\u00e7bir ba\u011flant\u0131m\u0131z yoktur ve kullan\u0131c\u0131lara referanslar\u0131 i\u00e7in \u00f6deme yap\u0131lmaz veya ba\u015fka bir \u015fekilde telafi edilmez.<\/p>","protected":false},"excerpt":{"rendered":"<p>Website Disclaimer The information provided by\u00a0Visa Indonesia (&#8220;we,&#8221; &#8220;us,&#8221; or &#8220;our&#8221;) on\u00a0https:\/\/visa-indonesia.com (the\u00a0&#8220;Site&#8221;)\u00a0is for general informational purposes only. All information on the Site is provided in good faith. However, we make no representation or warranty of any kind, express or implied, regarding the accuracy, adequacy, validity, reliability, availability, or completeness of any information on the [&hellip;]<\/p>\n","protected":false},"author":1,"featured_media":17314,"parent":0,"menu_order":0,"comment_status":"closed","ping_status":"closed","template":"elementor_theme","meta":{"_acf_changed":false,"site-sidebar-layout":"no-sidebar","site-content-layout":"page-builder","ast-site-content-layout":"full-width-container","site-content-style":"unboxed","site-sidebar-style":"unboxed","ast-global-header-display":"","ast-banner-title-visibility":"","ast-main-header-display":"","ast-hfb-above-header-display":"","ast-hfb-below-header-display":"","ast-hfb-mobile-header-display":"","site-post-title":"disabled","ast-breadcrumbs-content":"","ast-featured-img":"disabled","footer-sml-layout":"","ast-disable-related-posts":"","theme-transparent-header-meta":"","adv-header-id-meta":"","stick-header-meta":"","header-above-stick-meta":"","header-main-stick-meta":"","header-below-stick-meta":"","astra-migrate-meta-layouts":"set","ast-page-background-enabled":"default","ast-page-background-meta":{"desktop":{"background-color":"","background-image":"","background-repeat":"repeat","background-position":"center center","background-size":"auto","background-attachment":"scroll","background-type":"","background-media":"","overlay-type":"","overlay-color":"","overlay-opacity":"","overlay-gradient":""},"tablet":{"background-color":"","background-image":"","background-repeat":"repeat","background-position":"center center","background-size":"auto","background-attachment":"scroll","background-type":"","background-media":"","overlay-type":"","overlay-color":"","overlay-opacity":"","overlay-gradient":""},"mobile":{"background-color":"","background-image":"","background-repeat":"repeat","background-position":"center center","background-size":"auto","background-attachment":"scroll","background-type":"","background-media":"","overlay-type":"","overlay-color":"","overlay-opacity":"","overlay-gradient":""}},"ast-content-background-meta":{"desktop":{"background-color":"var(--ast-global-color-5)","background-image":"","background-repeat":"repeat","background-position":"center center","background-size":"auto","background-attachment":"scroll","background-type":"","background-media":"","overlay-type":"","overlay-color":"","overlay-opacity":"","overlay-gradient":""},"tablet":{"background-color":"var(--ast-global-color-5)","background-image":"","background-repeat":"repeat","background-position":"center center","background-size":"auto","background-attachment":"scroll","background-type":"","background-media":"","overlay-type":"","overlay-color":"","overlay-opacity":"","overlay-gradient":""},"mobile":{"background-color":"var(--ast-global-color-5)","background-image":"","background-repeat":"repeat","background-position":"center center","background-size":"auto","background-attachment":"scroll","background-type":"","background-media":"","overlay-type":"","overlay-color":"","overlay-opacity":"","overlay-gradient":""}},"uix_meta_title":"","uix_meta_description":"","uix_canonical_url":"","footnotes":""},"class_list":["post-14870","page","type-page","status-publish","has-post-thumbnail","hentry"],"acf":[],"_links":{"self":[{"href":"https:\/\/visa-indonesia.com\/tr\/wp-json\/wp\/v2\/pages\/14870","targetHints":{"allow":["GET"]}}],"collection":[{"href":"https:\/\/visa-indonesia.com\/tr\/wp-json\/wp\/v2\/pages"}],"about":[{"href":"https:\/\/visa-indonesia.com\/tr\/wp-json\/wp\/v2\/types\/page"}],"author":[{"embeddable":true,"href":"https:\/\/visa-indonesia.com\/tr\/wp-json\/wp\/v2\/users\/1"}],"replies":[{"embeddable":true,"href":"https:\/\/visa-indonesia.com\/tr\/wp-json\/wp\/v2\/comments?post=14870"}],"version-history":[{"count":14,"href":"https:\/\/visa-indonesia.com\/tr\/wp-json\/wp\/v2\/pages\/14870\/revisions"}],"predecessor-version":[{"id":30575,"href":"https:\/\/visa-indonesia.com\/tr\/wp-json\/wp\/v2\/pages\/14870\/revisions\/30575"}],"wp:featuredmedia":[{"embeddable":true,"href":"https:\/\/visa-indonesia.com\/tr\/wp-json\/wp\/v2\/media\/17314"}],"wp:attachment":[{"href":"https:\/\/visa-indonesia.com\/tr\/wp-json\/wp\/v2\/media?parent=14870"}],"curies":[{"name":"wp","href":"https:\/\/api.w.org\/{rel}","templated":true}]}}