{"id":14181,"date":"2022-09-22T14:11:34","date_gmt":"2022-09-22T06:11:34","guid":{"rendered":"https:\/\/visa-indonesia.com\/?page_id=14181"},"modified":"2025-12-03T17:26:46","modified_gmt":"2025-12-03T09:26:46","slug":"bagli-ortaklik-programi-kullanim-kosullari","status":"publish","type":"page","link":"https:\/\/visa-indonesia.com\/tr\/affiliate-program-terms-of-use\/","title":{"rendered":"Ortakl\u0131k Program\u0131 Kullan\u0131m Ko\u015fullar\u0131"},"content":{"rendered":"<h1>Ortakl\u0131k Kullan\u0131m Ko\u015fullar\u0131<br \/>\n<\/h1>\n<p>Visa Indonesia'n\u0131n yetkili bir i\u015ftiraki olarak, bu S\u00f6zle\u015fmede yer alan h\u00fck\u00fcm ve ko\u015fullara uymay\u0131 kabul etmektesiniz. Visa Indonesia'y\u0131 bir \u0130\u015ftirak olarak kaydetmeden ve tan\u0131tmadan \u00f6nce l\u00fctfen S\u00f6zle\u015fmenin tamam\u0131n\u0131 dikkatlice okuyun.<\/p>\n<p>Programa kat\u0131l\u0131m\u0131n\u0131z, yaln\u0131zca kendi web siteniz veya ki\u015fisel y\u00f6nlendirmelerinizle Visa Indonesia'ya y\u00f6nlendirilen ki\u015filer taraf\u0131ndan sat\u0131n al\u0131nan \u00fcyelikler ve \u00fcr\u00fcnler \u00fczerinden komisyon almak i\u00e7in web sitemizin yasal olarak reklam\u0131n\u0131 yapmak i\u00e7indir.<\/p>\n<p>i\u00e7in kaydolarak <a href=\"https:\/\/visa-indonesia.com\/tr\/vi%cc%87zeler-ve-yonetmeli%cc%87kler\/endonezya-kopru-vi%cc%87zesi%cc%87-hakkinda-bi%cc%87lmeni%cc%87z-gereken-her-sey\/\"  data-wpil-monitor-id=\"17\">Endonezya Vizesi<\/a> Ortakl\u0131k Program\u0131 ile bu S\u00f6zle\u015fmeyi ve h\u00fck\u00fcm ve ko\u015fullar\u0131n\u0131 kabul etti\u011finizi belirtmi\u015f olursunuz.<\/p>\n<h2>Ba\u015fvurunun Onaylanmas\u0131 veya Reddedilmesi<br \/>\n<\/h2>\n<p>Tamamen kendi takdirimize ba\u011fl\u0131 olarak HERHANG\u0130 bir Ortakl\u0131k Program\u0131 Ba\u015fvurusunu onaylama veya reddetme hakk\u0131m\u0131z\u0131 sakl\u0131 tutar\u0131z. Ortakl\u0131k Program\u0131 Ba\u015fvurunuzun reddedilmesi nedeniyle bize kar\u015f\u0131 hi\u00e7bir yasal ba\u015fvurunuz olmayacakt\u0131r.<\/p>\n<h2>Komisyonlar<\/h2>\n<p>Komisyonlar ayda bir kez \u00f6denecektir. Bir Orta\u011f\u0131n komisyon alabilmesi i\u00e7in, y\u00f6nlendirilen hesab\u0131n en az 31 g\u00fcn boyunca aktif kalmas\u0131 gerekir.<\/p>\n<p>Kendinizi tavsiye edemezsiniz ve kendi hesaplar\u0131n\u0131zdan komisyon alamazs\u0131n\u0131z.<\/p>\n<p>\u00d6demeler yaln\u0131zca ba\u015far\u0131yla tamamlanan i\u015flemler i\u00e7in g\u00f6nderilecektir. Ters ibraz veya para iadesi ile sonu\u00e7lanan i\u015flemlerin \u00f6demesi yap\u0131lmayacakt\u0131r.<\/p>\n<h2>Fesih<\/h2>\n<p>Ortakl\u0131k ba\u015fvurunuz ve Programdaki stat\u00fcn\u00fcz a\u015fa\u011f\u0131daki nedenlerden herhangi biri nedeniyle ask\u0131ya al\u0131nabilir veya feshedilebilir:<\/p>\n<ul>\n<li>Uygunsuz reklamlar (yanl\u0131\u015f iddialar, yan\u0131lt\u0131c\u0131 k\u00f6pr\u00fcler, vb.).<\/li>\n<li>Spam yapma (toplu e-posta, toplu haber grubu g\u00f6nderimi, vb.).<\/li>\n<li>Yasad\u0131\u015f\u0131 faaliyetler i\u00e7eren veya te\u015fvik eden sitelerde reklam vermek.<\/li>\n<li>Mevcut Federal Ticaret Komisyonu y\u00f6nergeleri ve d\u00fczenlemeleri veya y\u00fcr\u00fcrl\u00fckteki eyalet yasalar\u0131 kapsam\u0131nda onay olarak nitelendirilen herhangi bir promosyon i\u00e7in ortakl\u0131k ili\u015fkisinin a\u00e7\u0131klanmamas\u0131.<\/li>\n<li>Fikri m\u00fclkiyet haklar\u0131n\u0131n ihlali. Vize <a href=\"https:\/\/visa-indonesia.com\/tr\/bali%cc%87-gi%cc%87ri%cc%87s-sartlari\/\"  data-wpil-monitor-id=\"27\">Endonezya a\u015fa\u011f\u0131dakileri talep etme hakk\u0131n\u0131 sakl\u0131 tutar<\/a> Fikri m\u00fclkiyet haklar\u0131m\u0131z\u0131 korumak i\u00e7in Visa Endonezya'n\u0131n ticari markalar\u0131n\u0131 kullananlarla lisans anla\u015fmalar\u0131 yap\u0131yoruz.<\/li>\n<li>Te\u015fvik olarak sat\u0131\u015f orta\u011f\u0131 komisyonunuzdan iadeler, kuponlar veya ba\u015fka bir \u015fekilde vaat edilen geri \u00f6demeler sunmak. Bununla birlikte, bonuslar eklemek veya di\u011fer \u00fcr\u00fcnleri Visa Indonesia ile birlikte paketlemek kabul edilebilir.<\/li>\n<li>Kendi kendine y\u00f6nlendirmeler, hileli i\u015flemler, \u015f\u00fcpheli Ortakl\u0131k doland\u0131r\u0131c\u0131l\u0131\u011f\u0131.<\/li>\n<\/ul>\n<p>Yukar\u0131da belirtilenlere ek olarak, Visa Endonezya, bu S\u00f6zle\u015fmenin herhangi bir ihlali nedeniyle veya herhangi bir neden olmaks\u0131z\u0131n herhangi bir Ortakl\u0131k hesab\u0131n\u0131 istedi\u011fi zaman feshetme hakk\u0131n\u0131 sakl\u0131 tutar.<\/p>\n<h2>Sat\u0131\u015f Ortakl\u0131\u011f\u0131 Ba\u011flant\u0131lar\u0131<\/h2>\n<p>Hem web sitenizde hem de e-posta mesajlar\u0131n\u0131zda grafik ve metin ba\u011flant\u0131lar\u0131 kullanabilirsiniz. Ayr\u0131ca Visa Indonesia sitesinin reklam\u0131n\u0131 \u00e7evrimi\u00e7i ve \u00e7evrimd\u0131\u015f\u0131 seri ilanlarda, dergilerde ve gazetelerde yapabilirsiniz.<\/p>\n<p>Taraf\u0131m\u0131zdan sa\u011flanan grafikleri ve metinleri kullanabilir veya ko\u015fullara g\u00f6re uygun g\u00f6r\u00fcld\u00fc\u011f\u00fc ve Fesih b\u00f6l\u00fcm\u00fcnde belirtildi\u011fi gibi ihlal edilmedi\u011fi s\u00fcrece kendiniz olu\u015fturabilirsiniz.<\/p>\n<h2>Kupon ve F\u0131rsat Siteleri<\/h2>\n<p>Visa Endonezya zaman zaman belirli i\u015ftiraklere ve haber b\u00fclteni abonelerimize kupon sunmaktad\u0131r. \u00d6nceden onaylanmad\u0131ysan\u0131z \/ markal\u0131 bir kupon atanmad\u0131ysa, kuponu tan\u0131tman\u0131za izin verilmez. A\u015fa\u011f\u0131da, bir anla\u015fma veya kuponla ilgili olarak \u00fcr\u00fcnlerimizin tan\u0131t\u0131m\u0131n\u0131 yapmay\u0131 d\u00fc\u015f\u00fcnen herhangi bir sat\u0131\u015f orta\u011f\u0131 i\u00e7in ge\u00e7erli olan \u015fartlar yer almaktad\u0131r:<\/p>\n<ul>\n<li>\u0130\u015ftirakler, i\u015ftirak ba\u011flant\u0131lar\u0131nda, d\u00fc\u011fmelerinde veya resimlerinde yan\u0131lt\u0131c\u0131 metinler kullanarak, s\u00f6z konusu i\u015ftirak i\u00e7in halihaz\u0131rda izin verilen anla\u015fmalar d\u0131\u015f\u0131nda herhangi bir anla\u015fma yap\u0131ld\u0131\u011f\u0131n\u0131 ima edemezler.<\/li>\n<li>\u0130\u015ftirakler Visa Endonezya Kuponlar\u0131, Visa Endonezya \u0130ndirimleri veya kuponlar\u0131n mevcut oldu\u011funu ima eden di\u011fer ifadelere teklif veremezler.<\/li>\n<li>\u0130\u015ftirakler, kullan\u0131c\u0131 s\u00f6z konusu kupon veya f\u0131rsat i\u00e7in a\u00e7\u0131k\u00e7a i\u015faretlenmi\u015f bir ba\u011flant\u0131ya, d\u00fc\u011fmeye veya resme t\u0131klayarak belirli bir tasarrufu etkinle\u015ftirmeye y\u00f6nelik a\u00e7\u0131k ve net bir ilgi g\u00f6stermedik\u00e7e, a\u00e7\u0131l\u0131r pencereler, a\u00e7\u0131l\u0131r pencereler, iframe'ler, \u00e7er\u00e7eveler veya i\u015ftirak \u00e7erezlerini ayarlayan di\u011fer g\u00f6r\u00fcnen veya g\u00f6r\u00fcnmeyen eylemler olu\u015fturamaz. Ba\u011flant\u0131n\u0131z ziyaret\u00e7iyi sat\u0131c\u0131n\u0131n sitesine g\u00f6ndermelidir.<\/li>\n<li>Bir sat\u0131\u015f orta\u011f\u0131 \u00e7erezi ayarlanmadan \u00f6nce kullan\u0131c\u0131 kupon\/fiyat\/tasarruf bilgilerini ve ayr\u0131nt\u0131lar\u0131n\u0131 g\u00f6rebilmelidir (yani \"kuponlar\u0131 g\u00f6rmek i\u00e7in buraya t\u0131klay\u0131n ve sat\u0131c\u0131 sitesine bir pencere a\u00e7\u0131n\" ifadesine izin VER\u0130LMEZ).<\/li>\n<li>Sat\u0131\u015f orta\u011f\u0131 sitelerinde, herhangi bir kupon veya f\u0131rsat mevcut olmad\u0131\u011f\u0131nda ve t\u0131klama sat\u0131c\u0131 sitesini a\u00e7t\u0131\u011f\u0131nda veya bir \u00e7erez ayarlad\u0131\u011f\u0131nda \"F\u0131rsat\/Kupon i\u00e7in (veya g\u00f6rmek i\u00e7in) t\u0131klay\u0131n\" veya herhangi bir varyasyon bulunamaz. Sat\u0131c\u0131 a\u00e7\u0131l\u0131\u015f sayfas\u0131nda b\u00f6yle bir metin bulunan \u0130\u015ftirakler derhal programdan \u00e7\u0131kar\u0131lacakt\u0131r.<\/li>\n<\/ul>\n<h2>T\u0131klama Ba\u015f\u0131na \u00d6deme (PPC) Politikas\u0131<\/h2>\n<p>\u00d6nceden yaz\u0131l\u0131 izin al\u0131nmadan PPC tekliflerine izin VER\u0130LMEZ.<\/p>\n<h2>Sorumluluk<\/h2>\n<p>Visa Indonesia, ba\u011fl\u0131 kurulu\u015f izleme hatalar\u0131, veritaban\u0131 dosyalar\u0131n\u0131n kayb\u0131 veya Programa ve\/veya web sitemize\/web sitelerimize zarar verme niyetinin sonu\u00e7lar\u0131ndan kaynaklanan dolayl\u0131 veya kazara zararlardan (gelir kayb\u0131, komisyonlar) sorumlu olmayacakt\u0131r.<\/p>\n<p>Program ve\/veya Visa Indonesia taraf\u0131ndan sat\u0131lan \u00fcyelikler veya \u00fcr\u00fcnlerle ilgili olarak a\u00e7\u0131k veya z\u0131mni herhangi bir garanti vermemekteyiz. Program\u0131n ve\/veya web sitemizin\/web sitelerimizin i\u015fleyi\u015finin hatas\u0131z olaca\u011f\u0131na dair hi\u00e7bir iddiada bulunmuyoruz ve herhangi bir kesinti veya hatadan sorumlu olmayaca\u011f\u0131z.<\/p>\n<h2>S\u00f6zle\u015fmenin S\u00fcresi<\/h2>\n<p>Bu S\u00f6zle\u015fmenin s\u00fcresi, Programa kabul edilmenizle ba\u015flar ve Ortakl\u0131k hesab\u0131n\u0131z feshedildi\u011finde sona erer.<\/p>\n<p>Bu s\u00f6zle\u015fmenin h\u00fck\u00fcm ve ko\u015fullar\u0131 taraf\u0131m\u0131zdan herhangi bir zamanda de\u011fi\u015ftirilebilir. Bu S\u00f6zle\u015fmenin h\u00fck\u00fcm ve ko\u015fullar\u0131nda yap\u0131lan herhangi bir de\u011fi\u015fiklik sizin i\u00e7in kabul edilemezse, tek se\u00e7ene\u011finiz Ortakl\u0131k hesab\u0131n\u0131z\u0131 feshetmektir. Programa kat\u0131lmaya devam etmeniz, herhangi bir de\u011fi\u015fikli\u011fi kabul etti\u011finiz anlam\u0131na gelecektir.<\/p>\n<h2>Tazminat<\/h2>\n<p>\u0130\u015ftirak, Visa Endonezya'y\u0131 ve onun ba\u011fl\u0131 ve yan \u015firketlerini, memurlar\u0131n\u0131, y\u00f6neticilerini, \u00e7al\u0131\u015fanlar\u0131n\u0131, lisans sahiplerini, haleflerini ve devralanlar\u0131n\u0131, Visa Endonezya taraf\u0131ndan materyalleri iletmek ve da\u011f\u0131tmak i\u00e7in lisans verilenler veya yetkilendirilenler de dahil olmak \u00fczere, \u0130\u015ftirakin ihmali, yanl\u0131\u015f beyan\u0131, if\u015fa etmemesi veya kas\u0131tl\u0131 suiistimali nedeniyle bu S\u00f6zle\u015fme ile ba\u011flant\u0131l\u0131 olarak ortaya \u00e7\u0131kan her t\u00fcrl\u00fc y\u00fck\u00fcml\u00fcl\u00fck, zarar, para cezas\u0131, h\u00fck\u00fcm, talep, maliyet, kay\u0131p ve masraftan (makul yasal \u00fccretler ve masraflar dahil) tazmin edecek ve bunlardan zarar g\u00f6rmemesini sa\u011flayacakt\u0131r.<\/p>\n<h2>Elektronik \u0130mzalar Y\u00fcr\u00fcrl\u00fckte<br \/>\n<\/h2>\n<p>S\u00f6zle\u015fme, Visa Indonesia ortakl\u0131k program\u0131na kat\u0131l\u0131m\u0131n\u0131z\u0131n yasal olarak ba\u011flay\u0131c\u0131 \u015fartlar\u0131n\u0131 belirleyen elektronik bir s\u00f6zle\u015fmedir. Visa Indonesia ba\u015fvuru s\u00fcrecini tamamlayarak bu S\u00f6zle\u015fmeyi ve bu S\u00f6zle\u015fmede yer alan veya at\u0131fta bulunulan t\u00fcm h\u00fck\u00fcm ve ko\u015fullar\u0131 kabul etti\u011finizi belirtmi\u015f olursunuz. Bu i\u015flem, elle at\u0131lm\u0131\u015f bir imza ile ayn\u0131 yasal g\u00fcce ve etkiye sahip bir elektronik imza olu\u015fturur.<\/p>","protected":false},"excerpt":{"rendered":"<p>Affiliate Terms of Use As an authorized affiliate of Visa Indonesia, you agree to abide by the terms and conditions contained in this Agreement. Please read the entire Agreement carefully before registering and promoting Visa Indonesia as an Affiliate. Your participation in the Program is solely to legally advertise our website to receive a commission [&hellip;]<\/p>\n","protected":false},"author":246,"featured_media":17310,"parent":0,"menu_order":0,"comment_status":"closed","ping_status":"closed","template":"","meta":{"_acf_changed":false,"site-sidebar-layout":"no-sidebar","site-content-layout":"page-builder","ast-site-content-layout":"normal-width-container","site-content-style":"unboxed","site-sidebar-style":"unboxed","ast-global-header-display":"","ast-banner-title-visibility":"","ast-main-header-display":"","ast-hfb-above-header-display":"","ast-hfb-below-header-display":"","ast-hfb-mobile-header-display":"","site-post-title":"disabled","ast-breadcrumbs-content":"","ast-featured-img":"disabled","footer-sml-layout":"","ast-disable-related-posts":"","theme-transparent-header-meta":"","adv-header-id-meta":"","stick-header-meta":"","header-above-stick-meta":"","header-main-stick-meta":"","header-below-stick-meta":"","astra-migrate-meta-layouts":"set","ast-page-background-enabled":"default","ast-page-background-meta":{"desktop":{"background-color":"","background-image":"","background-repeat":"repeat","background-position":"center center","background-size":"auto","background-attachment":"scroll","background-type":"","background-media":"","overlay-type":"","overlay-color":"","overlay-opacity":"","overlay-gradient":""},"tablet":{"background-color":"","background-image":"","background-repeat":"repeat","background-position":"center center","background-size":"auto","background-attachment":"scroll","background-type":"","background-media":"","overlay-type":"","overlay-color":"","overlay-opacity":"","overlay-gradient":""},"mobile":{"background-color":"","background-image":"","background-repeat":"repeat","background-position":"center center","background-size":"auto","background-attachment":"scroll","background-type":"","background-media":"","overlay-type":"","overlay-color":"","overlay-opacity":"","overlay-gradient":""}},"ast-content-background-meta":{"desktop":{"background-color":"var(--ast-global-color-5)","background-image":"","background-repeat":"repeat","background-position":"center center","background-size":"auto","background-attachment":"scroll","background-type":"","background-media":"","overlay-type":"","overlay-color":"","overlay-opacity":"","overlay-gradient":""},"tablet":{"background-color":"var(--ast-global-color-5)","background-image":"","background-repeat":"repeat","background-position":"center center","background-size":"auto","background-attachment":"scroll","background-type":"","background-media":"","overlay-type":"","overlay-color":"","overlay-opacity":"","overlay-gradient":""},"mobile":{"background-color":"var(--ast-global-color-5)","background-image":"","background-repeat":"repeat","background-position":"center center","background-size":"auto","background-attachment":"scroll","background-type":"","background-media":"","overlay-type":"","overlay-color":"","overlay-opacity":"","overlay-gradient":""}},"uix_meta_title":"","uix_meta_description":"","uix_canonical_url":"","footnotes":""},"class_list":["post-14181","page","type-page","status-publish","has-post-thumbnail","hentry"],"acf":[],"_links":{"self":[{"href":"https:\/\/visa-indonesia.com\/tr\/wp-json\/wp\/v2\/pages\/14181","targetHints":{"allow":["GET"]}}],"collection":[{"href":"https:\/\/visa-indonesia.com\/tr\/wp-json\/wp\/v2\/pages"}],"about":[{"href":"https:\/\/visa-indonesia.com\/tr\/wp-json\/wp\/v2\/types\/page"}],"author":[{"embeddable":true,"href":"https:\/\/visa-indonesia.com\/tr\/wp-json\/wp\/v2\/users\/246"}],"replies":[{"embeddable":true,"href":"https:\/\/visa-indonesia.com\/tr\/wp-json\/wp\/v2\/comments?post=14181"}],"version-history":[{"count":12,"href":"https:\/\/visa-indonesia.com\/tr\/wp-json\/wp\/v2\/pages\/14181\/revisions"}],"predecessor-version":[{"id":40302,"href":"https:\/\/visa-indonesia.com\/tr\/wp-json\/wp\/v2\/pages\/14181\/revisions\/40302"}],"wp:featuredmedia":[{"embeddable":true,"href":"https:\/\/visa-indonesia.com\/tr\/wp-json\/wp\/v2\/media\/17310"}],"wp:attachment":[{"href":"https:\/\/visa-indonesia.com\/tr\/wp-json\/wp\/v2\/media?parent=14181"}],"curies":[{"name":"wp","href":"https:\/\/api.w.org\/{rel}","templated":true}]}}