{"id":12618,"date":"2022-07-15T16:28:51","date_gmt":"2022-07-15T08:28:51","guid":{"rendered":"https:\/\/visa-indonesia.com\/?page_id=12618"},"modified":"2025-12-03T17:30:55","modified_gmt":"2025-12-03T09:30:55","slug":"i%cc%87ade-poli%cc%87ti%cc%87kasi","status":"publish","type":"page","link":"https:\/\/visa-indonesia.com\/tr\/refund-policy\/","title":{"rendered":"Para \u0130adesi Politikas\u0131"},"content":{"rendered":"<p>Amac\u0131m\u0131z, t\u00fcm vize acenteleri aras\u0131nda en m\u00fc\u015fteri dostu iade politikas\u0131n\u0131 sunmakt\u0131r. Bu nedenle, m\u00fcmk\u00fcn olan her durumda geri \u00f6deme yapmaya \u00e7al\u0131\u015f\u0131yoruz. L\u00fctfen her durumda geri \u00f6deme yapamayaca\u011f\u0131m\u0131z\u0131 anlay\u0131n. Ayr\u0131nt\u0131lar hakk\u0131nda daha fazla bilgi edinmek i\u00e7in l\u00fctfen a\u015fa\u011f\u0131y\u0131 okuyun.<\/p>\n\n\n\n<h3 class=\"wp-block-heading\">Sipari\u015fimi iptal edersem param\u0131n tamam\u0131n\u0131 geri alabilir miyim?<\/h3>\n\n\n\n<p>Evet, verilerinizi g\u00f6\u00e7menlik sistemine y\u00fcklemeden \u00f6nce sipari\u015finizi iptal ederseniz, size tam bir geri \u00f6deme sunuyoruz. Para iadeleri genellikle 2 i\u015f g\u00fcn\u00fc i\u00e7inde i\u015fleme al\u0131n\u0131r.<\/p>\n\n\n\n<p>Verilerinizi g\u00f6\u00e7menlik sistemine y\u00fckledikten sonra sipari\u015finizi iptal ederseniz, herhangi bir geri \u00f6deme yapamay\u0131z.<\/p>\n\n\n\n<h3 class=\"wp-block-heading\">Vize ba\u015fvurum reddedilirse para iadesi alacak m\u0131y\u0131m?<\/h3>\n\n\n\n<p>Evet, bir hata yaparsak ve ba\u015fvuru reddedilirse, geri \u00f6deme yapar\u0131z. \u015eimdiye kadar vizenin reddedildi\u011fi bir vaka ya\u015famad\u0131k. Gereklilikler kar\u015f\u0131land\u0131\u011f\u0131 s\u00fcrece vizeniz onaylanmal\u0131d\u0131r. Genellikle, masraflar\u0131 bize ait olmak \u00fczere ba\u015fvurunuzu yeniden y\u00fckleriz ve vizenizi almaya devam edersiniz. Ancak, bunun yerine para iadesi almaya karar verirseniz, bu da sorun olmaz.<\/p>\n\n\n\n<p>Reddedilme nedeninizin Endonezya yasalar\u0131n\u0131 daha \u00f6nce ihlal etmeniz nedeniyle kara listeye al\u0131nm\u0131\u015f olman\u0131z olmas\u0131 durumunda, \u00f6demenizi iade edemeyece\u011fiz. \u015eimdiye kadar, t\u00fcm bu y\u0131llar boyunca herhangi bir kara liste vakam\u0131z olmad\u0131.<\/p>\n\n\n\n<p><strong>K\u0131saca<\/strong>Belgelerinizi d\u00fczg\u00fcn bir \u015fekilde incelemeyerek bir hata yapt\u0131ysak, geri \u00f6deme talep edilmesi halinde tutar\u0131 iade edece\u011fiz. Endonezya'da kara listeye al\u0131nd\u0131\u011f\u0131n\u0131z i\u00e7in reddedilirse, geri \u00f6deme yapamay\u0131z.&nbsp;<\/p>\n\n\n\n<h3 class=\"wp-block-heading\">G\u00f6\u00e7menlik s\u0131n\u0131rlar\u0131nda giri\u015fime izin verilmezse para iadesi alacak m\u0131y\u0131m?<\/h3>\n\n\n\n<p>Giri\u015fin reddedilme nedeni vize ile ilgili de\u011filse, genellikle geri \u00f6deme yapmay\u0131z. Endonezya'ya giri\u015fte sorunlara neden olan yayg\u0131n nedenler \u015funlard\u0131r:<\/p>\n\n\n\n<ul class=\"wp-block-list\">\n<li>Pasaportun 6 ay ge\u00e7erlili\u011fi kalmam\u0131\u015ft\u0131r<\/li>\n\n\n\n<li>Pasaportta bo\u015f sayfa yok<\/li>\n\n\n\n<li>D\u00f6n\u00fc\u015f u\u00e7u\u015fu \/ gidi\u015f bileti yok<\/li>\n\n\n\n<li>Otel adresinin de\u011fi\u015fmesi ve vize ba\u015fvurusundakinden farkl\u0131 olmas\u0131 (vize ba\u015fvurusunda bulundu\u011funuzda konaklama rezervasyonunuzu hen\u00fcz yapmad\u0131ysan\u0131z booking.com \u00fczerinden tamamen iade edilebilir bir rezervasyon yapman\u0131z\u0131 \u00f6neririz)<\/li>\n\n\n\n<li>Normal bir pasaport de\u011fil. G\u00f6\u00e7menlik memurlar\u0131, ge\u00e7ici pasaport veya m\u00fclteci pasaportuyla giri\u015f yapan ki\u015filer i\u00e7in sorunlara neden olabilir. Herhangi bir sorun ya\u015farsan\u0131z l\u00fctfen bizi aray\u0131n, sizin i\u00e7in elimizden geleni yapaca\u011f\u0131z.<\/li>\n<\/ul>\n\n\n\n<h3 class=\"wp-block-heading\">Check-in s\u0131ras\u0131nda havayolu taraf\u0131ndan giri\u015fim reddedilirse para iadesi alacak m\u0131y\u0131m?<\/h3>\n\n\n\n<p>Havayolu \u015firketiniz check-in i\u015fleminizi reddederse ve nedeni vizenizle ilgili de\u011filse, genellikle para iadesi yapmay\u0131z. Sorunu havayolu \u015firketiyle kendi ba\u015f\u0131n\u0131za \u00e7\u00f6zemiyorsan\u0131z l\u00fctfen bizi aray\u0131n. S\u0131k kar\u015f\u0131la\u015f\u0131lan bir sorun da d\u00f6n\u00fc\u015f u\u00e7u\u015funun veya gidi\u015f biletinin eksik olmas\u0131d\u0131r. Baz\u0131 havayollar\u0131 Endonezya i\u00e7in pasaport gereklilikleri konusunda g\u00fcncel de\u011fildir. Bizden ald\u0131\u011f\u0131n\u0131z vize ile birlikte pasaportunuzu kabul etmezlerse, l\u00fctfen bizi aray\u0131n, biz de havayolu ile ileti\u015fime ge\u00e7elim.<\/p>\n\n\n\n<h3 class=\"wp-block-heading\">Geri \u00f6dememi ne zaman alaca\u011f\u0131m?<\/h3>\n\n\n\n<p>Size m\u00fcmk\u00fcn olan en k\u0131sa s\u00fcrede (genellikle 2 i\u015f g\u00fcn\u00fc i\u00e7inde) geri \u00f6deme yapmaya \u00e7al\u0131\u015f\u0131r\u0131z. Ancak, baz\u0131 bankalar veya kredi kartlar\u0131 tutar\u0131n hesab\u0131n\u0131za yat\u0131r\u0131lmas\u0131 i\u00e7in daha fazla zamana ihtiya\u00e7 duymaktad\u0131r.<\/p>\n\n\n\n<h3 class=\"wp-block-heading\">Geri \u00f6dememi nereden alaca\u011f\u0131m?<\/h3>\n\n\n\n<p>Tutar\u0131, paray\u0131 g\u00f6nderdi\u011finiz banka hesab\u0131na, kredi kart\u0131na veya \u00e7evrimi\u00e7i c\u00fczdana iade edece\u011fiz.<\/p>\n\n\n\n<p>PayPal ile \u00f6deme yapt\u0131ysan\u0131z, tutar\u0131 otomatik olarak PayPal hesab\u0131n\u0131za iade edece\u011fiz. Kredi kart\u0131 ile \u00f6deme yapt\u0131ysan\u0131z, tutar kart\u0131n\u0131za iade edilecektir. Banka havalesi ile \u00f6deme yapt\u0131ysan\u0131z, tam banka bilgilerinizi talep edece\u011fiz.<\/p>\n\n\n\n<p><\/p>","protected":false},"excerpt":{"rendered":"<p>Our goal is to offer the most customer-friendly refund policy among all visa agencies. Therefore, we try to refund whenever possible. Please understand that we cannot refund in all cases. Please read below to learn more about the details. Will I receive a full refund if I cancel my order? Yes, if you cancel your [&hellip;]<\/p>\n","protected":false},"author":1,"featured_media":17305,"parent":0,"menu_order":0,"comment_status":"closed","ping_status":"closed","template":"","meta":{"_acf_changed":false,"site-sidebar-layout":"default","site-content-layout":"","ast-site-content-layout":"default","site-content-style":"default","site-sidebar-style":"default","ast-global-header-display":"","ast-banner-title-visibility":"","ast-main-header-display":"","ast-hfb-above-header-display":"","ast-hfb-below-header-display":"","ast-hfb-mobile-header-display":"","site-post-title":"","ast-breadcrumbs-content":"","ast-featured-img":"disabled","footer-sml-layout":"","ast-disable-related-posts":"","theme-transparent-header-meta":"","adv-header-id-meta":"","stick-header-meta":"","header-above-stick-meta":"","header-main-stick-meta":"","header-below-stick-meta":"","astra-migrate-meta-layouts":"set","ast-page-background-enabled":"default","ast-page-background-meta":{"desktop":{"background-color":"","background-image":"","background-repeat":"repeat","background-position":"center center","background-size":"auto","background-attachment":"scroll","background-type":"","background-media":"","overlay-type":"","overlay-color":"","overlay-opacity":"","overlay-gradient":""},"tablet":{"background-color":"","background-image":"","background-repeat":"repeat","background-position":"center center","background-size":"auto","background-attachment":"scroll","background-type":"","background-media":"","overlay-type":"","overlay-color":"","overlay-opacity":"","overlay-gradient":""},"mobile":{"background-color":"","background-image":"","background-repeat":"repeat","background-position":"center center","background-size":"auto","background-attachment":"scroll","background-type":"","background-media":"","overlay-type":"","overlay-color":"","overlay-opacity":"","overlay-gradient":""}},"ast-content-background-meta":{"desktop":{"background-color":"var(--ast-global-color-5)","background-image":"","background-repeat":"repeat","background-position":"center center","background-size":"auto","background-attachment":"scroll","background-type":"","background-media":"","overlay-type":"","overlay-color":"","overlay-opacity":"","overlay-gradient":""},"tablet":{"background-color":"var(--ast-global-color-5)","background-image":"","background-repeat":"repeat","background-position":"center center","background-size":"auto","background-attachment":"scroll","background-type":"","background-media":"","overlay-type":"","overlay-color":"","overlay-opacity":"","overlay-gradient":""},"mobile":{"background-color":"var(--ast-global-color-5)","background-image":"","background-repeat":"repeat","background-position":"center center","background-size":"auto","background-attachment":"scroll","background-type":"","background-media":"","overlay-type":"","overlay-color":"","overlay-opacity":"","overlay-gradient":""}},"uix_meta_title":"","uix_meta_description":"","uix_canonical_url":"","footnotes":""},"class_list":["post-12618","page","type-page","status-publish","has-post-thumbnail","hentry"],"acf":[],"_links":{"self":[{"href":"https:\/\/visa-indonesia.com\/tr\/wp-json\/wp\/v2\/pages\/12618","targetHints":{"allow":["GET"]}}],"collection":[{"href":"https:\/\/visa-indonesia.com\/tr\/wp-json\/wp\/v2\/pages"}],"about":[{"href":"https:\/\/visa-indonesia.com\/tr\/wp-json\/wp\/v2\/types\/page"}],"author":[{"embeddable":true,"href":"https:\/\/visa-indonesia.com\/tr\/wp-json\/wp\/v2\/users\/1"}],"replies":[{"embeddable":true,"href":"https:\/\/visa-indonesia.com\/tr\/wp-json\/wp\/v2\/comments?post=12618"}],"version-history":[{"count":15,"href":"https:\/\/visa-indonesia.com\/tr\/wp-json\/wp\/v2\/pages\/12618\/revisions"}],"predecessor-version":[{"id":36822,"href":"https:\/\/visa-indonesia.com\/tr\/wp-json\/wp\/v2\/pages\/12618\/revisions\/36822"}],"wp:featuredmedia":[{"embeddable":true,"href":"https:\/\/visa-indonesia.com\/tr\/wp-json\/wp\/v2\/media\/17305"}],"wp:attachment":[{"href":"https:\/\/visa-indonesia.com\/tr\/wp-json\/wp\/v2\/media?parent=12618"}],"curies":[{"name":"wp","href":"https:\/\/api.w.org\/{rel}","templated":true}]}}