{"id":40601,"date":"2025-11-06T17:26:16","date_gmt":"2025-11-06T09:26:16","guid":{"rendered":"https:\/\/visa-indonesia.com\/?post_type=product&#038;p=40601"},"modified":"2026-05-12T14:59:43","modified_gmt":"2026-05-12T06:59:43","slug":"fix-vantar-pa-verifiering","status":"publish","type":"product","link":"https:\/\/visa-indonesia.com\/sv\/service\/fix-waiting-verification\/","title":{"rendered":"Fixa v\u00e4ntande verifiering Indonesien Visa"},"content":{"rendered":"","protected":false},"excerpt":{"rendered":"<p>Om din indonesiska e-Visa-ans\u00f6kan har fastnat i \u201cv\u00e4ntande verifiering\u201d eller \u201cv\u00e4ntande officersbekr\u00e4ftelse\u201d p\u00e5 den officiella immigrationswebbplatsen \u00e4r du inte ensam. M\u00e5nga resen\u00e4rer hamnar strandade, f\u00f6rvirrade eller tvingas betala f\u00f6r ett nytt visum vid ankomst. Allt f\u00f6r att deras ans\u00f6kan aldrig behandlas i tid. Vi \u00e4r h\u00e4r f\u00f6r att fixa det.<\/p>\n<p>Med v\u00e5r tj\u00e4nst g\u00e5r vi in och tar \u00f6ver ditt \u00e4rende. V\u00e5rt erfarna team kommer att kommunicera direkt med invandring, l\u00f6sa flaskhalsar och f\u00e5 ditt visum att r\u00f6ra sig snabbt.<\/p>","protected":false},"featured_media":41063,"comment_status":"closed","ping_status":"closed","template":"","meta":{"_acf_changed":false,"site-sidebar-layout":"default","site-content-layout":"","ast-site-content-layout":"default","site-content-style":"default","site-sidebar-style":"default","ast-global-header-display":"","ast-banner-title-visibility":"","ast-main-header-display":"","ast-hfb-above-header-display":"","ast-hfb-below-header-display":"","ast-hfb-mobile-header-display":"","site-post-title":"","ast-breadcrumbs-content":"","ast-featured-img":"","footer-sml-layout":"","ast-disable-related-posts":"","theme-transparent-header-meta":"default","adv-header-id-meta":"","stick-header-meta":"","header-above-stick-meta":"","header-main-stick-meta":"","header-below-stick-meta":"","astra-migrate-meta-layouts":"set","ast-page-background-enabled":"default","ast-page-background-meta":{"desktop":{"background-color":"","background-image":"","background-repeat":"repeat","background-position":"center center","background-size":"auto","background-attachment":"scroll","background-type":"","background-media":"","overlay-type":"","overlay-color":"","overlay-opacity":"","overlay-gradient":""},"tablet":{"background-color":"","background-image":"","background-repeat":"repeat","background-position":"center center","background-size":"auto","background-attachment":"scroll","background-type":"","background-media":"","overlay-type":"","overlay-color":"","overlay-opacity":"","overlay-gradient":""},"mobile":{"background-color":"","background-image":"","background-repeat":"repeat","background-position":"center center","background-size":"auto","background-attachment":"scroll","background-type":"","background-media":"","overlay-type":"","overlay-color":"","overlay-opacity":"","overlay-gradient":""}},"ast-content-background-meta":{"desktop":{"background-color":"var(--ast-global-color-5)","background-image":"","background-repeat":"repeat","background-position":"center center","background-size":"auto","background-attachment":"scroll","background-type":"","background-media":"","overlay-type":"","overlay-color":"","overlay-opacity":"","overlay-gradient":""},"tablet":{"background-color":"var(--ast-global-color-5)","background-image":"","background-repeat":"repeat","background-position":"center center","background-size":"auto","background-attachment":"scroll","background-type":"","background-media":"","overlay-type":"","overlay-color":"","overlay-opacity":"","overlay-gradient":""},"mobile":{"background-color":"var(--ast-global-color-5)","background-image":"","background-repeat":"repeat","background-position":"center center","background-size":"auto","background-attachment":"scroll","background-type":"","background-media":"","overlay-type":"","overlay-color":"","overlay-opacity":"","overlay-gradient":""}},"uix_meta_title":"","uix_meta_description":"","uix_canonical_url":""},"product_brand":[],"product_cat":[15],"product_tag":[],"comparison_feature":[],"class_list":{"0":"post-40601","1":"product","2":"type-product","3":"status-publish","4":"has-post-thumbnail","6":"product_cat-uncategorized","7":"desktop-align-left","8":"tablet-align-left","9":"mobile-align-left","10":"ast-product-gallery-layout-horizontal-slider","11":"ast-product-gallery-with-no-image","12":"ast-magnify-disabled","13":"ast-product-tabs-layout-horizontal","15":"first","16":"instock","17":"shipping-taxable","18":"purchasable","19":"product-type-simple"},"acf":[],"_links":{"self":[{"href":"https:\/\/visa-indonesia.com\/sv\/wp-json\/wp\/v2\/product\/40601","targetHints":{"allow":["GET"]}}],"collection":[{"href":"https:\/\/visa-indonesia.com\/sv\/wp-json\/wp\/v2\/product"}],"about":[{"href":"https:\/\/visa-indonesia.com\/sv\/wp-json\/wp\/v2\/types\/product"}],"replies":[{"embeddable":true,"href":"https:\/\/visa-indonesia.com\/sv\/wp-json\/wp\/v2\/comments?post=40601"}],"wp:featuredmedia":[{"embeddable":true,"href":"https:\/\/visa-indonesia.com\/sv\/wp-json\/wp\/v2\/media\/41063"}],"wp:attachment":[{"href":"https:\/\/visa-indonesia.com\/sv\/wp-json\/wp\/v2\/media?parent=40601"}],"wp:term":[{"taxonomy":"product_brand","embeddable":true,"href":"https:\/\/visa-indonesia.com\/sv\/wp-json\/wp\/v2\/product_brand?post=40601"},{"taxonomy":"product_cat","embeddable":true,"href":"https:\/\/visa-indonesia.com\/sv\/wp-json\/wp\/v2\/product_cat?post=40601"},{"taxonomy":"product_tag","embeddable":true,"href":"https:\/\/visa-indonesia.com\/sv\/wp-json\/wp\/v2\/product_tag?post=40601"},{"taxonomy":"comparison_feature","embeddable":true,"href":"https:\/\/visa-indonesia.com\/sv\/wp-json\/wp\/v2\/comparison_feature?post=40601"}],"curies":[{"name":"wp","href":"https:\/\/api.w.org\/{rel}","templated":true}]}}