{"id":40097,"date":"2025-11-23T17:35:37","date_gmt":"2025-11-23T09:35:37","guid":{"rendered":"https:\/\/visa-indonesia.com\/?post_type=product&#038;p=40097"},"modified":"2026-04-23T18:52:09","modified_gmt":"2026-04-23T10:52:09","slug":"lkpm-rapport-investeringsaktivitetsrapport","status":"publish","type":"product","link":"https:\/\/visa-indonesia.com\/sv\/service\/lkpm-report-investment-activity-report\/","title":{"rendered":"LKPM-rapport (investeringsaktivitetsrapport)"},"content":{"rendered":"","protected":false},"excerpt":{"rendered":"<p>Investeringsaktivitetsrapporten (LKPM) \u00e4r en obligatorisk efterlevnadsportal som genomg\u00e5r rigor\u00f6sa operativa revisioner, vilket ofta avleder ditt teams expertis fr\u00e5n int\u00e4ktsgenerering. Fel och f\u00f6rseningar vid inmatning av uppgifter kan avsev\u00e4rt \u00f6ka risken f\u00f6r allvarliga sanktioner och administrativa risker fr\u00e5n investeringskoordineringsn\u00e4mnden (BKPM).<\/p>\n<p>Vi eliminerar denna b\u00f6rda helt och h\u00e5llet. V\u00e5ra experter hanterar noggrant hela LKPM-arbetsfl\u00f6det, fr\u00e5n validering av varje finansiell datapunkt till att s\u00e4kerst\u00e4lla felfri och snabb inl\u00e4mning genom OSS-systemet.<\/p>\n<p>Kontakta v\u00e5ra dedikerade tj\u00e4nster idag f\u00f6r att neutralisera dina risker och flytta ditt ledarskaps fulla fokus tillbaka till k\u00e4rnverksamheten.<\/p>","protected":false},"featured_media":41064,"comment_status":"closed","ping_status":"closed","template":"","meta":{"_acf_changed":false,"site-sidebar-layout":"default","site-content-layout":"","ast-site-content-layout":"default","site-content-style":"default","site-sidebar-style":"default","ast-global-header-display":"","ast-banner-title-visibility":"","ast-main-header-display":"","ast-hfb-above-header-display":"","ast-hfb-below-header-display":"","ast-hfb-mobile-header-display":"","site-post-title":"","ast-breadcrumbs-content":"","ast-featured-img":"","footer-sml-layout":"","ast-disable-related-posts":"","theme-transparent-header-meta":"default","adv-header-id-meta":"","stick-header-meta":"","header-above-stick-meta":"","header-main-stick-meta":"","header-below-stick-meta":"","astra-migrate-meta-layouts":"set","ast-page-background-enabled":"default","ast-page-background-meta":{"desktop":{"background-color":"","background-image":"","background-repeat":"repeat","background-position":"center center","background-size":"auto","background-attachment":"scroll","background-type":"","background-media":"","overlay-type":"","overlay-color":"","overlay-opacity":"","overlay-gradient":""},"tablet":{"background-color":"","background-image":"","background-repeat":"repeat","background-position":"center center","background-size":"auto","background-attachment":"scroll","background-type":"","background-media":"","overlay-type":"","overlay-color":"","overlay-opacity":"","overlay-gradient":""},"mobile":{"background-color":"","background-image":"","background-repeat":"repeat","background-position":"center center","background-size":"auto","background-attachment":"scroll","background-type":"","background-media":"","overlay-type":"","overlay-color":"","overlay-opacity":"","overlay-gradient":""}},"ast-content-background-meta":{"desktop":{"background-color":"var(--ast-global-color-5)","background-image":"","background-repeat":"repeat","background-position":"center center","background-size":"auto","background-attachment":"scroll","background-type":"","background-media":"","overlay-type":"","overlay-color":"","overlay-opacity":"","overlay-gradient":""},"tablet":{"background-color":"var(--ast-global-color-5)","background-image":"","background-repeat":"repeat","background-position":"center center","background-size":"auto","background-attachment":"scroll","background-type":"","background-media":"","overlay-type":"","overlay-color":"","overlay-opacity":"","overlay-gradient":""},"mobile":{"background-color":"var(--ast-global-color-5)","background-image":"","background-repeat":"repeat","background-position":"center center","background-size":"auto","background-attachment":"scroll","background-type":"","background-media":"","overlay-type":"","overlay-color":"","overlay-opacity":"","overlay-gradient":""}},"uix_meta_title":"","uix_meta_description":"","uix_canonical_url":""},"product_brand":[],"product_cat":[848],"product_tag":[],"comparison_feature":[],"class_list":{"0":"post-40097","1":"product","2":"type-product","3":"status-publish","4":"has-post-thumbnail","6":"product_cat-legal-documents","7":"desktop-align-left","8":"tablet-align-left","9":"mobile-align-left","10":"ast-product-gallery-layout-horizontal-slider","11":"ast-product-gallery-with-no-image","12":"ast-magnify-disabled","13":"ast-product-single-variable","14":"ast-product-tabs-layout-horizontal","16":"first","17":"instock","18":"sale","19":"shipping-taxable","20":"purchasable","21":"product-type-variable"},"acf":[],"_links":{"self":[{"href":"https:\/\/visa-indonesia.com\/sv\/wp-json\/wp\/v2\/product\/40097","targetHints":{"allow":["GET"]}}],"collection":[{"href":"https:\/\/visa-indonesia.com\/sv\/wp-json\/wp\/v2\/product"}],"about":[{"href":"https:\/\/visa-indonesia.com\/sv\/wp-json\/wp\/v2\/types\/product"}],"replies":[{"embeddable":true,"href":"https:\/\/visa-indonesia.com\/sv\/wp-json\/wp\/v2\/comments?post=40097"}],"wp:featuredmedia":[{"embeddable":true,"href":"https:\/\/visa-indonesia.com\/sv\/wp-json\/wp\/v2\/media\/41064"}],"wp:attachment":[{"href":"https:\/\/visa-indonesia.com\/sv\/wp-json\/wp\/v2\/media?parent=40097"}],"wp:term":[{"taxonomy":"product_brand","embeddable":true,"href":"https:\/\/visa-indonesia.com\/sv\/wp-json\/wp\/v2\/product_brand?post=40097"},{"taxonomy":"product_cat","embeddable":true,"href":"https:\/\/visa-indonesia.com\/sv\/wp-json\/wp\/v2\/product_cat?post=40097"},{"taxonomy":"product_tag","embeddable":true,"href":"https:\/\/visa-indonesia.com\/sv\/wp-json\/wp\/v2\/product_tag?post=40097"},{"taxonomy":"comparison_feature","embeddable":true,"href":"https:\/\/visa-indonesia.com\/sv\/wp-json\/wp\/v2\/comparison_feature?post=40097"}],"curies":[{"name":"wp","href":"https:\/\/api.w.org\/{rel}","templated":true}]}}