{"id":27549,"date":"2024-10-02T17:08:42","date_gmt":"2024-10-02T09:08:42","guid":{"rendered":"https:\/\/visa-indonesia.com\/?post_type=product&#038;p=27549"},"modified":"2026-04-23T18:52:18","modified_gmt":"2026-04-23T10:52:18","slug":"utstallningsvisum-indonesien","status":"publish","type":"product","link":"https:\/\/visa-indonesia.com\/sv\/service\/exhibition-visa-indonesia\/","title":{"rendered":"Utst\u00e4llningsvisum Indonesien (C11)"},"content":{"rendered":"<p>Exhibition Visa C11 \u00e4r skr\u00e4ddarsytt f\u00f6r dem som vill delta i marknadsf\u00f6rings- eller n\u00e4tverksm\u00f6jligheter i MICE eller m\u00e4ssa i Indonesien. Det g\u00f6r det m\u00f6jligt f\u00f6r yrkesverksamma fr\u00e5n olika branscher att utforska marknadsm\u00f6jligheter, st\u00e4lla ut produkter och bygga aff\u00e4rsn\u00e4tverk. Alla bes\u00f6kare av MICE eller m\u00e4ssor beh\u00f6ver denna typ av visum - inklusive utst\u00e4llare fr\u00e5n ASEAN-l\u00e4nderna. Utst\u00e4llningsvisum C11 \u00e4r normalt giltigt i 60 dagar. Det kan f\u00f6rl\u00e4ngas tv\u00e5 g\u00e5nger med 60 dagar per f\u00f6rl\u00e4ngning. Det till\u00e5ter dig en total vistelse p\u00e5 upp till 180 dagar i Indonesien.<\/p>\n<p>Det tillf\u00e4lliga visumet ger tillr\u00e4ckligt med tid f\u00f6r dessa aktiviteter, vilket s\u00e4kerst\u00e4ller att internationella f\u00f6retagare kan engagera sig effektivt i det indonesiska aff\u00e4rslandskapet. Det \u00e4r ett utm\u00e4rkt alternativ f\u00f6r utl\u00e4ndska yrkesverksamma som vill ut\u00f6ka sin aff\u00e4rsn\u00e4rvaro i regionen.<\/p>","protected":false},"excerpt":{"rendered":"<p>Det 60-dagars utst\u00e4llningsvisumet (C11) f\u00f6r Indonesien (tidigare B211A-visum) \u00e4r l\u00e4mpligt f\u00f6r utl\u00e4ndska yrkesverksamma och f\u00f6retagare som deltar i utst\u00e4llningar, m\u00e4ssor eller liknande evenemang i Indonesien f\u00f6r att marknadsf\u00f6ra varor eller tj\u00e4nster. Det ger en tillf\u00e4llig laglig inresa f\u00f6r att delta i aff\u00e4rsrelaterade aktiviteter. C11-visumet \u00e4r giltigt i 60 dagar.<\/p>\n<p>Om du har blivit inbjuden att delta i ett seminarium\/workshop eller liknande som v\u00e4rd\/talare kan du anv\u00e4nda denna <a href=\"https:\/\/visa-indonesia.com\/sv\/service\/visum-for-deltagare-i-evenemang-indonesien\/\" target=\"_blank\" rel=\"noopener\">l\u00e4nk<\/a> att ans\u00f6ka om ett visum f\u00f6r deltagare i inbjudna evenemang (C10) ist\u00e4llet.<\/p>","protected":false},"featured_media":28986,"comment_status":"closed","ping_status":"closed","template":"","meta":{"_acf_changed":false,"site-sidebar-layout":"default","site-content-layout":"default","ast-site-content-layout":"default","site-content-style":"default","site-sidebar-style":"default","ast-global-header-display":"","ast-banner-title-visibility":"","ast-main-header-display":"","ast-hfb-above-header-display":"","ast-hfb-below-header-display":"","ast-hfb-mobile-header-display":"","site-post-title":"","ast-breadcrumbs-content":"","ast-featured-img":"","footer-sml-layout":"","ast-disable-related-posts":"","theme-transparent-header-meta":"default","adv-header-id-meta":"","stick-header-meta":"default","header-above-stick-meta":"","header-main-stick-meta":"","header-below-stick-meta":"","astra-migrate-meta-layouts":"set","ast-page-background-enabled":"default","ast-page-background-meta":{"desktop":{"background-color":"","background-image":"","background-repeat":"repeat","background-position":"center center","background-size":"auto","background-attachment":"scroll","background-type":"","background-media":"","overlay-type":"","overlay-color":"","overlay-opacity":"","overlay-gradient":""},"tablet":{"background-color":"","background-image":"","background-repeat":"repeat","background-position":"center center","background-size":"auto","background-attachment":"scroll","background-type":"","background-media":"","overlay-type":"","overlay-color":"","overlay-opacity":"","overlay-gradient":""},"mobile":{"background-color":"","background-image":"","background-repeat":"repeat","background-position":"center center","background-size":"auto","background-attachment":"scroll","background-type":"","background-media":"","overlay-type":"","overlay-color":"","overlay-opacity":"","overlay-gradient":""}},"ast-content-background-meta":{"desktop":{"background-color":"var(--ast-global-color-5)","background-image":"","background-repeat":"repeat","background-position":"center center","background-size":"auto","background-attachment":"scroll","background-type":"","background-media":"","overlay-type":"","overlay-color":"","overlay-opacity":"","overlay-gradient":""},"tablet":{"background-color":"var(--ast-global-color-5)","background-image":"","background-repeat":"repeat","background-position":"center center","background-size":"auto","background-attachment":"scroll","background-type":"","background-media":"","overlay-type":"","overlay-color":"","overlay-opacity":"","overlay-gradient":""},"mobile":{"background-color":"var(--ast-global-color-5)","background-image":"","background-repeat":"repeat","background-position":"center center","background-size":"auto","background-attachment":"scroll","background-type":"","background-media":"","overlay-type":"","overlay-color":"","overlay-opacity":"","overlay-gradient":""}},"uix_meta_title":"","uix_meta_description":"","uix_canonical_url":""},"product_brand":[],"product_cat":[35,1062],"product_tag":[18,46,181,182,185,240,414,416,420,421,422,424,425,426,427,429,430,432,433,434,438,441,443,445,446,447,448,449,450,452,453,454,455,456,457,458,459,462,463,467,689,690,691,692,693],"comparison_feature":[991,994,995,996,997,998,999,992,1000,1002,1001],"class_list":{"0":"post-27549","1":"product","2":"type-product","3":"status-publish","4":"has-post-thumbnail","6":"product_cat-visa-indonesia","7":"product_cat-single-entry-visas","8":"product_tag-business","9":"product_tag-visit-visa","10":"product_tag-business-visa-bali","11":"product_tag-business-visa-indonesia","12":"product_tag-longterm-visa","13":"product_tag-long-term-visa","14":"product_tag-60-day-visa","15":"product_tag-visit-visa-indonesia","16":"product_tag-long-term-visa-indonesia","17":"product_tag-bali-business-visa","18":"product_tag-indonesia-visa-60-days","19":"product_tag-60-day-visa-indonesia","20":"product_tag-60-days-visa-indonesia","21":"product_tag-single-entry-visa-indonesia","22":"product_tag-indonesia-single-entry-visa","23":"product_tag-60-day-visa-for-bali","24":"product_tag-60-day-bali-visa","25":"product_tag-60-day-visa-bali","26":"product_tag-bali-60-day-visa","27":"product_tag-bali-long-term-visa","28":"product_tag-indonesia-60-day-visa","29":"product_tag-long-term-visa-bali","30":"product_tag-bali-6-month-visa","31":"product_tag-60-day-tourist-visa-bali","32":"product_tag-bali-60-day-tourist-visa","33":"product_tag-single-entry-visa-bali","34":"product_tag-6-month-visa-bali","35":"product_tag-bali-visa-60-days","36":"product_tag-6-month-visa-indonesia","37":"product_tag-indonesia-6-month-visa","38":"product_tag-visa-60-days-indonesia","39":"product_tag-e-visa-b211a","40":"product_tag-bali-single-entry-visa","41":"product_tag-e-visa-b211a-indonesia","42":"product_tag-visa-kunjungan-b211a","43":"product_tag-2-month-visa-indonesia","44":"product_tag-business-visa-jakarta","45":"product_tag-2-month-visa-bali","46":"product_tag-business-visa-b211a","47":"product_tag-bali-6-months-visa","48":"product_tag-exhibition-visa","49":"product_tag-c11-visa-bali","50":"product_tag-c11-visa-indonesia","51":"product_tag-trade-fair-visa-bali","52":"product_tag-trade-fair-visa-indonesia","53":"comparison_feature-guaranteed_visa_approval","54":"comparison_feature-guaranteed-visa-delivery-before-departure","55":"comparison_feature-refunds-available","56":"comparison_feature-multiple-payment-options","57":"comparison_feature-personal-point-of-contact","58":"comparison_feature-support-that-puts-you-first","59":"comparison_feature-apply-anytime","60":"comparison_feature-ease_of_application","61":"comparison_feature-currencies-supported","62":"comparison_feature-payment-methods","63":"comparison_feature-average-response-time","64":"desktop-align-left","65":"tablet-align-left","66":"mobile-align-left","67":"ast-product-gallery-layout-horizontal-slider","68":"ast-product-gallery-with-no-image","69":"ast-magnify-disabled","70":"ast-product-single-variable","71":"ast-product-tabs-layout-horizontal","73":"first","74":"instock","75":"sale","76":"featured","77":"shipping-taxable","78":"purchasable","79":"product-type-variable","80":"has-default-attributes"},"acf":[],"_links":{"self":[{"href":"https:\/\/visa-indonesia.com\/sv\/wp-json\/wp\/v2\/product\/27549","targetHints":{"allow":["GET"]}}],"collection":[{"href":"https:\/\/visa-indonesia.com\/sv\/wp-json\/wp\/v2\/product"}],"about":[{"href":"https:\/\/visa-indonesia.com\/sv\/wp-json\/wp\/v2\/types\/product"}],"replies":[{"embeddable":true,"href":"https:\/\/visa-indonesia.com\/sv\/wp-json\/wp\/v2\/comments?post=27549"}],"wp:featuredmedia":[{"embeddable":true,"href":"https:\/\/visa-indonesia.com\/sv\/wp-json\/wp\/v2\/media\/28986"}],"wp:attachment":[{"href":"https:\/\/visa-indonesia.com\/sv\/wp-json\/wp\/v2\/media?parent=27549"}],"wp:term":[{"taxonomy":"product_brand","embeddable":true,"href":"https:\/\/visa-indonesia.com\/sv\/wp-json\/wp\/v2\/product_brand?post=27549"},{"taxonomy":"product_cat","embeddable":true,"href":"https:\/\/visa-indonesia.com\/sv\/wp-json\/wp\/v2\/product_cat?post=27549"},{"taxonomy":"product_tag","embeddable":true,"href":"https:\/\/visa-indonesia.com\/sv\/wp-json\/wp\/v2\/product_tag?post=27549"},{"taxonomy":"comparison_feature","embeddable":true,"href":"https:\/\/visa-indonesia.com\/sv\/wp-json\/wp\/v2\/comparison_feature?post=27549"}],"curies":[{"name":"wp","href":"https:\/\/api.w.org\/{rel}","templated":true}]}}