{"id":25042,"date":"2024-06-20T23:16:19","date_gmt":"2024-06-20T15:16:19","guid":{"rendered":"https:\/\/visa-indonesia.com\/?post_type=product&#038;p=25042"},"modified":"2026-04-23T18:52:19","modified_gmt":"2026-04-23T10:52:19","slug":"donera-till-villa-kitty","status":"publish","type":"product","link":"https:\/\/visa-indonesia.com\/sv\/service\/donate-to-villa-kitty\/","title":{"rendered":"Donera till Villa Kitty"},"content":{"rendered":"","protected":false},"excerpt":{"rendered":"<p>Villa Kitty Foundation, som grundades 2009, \u00e4r en fristad f\u00f6r Balis \u00f6vergivna katter och kattungar. Sedan starten 2011 har djurhemmet expanderat till 3.500 kvadratmeter i Banjar Tegal Bingin, Mas. H\u00e4r erbjuds medicinsk v\u00e5rd, v\u00e5rdande milj\u00f6er och adoptionsm\u00f6jligheter f\u00f6r katter och hundar. Villa Kitty anordnar ocks\u00e5 utbildningsprogram, samh\u00e4llsevenemang och veganska luncher f\u00f6r att fr\u00e4mja djurens v\u00e4lbefinnande och skapa kontakter mellan djur och m\u00e4nniskor. Stiftelsen ut\u00f6kar kontinuerligt sina faciliteter och tj\u00e4nster f\u00f6r att s\u00e4kerst\u00e4lla en ljusare framtid f\u00f6r Balis kattdjur.<\/p>","protected":false},"featured_media":25045,"comment_status":"closed","ping_status":"closed","template":"","meta":{"_acf_changed":false,"site-sidebar-layout":"default","site-content-layout":"","ast-site-content-layout":"default","site-content-style":"default","site-sidebar-style":"default","ast-global-header-display":"","ast-banner-title-visibility":"","ast-main-header-display":"","ast-hfb-above-header-display":"","ast-hfb-below-header-display":"","ast-hfb-mobile-header-display":"","site-post-title":"","ast-breadcrumbs-content":"","ast-featured-img":"","footer-sml-layout":"","ast-disable-related-posts":"","theme-transparent-header-meta":"default","adv-header-id-meta":"","stick-header-meta":"","header-above-stick-meta":"","header-main-stick-meta":"","header-below-stick-meta":"","astra-migrate-meta-layouts":"set","ast-page-background-enabled":"default","ast-page-background-meta":{"desktop":{"background-color":"","background-image":"","background-repeat":"repeat","background-position":"center center","background-size":"auto","background-attachment":"scroll","background-type":"","background-media":"","overlay-type":"","overlay-color":"","overlay-opacity":"","overlay-gradient":""},"tablet":{"background-color":"","background-image":"","background-repeat":"repeat","background-position":"center center","background-size":"auto","background-attachment":"scroll","background-type":"","background-media":"","overlay-type":"","overlay-color":"","overlay-opacity":"","overlay-gradient":""},"mobile":{"background-color":"","background-image":"","background-repeat":"repeat","background-position":"center center","background-size":"auto","background-attachment":"scroll","background-type":"","background-media":"","overlay-type":"","overlay-color":"","overlay-opacity":"","overlay-gradient":""}},"ast-content-background-meta":{"desktop":{"background-color":"var(--ast-global-color-5)","background-image":"","background-repeat":"repeat","background-position":"center center","background-size":"auto","background-attachment":"scroll","background-type":"","background-media":"","overlay-type":"","overlay-color":"","overlay-opacity":"","overlay-gradient":""},"tablet":{"background-color":"var(--ast-global-color-5)","background-image":"","background-repeat":"repeat","background-position":"center center","background-size":"auto","background-attachment":"scroll","background-type":"","background-media":"","overlay-type":"","overlay-color":"","overlay-opacity":"","overlay-gradient":""},"mobile":{"background-color":"var(--ast-global-color-5)","background-image":"","background-repeat":"repeat","background-position":"center center","background-size":"auto","background-attachment":"scroll","background-type":"","background-media":"","overlay-type":"","overlay-color":"","overlay-opacity":"","overlay-gradient":""}},"uix_meta_title":"","uix_meta_description":"","uix_canonical_url":""},"product_brand":[],"product_cat":[391],"product_tag":[],"comparison_feature":[],"class_list":{"0":"post-25042","1":"product","2":"type-product","3":"status-publish","4":"has-post-thumbnail","6":"product_cat-donation","7":"desktop-align-left","8":"tablet-align-left","9":"mobile-align-left","10":"ast-product-gallery-layout-horizontal-slider","11":"ast-product-gallery-with-no-image","12":"ast-magnify-disabled","13":"ast-product-tabs-layout-horizontal","15":"first","16":"instock","17":"sold-individually","18":"shipping-taxable","19":"purchasable","20":"product-type-simple"},"acf":[],"_links":{"self":[{"href":"https:\/\/visa-indonesia.com\/sv\/wp-json\/wp\/v2\/product\/25042","targetHints":{"allow":["GET"]}}],"collection":[{"href":"https:\/\/visa-indonesia.com\/sv\/wp-json\/wp\/v2\/product"}],"about":[{"href":"https:\/\/visa-indonesia.com\/sv\/wp-json\/wp\/v2\/types\/product"}],"replies":[{"embeddable":true,"href":"https:\/\/visa-indonesia.com\/sv\/wp-json\/wp\/v2\/comments?post=25042"}],"wp:featuredmedia":[{"embeddable":true,"href":"https:\/\/visa-indonesia.com\/sv\/wp-json\/wp\/v2\/media\/25045"}],"wp:attachment":[{"href":"https:\/\/visa-indonesia.com\/sv\/wp-json\/wp\/v2\/media?parent=25042"}],"wp:term":[{"taxonomy":"product_brand","embeddable":true,"href":"https:\/\/visa-indonesia.com\/sv\/wp-json\/wp\/v2\/product_brand?post=25042"},{"taxonomy":"product_cat","embeddable":true,"href":"https:\/\/visa-indonesia.com\/sv\/wp-json\/wp\/v2\/product_cat?post=25042"},{"taxonomy":"product_tag","embeddable":true,"href":"https:\/\/visa-indonesia.com\/sv\/wp-json\/wp\/v2\/product_tag?post=25042"},{"taxonomy":"comparison_feature","embeddable":true,"href":"https:\/\/visa-indonesia.com\/sv\/wp-json\/wp\/v2\/comparison_feature?post=25042"}],"curies":[{"name":"wp","href":"https:\/\/api.w.org\/{rel}","templated":true}]}}