{"id":16723,"date":"2023-01-05T13:23:49","date_gmt":"2023-01-05T05:23:49","guid":{"rendered":"https:\/\/visa-indonesia.com\/?post_type=product&#038;p=16723"},"modified":"2026-04-23T18:52:28","modified_gmt":"2026-04-23T10:52:28","slug":"turistvisum-med-flera-inresor-indonesien","status":"publish","type":"product","link":"https:\/\/visa-indonesia.com\/sv\/service\/multiple-entry-tourist-visa-indonesia\/","title":{"rendered":"Turistvisum f\u00f6r flera inresor (D1)"},"content":{"rendered":"","protected":false},"excerpt":{"rendered":"<p>Visumet f\u00f6r flera inresor till Indonesien \u00e4r s\u00e4rskilt l\u00e4mpligt f\u00f6r <strong>Turister<\/strong> som bes\u00f6ker Indonesien flera g\u00e5nger och stannar 60-180 dagar under varje bes\u00f6k. Detta visum \u00e4r giltigt f\u00f6r <strong>1 \u00e5r<\/strong>, <strong>2 \u00e5r<\/strong> eller <strong>5 \u00e5r<\/strong>. Inom denna viserings giltighetstid f\u00e5r du l\u00e4mna och \u00e5terv\u00e4nda till Indonesien s\u00e5 ofta du vill. Med detta visum f\u00e5r du ett 60-dagars uppeh\u00e5llstillst\u00e5nd vid varje inresa till Indonesien. I slutet av 2023 gjordes D1 f\u00f6rl\u00e4ngningsbart, s\u00e5 att du kan f\u00f6rl\u00e4nga varje bes\u00f6k i upp till 180 dagar (60 dagar \u00e5t g\u00e5ngen). Ett personligt bes\u00f6k p\u00e5 Immigrationskontoret kr\u00e4vs f\u00f6r alla f\u00f6rl\u00e4ngningar.<\/p>\n<p><strong>Visum f\u00f6r flera inresor till Indonesien \u00e4r tillg\u00e4ngligt f\u00f6r alla nationaliteter som \u00e4r ber\u00e4ttigade till C1-visum (tidigare 211A-visum).<\/strong><\/p>","protected":false},"featured_media":36596,"comment_status":"closed","ping_status":"closed","template":"","meta":{"_acf_changed":false,"site-sidebar-layout":"default","site-content-layout":"default","ast-site-content-layout":"default","site-content-style":"default","site-sidebar-style":"default","ast-global-header-display":"","ast-banner-title-visibility":"","ast-main-header-display":"","ast-hfb-above-header-display":"","ast-hfb-below-header-display":"","ast-hfb-mobile-header-display":"","site-post-title":"","ast-breadcrumbs-content":"","ast-featured-img":"","footer-sml-layout":"","ast-disable-related-posts":"","theme-transparent-header-meta":"default","adv-header-id-meta":"","stick-header-meta":"default","header-above-stick-meta":"","header-main-stick-meta":"","header-below-stick-meta":"","astra-migrate-meta-layouts":"set","ast-page-background-enabled":"default","ast-page-background-meta":{"desktop":{"background-color":"","background-image":"","background-repeat":"repeat","background-position":"center center","background-size":"auto","background-attachment":"scroll","background-type":"","background-media":"","overlay-type":"","overlay-color":"","overlay-opacity":"","overlay-gradient":""},"tablet":{"background-color":"","background-image":"","background-repeat":"repeat","background-position":"center center","background-size":"auto","background-attachment":"scroll","background-type":"","background-media":"","overlay-type":"","overlay-color":"","overlay-opacity":"","overlay-gradient":""},"mobile":{"background-color":"","background-image":"","background-repeat":"repeat","background-position":"center center","background-size":"auto","background-attachment":"scroll","background-type":"","background-media":"","overlay-type":"","overlay-color":"","overlay-opacity":"","overlay-gradient":""}},"ast-content-background-meta":{"desktop":{"background-color":"var(--ast-global-color-5)","background-image":"","background-repeat":"repeat","background-position":"center center","background-size":"auto","background-attachment":"scroll","background-type":"","background-media":"","overlay-type":"","overlay-color":"","overlay-opacity":"","overlay-gradient":""},"tablet":{"background-color":"var(--ast-global-color-5)","background-image":"","background-repeat":"repeat","background-position":"center center","background-size":"auto","background-attachment":"scroll","background-type":"","background-media":"","overlay-type":"","overlay-color":"","overlay-opacity":"","overlay-gradient":""},"mobile":{"background-color":"var(--ast-global-color-5)","background-image":"","background-repeat":"repeat","background-position":"center center","background-size":"auto","background-attachment":"scroll","background-type":"","background-media":"","overlay-type":"","overlay-color":"","overlay-opacity":"","overlay-gradient":""}},"uix_meta_title":"","uix_meta_description":"","uix_canonical_url":""},"product_brand":[],"product_cat":[35,1063],"product_tag":[181,182,295,296,297,624,625,780,781,784,785],"comparison_feature":[991,994,995,996,997,998,999,992,1000,1002,1001],"class_list":{"0":"post-16723","1":"product","2":"type-product","3":"status-publish","4":"has-post-thumbnail","6":"product_cat-visa-indonesia","7":"product_cat-multiple-entry-visas","8":"product_tag-business-visa-bali","9":"product_tag-business-visa-indonesia","10":"product_tag-government-visa-indonesia","11":"product_tag-multiple-entry-visa","12":"product_tag-d212","13":"product_tag-multiple-entry-visa-bali","14":"product_tag-multiple-entry-visa-indonesia","15":"product_tag-d1-visa-bali","16":"product_tag-d1-visa-indonesia","17":"product_tag-multiple-entry-indonesia","18":"product_tag-multiple-entry-bali","19":"comparison_feature-guaranteed_visa_approval","20":"comparison_feature-guaranteed-visa-delivery-before-departure","21":"comparison_feature-refunds-available","22":"comparison_feature-multiple-payment-options","23":"comparison_feature-personal-point-of-contact","24":"comparison_feature-support-that-puts-you-first","25":"comparison_feature-apply-anytime","26":"comparison_feature-ease_of_application","27":"comparison_feature-currencies-supported","28":"comparison_feature-payment-methods","29":"comparison_feature-average-response-time","30":"desktop-align-left","31":"tablet-align-left","32":"mobile-align-left","33":"ast-product-gallery-layout-horizontal-slider","34":"ast-product-gallery-with-no-image","35":"ast-magnify-disabled","36":"ast-product-single-variable","37":"ast-product-tabs-layout-horizontal","39":"first","40":"instock","41":"sale","42":"shipping-taxable","43":"purchasable","44":"product-type-variable","45":"has-default-attributes"},"acf":[],"_links":{"self":[{"href":"https:\/\/visa-indonesia.com\/sv\/wp-json\/wp\/v2\/product\/16723","targetHints":{"allow":["GET"]}}],"collection":[{"href":"https:\/\/visa-indonesia.com\/sv\/wp-json\/wp\/v2\/product"}],"about":[{"href":"https:\/\/visa-indonesia.com\/sv\/wp-json\/wp\/v2\/types\/product"}],"replies":[{"embeddable":true,"href":"https:\/\/visa-indonesia.com\/sv\/wp-json\/wp\/v2\/comments?post=16723"}],"wp:featuredmedia":[{"embeddable":true,"href":"https:\/\/visa-indonesia.com\/sv\/wp-json\/wp\/v2\/media\/36596"}],"wp:attachment":[{"href":"https:\/\/visa-indonesia.com\/sv\/wp-json\/wp\/v2\/media?parent=16723"}],"wp:term":[{"taxonomy":"product_brand","embeddable":true,"href":"https:\/\/visa-indonesia.com\/sv\/wp-json\/wp\/v2\/product_brand?post=16723"},{"taxonomy":"product_cat","embeddable":true,"href":"https:\/\/visa-indonesia.com\/sv\/wp-json\/wp\/v2\/product_cat?post=16723"},{"taxonomy":"product_tag","embeddable":true,"href":"https:\/\/visa-indonesia.com\/sv\/wp-json\/wp\/v2\/product_tag?post=16723"},{"taxonomy":"comparison_feature","embeddable":true,"href":"https:\/\/visa-indonesia.com\/sv\/wp-json\/wp\/v2\/comparison_feature?post=16723"}],"curies":[{"name":"wp","href":"https:\/\/api.w.org\/{rel}","templated":true}]}}