{"id":28145,"date":"2024-10-25T16:07:36","date_gmt":"2024-10-25T08:07:36","guid":{"rendered":"https:\/\/visa-indonesia.com\/?page_id=28145"},"modified":"2024-10-25T16:07:45","modified_gmt":"2024-10-25T08:07:45","slug":"policy-for-overnattning","status":"publish","type":"page","link":"https:\/\/visa-indonesia.com\/sv\/overstay-policy\/","title":{"rendered":"Policy f\u00f6r \u00f6verbliven vistelse"},"content":{"rendered":"<h2 class=\"wp-block-heading\">Policy f\u00f6r \u00f6verbliven vistelse: Ditt ansvar som viseringskund<\/h2>\n\n\n\n<p>P\u00e5 v\u00e5r visumbyr\u00e5 str\u00e4var vi efter att se till att v\u00e5ra kunder har en smidig och kompatibel upplevelse n\u00e4r de vistas i Indonesien. Det \u00e4r dock viktigt att f\u00f6rst\u00e5 att hantering av din visumtid och s\u00e4kerst\u00e4llande av f\u00f6rnyelser i r\u00e4tt tid \u00e4r <strong>ditt ansvar<\/strong> som viseringsinnehavare. Denna policy beskriver v\u00e5r inst\u00e4llning till \u00f6verskridna vistelsetider, p\u00e5minnelser och det ansvar som du som kund m\u00e5ste vara medveten om.<\/p>\n\n\n\n<h3 class=\"wp-block-heading\">Straff f\u00f6r \u00f6verskridande av vistelsetid<\/h3>\n\n\n\n<p>Om du stannar l\u00e4ngre \u00e4n du har r\u00e4tt till p\u00e5 ditt visum i Indonesien f\u00e5r du betala en straffavgift p\u00e5 <strong>1 miljon IDR per dag<\/strong> enligt <a href=\"https:\/\/www.imigrasi.go.id\/berita\/2023\/03\/24\/apa-sanksi-keimigrasian-bagi-wna-yang-melanggar-ketertiban-ini-jawabannya\" target=\"_blank\" rel=\"noopener\">Indonesiska immigrationsregler<\/a>. Dessa b\u00f6ter g\u00e4ller f\u00f6r varje dag som du stannar i landet efter visumets utg\u00e5ngsdatum. Observera att b\u00f6terna ska betalas direkt till immigrationsmyndigheten och att vi inte kan hj\u00e4lpa till att t\u00e4cka n\u00e5gra av dessa kostnader.<\/p>\n\n\n\n<h3 class=\"wp-block-heading\">Hur vi hj\u00e4lper till att f\u00f6rhindra \u00f6verskridna vistelsetider<\/h3>\n\n\n\n<p>Att h\u00e5lla reda p\u00e5 utg\u00e5ngsdatumet f\u00f6r ditt visum kan ibland vara en utmaning. F\u00f6r att hj\u00e4lpa dig att f\u00f6lja reglerna har vi implementerat ett proaktivt p\u00e5minnelsesystem som inkluderar:<\/p>\n\n\n\n<ol class=\"wp-block-list\">\n<li>- <strong>Automatiserade p\u00e5minnelser via e-post<\/strong>: V\u00e5rt system skickar p\u00e5minnelser via e-post n\u00e4r utg\u00e5ngsdatumet f\u00f6r ditt visum n\u00e4rmar sig.<\/li>\n\n\n\n<li>- <strong>WhatsApp-meddelanden<\/strong>: Vi anv\u00e4nder ocks\u00e5 WhatsApp f\u00f6r att skicka p\u00e5minnelser, s\u00e5 att du \u00e4r v\u00e4linformerad.<\/li>\n\n\n\n<li><strong>- Kontorsst\u00f6d<\/strong>: F\u00f6rutom automatiserade meddelanden g\u00f6r v\u00e5r personal sitt yttersta f\u00f6r att kontakta dig direkt.<\/li>\n<\/ol>\n\n\n\n<p>Vi vidtar alla m\u00f6jliga \u00e5tg\u00e4rder f\u00f6r att meddela dig om den kommande giltighetstiden f\u00f6r att f\u00f6rhindra att du stannar l\u00e4ngre \u00e4n n\u00f6dv\u00e4ndigt. Observera dock att p\u00e5minnelser \u00e4r en till\u00e4ggstj\u00e4nst och inte ers\u00e4tter ditt prim\u00e4ra ansvar att hantera ditt visum.<\/p>\n\n\n\n<h3 class=\"wp-block-heading\">Ansvarsfriskrivning: V\u00e5ra begr\u00e4nsningar<\/h3>\n\n\n\n<p>Trots att vi g\u00f6r v\u00e5rt b\u00e4sta kan vi inte garantera att alla p\u00e5minnelser n\u00e5r dig p\u00e5 grund av eventuella tekniska problem eller m\u00e4nskliga fel. Det kan till exempel vara<\/p>\n\n\n\n<ul class=\"wp-block-list\">\n<li>- <strong>E-postmeddelanden kanske inte levereras<\/strong> p\u00e5 grund av felaktiga e-postadresser, serverproblem eller skr\u00e4ppostfilter.<\/li>\n\n\n\n<li>- <strong>WhatsApp-meddelanden<\/strong> kanske inte tas emot p\u00e5 grund av \u00e4ndringar av telefonnummer, appbegr\u00e4nsningar eller n\u00e4tverksproblem.<\/li>\n<\/ul>\n\n\n\n<p>\u00c4ven om vi str\u00e4var efter att minimera s\u00e5dana problem \u00e4r vi inte ansvariga f\u00f6r eventuella konsekvenser av ej levererade meddelanden. I slut\u00e4ndan \u00e4r det du som viseringsinnehavare som ansvarar f\u00f6r att uppr\u00e4tth\u00e5lla en aktiv och giltig visering.<\/p>\n\n\n\n<h3 class=\"wp-block-heading\">Slutord<\/h3>\n\n\n\n<p>Genom att arbeta med oss erk\u00e4nner du att du \u00e4r ensam ansvarig f\u00f6r att hantera ditt visum och eventuella relaterade kostnader, inklusive b\u00f6ter f\u00f6r \u00f6verstay. Vi t\u00e4cker eller delar inte n\u00e5gra ekonomiska skyldigheter relaterade till p\u00e5f\u00f6ljder som \u00e5l\u00e4ggs av invandring p\u00e5 grund av \u00f6verskridna vistelser. V\u00e4nligen \u00f6vervaka din visumstatus regelbundet och svara snabbt p\u00e5 eventuella p\u00e5minnelser du f\u00e5r.<\/p>\n\n\n\n<p>Om du har n\u00e5gra fr\u00e5gor eller beh\u00f6ver hj\u00e4lp \u00e4r du v\u00e4lkommen att kontakta v\u00e5rt supportteam. Vi \u00e4r h\u00e4r f\u00f6r att hj\u00e4lpa dig.<\/p>\n\n\n\n<p><\/p>","protected":false},"excerpt":{"rendered":"<p>Overstay Policy: Your Responsibility as a Visa Client At our visa agency, we strive to ensure that our clients have a smooth and compliant experience while staying in Indonesia. However, it\u2019s crucial to understand that managing your visa duration and ensuring timely renewals is your responsibility as a visa holder. This policy outlines our approach [&hellip;]<\/p>\n","protected":false},"author":1,"featured_media":0,"parent":0,"menu_order":0,"comment_status":"closed","ping_status":"closed","template":"","meta":{"_acf_changed":false,"site-sidebar-layout":"default","site-content-layout":"","ast-site-content-layout":"default","site-content-style":"default","site-sidebar-style":"default","ast-global-header-display":"","ast-banner-title-visibility":"","ast-main-header-display":"","ast-hfb-above-header-display":"","ast-hfb-below-header-display":"","ast-hfb-mobile-header-display":"","site-post-title":"","ast-breadcrumbs-content":"","ast-featured-img":"","footer-sml-layout":"","ast-disable-related-posts":"","theme-transparent-header-meta":"","adv-header-id-meta":"","stick-header-meta":"","header-above-stick-meta":"","header-main-stick-meta":"","header-below-stick-meta":"","astra-migrate-meta-layouts":"set","ast-page-background-enabled":"default","ast-page-background-meta":{"desktop":{"background-color":"","background-image":"","background-repeat":"repeat","background-position":"center center","background-size":"auto","background-attachment":"scroll","background-type":"","background-media":"","overlay-type":"","overlay-color":"","overlay-opacity":"","overlay-gradient":""},"tablet":{"background-color":"","background-image":"","background-repeat":"repeat","background-position":"center center","background-size":"auto","background-attachment":"scroll","background-type":"","background-media":"","overlay-type":"","overlay-color":"","overlay-opacity":"","overlay-gradient":""},"mobile":{"background-color":"","background-image":"","background-repeat":"repeat","background-position":"center center","background-size":"auto","background-attachment":"scroll","background-type":"","background-media":"","overlay-type":"","overlay-color":"","overlay-opacity":"","overlay-gradient":""}},"ast-content-background-meta":{"desktop":{"background-color":"var(--ast-global-color-5)","background-image":"","background-repeat":"repeat","background-position":"center center","background-size":"auto","background-attachment":"scroll","background-type":"","background-media":"","overlay-type":"","overlay-color":"","overlay-opacity":"","overlay-gradient":""},"tablet":{"background-color":"var(--ast-global-color-5)","background-image":"","background-repeat":"repeat","background-position":"center center","background-size":"auto","background-attachment":"scroll","background-type":"","background-media":"","overlay-type":"","overlay-color":"","overlay-opacity":"","overlay-gradient":""},"mobile":{"background-color":"var(--ast-global-color-5)","background-image":"","background-repeat":"repeat","background-position":"center center","background-size":"auto","background-attachment":"scroll","background-type":"","background-media":"","overlay-type":"","overlay-color":"","overlay-opacity":"","overlay-gradient":""}},"uix_meta_title":"","uix_meta_description":"","uix_canonical_url":"","footnotes":""},"class_list":["post-28145","page","type-page","status-publish","hentry"],"acf":[],"_links":{"self":[{"href":"https:\/\/visa-indonesia.com\/sv\/wp-json\/wp\/v2\/pages\/28145","targetHints":{"allow":["GET"]}}],"collection":[{"href":"https:\/\/visa-indonesia.com\/sv\/wp-json\/wp\/v2\/pages"}],"about":[{"href":"https:\/\/visa-indonesia.com\/sv\/wp-json\/wp\/v2\/types\/page"}],"author":[{"embeddable":true,"href":"https:\/\/visa-indonesia.com\/sv\/wp-json\/wp\/v2\/users\/1"}],"replies":[{"embeddable":true,"href":"https:\/\/visa-indonesia.com\/sv\/wp-json\/wp\/v2\/comments?post=28145"}],"version-history":[{"count":2,"href":"https:\/\/visa-indonesia.com\/sv\/wp-json\/wp\/v2\/pages\/28145\/revisions"}],"predecessor-version":[{"id":28147,"href":"https:\/\/visa-indonesia.com\/sv\/wp-json\/wp\/v2\/pages\/28145\/revisions\/28147"}],"wp:attachment":[{"href":"https:\/\/visa-indonesia.com\/sv\/wp-json\/wp\/v2\/media?parent=28145"}],"curies":[{"name":"wp","href":"https:\/\/api.w.org\/{rel}","templated":true}]}}