{"id":14870,"date":"2022-11-03T22:33:17","date_gmt":"2022-11-03T14:33:17","guid":{"rendered":"https:\/\/visa-indonesia.com\/?page_id=14870"},"modified":"2025-02-17T20:32:16","modified_gmt":"2025-02-17T12:32:16","slug":"ansvarsfriskrivning","status":"publish","type":"page","link":"https:\/\/visa-indonesia.com\/sv\/disclaimer\/","title":{"rendered":"Ansvarsfriskrivning"},"content":{"rendered":"<h1>Ansvarsfriskrivning f\u00f6r webbplatsen<\/h1>\n<p>Den information som tillhandah\u00e5lls av Visa Indonesia (\"vi\", \"oss\" eller \"v\u00e5r\") p\u00e5\u00a0<a href=\"https:\/\/visa-indonesia.com\/sv\/\" data-custom-class=\"link\">https:\/\/visa-indonesia.com<\/a> (\"Webbplatsen\") \u00e4r endast avsedd f\u00f6r allm\u00e4nna informations\u00e4ndam\u00e5l. All information p\u00e5 webbplatsen tillhandah\u00e5lls i god tro. Vi g\u00f6r dock inga utf\u00e4stelser eller garantier av n\u00e5got slag, uttryckliga eller underf\u00f6rst\u00e5dda, avseende riktigheten, tillr\u00e4ckligheten, giltigheten, tillf\u00f6rlitligheten, tillg\u00e4ngligheten eller fullst\u00e4ndigheten av n\u00e5gon information p\u00e5 webbplatsen. VI SKA INTE UNDER N\u00c5GRA OMST\u00c4NDIGHETER HA N\u00c5GOT ANSVAR GENTEMOT DIG F\u00d6R F\u00d6RLUST ELLER SKADA AV N\u00c5GOT SLAG SOM UPPKOMMIT TILL F\u00d6LJD AV ANV\u00c4NDNING AV WEBBPLATSEN ELLER F\u00d6RLITAN P\u00c5 INFORMATION SOM TILLHANDAH\u00c5LLS P\u00c5 WEBBPLATSEN. DIN ANV\u00c4NDNING AV WEBBPLATSEN OCH DIN F\u00d6RLITAN P\u00c5 INFORMATION P\u00c5 WEBBPLATSEN SKER UTESLUTANDE P\u00c5 EGEN RISK.<\/p>\n<h2>Ansvarsfriskrivning f\u00f6r externa l\u00e4nkar<\/h2>\n<p>Webbplatsen kan inneh\u00e5lla (eller du kan skickas via Webbplatsen) l\u00e4nkar till andra webbplatser eller inneh\u00e5ll som tillh\u00f6r eller h\u00e4rr\u00f6r fr\u00e5n tredje part eller l\u00e4nkar till webbplatser och funktioner i banners eller annan reklam. S\u00e5dana externa l\u00e4nkar har inte unders\u00f6kts, \u00f6vervakats eller kontrollerats av oss med avseende p\u00e5 riktighet, l\u00e4mplighet, giltighet, tillf\u00f6rlitlighet, tillg\u00e4nglighet eller fullst\u00e4ndighet. VI GARANTERAR INTE, ST\u00d6DJER INTE, GARANTERAR INTE OCH TAR INTE ANSVAR F\u00d6R RIKTIGHETEN ELLER TILLF\u00d6RLITLIGHETEN I N\u00c5GON INFORMATION SOM ERBJUDS AV TREDJEPARTSWEBBPLATSER SOM \u00c4R L\u00c4NKADE VIA WEBBPLATSEN ELLER N\u00c5GON WEBBPLATS ELLER FUNKTION SOM \u00c4R L\u00c4NKAD I N\u00c5GON BANNER ELLER ANNAN ANNONSERING. VI KOMMER INTE ATT VARA PART I ELLER P\u00c5 N\u00c5GOT S\u00c4TT VARA ANSVARIGA F\u00d6R ATT \u00d6VERVAKA N\u00c5GON TRANSAKTION MELLAN DIG OCH TREDJEPARTSLEVERANT\u00d6RER AV PRODUKTER ELLER TJ\u00c4NSTER.<\/p>\n<h2>Professionell ansvarsfriskrivning<\/h2>\n<p>Webbplatsen kan inte och inneh\u00e5ller inte juridisk r\u00e5dgivning. Den juridiska informationen tillhandah\u00e5lls endast f\u00f6r allm\u00e4nna informations- och utbildnings\u00e4ndam\u00e5l och ers\u00e4tter inte professionell r\u00e5dgivning. Innan du vidtar n\u00e5gra \u00e5tg\u00e4rder baserade p\u00e5 s\u00e5dan information uppmuntrar vi dig d\u00e4rf\u00f6r att r\u00e5dg\u00f6ra med l\u00e4mpliga yrkespersoner. Vi tillhandah\u00e5ller inte n\u00e5gon form av juridisk r\u00e5dgivning. ANV\u00c4NDNING ELLER F\u00d6RLITAN P\u00c5 INFORMATION SOM FINNS P\u00c5 WEBBPLATSEN SKER UTESLUTANDE P\u00c5 EGEN RISK.<\/p>\n<h2>Vittnesm\u00e5l Ansvarsfriskrivning<\/h2>\n<p data-custom-class=\"body_text\">Webbplatsen kan inneh\u00e5lla vittnesm\u00e5l fr\u00e5n anv\u00e4ndare av v\u00e5ra produkter och\/eller tj\u00e4nster. Dessa vittnesm\u00e5l \u00e5terspeglar s\u00e5dana anv\u00e4ndares erfarenheter och \u00e5sikter fr\u00e5n verkliga livet. Erfarenheterna \u00e4r dock personliga f\u00f6r just dessa anv\u00e4ndare och beh\u00f6ver inte n\u00f6dv\u00e4ndigtvis vara representativa f\u00f6r alla anv\u00e4ndare av v\u00e5ra produkter och\/eller tj\u00e4nster. Vi h\u00e4vdar inte, och du b\u00f6r inte anta, att alla anv\u00e4ndare kommer att ha samma erfarenheter. DINA INDIVIDUELLA RESULTAT KAN VARIERA.<\/p>\n<p data-custom-class=\"body_text\">Vittnesm\u00e5len p\u00e5 webbplatsen l\u00e4mnas i olika former, t.ex. text, ljud och\/eller video, och granskas av oss innan de l\u00e4ggs ut. De visas p\u00e5 webbplatsen ordagrant som de ges av anv\u00e4ndarna, med undantag f\u00f6r korrigering av grammatik- eller skrivfel. Vissa vittnesm\u00e5l kan ha f\u00f6rkortats f\u00f6r att vara kortfattade n\u00e4r det fullst\u00e4ndiga vittnesm\u00e5let inneh\u00f6ll ovidkommande information som inte \u00e4r relevant f\u00f6r allm\u00e4nheten.<\/p>\n<p data-custom-class=\"body_text\">De synpunkter och \u00e5sikter som finns i vittnesm\u00e5len tillh\u00f6r enbart den enskilda anv\u00e4ndaren och \u00e5terspeglar inte v\u00e5ra synpunkter och \u00e5sikter. Vi \u00e4r inte anslutna till anv\u00e4ndare som tillhandah\u00e5ller vittnesm\u00e5l, och anv\u00e4ndarna f\u00e5r inte betalt eller p\u00e5 annat s\u00e4tt kompenseras f\u00f6r sina vittnesm\u00e5l.<\/p>","protected":false},"excerpt":{"rendered":"<p>Website Disclaimer The information provided by\u00a0Visa Indonesia (&#8220;we,&#8221; &#8220;us,&#8221; or &#8220;our&#8221;) on\u00a0https:\/\/visa-indonesia.com (the\u00a0&#8220;Site&#8221;)\u00a0is for general informational purposes only. All information on the Site is provided in good faith. However, we make no representation or warranty of any kind, express or implied, regarding the accuracy, adequacy, validity, reliability, availability, or completeness of any information on the [&hellip;]<\/p>\n","protected":false},"author":1,"featured_media":17314,"parent":0,"menu_order":0,"comment_status":"closed","ping_status":"closed","template":"elementor_theme","meta":{"_acf_changed":false,"site-sidebar-layout":"no-sidebar","site-content-layout":"page-builder","ast-site-content-layout":"full-width-container","site-content-style":"unboxed","site-sidebar-style":"unboxed","ast-global-header-display":"","ast-banner-title-visibility":"","ast-main-header-display":"","ast-hfb-above-header-display":"","ast-hfb-below-header-display":"","ast-hfb-mobile-header-display":"","site-post-title":"disabled","ast-breadcrumbs-content":"","ast-featured-img":"disabled","footer-sml-layout":"","ast-disable-related-posts":"","theme-transparent-header-meta":"","adv-header-id-meta":"","stick-header-meta":"","header-above-stick-meta":"","header-main-stick-meta":"","header-below-stick-meta":"","astra-migrate-meta-layouts":"set","ast-page-background-enabled":"default","ast-page-background-meta":{"desktop":{"background-color":"","background-image":"","background-repeat":"repeat","background-position":"center center","background-size":"auto","background-attachment":"scroll","background-type":"","background-media":"","overlay-type":"","overlay-color":"","overlay-opacity":"","overlay-gradient":""},"tablet":{"background-color":"","background-image":"","background-repeat":"repeat","background-position":"center center","background-size":"auto","background-attachment":"scroll","background-type":"","background-media":"","overlay-type":"","overlay-color":"","overlay-opacity":"","overlay-gradient":""},"mobile":{"background-color":"","background-image":"","background-repeat":"repeat","background-position":"center center","background-size":"auto","background-attachment":"scroll","background-type":"","background-media":"","overlay-type":"","overlay-color":"","overlay-opacity":"","overlay-gradient":""}},"ast-content-background-meta":{"desktop":{"background-color":"var(--ast-global-color-5)","background-image":"","background-repeat":"repeat","background-position":"center center","background-size":"auto","background-attachment":"scroll","background-type":"","background-media":"","overlay-type":"","overlay-color":"","overlay-opacity":"","overlay-gradient":""},"tablet":{"background-color":"var(--ast-global-color-5)","background-image":"","background-repeat":"repeat","background-position":"center center","background-size":"auto","background-attachment":"scroll","background-type":"","background-media":"","overlay-type":"","overlay-color":"","overlay-opacity":"","overlay-gradient":""},"mobile":{"background-color":"var(--ast-global-color-5)","background-image":"","background-repeat":"repeat","background-position":"center center","background-size":"auto","background-attachment":"scroll","background-type":"","background-media":"","overlay-type":"","overlay-color":"","overlay-opacity":"","overlay-gradient":""}},"uix_meta_title":"","uix_meta_description":"","uix_canonical_url":"","footnotes":""},"class_list":["post-14870","page","type-page","status-publish","has-post-thumbnail","hentry"],"acf":[],"_links":{"self":[{"href":"https:\/\/visa-indonesia.com\/sv\/wp-json\/wp\/v2\/pages\/14870","targetHints":{"allow":["GET"]}}],"collection":[{"href":"https:\/\/visa-indonesia.com\/sv\/wp-json\/wp\/v2\/pages"}],"about":[{"href":"https:\/\/visa-indonesia.com\/sv\/wp-json\/wp\/v2\/types\/page"}],"author":[{"embeddable":true,"href":"https:\/\/visa-indonesia.com\/sv\/wp-json\/wp\/v2\/users\/1"}],"replies":[{"embeddable":true,"href":"https:\/\/visa-indonesia.com\/sv\/wp-json\/wp\/v2\/comments?post=14870"}],"version-history":[{"count":14,"href":"https:\/\/visa-indonesia.com\/sv\/wp-json\/wp\/v2\/pages\/14870\/revisions"}],"predecessor-version":[{"id":30575,"href":"https:\/\/visa-indonesia.com\/sv\/wp-json\/wp\/v2\/pages\/14870\/revisions\/30575"}],"wp:featuredmedia":[{"embeddable":true,"href":"https:\/\/visa-indonesia.com\/sv\/wp-json\/wp\/v2\/media\/17314"}],"wp:attachment":[{"href":"https:\/\/visa-indonesia.com\/sv\/wp-json\/wp\/v2\/media?parent=14870"}],"curies":[{"name":"wp","href":"https:\/\/api.w.org\/{rel}","templated":true}]}}