{"id":14181,"date":"2022-09-22T14:11:34","date_gmt":"2022-09-22T06:11:34","guid":{"rendered":"https:\/\/visa-indonesia.com\/?page_id=14181"},"modified":"2025-12-03T17:26:46","modified_gmt":"2025-12-03T09:26:46","slug":"anvandarvillkor-for-affiliateprogram","status":"publish","type":"page","link":"https:\/\/visa-indonesia.com\/sv\/affiliate-program-terms-of-use\/","title":{"rendered":"Anv\u00e4ndarvillkor f\u00f6r affiliateprogram"},"content":{"rendered":"<h1>Anv\u00e4ndarvillkor f\u00f6r affiliates<br \/>\n<\/h1>\n<p>Som auktoriserad affiliate till Visa Indonesia samtycker du till att f\u00f6lja de villkor som finns i detta avtal. V\u00e4nligen l\u00e4s hela avtalet noggrant innan du registrerar dig och marknadsf\u00f6r Visa Indonesia som en affiliate.<\/p>\n<p>Ditt deltagande i programmet \u00e4r enbart f\u00f6r att lagligt annonsera v\u00e5r webbplats f\u00f6r att f\u00e5 en provision p\u00e5 medlemskap och produkter som k\u00f6pts av personer som h\u00e4nvisats till Visa Indonesia via din egen webbplats eller personliga h\u00e4nvisningar.<\/p>\n<p>Genom att anm\u00e4la dig till <a href=\"https:\/\/visa-indonesia.com\/sv\/visum-och-regler\/allt-du-behover-veta-indonesien-overbryggande-visum\/\"  data-wpil-monitor-id=\"17\">Visum Indonesien<\/a> Affiliateprogram, anger du att du godk\u00e4nner detta avtal och dess villkor.<\/p>\n<h2>Godk\u00e4nnande eller avslag av ans\u00f6kan<br \/>\n<\/h2>\n<p>Vi f\u00f6rbeh\u00e5ller oss r\u00e4tten att godk\u00e4nna eller avsl\u00e5 ALLA ans\u00f6kningar om affiliateprogram efter eget gottfinnande. Du kommer inte att ha n\u00e5gon r\u00e4ttslig pr\u00f6vning mot oss f\u00f6r avslaget p\u00e5 din ans\u00f6kan om affiliateprogram.<\/p>\n<h2>Provisioner<\/h2>\n<p>Provisioner betalas ut en g\u00e5ng i m\u00e5naden. F\u00f6r att en affiliate ska f\u00e5 provision m\u00e5ste det h\u00e4nvisade kontot f\u00f6rbli aktivt i minst 31 dagar.<\/p>\n<p>Du kan inte v\u00e4rva dig sj\u00e4lv och du f\u00e5r ingen provision p\u00e5 dina egna konton.<\/p>\n<p>Betalningar kommer endast att skickas f\u00f6r transaktioner som har slutf\u00f6rts framg\u00e5ngsrikt. Transaktioner som resulterar i chargebacks eller \u00e5terbetalningar kommer inte att betalas ut.<\/p>\n<h2>Upps\u00e4gning<\/h2>\n<p>Din affiliateans\u00f6kan och status i programmet kan upph\u00e4vas eller avslutas av n\u00e5gon av f\u00f6ljande anledningar:<\/p>\n<ul>\n<li>Ol\u00e4mpliga annonser (falska p\u00e5st\u00e5enden, vilseledande hyperl\u00e4nkar etc.).<\/li>\n<li>Spamming (massutskick av e-post, massinl\u00e4gg i nyhetsgrupper etc.).<\/li>\n<li>Annonsering p\u00e5 webbplatser som inneh\u00e5ller eller fr\u00e4mjar olagliga aktiviteter.<\/li>\n<li>Underl\u00e5tenhet att avsl\u00f6ja affiliatef\u00f6rh\u00e5llandet f\u00f6r n\u00e5gon kampanj som kvalificerar sig som ett st\u00f6d enligt befintliga riktlinjer och f\u00f6rordningar fr\u00e5n Federal Trade Commission eller n\u00e5gon till\u00e4mplig delstatslag.<\/li>\n<li>Kr\u00e4nkning av immateriella r\u00e4ttigheter. Visum <a href=\"https:\/\/visa-indonesia.com\/sv\/bali-inresekrav\/\"  data-wpil-monitor-id=\"27\">Indonesien f\u00f6rbeh\u00e5ller sig r\u00e4tten att kr\u00e4va<\/a> licensavtal fr\u00e5n dem som anv\u00e4nder varum\u00e4rken som tillh\u00f6r Visa Indonesia f\u00f6r att skydda v\u00e5ra immateriella r\u00e4ttigheter.<\/li>\n<li>Erbjuda rabatter, kuponger eller andra former av utlovade kick-backs fr\u00e5n din affiliateprovision som incitament. Att l\u00e4gga till bonusar eller paketera andra produkter med Visa Indonesia \u00e4r dock acceptabelt.<\/li>\n<li>Sj\u00e4lvh\u00e4nvisningar, bedr\u00e4gliga transaktioner, misst\u00e4nkt Affiliate-bedr\u00e4geri.<\/li>\n<\/ul>\n<p>Ut\u00f6ver vad som anges ovan f\u00f6rbeh\u00e5ller sig Visa Indonesia r\u00e4tten att n\u00e4r som helst avsluta ett Affiliate-konto p\u00e5 grund av \u00f6vertr\u00e4delser av detta avtal eller av n\u00e5gon annan anledning.<\/p>\n<h2>Affiliate-l\u00e4nkar<\/h2>\n<p>Du kan anv\u00e4nda grafiska l\u00e4nkar och textl\u00e4nkar b\u00e5de p\u00e5 din webbplats och i dina e-postmeddelanden. Du kan ocks\u00e5 annonsera Visa Indonesia-webbplatsen i online- och offline-annonser, tidskrifter och tidningar.<\/p>\n<p>Du kan anv\u00e4nda grafik och text som tillhandah\u00e5lls av oss, eller skapa din egen s\u00e5 l\u00e4nge den anses l\u00e4mplig enligt villkoren och inte bryter mot vad som anges i avsnittet Upps\u00e4gning.<\/p>\n<h2>Kupong- och erbjudandesajter<\/h2>\n<p>Visa Indonesia erbjuder ibland kupong till utvalda dotterbolag och till v\u00e5ra nyhetsbrevsprenumeranter. Om du inte \u00e4r f\u00f6rhandsgodk\u00e4nd \/ tilldelad en m\u00e4rkeskupong f\u00e5r du inte marknadsf\u00f6ra kupongen. Nedan f\u00f6ljer de villkor som g\u00e4ller f\u00f6r alla dotterbolag som \u00f6verv\u00e4ger att marknadsf\u00f6ra v\u00e5ra produkter i samband med en aff\u00e4r eller kupong:<\/p>\n<ul>\n<li>Affiliates f\u00e5r inte anv\u00e4nda vilseledande text p\u00e5 affiliate-l\u00e4nkar, knappar eller bilder f\u00f6r att antyda att n\u00e5got annat \u00e4n f\u00f6r n\u00e4rvarande godk\u00e4nda erbjudanden till den specifika affiliaten.<\/li>\n<li>Affiliates f\u00e5r inte bjuda p\u00e5 Visa Indonesia-kuponger, Visa Indonesia-rabatter eller andra fraser som antyder att kuponger \u00e4r tillg\u00e4ngliga.<\/li>\n<li>Affiliates f\u00e5r inte generera pop-ups, pop-unders, iframes, frames eller andra synliga eller osynliga \u00e5tg\u00e4rder som s\u00e4tter affiliate-cookies, s\u00e5vida inte anv\u00e4ndaren har uttryckt ett klart och tydligt intresse av att aktivera en specifik besparing genom att klicka p\u00e5 en tydligt markerad l\u00e4nk, knapp eller bild f\u00f6r den specifika kupongen eller erbjudandet. Din l\u00e4nk m\u00e5ste skicka bes\u00f6karen till \u00e5terf\u00f6rs\u00e4ljarens webbplats.<\/li>\n<li>Anv\u00e4ndaren m\u00e5ste kunna se information om kuponger\/erbjudanden\/besparingar och detaljer innan en affiliate-cookie s\u00e4tts (dvs. \"klicka h\u00e4r f\u00f6r att se kuponger och \u00f6ppna ett f\u00f6nster till s\u00e4ljarens webbplats\" \u00e4r INTE till\u00e5tet).<\/li>\n<li>Affiliates webbplatser f\u00e5r inte ha \"Klicka f\u00f6r (eller f\u00f6r att se) erbjudande\/kupong\" eller n\u00e5gon variant, n\u00e4r det inte finns n\u00e5gra kuponger eller erbjudanden tillg\u00e4ngliga, och klicket \u00f6ppnar handlarens webbplats eller s\u00e4tter en cookie. Affiliates med s\u00e5dan text p\u00e5 s\u00e4ljarens landningssida kommer omedelbart att tas bort fr\u00e5n programmet.<\/li>\n<\/ul>\n<h2>Policy f\u00f6r betalning per klick (PPC)<\/h2>\n<p>PPC-budgivning \u00e4r INTE till\u00e5tet utan f\u00f6reg\u00e5ende skriftligt tillst\u00e5nd.<\/p>\n<h2>Ansvarsf\u00f6rdelning<\/h2>\n<p>Visa Indonesia \u00e4r inte ansvarigt f\u00f6r indirekta eller oavsiktliga skador (f\u00f6rlust av int\u00e4kter, provisioner) p\u00e5 grund av fel i sp\u00e5rning av affiliates, f\u00f6rlust av databasfiler eller andra resultat av avsiktlig skada p\u00e5 programmet och\/eller p\u00e5 v\u00e5r(a) webbplats(er).<\/p>\n<p>Vi ger inga uttryckliga eller underf\u00f6rst\u00e5dda garantier med avseende p\u00e5 Programmet och\/eller de medlemskap eller produkter som s\u00e4ljs av Visa Indonesia. Vi g\u00f6r inga anspr\u00e5k p\u00e5 att driften av programmet och\/eller v\u00e5r webbplats (er) kommer att vara felfri och vi kommer inte att vara ansvariga f\u00f6r eventuella avbrott eller fel.<\/p>\n<h2>Avtalets giltighetstid<\/h2>\n<p>Avtalets giltighetstid b\u00f6rjar n\u00e4r du godk\u00e4nns i programmet och upph\u00f6r n\u00e4r ditt affiliatekonto avslutas.<\/p>\n<p>Villkoren i detta avtal kan \u00e4ndras av oss n\u00e4r som helst. Om n\u00e5gon \u00e4ndring av villkoren i detta avtal \u00e4r oacceptabel f\u00f6r dig, \u00e4r ditt enda val att avsluta ditt Affiliate-konto. Om du forts\u00e4tter att delta i programmet inneb\u00e4r det att du accepterar alla \u00e4ndringar.<\/p>\n<h2>Skadeers\u00e4ttning<\/h2>\n<p>Affiliate ska h\u00e5lla Visa Indonesia och dess dotterbolag, tj\u00e4nstem\u00e4n, styrelseledam\u00f6ter, anst\u00e4llda, licenstagare, eftertr\u00e4dare och uppdragstagare, inklusive de som licensierats eller auktoriserats av Visa Indonesia att \u00f6verf\u00f6ra och distribuera material, skadesl\u00f6sa fr\u00e5n alla skyldigheter, skador, b\u00f6ter, domar, anspr\u00e5k, kostnader, f\u00f6rluster och utgifter (inklusive rimliga juridiska avgifter och kostnader) som uppst\u00e5r p\u00e5 grund av eller i samband med alla anspr\u00e5k som uppst\u00e5tt i samband med detta avtal p\u00e5 grund av f\u00f6rsumlighet, felaktig framst\u00e4llning, underl\u00e5tenhet att avsl\u00f6ja eller avsiktlig felaktig uppf\u00f6rande av Affiliate.<\/p>\n<h2>Elektroniska signaturer effektiva<br \/>\n<\/h2>\n<p>Avtalet \u00e4r ett elektroniskt kontrakt som anger de juridiskt bindande villkoren f\u00f6r ditt deltagande i Visa Indonesias affiliateprogram. Du anger ditt godk\u00e4nnande av detta avtal och alla villkor som ing\u00e5r eller h\u00e4nvisas till i detta avtal genom att slutf\u00f6ra Visa Indonesiens ans\u00f6kningsprocess. Denna \u00e5tg\u00e4rd skapar en elektronisk signatur som har samma r\u00e4ttsliga kraft och verkan som en handskriven signatur.<\/p>","protected":false},"excerpt":{"rendered":"<p>Affiliate Terms of Use As an authorized affiliate of Visa Indonesia, you agree to abide by the terms and conditions contained in this Agreement. Please read the entire Agreement carefully before registering and promoting Visa Indonesia as an Affiliate. Your participation in the Program is solely to legally advertise our website to receive a commission [&hellip;]<\/p>\n","protected":false},"author":246,"featured_media":17310,"parent":0,"menu_order":0,"comment_status":"closed","ping_status":"closed","template":"","meta":{"_acf_changed":false,"site-sidebar-layout":"no-sidebar","site-content-layout":"page-builder","ast-site-content-layout":"normal-width-container","site-content-style":"unboxed","site-sidebar-style":"unboxed","ast-global-header-display":"","ast-banner-title-visibility":"","ast-main-header-display":"","ast-hfb-above-header-display":"","ast-hfb-below-header-display":"","ast-hfb-mobile-header-display":"","site-post-title":"disabled","ast-breadcrumbs-content":"","ast-featured-img":"disabled","footer-sml-layout":"","ast-disable-related-posts":"","theme-transparent-header-meta":"","adv-header-id-meta":"","stick-header-meta":"","header-above-stick-meta":"","header-main-stick-meta":"","header-below-stick-meta":"","astra-migrate-meta-layouts":"set","ast-page-background-enabled":"default","ast-page-background-meta":{"desktop":{"background-color":"","background-image":"","background-repeat":"repeat","background-position":"center center","background-size":"auto","background-attachment":"scroll","background-type":"","background-media":"","overlay-type":"","overlay-color":"","overlay-opacity":"","overlay-gradient":""},"tablet":{"background-color":"","background-image":"","background-repeat":"repeat","background-position":"center center","background-size":"auto","background-attachment":"scroll","background-type":"","background-media":"","overlay-type":"","overlay-color":"","overlay-opacity":"","overlay-gradient":""},"mobile":{"background-color":"","background-image":"","background-repeat":"repeat","background-position":"center center","background-size":"auto","background-attachment":"scroll","background-type":"","background-media":"","overlay-type":"","overlay-color":"","overlay-opacity":"","overlay-gradient":""}},"ast-content-background-meta":{"desktop":{"background-color":"var(--ast-global-color-5)","background-image":"","background-repeat":"repeat","background-position":"center center","background-size":"auto","background-attachment":"scroll","background-type":"","background-media":"","overlay-type":"","overlay-color":"","overlay-opacity":"","overlay-gradient":""},"tablet":{"background-color":"var(--ast-global-color-5)","background-image":"","background-repeat":"repeat","background-position":"center center","background-size":"auto","background-attachment":"scroll","background-type":"","background-media":"","overlay-type":"","overlay-color":"","overlay-opacity":"","overlay-gradient":""},"mobile":{"background-color":"var(--ast-global-color-5)","background-image":"","background-repeat":"repeat","background-position":"center center","background-size":"auto","background-attachment":"scroll","background-type":"","background-media":"","overlay-type":"","overlay-color":"","overlay-opacity":"","overlay-gradient":""}},"uix_meta_title":"","uix_meta_description":"","uix_canonical_url":"","footnotes":""},"class_list":["post-14181","page","type-page","status-publish","has-post-thumbnail","hentry"],"acf":[],"_links":{"self":[{"href":"https:\/\/visa-indonesia.com\/sv\/wp-json\/wp\/v2\/pages\/14181","targetHints":{"allow":["GET"]}}],"collection":[{"href":"https:\/\/visa-indonesia.com\/sv\/wp-json\/wp\/v2\/pages"}],"about":[{"href":"https:\/\/visa-indonesia.com\/sv\/wp-json\/wp\/v2\/types\/page"}],"author":[{"embeddable":true,"href":"https:\/\/visa-indonesia.com\/sv\/wp-json\/wp\/v2\/users\/246"}],"replies":[{"embeddable":true,"href":"https:\/\/visa-indonesia.com\/sv\/wp-json\/wp\/v2\/comments?post=14181"}],"version-history":[{"count":12,"href":"https:\/\/visa-indonesia.com\/sv\/wp-json\/wp\/v2\/pages\/14181\/revisions"}],"predecessor-version":[{"id":40302,"href":"https:\/\/visa-indonesia.com\/sv\/wp-json\/wp\/v2\/pages\/14181\/revisions\/40302"}],"wp:featuredmedia":[{"embeddable":true,"href":"https:\/\/visa-indonesia.com\/sv\/wp-json\/wp\/v2\/media\/17310"}],"wp:attachment":[{"href":"https:\/\/visa-indonesia.com\/sv\/wp-json\/wp\/v2\/media?parent=14181"}],"curies":[{"name":"wp","href":"https:\/\/api.w.org\/{rel}","templated":true}]}}