{"id":12618,"date":"2022-07-15T16:28:51","date_gmt":"2022-07-15T08:28:51","guid":{"rendered":"https:\/\/visa-indonesia.com\/?page_id=12618"},"modified":"2025-12-03T17:30:55","modified_gmt":"2025-12-03T09:30:55","slug":"aterbetalningspolicy","status":"publish","type":"page","link":"https:\/\/visa-indonesia.com\/sv\/refund-policy\/","title":{"rendered":"\u00c5terbetalningspolicy"},"content":{"rendered":"<p>V\u00e5rt m\u00e5l \u00e4r att erbjuda den mest kundv\u00e4nliga \u00e5terbetalningspolicyn bland alla visumbyr\u00e5er. D\u00e4rf\u00f6r f\u00f6rs\u00f6ker vi \u00e5terbetala n\u00e4r det \u00e4r m\u00f6jligt. Vi ber om f\u00f6rst\u00e5else f\u00f6r att vi inte kan \u00e5terbetala i alla fall. V\u00e4nligen l\u00e4s nedan f\u00f6r att l\u00e4ra dig mer om detaljerna.<\/p>\n\n\n\n<h3 class=\"wp-block-heading\">Kommer jag att f\u00e5 full \u00e5terbetalning om jag avbest\u00e4ller min order?<\/h3>\n\n\n\n<p>Ja, om du avbest\u00e4ller din best\u00e4llning innan vi har laddat upp dina uppgifter till invandringssystemet erbjuder vi dig en full \u00e5terbetalning. \u00c5terbetalningar behandlas vanligtvis inom 2 arbetsdagar.<\/p>\n\n\n\n<p>Om du avbryter din best\u00e4llning efter att vi har laddat upp dina uppgifter till invandringssystemet kommer vi inte att kunna erbjuda n\u00e5gon \u00e5terbetalning.<\/p>\n\n\n\n<h3 class=\"wp-block-heading\">F\u00e5r jag pengarna tillbaka om jag f\u00e5r avslag p\u00e5 min visumans\u00f6kan?<\/h3>\n\n\n\n<p>Ja, om vi g\u00f6r ett misstag och ans\u00f6kan avsl\u00e5s kommer vi att \u00e5terbetala. Hittills har vi inte haft n\u00e5got fall d\u00e4r visumet har avslagits. S\u00e5 l\u00e4nge kraven \u00e4r uppfyllda b\u00f6r ditt visum godk\u00e4nnas. Vanligtvis laddar vi upp ans\u00f6kan p\u00e5 nytt p\u00e5 egen bekostnad, och du kommer fortfarande att f\u00e5 ditt visum. Men om du best\u00e4mmer dig f\u00f6r att f\u00e5 en \u00e5terbetalning ist\u00e4llet g\u00e5r det ocks\u00e5 bra.<\/p>\n\n\n\n<p>Om sk\u00e4let till avslaget \u00e4r att du \u00e4r svartlistad p\u00e5 grund av tidigare brott mot indonesiska lagar kommer vi inte att kunna \u00e5terbetala din betalning. Hittills har vi inte haft n\u00e5got svartlistnings\u00e4rende under alla dessa \u00e5r.<\/p>\n\n\n\n<p><strong>Kort sagt<\/strong>Om vi har gjort ett misstag genom att inte granska dina dokument ordentligt kommer vi att \u00e5terbetala beloppet om en \u00e5terbetalning beg\u00e4rs. Om det avvisas eftersom du \u00e4r svartlistad i Indonesien kan vi inte ge n\u00e5gon \u00e5terbetalning.&nbsp;<\/p>\n\n\n\n<h3 class=\"wp-block-heading\">Kommer jag att f\u00e5 en \u00e5terbetalning om min inresa nekas vid immigrationsgr\u00e4nserna?<\/h3>\n\n\n\n<p>Om orsaken till nekad inresa inte \u00e4r relaterad till visumet ger vi vanligtvis ingen \u00e5terbetalning. H\u00e4r \u00e4r vanliga sk\u00e4l som orsakar problem vid inresa till Indonesien:<\/p>\n\n\n\n<ul class=\"wp-block-list\">\n<li>Passet \u00e4r inte l\u00e4ngre giltigt i 6 m\u00e5nader<\/li>\n\n\n\n<li>Ingen tom sida i passet<\/li>\n\n\n\n<li>Ingen returflygning\/vidarebiljett<\/li>\n\n\n\n<li>Hotelladressen har \u00e4ndrats och \u00e4r en annan \u00e4n n\u00e4r du ans\u00f6kte om visum (vi rekommenderar att du g\u00f6r en fullt \u00e5terbetalningsbar bokning p\u00e5 booking.com om du inte har bokat ditt boende \u00e4nnu n\u00e4r du ans\u00f6ker om visum)<\/li>\n\n\n\n<li>Inte ett vanligt pass. Immigrationstj\u00e4nstem\u00e4n kan orsaka problem f\u00f6r personer som reser in med tillf\u00e4lliga pass eller flyktingpass. Ring oss om du har n\u00e5gra problem, s\u00e5 g\u00f6r vi v\u00e5rt b\u00e4sta f\u00f6r att l\u00f6sa dem \u00e5t dig.<\/li>\n<\/ul>\n\n\n\n<h3 class=\"wp-block-heading\">F\u00e5r jag en \u00e5terbetalning om min inresa nekas av flygbolaget vid incheckningen?<\/h3>\n\n\n\n<p>Om ditt flygbolag nekar dig incheckning och orsaken inte \u00e4r relaterad till ditt visum, \u00e5terbetalar vi vanligtvis inte. Ring oss om du inte kan l\u00f6sa problemet med flygbolaget p\u00e5 egen hand. Ett vanligt problem \u00e4r att returflyget eller biljetten saknas. Vissa flygbolag \u00e4r inte uppdaterade om passkraven f\u00f6r Indonesien. Om de inte accepterar ditt pass tillsammans med visumet du fick fr\u00e5n oss, v\u00e4nligen ring oss s\u00e5 kontaktar vi flygbolaget.<\/p>\n\n\n\n<h3 class=\"wp-block-heading\">N\u00e4r kommer jag att f\u00e5 min \u00e5terbetalning?<\/h3>\n\n\n\n<p>Vi f\u00f6rs\u00f6ker \u00e5terbetala dig s\u00e5 snart som m\u00f6jligt (vanligtvis inom 2 arbetsdagar). Vissa banker eller kreditkort kr\u00e4ver dock l\u00e4ngre tid f\u00f6r att kreditera beloppet till ditt konto.<\/p>\n\n\n\n<h3 class=\"wp-block-heading\">Var kommer jag att f\u00e5 min \u00e5terbetalning?<\/h3>\n\n\n\n<p>Vi \u00e5terbetalar beloppet till det bankkonto, kreditkort eller den onlinepl\u00e5nbok som du skickade pengarna fr\u00e5n.<\/p>\n\n\n\n<p>Om du betalade med PayPal \u00e5terbetalar vi automatiskt beloppet till ditt PayPal-konto. Om du betalade med kreditkort kommer beloppet att \u00e5terbetalas till ditt kort. Om du betalade via bank\u00f6verf\u00f6ring kommer vi att beg\u00e4ra dina exakta bankuppgifter.<\/p>\n\n\n\n<p><\/p>","protected":false},"excerpt":{"rendered":"<p>Our goal is to offer the most customer-friendly refund policy among all visa agencies. Therefore, we try to refund whenever possible. Please understand that we cannot refund in all cases. Please read below to learn more about the details. Will I receive a full refund if I cancel my order? Yes, if you cancel your [&hellip;]<\/p>\n","protected":false},"author":1,"featured_media":17305,"parent":0,"menu_order":0,"comment_status":"closed","ping_status":"closed","template":"","meta":{"_acf_changed":false,"site-sidebar-layout":"default","site-content-layout":"","ast-site-content-layout":"default","site-content-style":"default","site-sidebar-style":"default","ast-global-header-display":"","ast-banner-title-visibility":"","ast-main-header-display":"","ast-hfb-above-header-display":"","ast-hfb-below-header-display":"","ast-hfb-mobile-header-display":"","site-post-title":"","ast-breadcrumbs-content":"","ast-featured-img":"disabled","footer-sml-layout":"","ast-disable-related-posts":"","theme-transparent-header-meta":"","adv-header-id-meta":"","stick-header-meta":"","header-above-stick-meta":"","header-main-stick-meta":"","header-below-stick-meta":"","astra-migrate-meta-layouts":"set","ast-page-background-enabled":"default","ast-page-background-meta":{"desktop":{"background-color":"","background-image":"","background-repeat":"repeat","background-position":"center center","background-size":"auto","background-attachment":"scroll","background-type":"","background-media":"","overlay-type":"","overlay-color":"","overlay-opacity":"","overlay-gradient":""},"tablet":{"background-color":"","background-image":"","background-repeat":"repeat","background-position":"center center","background-size":"auto","background-attachment":"scroll","background-type":"","background-media":"","overlay-type":"","overlay-color":"","overlay-opacity":"","overlay-gradient":""},"mobile":{"background-color":"","background-image":"","background-repeat":"repeat","background-position":"center center","background-size":"auto","background-attachment":"scroll","background-type":"","background-media":"","overlay-type":"","overlay-color":"","overlay-opacity":"","overlay-gradient":""}},"ast-content-background-meta":{"desktop":{"background-color":"var(--ast-global-color-5)","background-image":"","background-repeat":"repeat","background-position":"center center","background-size":"auto","background-attachment":"scroll","background-type":"","background-media":"","overlay-type":"","overlay-color":"","overlay-opacity":"","overlay-gradient":""},"tablet":{"background-color":"var(--ast-global-color-5)","background-image":"","background-repeat":"repeat","background-position":"center center","background-size":"auto","background-attachment":"scroll","background-type":"","background-media":"","overlay-type":"","overlay-color":"","overlay-opacity":"","overlay-gradient":""},"mobile":{"background-color":"var(--ast-global-color-5)","background-image":"","background-repeat":"repeat","background-position":"center center","background-size":"auto","background-attachment":"scroll","background-type":"","background-media":"","overlay-type":"","overlay-color":"","overlay-opacity":"","overlay-gradient":""}},"uix_meta_title":"","uix_meta_description":"","uix_canonical_url":"","footnotes":""},"class_list":["post-12618","page","type-page","status-publish","has-post-thumbnail","hentry"],"acf":[],"_links":{"self":[{"href":"https:\/\/visa-indonesia.com\/sv\/wp-json\/wp\/v2\/pages\/12618","targetHints":{"allow":["GET"]}}],"collection":[{"href":"https:\/\/visa-indonesia.com\/sv\/wp-json\/wp\/v2\/pages"}],"about":[{"href":"https:\/\/visa-indonesia.com\/sv\/wp-json\/wp\/v2\/types\/page"}],"author":[{"embeddable":true,"href":"https:\/\/visa-indonesia.com\/sv\/wp-json\/wp\/v2\/users\/1"}],"replies":[{"embeddable":true,"href":"https:\/\/visa-indonesia.com\/sv\/wp-json\/wp\/v2\/comments?post=12618"}],"version-history":[{"count":15,"href":"https:\/\/visa-indonesia.com\/sv\/wp-json\/wp\/v2\/pages\/12618\/revisions"}],"predecessor-version":[{"id":36822,"href":"https:\/\/visa-indonesia.com\/sv\/wp-json\/wp\/v2\/pages\/12618\/revisions\/36822"}],"wp:featuredmedia":[{"embeddable":true,"href":"https:\/\/visa-indonesia.com\/sv\/wp-json\/wp\/v2\/media\/17305"}],"wp:attachment":[{"href":"https:\/\/visa-indonesia.com\/sv\/wp-json\/wp\/v2\/media?parent=12618"}],"curies":[{"name":"wp","href":"https:\/\/api.w.org\/{rel}","templated":true}]}}