{"id":40097,"date":"2025-11-23T17:35:37","date_gmt":"2025-11-23T09:35:37","guid":{"rendered":"https:\/\/visa-indonesia.com\/?post_type=product&#038;p=40097"},"modified":"2026-04-23T18:52:09","modified_gmt":"2026-04-23T10:52:09","slug":"raport-lkpm-raport-z-dzialalnosci-inwestycyjnej","status":"publish","type":"product","link":"https:\/\/visa-indonesia.com\/pl\/service\/lkpm-report-investment-activity-report\/","title":{"rendered":"Raport LKPM (raport z dzia\u0142alno\u015bci inwestycyjnej)"},"content":{"rendered":"","protected":false},"excerpt":{"rendered":"<p>Raport z dzia\u0142alno\u015bci inwestycyjnej (LKPM) to obowi\u0105zkowa bramka zgodno\u015bci, kt\u00f3ra podlega rygorystycznym audytom operacyjnym, cz\u0119sto odci\u0105gaj\u0105c wiedz\u0119 zespo\u0142u od generowania przychod\u00f3w. B\u0142\u0119dy we wprowadzaniu danych i op\u00f3\u017anienia mog\u0105 znacznie zwi\u0119kszy\u0107 ryzyko powa\u017cnych sankcji i ryzyka administracyjnego ze strony Rady Koordynacji Inwestycji (BKPM).<\/p>\n<p>Ca\u0142kowicie eliminujemy to obci\u0105\u017cenie. Nasi eksperci skrupulatnie zarz\u0105dzaj\u0105 ca\u0142ym przep\u0142ywem pracy LKPM, od walidacji ka\u017cdego punktu danych finansowych po zapewnienie bezb\u0142\u0119dnego i terminowego przesy\u0142ania danych za po\u015brednictwem systemu OSS.<\/p>\n<p>Skontaktuj si\u0119 z naszymi dedykowanymi us\u0142ugami ju\u017c dzi\u015b, aby zneutralizowa\u0107 ryzyko i przenie\u015b\u0107 pe\u0142n\u0105 koncentracj\u0119 kierownictwa z powrotem na podstawowe dzia\u0142ania operacyjne.<\/p>","protected":false},"featured_media":41064,"comment_status":"closed","ping_status":"closed","template":"","meta":{"_acf_changed":false,"site-sidebar-layout":"default","site-content-layout":"","ast-site-content-layout":"default","site-content-style":"default","site-sidebar-style":"default","ast-global-header-display":"","ast-banner-title-visibility":"","ast-main-header-display":"","ast-hfb-above-header-display":"","ast-hfb-below-header-display":"","ast-hfb-mobile-header-display":"","site-post-title":"","ast-breadcrumbs-content":"","ast-featured-img":"","footer-sml-layout":"","ast-disable-related-posts":"","theme-transparent-header-meta":"default","adv-header-id-meta":"","stick-header-meta":"","header-above-stick-meta":"","header-main-stick-meta":"","header-below-stick-meta":"","astra-migrate-meta-layouts":"set","ast-page-background-enabled":"default","ast-page-background-meta":{"desktop":{"background-color":"","background-image":"","background-repeat":"repeat","background-position":"center center","background-size":"auto","background-attachment":"scroll","background-type":"","background-media":"","overlay-type":"","overlay-color":"","overlay-opacity":"","overlay-gradient":""},"tablet":{"background-color":"","background-image":"","background-repeat":"repeat","background-position":"center center","background-size":"auto","background-attachment":"scroll","background-type":"","background-media":"","overlay-type":"","overlay-color":"","overlay-opacity":"","overlay-gradient":""},"mobile":{"background-color":"","background-image":"","background-repeat":"repeat","background-position":"center center","background-size":"auto","background-attachment":"scroll","background-type":"","background-media":"","overlay-type":"","overlay-color":"","overlay-opacity":"","overlay-gradient":""}},"ast-content-background-meta":{"desktop":{"background-color":"var(--ast-global-color-5)","background-image":"","background-repeat":"repeat","background-position":"center center","background-size":"auto","background-attachment":"scroll","background-type":"","background-media":"","overlay-type":"","overlay-color":"","overlay-opacity":"","overlay-gradient":""},"tablet":{"background-color":"var(--ast-global-color-5)","background-image":"","background-repeat":"repeat","background-position":"center center","background-size":"auto","background-attachment":"scroll","background-type":"","background-media":"","overlay-type":"","overlay-color":"","overlay-opacity":"","overlay-gradient":""},"mobile":{"background-color":"var(--ast-global-color-5)","background-image":"","background-repeat":"repeat","background-position":"center center","background-size":"auto","background-attachment":"scroll","background-type":"","background-media":"","overlay-type":"","overlay-color":"","overlay-opacity":"","overlay-gradient":""}},"uix_meta_title":"","uix_meta_description":"","uix_canonical_url":""},"product_brand":[],"product_cat":[848],"product_tag":[],"comparison_feature":[],"class_list":{"0":"post-40097","1":"product","2":"type-product","3":"status-publish","4":"has-post-thumbnail","6":"product_cat-legal-documents","7":"desktop-align-left","8":"tablet-align-left","9":"mobile-align-left","10":"ast-product-gallery-layout-horizontal-slider","11":"ast-product-gallery-with-no-image","12":"ast-magnify-disabled","13":"ast-product-single-variable","14":"ast-product-tabs-layout-horizontal","16":"first","17":"instock","18":"sale","19":"shipping-taxable","20":"purchasable","21":"product-type-variable"},"acf":[],"_links":{"self":[{"href":"https:\/\/visa-indonesia.com\/pl\/wp-json\/wp\/v2\/product\/40097","targetHints":{"allow":["GET"]}}],"collection":[{"href":"https:\/\/visa-indonesia.com\/pl\/wp-json\/wp\/v2\/product"}],"about":[{"href":"https:\/\/visa-indonesia.com\/pl\/wp-json\/wp\/v2\/types\/product"}],"replies":[{"embeddable":true,"href":"https:\/\/visa-indonesia.com\/pl\/wp-json\/wp\/v2\/comments?post=40097"}],"wp:featuredmedia":[{"embeddable":true,"href":"https:\/\/visa-indonesia.com\/pl\/wp-json\/wp\/v2\/media\/41064"}],"wp:attachment":[{"href":"https:\/\/visa-indonesia.com\/pl\/wp-json\/wp\/v2\/media?parent=40097"}],"wp:term":[{"taxonomy":"product_brand","embeddable":true,"href":"https:\/\/visa-indonesia.com\/pl\/wp-json\/wp\/v2\/product_brand?post=40097"},{"taxonomy":"product_cat","embeddable":true,"href":"https:\/\/visa-indonesia.com\/pl\/wp-json\/wp\/v2\/product_cat?post=40097"},{"taxonomy":"product_tag","embeddable":true,"href":"https:\/\/visa-indonesia.com\/pl\/wp-json\/wp\/v2\/product_tag?post=40097"},{"taxonomy":"comparison_feature","embeddable":true,"href":"https:\/\/visa-indonesia.com\/pl\/wp-json\/wp\/v2\/comparison_feature?post=40097"}],"curies":[{"name":"wp","href":"https:\/\/api.w.org\/{rel}","templated":true}]}}