{"id":36968,"date":"2025-07-29T14:58:00","date_gmt":"2025-07-29T06:58:00","guid":{"rendered":"https:\/\/visa-indonesia.com\/?post_type=product&#038;p=36968"},"modified":"2026-05-07T14:06:50","modified_gmt":"2026-05-07T06:06:50","slug":"uczestnik-wydarzenia-wiza-indonezja","status":"publish","type":"product","link":"https:\/\/visa-indonesia.com\/pl\/service\/event-participant-visa-indonesia\/","title":{"rendered":"Wiza uczestnika wydarzenia Indonezja (C10)"},"content":{"rendered":"<p>Wiza C3 jest wiz\u0105 jednokrotnego wjazdu. Mo\u017ce by\u0107 wykorzystywana w celu poddania si\u0119 leczeniu. O wiz\u0119 t\u0119 mo\u017cna ubiega\u0107 si\u0119 wy\u0142\u0105cznie spoza Indonezji. Od momentu jej wydania jest ona wa\u017cna przez 90 dni, co oznacza, \u017ce nale\u017cy wjecha\u0107 do Indonezji w tym okresie; w przeciwnym razie wiza traci wa\u017cno\u015b\u0107. Po wje\u017adzie wiza jest wa\u017cna przez 60 dni. Mo\u017cna j\u0105 przed\u0142u\u017cy\u0107 o dodatkowe 60 dni, co daje maksymaln\u0105 d\u0142ugo\u015b\u0107 pobytu wynosz\u0105c\u0105 120 dni (60 dni pobytu pocz\u0105tkowego plus 60 dni przed\u0142u\u017cenia). Ta wiza jednokrotnego wjazdu mo\u017ce zosta\u0107 zamieniona na inny rodzaj wizy (na przyk\u0142ad KITAS) bez konieczno\u015bci opuszczania Indonezji. T\u0119 wiz\u0119 jednokrotnego wjazdu mo\u017cna zamieni\u0107 na inny rodzaj wizy (np. <a href=\"https:\/\/visa-indonesia.com\/pl\/kategoria-uslug\/kitas-indonezja\/\">KITAS<\/a>) bez opuszczania Indonezji.<\/p>","protected":false},"excerpt":{"rendered":"<p>60-dniowe pojedyncze wej\u015bcie <strong>Wiza uczestnika wydarzenia Indonezja (C10)<\/strong> jest odpowiednia dla ka\u017cdego, kto zosta\u0142 zaproszony jako prelegent, wyk\u0142adowca, prezenter, osoba publiczna lub organizator warsztat\u00f3w na pobyt w Indonezji do 60 dni. Wiza C10 jest wa\u017cna przez <strong>60 dni<\/strong><\/p>","protected":false},"featured_media":36975,"comment_status":"closed","ping_status":"closed","template":"","meta":{"_acf_changed":false,"site-sidebar-layout":"default","site-content-layout":"default","ast-site-content-layout":"default","site-content-style":"default","site-sidebar-style":"default","ast-global-header-display":"","ast-banner-title-visibility":"","ast-main-header-display":"","ast-hfb-above-header-display":"","ast-hfb-below-header-display":"","ast-hfb-mobile-header-display":"","site-post-title":"","ast-breadcrumbs-content":"","ast-featured-img":"","footer-sml-layout":"","ast-disable-related-posts":"","theme-transparent-header-meta":"default","adv-header-id-meta":"","stick-header-meta":"default","header-above-stick-meta":"","header-main-stick-meta":"","header-below-stick-meta":"","astra-migrate-meta-layouts":"set","ast-page-background-enabled":"default","ast-page-background-meta":{"desktop":{"background-color":"","background-image":"","background-repeat":"repeat","background-position":"center center","background-size":"auto","background-attachment":"scroll","background-type":"","background-media":"","overlay-type":"","overlay-color":"","overlay-opacity":"","overlay-gradient":""},"tablet":{"background-color":"","background-image":"","background-repeat":"repeat","background-position":"center center","background-size":"auto","background-attachment":"scroll","background-type":"","background-media":"","overlay-type":"","overlay-color":"","overlay-opacity":"","overlay-gradient":""},"mobile":{"background-color":"","background-image":"","background-repeat":"repeat","background-position":"center center","background-size":"auto","background-attachment":"scroll","background-type":"","background-media":"","overlay-type":"","overlay-color":"","overlay-opacity":"","overlay-gradient":""}},"ast-content-background-meta":{"desktop":{"background-color":"var(--ast-global-color-5)","background-image":"","background-repeat":"repeat","background-position":"center center","background-size":"auto","background-attachment":"scroll","background-type":"","background-media":"","overlay-type":"","overlay-color":"","overlay-opacity":"","overlay-gradient":""},"tablet":{"background-color":"var(--ast-global-color-5)","background-image":"","background-repeat":"repeat","background-position":"center center","background-size":"auto","background-attachment":"scroll","background-type":"","background-media":"","overlay-type":"","overlay-color":"","overlay-opacity":"","overlay-gradient":""},"mobile":{"background-color":"var(--ast-global-color-5)","background-image":"","background-repeat":"repeat","background-position":"center center","background-size":"auto","background-attachment":"scroll","background-type":"","background-media":"","overlay-type":"","overlay-color":"","overlay-opacity":"","overlay-gradient":""}},"uix_meta_title":"","uix_meta_description":"","uix_canonical_url":""},"product_brand":[],"product_cat":[35,1062],"product_tag":[446,454,453,452,451,450,449,448,447,455,445,444,443,442,441,440,439,438,464,1259,1258,1257,1256,1255,467,466,465,437,463,462,461,460,459,458,457,456,185,419,418,417,416,415,414,318,240,420,184,183,182,181,47,46,20,19,428,436,435,434,433,432,431,430,429,18,427,426,425,424,423,422,421],"comparison_feature":[1186,991,994,995,993,996,997,998,999,992,1000,1002,1001],"class_list":{"0":"post-36968","1":"product","2":"type-product","3":"status-publish","4":"has-post-thumbnail","6":"product_cat-visa-indonesia","7":"product_cat-single-entry-visas","8":"product_tag-bali-60-day-tourist-visa","9":"product_tag-e-visa-b211a","10":"product_tag-visa-60-days-indonesia","11":"product_tag-indonesia-6-month-visa","12":"product_tag-b211a-visa-application","13":"product_tag-6-month-visa-indonesia","14":"product_tag-bali-visa-60-days","15":"product_tag-6-month-visa-bali","16":"product_tag-single-entry-visa-bali","17":"product_tag-bali-single-entry-visa","18":"product_tag-60-day-tourist-visa-bali","19":"product_tag-b211a-business-visa","20":"product_tag-bali-6-month-visa","21":"product_tag-visa-b211-indonesia","22":"product_tag-long-term-visa-bali","23":"product_tag-b211a-visa-indonesia-application","24":"product_tag-visa-b211a-indonesia","25":"product_tag-indonesia-60-day-visa","26":"product_tag-offshore-b211-visa","27":"product_tag-speaker-indonesia","28":"product_tag-c10-event-participant-visa","29":"product_tag-c10-visa-bali","30":"product_tag-c10-visa-indonesia","31":"product_tag-c10-visa","32":"product_tag-bali-6-months-visa","33":"product_tag-visa-b211-a","34":"product_tag-social-b211a-visa","35":"product_tag-visa-b211-bali","36":"product_tag-business-visa-b211a","37":"product_tag-2-month-visa-bali","38":"product_tag-visit-visa-b211a","39":"product_tag-living-in-bali-visa","40":"product_tag-business-visa-jakarta","41":"product_tag-2-month-visa-indonesia","42":"product_tag-visa-kunjungan-b211a","43":"product_tag-e-visa-b211a-indonesia","44":"product_tag-longterm-visa","45":"product_tag-b211-visa-indonesia","46":"product_tag-b211a-visa","47":"product_tag-b211a-visa-bali","48":"product_tag-visit-visa-indonesia","49":"product_tag-b211a-visa-indonesia","50":"product_tag-60-day-visa","51":"product_tag-b211a-visit-visa","52":"product_tag-long-term-visa","53":"product_tag-long-term-visa-indonesia","54":"product_tag-tourist-visa-indonesia","55":"product_tag-tourist-visa-bali","56":"product_tag-business-visa-indonesia","57":"product_tag-business-visa-bali","58":"product_tag-tourist-visa","59":"product_tag-visit-visa","60":"product_tag-b211a","61":"product_tag-19","62":"product_tag-b211-visa","63":"product_tag-visa-b211a-bali","64":"product_tag-visa-b211a","65":"product_tag-bali-long-term-visa","66":"product_tag-bali-60-day-visa","67":"product_tag-60-day-visa-bali","68":"product_tag-b211-visa-bali","69":"product_tag-60-day-bali-visa","70":"product_tag-60-day-visa-for-bali","71":"product_tag-business","72":"product_tag-indonesia-single-entry-visa","73":"product_tag-single-entry-visa-indonesia","74":"product_tag-60-days-visa-indonesia","75":"product_tag-60-day-visa-indonesia","76":"product_tag-visa-b211","77":"product_tag-indonesia-visa-60-days","78":"product_tag-bali-business-visa","79":"comparison_feature-fast-easy","80":"comparison_feature-guaranteed_visa_approval","81":"comparison_feature-guaranteed-visa-delivery-before-departure","82":"comparison_feature-refunds-available","83":"comparison_feature-no-need-to-reveal-your-financial-history","84":"comparison_feature-multiple-payment-options","85":"comparison_feature-personal-point-of-contact","86":"comparison_feature-support-that-puts-you-first","87":"comparison_feature-apply-anytime","88":"comparison_feature-ease_of_application","89":"comparison_feature-currencies-supported","90":"comparison_feature-payment-methods","91":"comparison_feature-average-response-time","92":"desktop-align-left","93":"tablet-align-left","94":"mobile-align-left","95":"ast-product-gallery-layout-horizontal-slider","96":"ast-product-gallery-with-no-image","97":"ast-magnify-disabled","98":"ast-product-single-variable","99":"ast-product-tabs-layout-horizontal","101":"first","102":"instock","103":"sale","104":"featured","105":"shipping-taxable","106":"purchasable","107":"product-type-variable","108":"has-default-attributes"},"acf":[],"_links":{"self":[{"href":"https:\/\/visa-indonesia.com\/pl\/wp-json\/wp\/v2\/product\/36968","targetHints":{"allow":["GET"]}}],"collection":[{"href":"https:\/\/visa-indonesia.com\/pl\/wp-json\/wp\/v2\/product"}],"about":[{"href":"https:\/\/visa-indonesia.com\/pl\/wp-json\/wp\/v2\/types\/product"}],"replies":[{"embeddable":true,"href":"https:\/\/visa-indonesia.com\/pl\/wp-json\/wp\/v2\/comments?post=36968"}],"wp:featuredmedia":[{"embeddable":true,"href":"https:\/\/visa-indonesia.com\/pl\/wp-json\/wp\/v2\/media\/36975"}],"wp:attachment":[{"href":"https:\/\/visa-indonesia.com\/pl\/wp-json\/wp\/v2\/media?parent=36968"}],"wp:term":[{"taxonomy":"product_brand","embeddable":true,"href":"https:\/\/visa-indonesia.com\/pl\/wp-json\/wp\/v2\/product_brand?post=36968"},{"taxonomy":"product_cat","embeddable":true,"href":"https:\/\/visa-indonesia.com\/pl\/wp-json\/wp\/v2\/product_cat?post=36968"},{"taxonomy":"product_tag","embeddable":true,"href":"https:\/\/visa-indonesia.com\/pl\/wp-json\/wp\/v2\/product_tag?post=36968"},{"taxonomy":"comparison_feature","embeddable":true,"href":"https:\/\/visa-indonesia.com\/pl\/wp-json\/wp\/v2\/comparison_feature?post=36968"}],"curies":[{"name":"wp","href":"https:\/\/api.w.org\/{rel}","templated":true}]}}