{"id":24744,"date":"2024-06-11T15:09:34","date_gmt":"2024-06-11T07:09:34","guid":{"rendered":"https:\/\/visa-indonesia.com\/?post_type=product&#038;p=24744"},"modified":"2026-05-07T16:22:01","modified_gmt":"2026-05-07T08:22:01","slug":"wiza-stazowa-indonezja","status":"publish","type":"product","link":"https:\/\/visa-indonesia.com\/pl\/service\/company-internship-visa-indonesia\/","title":{"rendered":"Wiza na sta\u017c w Indonezji (C22\/C22B)"},"content":{"rendered":"<div class=\"flex flex-grow flex-col max-w-full\">\n<div class=\"min-h-[20px] text-message flex flex-col items-start whitespace-pre-wrap break-words [.text-message+&amp;]:mt-5 juice:w-full juice:items-end overflow-x-auto gap-2\" dir=\"auto\" data-message-author-role=\"assistant\" data-message-id=\"3ef6ec4f-52a5-4f56-a8eb-8451652a05b2\">\n<div class=\"flex w-full flex-col gap-1 juice:empty:hidden juice:first:pt-[3px]\">\n<div class=\"markdown prose w-full break-words dark:prose-invert dark\">\n<p>The C22B visa is a Single-Entry visa. It can be used for academic internships. This visa can only be applied for from outside of Indonesia. From the time it is issued, it is valid for 90 days, meaning you need to enter Indonesia within that period; otherwise, the visa becomes invalid. Upon entry, the visa is valid for 60 days. It is extendable twice for an additional 60 days each, allowing for a maximum length of stay of 180 days (60 days initial stay plus 2x 60 days extension). This Single-Entry visa can be converted into another visa type (for example <a href=\"https:\/\/visa-indonesia.com\/service-category\/kitas-indonesia\/\">KITAS<\/a>) without leaving Indonesia.<\/p>\n<\/div>\n<\/div>\n<\/div>\n<\/div>\n","protected":false},"excerpt":{"rendered":"<p>Pojedyncze wej\u015bcie <strong>Wiza na sta\u017c w firmie (C22B)<\/strong> dla Indonezji (dawna wiza B211A) jest odpowiednia dla ka\u017cdego, kto podr\u00f3\u017cuje na Bali lub gdziekolwiek indziej w Indonezji w celu odbycia sta\u017cu w firmie.<\/p>\n<p>Pocz\u0105tkowa wiza jest wa\u017cna przez 60 dni lub 180 dni. Wiza 60-dniowa mo\u017ce zosta\u0107 przed\u0142u\u017cona maksymalnie dwa razy po 60 dni. Opcja 180-dniowa mo\u017ce zosta\u0107 przed\u0142u\u017cona jednorazowo o 180 dodatkowych dni.<\/p>\n<p>Wa\u017cne: W przypadku wszystkich przed\u0142u\u017ce\u0144 wymagana jest osobista wizyta w urz\u0119dzie imigracyjnym.<\/p>\n<p>Uwaga: Aplikacja onshore o wiz\u0119 C22B nie jest ju\u017c dost\u0119pna. Oznacza to, \u017ce musisz ubiega\u0107 si\u0119 o wiz\u0119 poza Indonezj\u0105. Skontaktuj si\u0119 z nami wcze\u015bniej, je\u015bli planujesz wylot i powr\u00f3t z now\u0105 wiz\u0105 C22\/C22B, aby proces przebiega\u0142 jak najsprawniej.<\/p>","protected":false},"featured_media":36601,"comment_status":"closed","ping_status":"closed","template":"","meta":{"_acf_changed":false,"site-sidebar-layout":"default","site-content-layout":"default","ast-site-content-layout":"default","site-content-style":"default","site-sidebar-style":"default","ast-global-header-display":"","ast-banner-title-visibility":"","ast-main-header-display":"","ast-hfb-above-header-display":"","ast-hfb-below-header-display":"","ast-hfb-mobile-header-display":"","site-post-title":"","ast-breadcrumbs-content":"","ast-featured-img":"","footer-sml-layout":"","ast-disable-related-posts":"","theme-transparent-header-meta":"default","adv-header-id-meta":"","stick-header-meta":"default","header-above-stick-meta":"","header-main-stick-meta":"","header-below-stick-meta":"","astra-migrate-meta-layouts":"set","ast-page-background-enabled":"default","ast-page-background-meta":{"desktop":{"background-color":"","background-image":"","background-repeat":"repeat","background-position":"center center","background-size":"auto","background-attachment":"scroll","background-type":"","background-media":"","overlay-type":"","overlay-color":"","overlay-opacity":"","overlay-gradient":""},"tablet":{"background-color":"","background-image":"","background-repeat":"repeat","background-position":"center center","background-size":"auto","background-attachment":"scroll","background-type":"","background-media":"","overlay-type":"","overlay-color":"","overlay-opacity":"","overlay-gradient":""},"mobile":{"background-color":"","background-image":"","background-repeat":"repeat","background-position":"center center","background-size":"auto","background-attachment":"scroll","background-type":"","background-media":"","overlay-type":"","overlay-color":"","overlay-opacity":"","overlay-gradient":""}},"ast-content-background-meta":{"desktop":{"background-color":"var(--ast-global-color-5)","background-image":"","background-repeat":"repeat","background-position":"center center","background-size":"auto","background-attachment":"scroll","background-type":"","background-media":"","overlay-type":"","overlay-color":"","overlay-opacity":"","overlay-gradient":""},"tablet":{"background-color":"var(--ast-global-color-5)","background-image":"","background-repeat":"repeat","background-position":"center center","background-size":"auto","background-attachment":"scroll","background-type":"","background-media":"","overlay-type":"","overlay-color":"","overlay-opacity":"","overlay-gradient":""},"mobile":{"background-color":"var(--ast-global-color-5)","background-image":"","background-repeat":"repeat","background-position":"center center","background-size":"auto","background-attachment":"scroll","background-type":"","background-media":"","overlay-type":"","overlay-color":"","overlay-opacity":"","overlay-gradient":""}},"uix_meta_title":"","uix_meta_description":"","uix_canonical_url":""},"product_brand":[],"product_cat":[35,1062],"product_tag":[544,545,546,547,548,549,767,768,769,770,771],"comparison_feature":[991,994,995,996,997,998,999,992,1000,1002,1001],"class_list":{"0":"post-24744","1":"product","2":"type-product","3":"status-publish","4":"has-post-thumbnail","6":"product_cat-visa-indonesia","7":"product_cat-single-entry-visas","8":"product_tag-indonesia-internship-visa","9":"product_tag-internship-indonesia","10":"product_tag-paid-internship-jakarta","11":"product_tag-internship-in-bali","12":"product_tag-internship-opportunities-in-indonesia","13":"product_tag-bali-internship-visa","14":"product_tag-corporate-internship-indonesia","15":"product_tag-corporate-internship-bali","16":"product_tag-company-internship-indonesia","17":"product_tag-company-internship-bali","18":"product_tag-company-internship-jakarta","19":"comparison_feature-guaranteed_visa_approval","20":"comparison_feature-guaranteed-visa-delivery-before-departure","21":"comparison_feature-refunds-available","22":"comparison_feature-multiple-payment-options","23":"comparison_feature-personal-point-of-contact","24":"comparison_feature-support-that-puts-you-first","25":"comparison_feature-apply-anytime","26":"comparison_feature-ease_of_application","27":"comparison_feature-currencies-supported","28":"comparison_feature-payment-methods","29":"comparison_feature-average-response-time","30":"desktop-align-left","31":"tablet-align-left","32":"mobile-align-left","33":"ast-product-gallery-layout-horizontal-slider","34":"ast-product-gallery-with-no-image","35":"ast-magnify-disabled","36":"ast-product-single-variable","37":"ast-product-tabs-layout-horizontal","39":"first","40":"instock","41":"featured","42":"shipping-taxable","43":"purchasable","44":"product-type-variable","45":"has-default-attributes"},"acf":[],"_links":{"self":[{"href":"https:\/\/visa-indonesia.com\/pl\/wp-json\/wp\/v2\/product\/24744","targetHints":{"allow":["GET"]}}],"collection":[{"href":"https:\/\/visa-indonesia.com\/pl\/wp-json\/wp\/v2\/product"}],"about":[{"href":"https:\/\/visa-indonesia.com\/pl\/wp-json\/wp\/v2\/types\/product"}],"replies":[{"embeddable":true,"href":"https:\/\/visa-indonesia.com\/pl\/wp-json\/wp\/v2\/comments?post=24744"}],"wp:featuredmedia":[{"embeddable":true,"href":"https:\/\/visa-indonesia.com\/pl\/wp-json\/wp\/v2\/media\/36601"}],"wp:attachment":[{"href":"https:\/\/visa-indonesia.com\/pl\/wp-json\/wp\/v2\/media?parent=24744"}],"wp:term":[{"taxonomy":"product_brand","embeddable":true,"href":"https:\/\/visa-indonesia.com\/pl\/wp-json\/wp\/v2\/product_brand?post=24744"},{"taxonomy":"product_cat","embeddable":true,"href":"https:\/\/visa-indonesia.com\/pl\/wp-json\/wp\/v2\/product_cat?post=24744"},{"taxonomy":"product_tag","embeddable":true,"href":"https:\/\/visa-indonesia.com\/pl\/wp-json\/wp\/v2\/product_tag?post=24744"},{"taxonomy":"comparison_feature","embeddable":true,"href":"https:\/\/visa-indonesia.com\/pl\/wp-json\/wp\/v2\/comparison_feature?post=24744"}],"curies":[{"name":"wp","href":"https:\/\/api.w.org\/{rel}","templated":true}]}}