{"id":14870,"date":"2022-11-03T22:33:17","date_gmt":"2022-11-03T14:33:17","guid":{"rendered":"https:\/\/visa-indonesia.com\/?page_id=14870"},"modified":"2025-02-17T20:32:16","modified_gmt":"2025-02-17T12:32:16","slug":"wylaczenie-odpowiedzialnosci","status":"publish","type":"page","link":"https:\/\/visa-indonesia.com\/pl\/disclaimer\/","title":{"rendered":"Wy\u0142\u0105czenie odpowiedzialno\u015bci"},"content":{"rendered":"<h1>Zastrze\u017cenie dotycz\u0105ce strony internetowej<\/h1>\n<p>Informacje dostarczane przez Visa Indonesia (\"my\", \"nas\" lub \"nasz\") na stronie\u00a0<a href=\"https:\/\/visa-indonesia.com\/pl\/\" data-custom-class=\"link\">https:\/\/visa-indonesia.com<\/a> (\"Witryna\") s\u0142u\u017cy wy\u0142\u0105cznie do og\u00f3lnych cel\u00f3w informacyjnych. Wszystkie informacje na Stronie s\u0105 dostarczane w dobrej wierze. Nie sk\u0142adamy jednak \u017cadnych o\u015bwiadcze\u0144 ani gwarancji jakiegokolwiek rodzaju, wyra\u017anych lub dorozumianych, dotycz\u0105cych dok\u0142adno\u015bci, adekwatno\u015bci, wa\u017cno\u015bci, wiarygodno\u015bci, dost\u0119pno\u015bci lub kompletno\u015bci jakichkolwiek informacji na Stronie. W \u017bADNYM WYPADKU NIE PONOSIMY ODPOWIEDZIALNO\u015aCI ZA JAKIEKOLWIEK STRATY LUB SZKODY JAKIEGOKOLWIEK RODZAJU PONIESIONE W WYNIKU KORZYSTANIA Z WITRYNY LUB POLEGANIA NA JAKICHKOLWIEK INFORMACJACH ZAWARTYCH W WITRYNIE. U\u017bYTKOWNIK KORZYSTA Z WITRYNY I POLEGA NA INFORMACJACH W NIEJ ZAWARTYCH WY\u0141\u0104CZNIE NA W\u0141ASNE RYZYKO.<\/p>\n<h2>Zastrze\u017cenie dotycz\u0105ce link\u00f3w zewn\u0119trznych<\/h2>\n<p>Witryna mo\u017ce zawiera\u0107 (lub u\u017cytkownik mo\u017ce zosta\u0107 wys\u0142any za po\u015brednictwem Witryny) \u0142\u0105cza do innych witryn internetowych lub tre\u015bci nale\u017c\u0105cych do lub pochodz\u0105cych od os\u00f3b trzecich lub \u0142\u0105cza do witryn internetowych i funkcji w banerach lub innych reklamach. Takie \u0142\u0105cza zewn\u0119trzne nie s\u0105 przez nas badane, monitorowane ani sprawdzane pod k\u0105tem dok\u0142adno\u015bci, adekwatno\u015bci, wa\u017cno\u015bci, niezawodno\u015bci, dost\u0119pno\u015bci lub kompletno\u015bci. NIE GWARANTUJEMY, NIE POPIERAMY, NIE GWARANTUJEMY ANI NIE PRZYJMUJEMY ODPOWIEDZIALNO\u015aCI ZA DOK\u0141ADNO\u015a\u0106 LUB WIARYGODNO\u015a\u0106 JAKICHKOLWIEK INFORMACJI OFEROWANYCH PRZEZ WITRYNY INTERNETOWE STRON TRZECICH, DO KT\u00d3RYCH \u0141\u0104CZA ZNAJDUJ\u0104 SI\u0118 ZA PO\u015aREDNICTWEM WITRYNY, ANI ZA \u017bADN\u0104 WITRYN\u0118 LUB FUNKCJ\u0118, DO KT\u00d3REJ \u0141\u0104CZA ZNAJDUJ\u0104 SI\u0118 W BANERACH LUB INNYCH REKLAMACH. NIE B\u0118DZIEMY STRON\u0104 ANI W \u017bADEN SPOS\u00d3B NIE B\u0118DZIEMY ODPOWIEDZIALNI ZA MONITOROWANIE JAKICHKOLWIEK TRANSAKCJI MI\u0118DZY U\u017bYTKOWNIKIEM A ZEWN\u0118TRZNYMI DOSTAWCAMI PRODUKT\u00d3W LUB US\u0141UG.<\/p>\n<h2>Profesjonalne wy\u0142\u0105czenie odpowiedzialno\u015bci<\/h2>\n<p>Witryna nie mo\u017ce zawiera\u0107 i nie zawiera porad prawnych. Informacje prawne s\u0105 dostarczane wy\u0142\u0105cznie w og\u00f3lnych celach informacyjnych i edukacyjnych i nie zast\u0119puj\u0105 profesjonalnej porady. W zwi\u0105zku z tym, przed podj\u0119ciem jakichkolwiek dzia\u0142a\u0144 w oparciu o takie informacje, zach\u0119camy do skonsultowania si\u0119 z odpowiednimi specjalistami. Nie udzielamy \u017cadnych porad prawnych. KORZYSTANIE LUB POLEGANIE NA JAKICHKOLWIEK INFORMACJACH ZAWARTYCH NA STRONIE ODBYWA SI\u0118 WY\u0141\u0104CZNIE NA W\u0141ASNE RYZYKO U\u017bYTKOWNIKA.<\/p>\n<h2>Zastrze\u017cenie dotycz\u0105ce opinii<\/h2>\n<p data-custom-class=\"body_text\">Witryna mo\u017ce zawiera\u0107 opinie u\u017cytkownik\u00f3w naszych produkt\u00f3w i\/lub us\u0142ug. Opinie te odzwierciedlaj\u0105 rzeczywiste do\u015bwiadczenia i opinie takich u\u017cytkownik\u00f3w. Do\u015bwiadczenia te s\u0105 jednak osobiste dla tych konkretnych u\u017cytkownik\u00f3w i niekoniecznie musz\u0105 by\u0107 reprezentatywne dla wszystkich u\u017cytkownik\u00f3w naszych produkt\u00f3w i\/lub us\u0142ug. Nie twierdzimy i nie nale\u017cy zak\u0142ada\u0107, \u017ce wszyscy u\u017cytkownicy b\u0119d\u0105 mieli takie same do\u015bwiadczenia. INDYWIDUALNE WYNIKI MOG\u0104 SI\u0118 R\u00d3\u017bNI\u0106.<\/p>\n<p data-custom-class=\"body_text\">Opinie na Stronie s\u0105 przesy\u0142ane w r\u00f3\u017cnych formach, takich jak tekst, audio i\/lub wideo, i s\u0105 sprawdzane przez nas przed ich opublikowaniem. Pojawiaj\u0105 si\u0119 one na Stronie w dos\u0142ownym brzmieniu nadanym przez u\u017cytkownik\u00f3w, z wyj\u0105tkiem korekty b\u0142\u0119d\u00f3w gramatycznych lub liter\u00f3wek. Niekt\u00f3re referencje mog\u0142y zosta\u0107 skr\u00f3cone ze wzgl\u0119du na zwi\u0119z\u0142o\u015b\u0107, gdy pe\u0142na referencja zawiera\u0142a dodatkowe informacje nieistotne dla og\u00f3\u0142u spo\u0142ecze\u0144stwa.<\/p>\n<p data-custom-class=\"body_text\">Pogl\u0105dy i opinie zawarte w referencjach nale\u017c\u0105 wy\u0142\u0105cznie do poszczeg\u00f3lnych u\u017cytkownik\u00f3w i nie odzwierciedlaj\u0105 naszych pogl\u0105d\u00f3w i opinii. Nie jeste\u015bmy powi\u0105zani z u\u017cytkownikami, kt\u00f3rzy dostarczaj\u0105 referencje, a u\u017cytkownicy nie s\u0105 op\u0142acani ani w \u017caden inny spos\u00f3b wynagradzani za swoje referencje.<\/p>","protected":false},"excerpt":{"rendered":"<p>Website Disclaimer The information provided by\u00a0Visa Indonesia (&#8220;we,&#8221; &#8220;us,&#8221; or &#8220;our&#8221;) on\u00a0https:\/\/visa-indonesia.com (the\u00a0&#8220;Site&#8221;)\u00a0is for general informational purposes only. All information on the Site is provided in good faith. However, we make no representation or warranty of any kind, express or implied, regarding the accuracy, adequacy, validity, reliability, availability, or completeness of any information on the [&hellip;]<\/p>\n","protected":false},"author":1,"featured_media":17314,"parent":0,"menu_order":0,"comment_status":"closed","ping_status":"closed","template":"elementor_theme","meta":{"_acf_changed":false,"site-sidebar-layout":"no-sidebar","site-content-layout":"page-builder","ast-site-content-layout":"full-width-container","site-content-style":"unboxed","site-sidebar-style":"unboxed","ast-global-header-display":"","ast-banner-title-visibility":"","ast-main-header-display":"","ast-hfb-above-header-display":"","ast-hfb-below-header-display":"","ast-hfb-mobile-header-display":"","site-post-title":"disabled","ast-breadcrumbs-content":"","ast-featured-img":"disabled","footer-sml-layout":"","ast-disable-related-posts":"","theme-transparent-header-meta":"","adv-header-id-meta":"","stick-header-meta":"","header-above-stick-meta":"","header-main-stick-meta":"","header-below-stick-meta":"","astra-migrate-meta-layouts":"set","ast-page-background-enabled":"default","ast-page-background-meta":{"desktop":{"background-color":"","background-image":"","background-repeat":"repeat","background-position":"center center","background-size":"auto","background-attachment":"scroll","background-type":"","background-media":"","overlay-type":"","overlay-color":"","overlay-opacity":"","overlay-gradient":""},"tablet":{"background-color":"","background-image":"","background-repeat":"repeat","background-position":"center center","background-size":"auto","background-attachment":"scroll","background-type":"","background-media":"","overlay-type":"","overlay-color":"","overlay-opacity":"","overlay-gradient":""},"mobile":{"background-color":"","background-image":"","background-repeat":"repeat","background-position":"center center","background-size":"auto","background-attachment":"scroll","background-type":"","background-media":"","overlay-type":"","overlay-color":"","overlay-opacity":"","overlay-gradient":""}},"ast-content-background-meta":{"desktop":{"background-color":"var(--ast-global-color-5)","background-image":"","background-repeat":"repeat","background-position":"center center","background-size":"auto","background-attachment":"scroll","background-type":"","background-media":"","overlay-type":"","overlay-color":"","overlay-opacity":"","overlay-gradient":""},"tablet":{"background-color":"var(--ast-global-color-5)","background-image":"","background-repeat":"repeat","background-position":"center center","background-size":"auto","background-attachment":"scroll","background-type":"","background-media":"","overlay-type":"","overlay-color":"","overlay-opacity":"","overlay-gradient":""},"mobile":{"background-color":"var(--ast-global-color-5)","background-image":"","background-repeat":"repeat","background-position":"center center","background-size":"auto","background-attachment":"scroll","background-type":"","background-media":"","overlay-type":"","overlay-color":"","overlay-opacity":"","overlay-gradient":""}},"uix_meta_title":"","uix_meta_description":"","uix_canonical_url":"","footnotes":""},"class_list":["post-14870","page","type-page","status-publish","has-post-thumbnail","hentry"],"acf":[],"_links":{"self":[{"href":"https:\/\/visa-indonesia.com\/pl\/wp-json\/wp\/v2\/pages\/14870","targetHints":{"allow":["GET"]}}],"collection":[{"href":"https:\/\/visa-indonesia.com\/pl\/wp-json\/wp\/v2\/pages"}],"about":[{"href":"https:\/\/visa-indonesia.com\/pl\/wp-json\/wp\/v2\/types\/page"}],"author":[{"embeddable":true,"href":"https:\/\/visa-indonesia.com\/pl\/wp-json\/wp\/v2\/users\/1"}],"replies":[{"embeddable":true,"href":"https:\/\/visa-indonesia.com\/pl\/wp-json\/wp\/v2\/comments?post=14870"}],"version-history":[{"count":14,"href":"https:\/\/visa-indonesia.com\/pl\/wp-json\/wp\/v2\/pages\/14870\/revisions"}],"predecessor-version":[{"id":30575,"href":"https:\/\/visa-indonesia.com\/pl\/wp-json\/wp\/v2\/pages\/14870\/revisions\/30575"}],"wp:featuredmedia":[{"embeddable":true,"href":"https:\/\/visa-indonesia.com\/pl\/wp-json\/wp\/v2\/media\/17314"}],"wp:attachment":[{"href":"https:\/\/visa-indonesia.com\/pl\/wp-json\/wp\/v2\/media?parent=14870"}],"curies":[{"name":"wp","href":"https:\/\/api.w.org\/{rel}","templated":true}]}}