{"id":14181,"date":"2022-09-22T14:11:34","date_gmt":"2022-09-22T06:11:34","guid":{"rendered":"https:\/\/visa-indonesia.com\/?page_id=14181"},"modified":"2025-12-03T17:26:46","modified_gmt":"2025-12-03T09:26:46","slug":"warunki-korzystania-z-programu-partnerskiego","status":"publish","type":"page","link":"https:\/\/visa-indonesia.com\/pl\/affiliate-program-terms-of-use\/","title":{"rendered":"Warunki korzystania z programu partnerskiego"},"content":{"rendered":"<h1>Warunki korzystania z programu partnerskiego<br \/>\n<\/h1>\n<p>Jako autoryzowany partner Visa Indonesia zgadzasz si\u0119 przestrzega\u0107 warunk\u00f3w zawartych w niniejszej Umowie. Prosimy o uwa\u017cne przeczytanie ca\u0142ej Umowy przed zarejestrowaniem si\u0119 i promowaniem Visa Indonesia jako Partner.<\/p>\n<p>Uczestnictwo w Programie ma na celu wy\u0142\u0105cznie legaln\u0105 reklam\u0119 naszej strony internetowej w celu otrzymania prowizji od cz\u0142onkostwa i produkt\u00f3w zakupionych przez osoby skierowane do Visa Indonesia przez w\u0142asn\u0105 stron\u0119 internetow\u0105 lub osobiste polecenia.<\/p>\n<p>Rejestruj\u0105c si\u0119 w <a href=\"https:\/\/visa-indonesia.com\/pl\/wizy-i-przepisy\/wszystko-co-musisz-wiedziec-o-wizie-pomostowej-do-indonezji\/\"  data-wpil-monitor-id=\"17\">Wiza Indonezja<\/a> Uczestnictwo w Programie Partnerskim oznacza akceptacj\u0119 niniejszej Umowy i jej warunk\u00f3w.<\/p>\n<h2>Zatwierdzenie lub odrzucenie wniosku<br \/>\n<\/h2>\n<p>Zastrzegamy sobie prawo do zatwierdzenia lub odrzucenia DOWOLNEGO Wniosku o udzia\u0142 w Programie Partnerskim wed\u0142ug w\u0142asnego uznania. U\u017cytkownik nie b\u0119dzie mia\u0142 \u017cadnych roszcze\u0144 prawnych wobec nas w zwi\u0105zku z odrzuceniem jego Wniosku o udzia\u0142 w Programie Partnerskim.<\/p>\n<h2>Prowizje<\/h2>\n<p>Prowizje b\u0119d\u0105 wyp\u0142acane raz w miesi\u0105cu. Aby partner m\u00f3g\u0142 otrzyma\u0107 prowizj\u0119, polecone konto musi pozosta\u0107 aktywne przez co najmniej 31 dni.<\/p>\n<p>Nie mo\u017cesz poleca\u0107 siebie i nie otrzymasz prowizji od w\u0142asnych kont.<\/p>\n<p>P\u0142atno\u015bci b\u0119d\u0105 wysy\u0142ane tylko za transakcje, kt\u00f3re zosta\u0142y pomy\u015blnie zako\u0144czone. Transakcje, kt\u00f3re skutkuj\u0105 obci\u0105\u017ceniem zwrotnym lub zwrotem \u015brodk\u00f3w, nie b\u0119d\u0105 wyp\u0142acane.<\/p>\n<h2>Zako\u0144czenie<\/h2>\n<p>Aplikacja i status partnera w Programie mog\u0105 zosta\u0107 zawieszone lub zako\u0144czone z jednego z poni\u017cszych powod\u00f3w:<\/p>\n<ul>\n<li>Niew\u0142a\u015bciwe reklamy (fa\u0142szywe twierdzenia, wprowadzaj\u0105ce w b\u0142\u0105d hiper\u0142\u0105cza itp.).<\/li>\n<li>Spamowanie (masowe wysy\u0142anie wiadomo\u015bci e-mail, masowe publikowanie w grupach dyskusyjnych itp.)<\/li>\n<li>Reklamowanie si\u0119 na stronach zawieraj\u0105cych lub promuj\u0105cych nielegalne dzia\u0142ania.<\/li>\n<li>Nieujawnienie relacji partnerskiej w przypadku jakiejkolwiek promocji, kt\u00f3ra kwalifikuje si\u0119 jako rekomendacja zgodnie z obowi\u0105zuj\u0105cymi wytycznymi i przepisami Federalnej Komisji Handlu lub wszelkimi obowi\u0105zuj\u0105cymi przepisami stanowymi.<\/li>\n<li>Naruszenie praw w\u0142asno\u015bci intelektualnej. Visa <a href=\"https:\/\/visa-indonesia.com\/pl\/bali-wymagania-wjazdowe\/\"  data-wpil-monitor-id=\"27\">Indonezja zastrzega sobie prawo do \u017c\u0105dania<\/a> um\u00f3w licencyjnych od podmiot\u00f3w wykorzystuj\u0105cych znaki towarowe Visa Indonesia w celu ochrony naszych praw w\u0142asno\u015bci intelektualnej.<\/li>\n<li>Oferowanie rabat\u00f3w, kupon\u00f3w lub innych form obiecanych zwrot\u00f3w z prowizji partnerskiej jako zach\u0119ty. Dopuszczalne jest jednak dodawanie bonus\u00f3w lub \u0142\u0105czenie innych produkt\u00f3w z Visa Indonesia.<\/li>\n<li>Samodzielne polecenia, nieuczciwe transakcje, podejrzenie oszustwa afiliacyjnego.<\/li>\n<\/ul>\n<p>Opr\u00f3cz powy\u017cszego, Visa Indonesia zastrzega sobie prawo do zamkni\u0119cia dowolnego konta Partnera w dowolnym momencie, z powodu naruszenia niniejszej Umowy lub bez powodu.<\/p>\n<h2>Linki partnerskie<\/h2>\n<p>U\u017cytkownik mo\u017ce u\u017cywa\u0107 link\u00f3w graficznych i tekstowych zar\u00f3wno na swojej stronie internetowej, jak i w wiadomo\u015bciach e-mail. U\u017cytkownik mo\u017ce r\u00f3wnie\u017c reklamowa\u0107 witryn\u0119 Visa Indonesia w og\u0142oszeniach online i offline, czasopismach i gazetach.<\/p>\n<p>U\u017cytkownik mo\u017ce korzysta\u0107 z grafik i tekst\u00f3w dostarczonych przez nas lub mo\u017ce tworzy\u0107 w\u0142asne, o ile s\u0105 one uwa\u017cane za odpowiednie zgodnie z warunkami i nie naruszaj\u0105 zasad okre\u015blonych w sekcji Wypowiedzenie.<\/p>\n<h2>Strony z kuponami i ofertami<\/h2>\n<p>Visa Indonesia od czasu do czasu oferuje kupony wybranym partnerom i subskrybentom naszego newslettera. Je\u015bli nie zosta\u0142e\u015b wst\u0119pnie zatwierdzony \/ przypisany do markowego kuponu, nie mo\u017cesz promowa\u0107 kuponu. Poni\u017cej znajduj\u0105 si\u0119 warunki, kt\u00f3re maj\u0105 zastosowanie do ka\u017cdego partnera, kt\u00f3ry rozwa\u017ca promocj\u0119 naszych produkt\u00f3w w zwi\u0105zku z transakcj\u0105 lub kuponem:<\/p>\n<ul>\n<li>Partnerzy nie mog\u0105 u\u017cywa\u0107 wprowadzaj\u0105cego w b\u0142\u0105d tekstu na linkach partnerskich, przyciskach lub obrazach, aby sugerowa\u0107, \u017ce cokolwiek poza aktualnie autoryzowanymi ofertami dla konkretnego partnera.<\/li>\n<li>Partnerzy nie mog\u0105 licytowa\u0107 kupon\u00f3w Visa Indonesia, rabat\u00f3w Visa Indonesia ani innych zwrot\u00f3w sugeruj\u0105cych dost\u0119pno\u015b\u0107 kupon\u00f3w.<\/li>\n<li>Partnerzy nie mog\u0105 generowa\u0107 wyskakuj\u0105cych okienek, wyskakuj\u0105cych okienek, ramek iframe, ramek ani \u017cadnych innych widocznych lub niewidocznych dzia\u0142a\u0144, kt\u00f3re ustawiaj\u0105 afiliacyjne pliki cookie, chyba \u017ce u\u017cytkownik wyrazi\u0142 jasne i wyra\u017ane zainteresowanie aktywacj\u0105 okre\u015blonych oszcz\u0119dno\u015bci poprzez klikni\u0119cie wyra\u017anie oznaczonego \u0142\u0105cza, przycisku lub obrazu dla tego konkretnego kuponu lub oferty. Tw\u00f3j link musi odsy\u0142a\u0107 odwiedzaj\u0105cego do strony sprzedawcy.<\/li>\n<li>U\u017cytkownik musi by\u0107 w stanie zobaczy\u0107 informacje o kuponie\/ofercie\/oszcz\u0119dno\u015bciach i szczeg\u00f3\u0142y przed ustawieniem afiliacyjnego pliku cookie (tj. \"kliknij tutaj, aby zobaczy\u0107 kupony i otworzy\u0107 okno do witryny sprzedawcy\" NIE jest dozwolone).<\/li>\n<li>Witryny afiliacyjne nie mog\u0105 zawiera\u0107 tekstu \"Kliknij, aby uzyska\u0107 (lub zobaczy\u0107) ofert\u0119\/kupon\" ani \u017cadnej jego odmiany, je\u015bli nie s\u0105 dost\u0119pne \u017cadne kupony ani oferty, a klikni\u0119cie powoduje otwarcie witryny sprzedawcy lub ustawienie pliku cookie. Partnerzy z takim tekstem na stronie docelowej sprzedawcy zostan\u0105 natychmiast usuni\u0119ci z programu.<\/li>\n<\/ul>\n<h2>Polityka p\u0142atno\u015bci za klikni\u0119cie (PPC)<\/h2>\n<p>Licytacja PPC NIE jest dozwolona bez uprzedniej pisemnej zgody.<\/p>\n<h2>Odpowiedzialno\u015b\u0107<\/h2>\n<p>Visa Indonesia nie ponosi odpowiedzialno\u015bci za po\u015brednie lub przypadkowe szkody (utrata przychod\u00f3w, prowizji) spowodowane awariami \u015bledzenia partner\u00f3w, utrat\u0105 plik\u00f3w bazy danych lub jakimikolwiek skutkami zamiaru wyrz\u0105dzenia szkody Programowi i\/lub naszej stronie internetowej (naszym stronom internetowym).<\/p>\n<p>Nie udzielamy \u017cadnych wyra\u017anych ani dorozumianych gwarancji w odniesieniu do Programu i\/lub cz\u0142onkostwa lub produkt\u00f3w sprzedawanych przez Visa Indonesia. Nie twierdzimy, \u017ce dzia\u0142anie Programu i\/lub naszych stron internetowych b\u0119dzie wolne od b\u0142\u0119d\u00f3w i nie ponosimy odpowiedzialno\u015bci za jakiekolwiek przerwy lub b\u0142\u0119dy.<\/p>\n<h2>Okres obowi\u0105zywania umowy<\/h2>\n<p>Okres obowi\u0105zywania niniejszej Umowy rozpoczyna si\u0119 z chwil\u0105 przyj\u0119cia U\u017cytkownika do Programu i ko\u0144czy si\u0119 z chwil\u0105 zamkni\u0119cia konta Partnera.<\/p>\n<p>Warunki niniejszej umowy mog\u0105 zosta\u0107 zmienione przez nas w dowolnym momencie. Je\u015bli jakakolwiek modyfikacja warunk\u00f3w niniejszej Umowy jest dla u\u017cytkownika nie do zaakceptowania, jedynym wyborem jest zamkni\u0119cie konta Partnera. Dalsze uczestnictwo w Programie b\u0119dzie r\u00f3wnoznaczne z akceptacj\u0105 wszelkich zmian.<\/p>\n<h2>Odszkodowanie<\/h2>\n<p>Partner zwolni Visa Indonesia i jej sp\u00f3\u0142ki stowarzyszone i zale\u017cne, cz\u0142onk\u00f3w zarz\u0105du, dyrektor\u00f3w, pracownik\u00f3w, licencjobiorc\u00f3w, nast\u0119pc\u00f3w prawnych i cesjonariuszy, w tym osoby licencjonowane lub upowa\u017cnione przez Visa Indonesia do przesy\u0142ania i dystrybucji materia\u0142\u00f3w, z odpowiedzialno\u015bci za wszelkie zobowi\u0105zania, szkody, grzywny, wyroki, roszczenia, koszty, straty i wydatki (w tym uzasadnione op\u0142aty i koszty prawne) wynikaj\u0105ce z lub zwi\u0105zane z wszelkimi roszczeniami poniesionymi w zwi\u0105zku z niniejsz\u0105 Umow\u0105 z powodu zaniedbania, wprowadzenia w b\u0142\u0105d, nieujawnienia lub umy\u015blnego niew\u0142a\u015bciwego post\u0119powania Partnera.<\/p>\n<h2>Skuteczne podpisy elektroniczne<br \/>\n<\/h2>\n<p>Umowa jest umow\u0105 elektroniczn\u0105, kt\u00f3ra okre\u015bla prawnie wi\u0105\u017c\u0105ce warunki uczestnictwa w programie partnerskim Visa Indonesia. U\u017cytkownik akceptuje niniejsz\u0105 Umow\u0119 oraz wszystkie warunki w niej zawarte lub w niej przywo\u0142ane, wype\u0142niaj\u0105c wniosek Visa Indonesia. Ta czynno\u015b\u0107 tworzy podpis elektroniczny, kt\u00f3ry ma tak\u0105 sam\u0105 moc prawn\u0105 i skutek jak podpis odr\u0119czny.<\/p>","protected":false},"excerpt":{"rendered":"<p>Affiliate Terms of Use As an authorized affiliate of Visa Indonesia, you agree to abide by the terms and conditions contained in this Agreement. Please read the entire Agreement carefully before registering and promoting Visa Indonesia as an Affiliate. Your participation in the Program is solely to legally advertise our website to receive a commission [&hellip;]<\/p>\n","protected":false},"author":246,"featured_media":17310,"parent":0,"menu_order":0,"comment_status":"closed","ping_status":"closed","template":"","meta":{"_acf_changed":false,"site-sidebar-layout":"no-sidebar","site-content-layout":"page-builder","ast-site-content-layout":"normal-width-container","site-content-style":"unboxed","site-sidebar-style":"unboxed","ast-global-header-display":"","ast-banner-title-visibility":"","ast-main-header-display":"","ast-hfb-above-header-display":"","ast-hfb-below-header-display":"","ast-hfb-mobile-header-display":"","site-post-title":"disabled","ast-breadcrumbs-content":"","ast-featured-img":"disabled","footer-sml-layout":"","ast-disable-related-posts":"","theme-transparent-header-meta":"","adv-header-id-meta":"","stick-header-meta":"","header-above-stick-meta":"","header-main-stick-meta":"","header-below-stick-meta":"","astra-migrate-meta-layouts":"set","ast-page-background-enabled":"default","ast-page-background-meta":{"desktop":{"background-color":"","background-image":"","background-repeat":"repeat","background-position":"center center","background-size":"auto","background-attachment":"scroll","background-type":"","background-media":"","overlay-type":"","overlay-color":"","overlay-opacity":"","overlay-gradient":""},"tablet":{"background-color":"","background-image":"","background-repeat":"repeat","background-position":"center center","background-size":"auto","background-attachment":"scroll","background-type":"","background-media":"","overlay-type":"","overlay-color":"","overlay-opacity":"","overlay-gradient":""},"mobile":{"background-color":"","background-image":"","background-repeat":"repeat","background-position":"center center","background-size":"auto","background-attachment":"scroll","background-type":"","background-media":"","overlay-type":"","overlay-color":"","overlay-opacity":"","overlay-gradient":""}},"ast-content-background-meta":{"desktop":{"background-color":"var(--ast-global-color-5)","background-image":"","background-repeat":"repeat","background-position":"center center","background-size":"auto","background-attachment":"scroll","background-type":"","background-media":"","overlay-type":"","overlay-color":"","overlay-opacity":"","overlay-gradient":""},"tablet":{"background-color":"var(--ast-global-color-5)","background-image":"","background-repeat":"repeat","background-position":"center center","background-size":"auto","background-attachment":"scroll","background-type":"","background-media":"","overlay-type":"","overlay-color":"","overlay-opacity":"","overlay-gradient":""},"mobile":{"background-color":"var(--ast-global-color-5)","background-image":"","background-repeat":"repeat","background-position":"center center","background-size":"auto","background-attachment":"scroll","background-type":"","background-media":"","overlay-type":"","overlay-color":"","overlay-opacity":"","overlay-gradient":""}},"uix_meta_title":"","uix_meta_description":"","uix_canonical_url":"","footnotes":""},"class_list":["post-14181","page","type-page","status-publish","has-post-thumbnail","hentry"],"acf":[],"_links":{"self":[{"href":"https:\/\/visa-indonesia.com\/pl\/wp-json\/wp\/v2\/pages\/14181","targetHints":{"allow":["GET"]}}],"collection":[{"href":"https:\/\/visa-indonesia.com\/pl\/wp-json\/wp\/v2\/pages"}],"about":[{"href":"https:\/\/visa-indonesia.com\/pl\/wp-json\/wp\/v2\/types\/page"}],"author":[{"embeddable":true,"href":"https:\/\/visa-indonesia.com\/pl\/wp-json\/wp\/v2\/users\/246"}],"replies":[{"embeddable":true,"href":"https:\/\/visa-indonesia.com\/pl\/wp-json\/wp\/v2\/comments?post=14181"}],"version-history":[{"count":12,"href":"https:\/\/visa-indonesia.com\/pl\/wp-json\/wp\/v2\/pages\/14181\/revisions"}],"predecessor-version":[{"id":40302,"href":"https:\/\/visa-indonesia.com\/pl\/wp-json\/wp\/v2\/pages\/14181\/revisions\/40302"}],"wp:featuredmedia":[{"embeddable":true,"href":"https:\/\/visa-indonesia.com\/pl\/wp-json\/wp\/v2\/media\/17310"}],"wp:attachment":[{"href":"https:\/\/visa-indonesia.com\/pl\/wp-json\/wp\/v2\/media?parent=14181"}],"curies":[{"name":"wp","href":"https:\/\/api.w.org\/{rel}","templated":true}]}}