{"id":12618,"date":"2022-07-15T16:28:51","date_gmt":"2022-07-15T08:28:51","guid":{"rendered":"https:\/\/visa-indonesia.com\/?page_id=12618"},"modified":"2025-12-03T17:30:55","modified_gmt":"2025-12-03T09:30:55","slug":"polityka-zwrotow","status":"publish","type":"page","link":"https:\/\/visa-indonesia.com\/pl\/refund-policy\/","title":{"rendered":"Polityka zwrot\u00f3w"},"content":{"rendered":"<p>Naszym celem jest oferowanie najbardziej przyjaznej dla klienta polityki zwrot\u00f3w spo\u015br\u00f3d wszystkich agencji wizowych. Dlatego staramy si\u0119 zwraca\u0107 pieni\u0105dze, gdy tylko jest to mo\u017cliwe. Prosimy o zrozumienie, \u017ce nie mo\u017cemy dokona\u0107 zwrotu we wszystkich przypadkach. Przeczytaj poni\u017cej, aby dowiedzie\u0107 si\u0119 wi\u0119cej o szczeg\u00f3\u0142ach.<\/p>\n\n\n\n<h3 class=\"wp-block-heading\">Czy otrzymam pe\u0142ny zwrot pieni\u0119dzy, je\u015bli anuluj\u0119 zam\u00f3wienie?<\/h3>\n\n\n\n<p>Tak, w przypadku anulowania zam\u00f3wienia przed przes\u0142aniem danych do systemu imigracyjnego oferujemy pe\u0142ny zwrot koszt\u00f3w. Zwroty s\u0105 zazwyczaj przetwarzane w ci\u0105gu 2 dni roboczych.<\/p>\n\n\n\n<p>Je\u015bli anulujesz zam\u00f3wienie po przes\u0142aniu danych do systemu imigracyjnego, nie b\u0119dziemy w stanie zaoferowa\u0107 zwrotu pieni\u0119dzy.<\/p>\n\n\n\n<h3 class=\"wp-block-heading\">Czy otrzymam zwrot pieni\u0119dzy, je\u015bli m\u00f3j wniosek wizowy zostanie odrzucony?<\/h3>\n\n\n\n<p>Tak, je\u015bli pope\u0142nimy b\u0142\u0105d i wniosek zostanie odrzucony, zwr\u00f3cimy pieni\u0105dze. Jak dot\u0105d nie mieli\u015bmy przypadku, w kt\u00f3rym wiza zosta\u0142a odrzucona. Tak d\u0142ugo, jak wymagania s\u0105 spe\u0142nione, wiza powinna zosta\u0107 zatwierdzona. Zazwyczaj ponownie prze\u015blemy wniosek na w\u0142asny koszt, a Ty nadal otrzymasz wiz\u0119. Je\u015bli jednak zamiast tego zdecydujesz si\u0119 na zwrot pieni\u0119dzy, jest to r\u00f3wnie\u017c w porz\u0105dku.<\/p>\n\n\n\n<p>W przypadku, gdy powodem odrzucenia jest umieszczenie na czarnej li\u015bcie z powodu wcze\u015bniejszych narusze\u0144 indonezyjskiego prawa, nie b\u0119dziemy w stanie zwr\u00f3ci\u0107 p\u0142atno\u015bci. Jak dot\u0105d nie mieli\u015bmy \u017cadnego przypadku umieszczenia na czarnej li\u015bcie przez te wszystkie lata.<\/p>\n\n\n\n<p><strong>W skr\u00f3cie<\/strong>Je\u015bli pope\u0142nili\u015bmy b\u0142\u0105d, niew\u0142a\u015bciwie sprawdzaj\u0105c dokumenty, zwr\u00f3cimy kwot\u0119, je\u015bli zostanie z\u0142o\u017cony wniosek o zwrot pieni\u0119dzy. Je\u015bli wniosek zostanie odrzucony z powodu umieszczenia na czarnej li\u015bcie w Indonezji, nie mo\u017cemy dokona\u0107 zwrotu pieni\u0119dzy.&nbsp;<\/p>\n\n\n\n<h3 class=\"wp-block-heading\">Czy otrzymam zwrot pieni\u0119dzy, je\u015bli m\u00f3j wjazd zostanie odrzucony na granicy?<\/h3>\n\n\n\n<p>Je\u015bli pow\u00f3d odmowy wjazdu nie jest zwi\u0105zany z wiz\u0105, zazwyczaj nie zapewniamy zwrotu koszt\u00f3w. Oto najcz\u0119stsze powody, kt\u00f3re powoduj\u0105 problemy przy wje\u017adzie do Indonezji:<\/p>\n\n\n\n<ul class=\"wp-block-list\">\n<li>Paszport nie jest ju\u017c wa\u017cny przez 6 miesi\u0119cy<\/li>\n\n\n\n<li>Brak pustej strony w paszporcie<\/li>\n\n\n\n<li>Brak lotu powrotnego \/ biletu na dalsz\u0105 podr\u00f3\u017c<\/li>\n\n\n\n<li>Adres hotelu uleg\u0142 zmianie i jest inny ni\u017c podczas ubiegania si\u0119 o wiz\u0119 (zalecamy dokonanie w pe\u0142ni zwrotnej rezerwacji na stronie booking.com, je\u015bli zakwaterowanie nie zosta\u0142o jeszcze zarezerwowane podczas ubiegania si\u0119 o wiz\u0119).<\/li>\n\n\n\n<li>Nie jest to zwyk\u0142y paszport. Urz\u0119dnicy imigracyjni mog\u0105 sprawia\u0107 problemy osobom wje\u017cd\u017caj\u0105cym z paszportami tymczasowymi lub paszportami dla uchod\u017ac\u00f3w. W razie jakichkolwiek problem\u00f3w prosimy o kontakt telefoniczny, a my do\u0142o\u017cymy wszelkich stara\u0144, aby je rozwi\u0105za\u0107.<\/li>\n<\/ul>\n\n\n\n<h3 class=\"wp-block-heading\">Czy otrzymam zwrot pieni\u0119dzy, je\u015bli linia lotnicza odm\u00f3wi mi wej\u015bcia na pok\u0142ad podczas odprawy?<\/h3>\n\n\n\n<p>Je\u015bli linia lotnicza odm\u00f3wi odprawy, a pow\u00f3d nie jest zwi\u0105zany z wiz\u0105, zazwyczaj nie zwracamy pieni\u0119dzy. Skontaktuj si\u0119 z nami, je\u015bli nie jeste\u015b w stanie samodzielnie rozwi\u0105za\u0107 problemu z lini\u0105 lotnicz\u0105. Cz\u0119stym problemem jest brak biletu powrotnego lub biletu na dalsz\u0105 podr\u00f3\u017c. Niekt\u00f3re linie lotnicze nie s\u0105 na bie\u017c\u0105co z wymaganiami paszportowymi dla Indonezji. Je\u015bli nie akceptuj\u0105 one paszportu wraz z otrzyman\u0105 od nas wiz\u0105, zadzwo\u0144 do nas, a my skontaktujemy si\u0119 z lini\u0105 lotnicz\u0105.<\/p>\n\n\n\n<h3 class=\"wp-block-heading\">Kiedy otrzymam zwrot pieni\u0119dzy?<\/h3>\n\n\n\n<p>Staramy si\u0119 zwraca\u0107 pieni\u0105dze tak szybko, jak to mo\u017cliwe (zwykle w ci\u0105gu 2 dni roboczych). Jednak niekt\u00f3re banki lub karty kredytowe wymagaj\u0105 wi\u0119cej czasu na zaksi\u0119gowanie kwoty na koncie.<\/p>\n\n\n\n<h3 class=\"wp-block-heading\">Gdzie otrzymam zwrot pieni\u0119dzy?<\/h3>\n\n\n\n<p>Zwr\u00f3cimy kwot\u0119 na konto bankowe, kart\u0119 kredytow\u0105 lub portfel internetowy, z kt\u00f3rego wys\u0142ano pieni\u0105dze.<\/p>\n\n\n\n<p>W przypadku p\u0142atno\u015bci przez PayPal kwota zostanie automatycznie zwr\u00f3cona na konto PayPal. W przypadku p\u0142atno\u015bci kart\u0105 kredytow\u0105 kwota zostanie zwr\u00f3cona na kart\u0119. W przypadku p\u0142atno\u015bci przelewem bankowym poprosimy o podanie dok\u0142adnych danych bankowych.<\/p>\n\n\n\n<p><\/p>","protected":false},"excerpt":{"rendered":"<p>Our goal is to offer the most customer-friendly refund policy among all visa agencies. Therefore, we try to refund whenever possible. Please understand that we cannot refund in all cases. Please read below to learn more about the details. Will I receive a full refund if I cancel my order? Yes, if you cancel your [&hellip;]<\/p>\n","protected":false},"author":1,"featured_media":17305,"parent":0,"menu_order":0,"comment_status":"closed","ping_status":"closed","template":"","meta":{"_acf_changed":false,"site-sidebar-layout":"default","site-content-layout":"","ast-site-content-layout":"default","site-content-style":"default","site-sidebar-style":"default","ast-global-header-display":"","ast-banner-title-visibility":"","ast-main-header-display":"","ast-hfb-above-header-display":"","ast-hfb-below-header-display":"","ast-hfb-mobile-header-display":"","site-post-title":"","ast-breadcrumbs-content":"","ast-featured-img":"disabled","footer-sml-layout":"","ast-disable-related-posts":"","theme-transparent-header-meta":"","adv-header-id-meta":"","stick-header-meta":"","header-above-stick-meta":"","header-main-stick-meta":"","header-below-stick-meta":"","astra-migrate-meta-layouts":"set","ast-page-background-enabled":"default","ast-page-background-meta":{"desktop":{"background-color":"","background-image":"","background-repeat":"repeat","background-position":"center center","background-size":"auto","background-attachment":"scroll","background-type":"","background-media":"","overlay-type":"","overlay-color":"","overlay-opacity":"","overlay-gradient":""},"tablet":{"background-color":"","background-image":"","background-repeat":"repeat","background-position":"center center","background-size":"auto","background-attachment":"scroll","background-type":"","background-media":"","overlay-type":"","overlay-color":"","overlay-opacity":"","overlay-gradient":""},"mobile":{"background-color":"","background-image":"","background-repeat":"repeat","background-position":"center center","background-size":"auto","background-attachment":"scroll","background-type":"","background-media":"","overlay-type":"","overlay-color":"","overlay-opacity":"","overlay-gradient":""}},"ast-content-background-meta":{"desktop":{"background-color":"var(--ast-global-color-5)","background-image":"","background-repeat":"repeat","background-position":"center center","background-size":"auto","background-attachment":"scroll","background-type":"","background-media":"","overlay-type":"","overlay-color":"","overlay-opacity":"","overlay-gradient":""},"tablet":{"background-color":"var(--ast-global-color-5)","background-image":"","background-repeat":"repeat","background-position":"center center","background-size":"auto","background-attachment":"scroll","background-type":"","background-media":"","overlay-type":"","overlay-color":"","overlay-opacity":"","overlay-gradient":""},"mobile":{"background-color":"var(--ast-global-color-5)","background-image":"","background-repeat":"repeat","background-position":"center center","background-size":"auto","background-attachment":"scroll","background-type":"","background-media":"","overlay-type":"","overlay-color":"","overlay-opacity":"","overlay-gradient":""}},"uix_meta_title":"","uix_meta_description":"","uix_canonical_url":"","footnotes":""},"class_list":["post-12618","page","type-page","status-publish","has-post-thumbnail","hentry"],"acf":[],"_links":{"self":[{"href":"https:\/\/visa-indonesia.com\/pl\/wp-json\/wp\/v2\/pages\/12618","targetHints":{"allow":["GET"]}}],"collection":[{"href":"https:\/\/visa-indonesia.com\/pl\/wp-json\/wp\/v2\/pages"}],"about":[{"href":"https:\/\/visa-indonesia.com\/pl\/wp-json\/wp\/v2\/types\/page"}],"author":[{"embeddable":true,"href":"https:\/\/visa-indonesia.com\/pl\/wp-json\/wp\/v2\/users\/1"}],"replies":[{"embeddable":true,"href":"https:\/\/visa-indonesia.com\/pl\/wp-json\/wp\/v2\/comments?post=12618"}],"version-history":[{"count":15,"href":"https:\/\/visa-indonesia.com\/pl\/wp-json\/wp\/v2\/pages\/12618\/revisions"}],"predecessor-version":[{"id":36822,"href":"https:\/\/visa-indonesia.com\/pl\/wp-json\/wp\/v2\/pages\/12618\/revisions\/36822"}],"wp:featuredmedia":[{"embeddable":true,"href":"https:\/\/visa-indonesia.com\/pl\/wp-json\/wp\/v2\/media\/17305"}],"wp:attachment":[{"href":"https:\/\/visa-indonesia.com\/pl\/wp-json\/wp\/v2\/media?parent=12618"}],"curies":[{"name":"wp","href":"https:\/\/api.w.org\/{rel}","templated":true}]}}