{"id":30075,"date":"2025-01-25T02:57:43","date_gmt":"2025-01-24T18:57:43","guid":{"rendered":"https:\/\/visa-indonesia.com\/?post_type=product&#038;p=30075"},"modified":"2026-04-23T18:52:15","modified_gmt":"2026-04-23T10:52:15","slug":"forretningsvisum-med-flere-innreiser-indonesia","status":"publish","type":"product","link":"https:\/\/visa-indonesia.com\/nb\/service\/multiple-entry-business-visa-indonesia\/","title":{"rendered":"Forretningsvisum for flere innreiser (D2)"},"content":{"rendered":"","protected":false},"excerpt":{"rendered":"<p>Visumet for flere innreiser til Indonesia er spesielt egnet for\u00a0<strong>virksomhet<\/strong> personer som bes\u00f8ker Indonesia flere ganger og oppholder seg 60-180 dager under hvert bes\u00f8k. Dette visumet er gyldig for <strong>1 \u00e5r<\/strong>, <strong>2 \u00e5r<\/strong> eller <strong>5 \u00e5r<\/strong>. Innenfor dette visumets gyldighetsperiode kan du reise ut og inn av Indonesia s\u00e5 ofte du vil. Med dette visumet f\u00e5r du en oppholdstillatelse p\u00e5 60 dager ved hver innreise til Indonesia. I slutten av 2023 ble D2 gjort utvidbart, slik at du kan forlenge hvert bes\u00f8k i opptil 180 dager (60 dager om gangen). Et personlig bes\u00f8k p\u00e5 immigrasjonskontoret er p\u00e5krevd for alle forlengelser.<\/p>\n<p><strong>Visumet for flere innreiser til Indonesia er tilgjengelig for alle nasjonaliteter som er kvalifisert for C1-visum (tidligere 211A-visum).<\/strong><\/p>","protected":false},"featured_media":36595,"comment_status":"closed","ping_status":"closed","template":"","meta":{"_acf_changed":false,"site-sidebar-layout":"default","site-content-layout":"default","ast-site-content-layout":"default","site-content-style":"default","site-sidebar-style":"default","ast-global-header-display":"","ast-banner-title-visibility":"","ast-main-header-display":"","ast-hfb-above-header-display":"","ast-hfb-below-header-display":"","ast-hfb-mobile-header-display":"","site-post-title":"","ast-breadcrumbs-content":"","ast-featured-img":"","footer-sml-layout":"","ast-disable-related-posts":"","theme-transparent-header-meta":"default","adv-header-id-meta":"","stick-header-meta":"default","header-above-stick-meta":"","header-main-stick-meta":"","header-below-stick-meta":"","astra-migrate-meta-layouts":"set","ast-page-background-enabled":"default","ast-page-background-meta":{"desktop":{"background-color":"","background-image":"","background-repeat":"repeat","background-position":"center center","background-size":"auto","background-attachment":"scroll","background-type":"","background-media":"","overlay-type":"","overlay-color":"","overlay-opacity":"","overlay-gradient":""},"tablet":{"background-color":"","background-image":"","background-repeat":"repeat","background-position":"center center","background-size":"auto","background-attachment":"scroll","background-type":"","background-media":"","overlay-type":"","overlay-color":"","overlay-opacity":"","overlay-gradient":""},"mobile":{"background-color":"","background-image":"","background-repeat":"repeat","background-position":"center center","background-size":"auto","background-attachment":"scroll","background-type":"","background-media":"","overlay-type":"","overlay-color":"","overlay-opacity":"","overlay-gradient":""}},"ast-content-background-meta":{"desktop":{"background-color":"var(--ast-global-color-5)","background-image":"","background-repeat":"repeat","background-position":"center center","background-size":"auto","background-attachment":"scroll","background-type":"","background-media":"","overlay-type":"","overlay-color":"","overlay-opacity":"","overlay-gradient":""},"tablet":{"background-color":"var(--ast-global-color-5)","background-image":"","background-repeat":"repeat","background-position":"center center","background-size":"auto","background-attachment":"scroll","background-type":"","background-media":"","overlay-type":"","overlay-color":"","overlay-opacity":"","overlay-gradient":""},"mobile":{"background-color":"var(--ast-global-color-5)","background-image":"","background-repeat":"repeat","background-position":"center center","background-size":"auto","background-attachment":"scroll","background-type":"","background-media":"","overlay-type":"","overlay-color":"","overlay-opacity":"","overlay-gradient":""}},"uix_meta_title":"","uix_meta_description":"","uix_canonical_url":""},"product_brand":[],"product_cat":[35,1063],"product_tag":[181,182,295,296,297,624,625,782,783,784,785],"comparison_feature":[991,994,995,996,997,998,999,992,1000,1002,1001],"class_list":{"0":"post-30075","1":"product","2":"type-product","3":"status-publish","4":"has-post-thumbnail","6":"product_cat-visa-indonesia","7":"product_cat-multiple-entry-visas","8":"product_tag-business-visa-bali","9":"product_tag-business-visa-indonesia","10":"product_tag-government-visa-indonesia","11":"product_tag-multiple-entry-visa","12":"product_tag-d212","13":"product_tag-multiple-entry-visa-bali","14":"product_tag-multiple-entry-visa-indonesia","15":"product_tag-d2-visa-bali","16":"product_tag-d2-visa-indonesia","17":"product_tag-multiple-entry-indonesia","18":"product_tag-multiple-entry-bali","19":"comparison_feature-guaranteed_visa_approval","20":"comparison_feature-guaranteed-visa-delivery-before-departure","21":"comparison_feature-refunds-available","22":"comparison_feature-multiple-payment-options","23":"comparison_feature-personal-point-of-contact","24":"comparison_feature-support-that-puts-you-first","25":"comparison_feature-apply-anytime","26":"comparison_feature-ease_of_application","27":"comparison_feature-currencies-supported","28":"comparison_feature-payment-methods","29":"comparison_feature-average-response-time","30":"desktop-align-left","31":"tablet-align-left","32":"mobile-align-left","33":"ast-product-gallery-layout-horizontal-slider","34":"ast-product-gallery-with-no-image","35":"ast-magnify-disabled","36":"ast-product-single-variable","37":"ast-product-tabs-layout-horizontal","39":"first","40":"instock","41":"sale","42":"shipping-taxable","43":"purchasable","44":"product-type-variable","45":"has-default-attributes"},"acf":[],"_links":{"self":[{"href":"https:\/\/visa-indonesia.com\/nb\/wp-json\/wp\/v2\/product\/30075","targetHints":{"allow":["GET"]}}],"collection":[{"href":"https:\/\/visa-indonesia.com\/nb\/wp-json\/wp\/v2\/product"}],"about":[{"href":"https:\/\/visa-indonesia.com\/nb\/wp-json\/wp\/v2\/types\/product"}],"replies":[{"embeddable":true,"href":"https:\/\/visa-indonesia.com\/nb\/wp-json\/wp\/v2\/comments?post=30075"}],"wp:featuredmedia":[{"embeddable":true,"href":"https:\/\/visa-indonesia.com\/nb\/wp-json\/wp\/v2\/media\/36595"}],"wp:attachment":[{"href":"https:\/\/visa-indonesia.com\/nb\/wp-json\/wp\/v2\/media?parent=30075"}],"wp:term":[{"taxonomy":"product_brand","embeddable":true,"href":"https:\/\/visa-indonesia.com\/nb\/wp-json\/wp\/v2\/product_brand?post=30075"},{"taxonomy":"product_cat","embeddable":true,"href":"https:\/\/visa-indonesia.com\/nb\/wp-json\/wp\/v2\/product_cat?post=30075"},{"taxonomy":"product_tag","embeddable":true,"href":"https:\/\/visa-indonesia.com\/nb\/wp-json\/wp\/v2\/product_tag?post=30075"},{"taxonomy":"comparison_feature","embeddable":true,"href":"https:\/\/visa-indonesia.com\/nb\/wp-json\/wp\/v2\/comparison_feature?post=30075"}],"curies":[{"name":"wp","href":"https:\/\/api.w.org\/{rel}","templated":true}]}}