{"id":25042,"date":"2024-06-20T23:16:19","date_gmt":"2024-06-20T15:16:19","guid":{"rendered":"https:\/\/visa-indonesia.com\/?post_type=product&#038;p=25042"},"modified":"2026-04-23T18:52:19","modified_gmt":"2026-04-23T10:52:19","slug":"doner-til-villa-kitty","status":"publish","type":"product","link":"https:\/\/visa-indonesia.com\/nb\/service\/donate-to-villa-kitty\/","title":{"rendered":"Gi en gave til Villa Kitty"},"content":{"rendered":"","protected":false},"excerpt":{"rendered":"<p>Villa Kitty Foundation, som ble grunnlagt i 2009, er et fristed for Balis forlatte katter og kattunger. Siden etableringen i 2011 har internatet utvidet til 3 500 kvadratmeter i Banjar Tegal Bingin, Mas. Her tilbys medisinsk behandling, omsorgsfulle omgivelser og adopsjonsmuligheter for katter og hunder. Villa Kitty arrangerer ogs\u00e5 utdanningsprogrammer, arrangementer i lokalsamfunnet og veganske lunsjer for \u00e5 fremme dyrevelferd og knytte b\u00e5nd mellom dyr og mennesker. Stiftelsen utvider kontinuerlig sine fasiliteter og tjenester for \u00e5 sikre en lysere fremtid for Balis kattebeboere.<\/p>","protected":false},"featured_media":25045,"comment_status":"closed","ping_status":"closed","template":"","meta":{"_acf_changed":false,"site-sidebar-layout":"default","site-content-layout":"","ast-site-content-layout":"default","site-content-style":"default","site-sidebar-style":"default","ast-global-header-display":"","ast-banner-title-visibility":"","ast-main-header-display":"","ast-hfb-above-header-display":"","ast-hfb-below-header-display":"","ast-hfb-mobile-header-display":"","site-post-title":"","ast-breadcrumbs-content":"","ast-featured-img":"","footer-sml-layout":"","ast-disable-related-posts":"","theme-transparent-header-meta":"default","adv-header-id-meta":"","stick-header-meta":"","header-above-stick-meta":"","header-main-stick-meta":"","header-below-stick-meta":"","astra-migrate-meta-layouts":"set","ast-page-background-enabled":"default","ast-page-background-meta":{"desktop":{"background-color":"","background-image":"","background-repeat":"repeat","background-position":"center center","background-size":"auto","background-attachment":"scroll","background-type":"","background-media":"","overlay-type":"","overlay-color":"","overlay-opacity":"","overlay-gradient":""},"tablet":{"background-color":"","background-image":"","background-repeat":"repeat","background-position":"center center","background-size":"auto","background-attachment":"scroll","background-type":"","background-media":"","overlay-type":"","overlay-color":"","overlay-opacity":"","overlay-gradient":""},"mobile":{"background-color":"","background-image":"","background-repeat":"repeat","background-position":"center center","background-size":"auto","background-attachment":"scroll","background-type":"","background-media":"","overlay-type":"","overlay-color":"","overlay-opacity":"","overlay-gradient":""}},"ast-content-background-meta":{"desktop":{"background-color":"var(--ast-global-color-5)","background-image":"","background-repeat":"repeat","background-position":"center center","background-size":"auto","background-attachment":"scroll","background-type":"","background-media":"","overlay-type":"","overlay-color":"","overlay-opacity":"","overlay-gradient":""},"tablet":{"background-color":"var(--ast-global-color-5)","background-image":"","background-repeat":"repeat","background-position":"center center","background-size":"auto","background-attachment":"scroll","background-type":"","background-media":"","overlay-type":"","overlay-color":"","overlay-opacity":"","overlay-gradient":""},"mobile":{"background-color":"var(--ast-global-color-5)","background-image":"","background-repeat":"repeat","background-position":"center center","background-size":"auto","background-attachment":"scroll","background-type":"","background-media":"","overlay-type":"","overlay-color":"","overlay-opacity":"","overlay-gradient":""}},"uix_meta_title":"","uix_meta_description":"","uix_canonical_url":""},"product_brand":[],"product_cat":[391],"product_tag":[],"comparison_feature":[],"class_list":{"0":"post-25042","1":"product","2":"type-product","3":"status-publish","4":"has-post-thumbnail","6":"product_cat-donation","7":"desktop-align-left","8":"tablet-align-left","9":"mobile-align-left","10":"ast-product-gallery-layout-horizontal-slider","11":"ast-product-gallery-with-no-image","12":"ast-magnify-disabled","13":"ast-product-tabs-layout-horizontal","15":"first","16":"instock","17":"sold-individually","18":"shipping-taxable","19":"purchasable","20":"product-type-simple"},"acf":[],"_links":{"self":[{"href":"https:\/\/visa-indonesia.com\/nb\/wp-json\/wp\/v2\/product\/25042","targetHints":{"allow":["GET"]}}],"collection":[{"href":"https:\/\/visa-indonesia.com\/nb\/wp-json\/wp\/v2\/product"}],"about":[{"href":"https:\/\/visa-indonesia.com\/nb\/wp-json\/wp\/v2\/types\/product"}],"replies":[{"embeddable":true,"href":"https:\/\/visa-indonesia.com\/nb\/wp-json\/wp\/v2\/comments?post=25042"}],"wp:featuredmedia":[{"embeddable":true,"href":"https:\/\/visa-indonesia.com\/nb\/wp-json\/wp\/v2\/media\/25045"}],"wp:attachment":[{"href":"https:\/\/visa-indonesia.com\/nb\/wp-json\/wp\/v2\/media?parent=25042"}],"wp:term":[{"taxonomy":"product_brand","embeddable":true,"href":"https:\/\/visa-indonesia.com\/nb\/wp-json\/wp\/v2\/product_brand?post=25042"},{"taxonomy":"product_cat","embeddable":true,"href":"https:\/\/visa-indonesia.com\/nb\/wp-json\/wp\/v2\/product_cat?post=25042"},{"taxonomy":"product_tag","embeddable":true,"href":"https:\/\/visa-indonesia.com\/nb\/wp-json\/wp\/v2\/product_tag?post=25042"},{"taxonomy":"comparison_feature","embeddable":true,"href":"https:\/\/visa-indonesia.com\/nb\/wp-json\/wp\/v2\/comparison_feature?post=25042"}],"curies":[{"name":"wp","href":"https:\/\/api.w.org\/{rel}","templated":true}]}}