{"id":24796,"date":"2024-06-13T09:47:57","date_gmt":"2024-06-13T01:47:57","guid":{"rendered":"https:\/\/visa-indonesia.com\/?post_type=product&#038;p=24796"},"modified":"2026-05-03T13:59:45","modified_gmt":"2026-05-03T05:59:45","slug":"forretningsvisum-indonesia","status":"publish","type":"product","link":"https:\/\/visa-indonesia.com\/nb\/service\/business-visa-indonesia\/","title":{"rendered":"Forretningsvisum Indonesia (C2)"},"content":{"rendered":"<p>C2 Business Visa er et visum for \u00e9n enkelt innreise. Det er spesielt utformet for \u00e5 delta p\u00e5 forretningsm\u00f8ter (C2). Dette visumet kan bare s\u00f8kes om fra utenfor Indonesia. Fra det er utstedt, er det gyldig i 90 dager, noe som betyr at du m\u00e5 reise inn i Indonesia i l\u00f8pet av denne perioden, ellers blir visumet ugyldig. Ved innreise er visumet gyldig i 60 dager. Det kan forlenges to ganger med ytterligere 60 dager hver, noe som gir en maksimal oppholdstid p\u00e5 180 dager (60 dager ved f\u00f8rste innreise pluss 2 ganger 60 dagers forlengelse). Dette visumet for enkel innreise kan konverteres til en annen visumtype (for eksempel <a href=\"https:\/\/visa-indonesia.com\/nb\/tjenestekategori\/kitas-indonesia\/\">KITAS<\/a>) uten \u00e5 forlate Indonesia.<\/p>","protected":false},"excerpt":{"rendered":"<p>60-dagers enkeltinnleggelse <strong>Forretningsvisum Indonesia (C2)<\/strong> er egnet for alle som reiser til Bali eller andre steder i Indonesia i forretnings\u00f8yemed. Dette visumet er spesielt beregnet p\u00e5 deltakelse i forretningsm\u00f8ter og forretningsrelaterte aktiviteter.<\/p>\n<p>Det f\u00f8rste visumet er gyldig i 60 dager og kan forlenges to ganger med ytterligere 60 dager hver, slik at du maksimalt kan oppholde deg i 180 dager (60 dager f\u00f8rste gang pluss 2 ganger 60 dagers forlengelse). Du kan kj\u00f8pe visumforlengelse(r) sammen med visumet ditt eller bestille forlengelsene separat senere. Forlengelsesprosessen vil v\u00e6re den samme.<\/p>\n<p><strong>Det er viktig:<\/strong> Et personlig bes\u00f8k p\u00e5 utlendingskontoret er n\u00f8dvendig for alle forlengelser.<\/p>\n<p><strong>H\u00f8r etter:<\/strong> Det er ikke lenger mulig \u00e5 s\u00f8ke om C2-visum p\u00e5 land. Dette betyr at du m\u00e5 s\u00f8ke om forretningsvisum utenfor Indonesia. Ta kontakt med oss tidlig hvis du planlegger \u00e5 fly ut og komme tilbake med et nytt C2-visum for \u00e5 gj\u00f8re prosessen s\u00e5 smidig som mulig.<\/p>","protected":false},"featured_media":28983,"comment_status":"closed","ping_status":"closed","template":"","meta":{"_acf_changed":false,"site-sidebar-layout":"default","site-content-layout":"default","ast-site-content-layout":"default","site-content-style":"default","site-sidebar-style":"default","ast-global-header-display":"","ast-banner-title-visibility":"","ast-main-header-display":"","ast-hfb-above-header-display":"","ast-hfb-below-header-display":"","ast-hfb-mobile-header-display":"","site-post-title":"","ast-breadcrumbs-content":"","ast-featured-img":"","footer-sml-layout":"","ast-disable-related-posts":"","theme-transparent-header-meta":"default","adv-header-id-meta":"","stick-header-meta":"default","header-above-stick-meta":"","header-main-stick-meta":"","header-below-stick-meta":"","astra-migrate-meta-layouts":"set","ast-page-background-enabled":"default","ast-page-background-meta":{"desktop":{"background-color":"","background-image":"","background-repeat":"repeat","background-position":"center center","background-size":"auto","background-attachment":"scroll","background-type":"","background-media":"","overlay-type":"","overlay-color":"","overlay-opacity":"","overlay-gradient":""},"tablet":{"background-color":"","background-image":"","background-repeat":"repeat","background-position":"center center","background-size":"auto","background-attachment":"scroll","background-type":"","background-media":"","overlay-type":"","overlay-color":"","overlay-opacity":"","overlay-gradient":""},"mobile":{"background-color":"","background-image":"","background-repeat":"repeat","background-position":"center center","background-size":"auto","background-attachment":"scroll","background-type":"","background-media":"","overlay-type":"","overlay-color":"","overlay-opacity":"","overlay-gradient":""}},"ast-content-background-meta":{"desktop":{"background-color":"var(--ast-global-color-5)","background-image":"","background-repeat":"repeat","background-position":"center center","background-size":"auto","background-attachment":"scroll","background-type":"","background-media":"","overlay-type":"","overlay-color":"","overlay-opacity":"","overlay-gradient":""},"tablet":{"background-color":"var(--ast-global-color-5)","background-image":"","background-repeat":"repeat","background-position":"center center","background-size":"auto","background-attachment":"scroll","background-type":"","background-media":"","overlay-type":"","overlay-color":"","overlay-opacity":"","overlay-gradient":""},"mobile":{"background-color":"var(--ast-global-color-5)","background-image":"","background-repeat":"repeat","background-position":"center center","background-size":"auto","background-attachment":"scroll","background-type":"","background-media":"","overlay-type":"","overlay-color":"","overlay-opacity":"","overlay-gradient":""}},"uix_meta_title":"","uix_meta_description":"","uix_canonical_url":""},"product_brand":[],"product_cat":[35,1062],"product_tag":[181,182,572,576,577,578,579,580,583,585,586,589,591,593,594,595,596,598,599,600,602,603,606,607,610,611,612,843],"comparison_feature":[991,994,995,996,997,998,999,992,1000,1002,1001],"class_list":{"0":"post-24796","1":"product","2":"type-product","3":"status-publish","4":"has-post-thumbnail","6":"product_cat-visa-indonesia","7":"product_cat-single-entry-visas","8":"product_tag-business-visa-bali","9":"product_tag-business-visa-indonesia","10":"product_tag-indonesia-business-visa-online-application","11":"product_tag-indonesia-business-visa-requirements","12":"product_tag-apply-indonesia-business-visa","13":"product_tag-bali-business-visa-cost","14":"product_tag-bali-business-visa-requirements","15":"product_tag-bali-visa-business","16":"product_tag-business-visa-211a-indonesia","17":"product_tag-business-visa-bali-indonesia","18":"product_tag-business-visa-bali-price","19":"product_tag-business-visa-indonesia-cost","20":"product_tag-business-visa-indonesia-price","21":"product_tag-business-visa-requirements-for-indonesia","22":"product_tag-business-visa-to-bali","23":"product_tag-business-visit-visa-indonesia","24":"product_tag-indonesia-business-visa-application","25":"product_tag-indonesia-business-visa-b211a","26":"product_tag-indonesia-business-visa-cost","27":"product_tag-indonesia-business-visa-fee","28":"product_tag-indonesia-business-visa-for-singaporean","29":"product_tag-indonesia-business-visa-for-us-citizens","30":"product_tag-indonesia-business-visa-price","31":"product_tag-indonesia-business-visa-processing-time","32":"product_tag-indonesia-single-entry-business-visa","33":"product_tag-single-business-visa-indonesia","34":"product_tag-single-entry-business-visa-indonesia","35":"product_tag-indonesia-business-visa-singapore","36":"comparison_feature-guaranteed_visa_approval","37":"comparison_feature-guaranteed-visa-delivery-before-departure","38":"comparison_feature-refunds-available","39":"comparison_feature-multiple-payment-options","40":"comparison_feature-personal-point-of-contact","41":"comparison_feature-support-that-puts-you-first","42":"comparison_feature-apply-anytime","43":"comparison_feature-ease_of_application","44":"comparison_feature-currencies-supported","45":"comparison_feature-payment-methods","46":"comparison_feature-average-response-time","47":"desktop-align-left","48":"tablet-align-left","49":"mobile-align-left","50":"ast-product-gallery-layout-horizontal-slider","51":"ast-product-gallery-with-no-image","52":"ast-magnify-disabled","53":"ast-product-single-variable","54":"ast-product-tabs-layout-horizontal","56":"first","57":"instock","58":"sale","59":"featured","60":"shipping-taxable","61":"purchasable","62":"product-type-variable","63":"has-default-attributes"},"acf":[],"_links":{"self":[{"href":"https:\/\/visa-indonesia.com\/nb\/wp-json\/wp\/v2\/product\/24796","targetHints":{"allow":["GET"]}}],"collection":[{"href":"https:\/\/visa-indonesia.com\/nb\/wp-json\/wp\/v2\/product"}],"about":[{"href":"https:\/\/visa-indonesia.com\/nb\/wp-json\/wp\/v2\/types\/product"}],"replies":[{"embeddable":true,"href":"https:\/\/visa-indonesia.com\/nb\/wp-json\/wp\/v2\/comments?post=24796"}],"wp:featuredmedia":[{"embeddable":true,"href":"https:\/\/visa-indonesia.com\/nb\/wp-json\/wp\/v2\/media\/28983"}],"wp:attachment":[{"href":"https:\/\/visa-indonesia.com\/nb\/wp-json\/wp\/v2\/media?parent=24796"}],"wp:term":[{"taxonomy":"product_brand","embeddable":true,"href":"https:\/\/visa-indonesia.com\/nb\/wp-json\/wp\/v2\/product_brand?post=24796"},{"taxonomy":"product_cat","embeddable":true,"href":"https:\/\/visa-indonesia.com\/nb\/wp-json\/wp\/v2\/product_cat?post=24796"},{"taxonomy":"product_tag","embeddable":true,"href":"https:\/\/visa-indonesia.com\/nb\/wp-json\/wp\/v2\/product_tag?post=24796"},{"taxonomy":"comparison_feature","embeddable":true,"href":"https:\/\/visa-indonesia.com\/nb\/wp-json\/wp\/v2\/comparison_feature?post=24796"}],"curies":[{"name":"wp","href":"https:\/\/api.w.org\/{rel}","templated":true}]}}