{"id":14870,"date":"2022-11-03T22:33:17","date_gmt":"2022-11-03T14:33:17","guid":{"rendered":"https:\/\/visa-indonesia.com\/?page_id=14870"},"modified":"2025-02-17T20:32:16","modified_gmt":"2025-02-17T12:32:16","slug":"ansvarsfraskrivelse","status":"publish","type":"page","link":"https:\/\/visa-indonesia.com\/nb\/disclaimer\/","title":{"rendered":"Ansvarsfraskrivelse"},"content":{"rendered":"<h1>Ansvarsfraskrivelse p\u00e5 nettstedet<\/h1>\n<p>Informasjonen som gis av Visa Indonesia (\"vi\", \"oss\" eller \"v\u00e5r\") p\u00e5\u00a0<a href=\"https:\/\/visa-indonesia.com\/nb\/\" data-custom-class=\"link\">https:\/\/visa-indonesia.com<\/a> (\"Nettstedet\") er kun ment for generelle informasjonsform\u00e5l. All informasjon p\u00e5 nettstedet er gitt i god tro. Vi gir imidlertid ingen garantier av noe slag, verken uttrykkelig eller underforst\u00e5tt, med hensyn til n\u00f8yaktigheten, tilstrekkeligheten, gyldigheten, p\u00e5liteligheten, tilgjengeligheten eller fullstendigheten av informasjonen p\u00e5 nettstedet. VI SKAL UNDER INGEN OMSTENDIGHETER HA NOE ANSVAR OVERFOR DEG FOR TAP ELLER SKADE AV NOE SLAG SOM OPPST\u00c5R SOM F\u00d8LGE AV BRUK AV NETTSTEDET ELLER TILLIT TIL INFORMASJON SOM GIS P\u00c5 NETTSTEDET. DIN BRUK AV NETTSTEDET OG DIN TILLIT TIL INFORMASJON P\u00c5 NETTSTEDET SKJER UTELUKKENDE P\u00c5 EGEN RISIKO.<\/p>\n<h2>Ansvarsfraskrivelse for eksterne lenker<\/h2>\n<p>Nettstedet kan inneholde (eller du kan bli sendt via nettstedet) lenker til andre nettsteder eller innhold som tilh\u00f8rer eller stammer fra tredjeparter, eller lenker til nettsteder og funksjoner i bannere eller annen reklame. Slike eksterne lenker er ikke unders\u00f8kt, overv\u00e5ket eller kontrollert for n\u00f8yaktighet, tilstrekkelighet, gyldighet, p\u00e5litelighet, tilgjengelighet eller fullstendighet av oss. VI GARANTERER IKKE, ST\u00d8TTER, GARANTERER ELLER P\u00c5TAR OSS ANSVAR FOR N\u00d8YAKTIGHETEN ELLER P\u00c5LITELIGHETEN TIL INFORMASJON SOM TILBYS AV TREDJEPARTS NETTSTEDER SOM ER LENKET TIL VIA NETTSTEDET, ELLER NETTSTEDER ELLER FUNKSJONER SOM ER LENKET TIL I BANNERE ELLER ANNEN REKLAME. VI VIL IKKE V\u00c6RE EN PART I ELLER P\u00c5 NOEN M\u00c5TE V\u00c6RE ANSVARLIGE FOR \u00c5 OVERV\u00c5KE TRANSAKSJONER MELLOM DEG OG TREDJEPARTSLEVERAND\u00d8RER AV PRODUKTER ELLER TJENESTER.<\/p>\n<h2>Profesjonell ansvarsfraskrivelse<\/h2>\n<p>Nettstedet kan ikke og inneholder ikke juridisk r\u00e5dgivning. Den juridiske informasjonen er kun ment som generell informasjon og oppl\u00e6ring, og er ikke en erstatning for profesjonell r\u00e5dgivning. Vi oppfordrer deg derfor til \u00e5 r\u00e5df\u00f8re deg med relevante fagpersoner f\u00f8r du foretar deg noe p\u00e5 grunnlag av slik informasjon. Vi gir ikke noen form for juridisk r\u00e5dgivning. BRUK AV ELLER TILLIT TIL INFORMASJON P\u00c5 NETTSTEDET SKJER UTELUKKENDE P\u00c5 EGEN RISIKO.<\/p>\n<h2>Ansvarsfraskrivelse for attester<\/h2>\n<p data-custom-class=\"body_text\">Nettstedet kan inneholde uttalelser fra brukere av v\u00e5re produkter og\/eller tjenester. Disse uttalelsene gjenspeiler brukernes erfaringer og meninger fra det virkelige liv. Erfaringene er imidlertid personlige for disse brukerne, og er ikke n\u00f8dvendigvis representative for alle brukere av v\u00e5re produkter og\/eller tjenester. Vi hevder ikke, og du b\u00f8r ikke anta, at alle brukere vil ha de samme erfaringene. DINE INDIVIDUELLE RESULTATER KAN VARIERE.<\/p>\n<p data-custom-class=\"body_text\">Uttalelsene p\u00e5 nettstedet sendes inn i ulike former, for eksempel tekst, lyd og\/eller video, og blir gjennomg\u00e5tt av oss f\u00f8r de legges ut. De vises p\u00e5 nettstedet ordrett slik de er gitt av brukerne, med unntak av korrigering av grammatikk- eller skrivefeil. Noen av uttalelsene kan ha blitt forkortet for \u00e5 gj\u00f8re det kortfattet, dersom den fullstendige uttalelsen inneholdt uvesentlig informasjon som ikke er relevant for allmennheten.<\/p>\n<p data-custom-class=\"body_text\">Synspunktene og meningene i uttalelsene tilh\u00f8rer utelukkende den enkelte bruker og gjenspeiler ikke v\u00e5re synspunkter og meninger. Vi er ikke tilknyttet brukere som avgir uttalelser, og brukerne f\u00e5r ikke betalt eller p\u00e5 annen m\u00e5te kompensert for sine uttalelser.<\/p>","protected":false},"excerpt":{"rendered":"<p>Website Disclaimer The information provided by\u00a0Visa Indonesia (&#8220;we,&#8221; &#8220;us,&#8221; or &#8220;our&#8221;) on\u00a0https:\/\/visa-indonesia.com (the\u00a0&#8220;Site&#8221;)\u00a0is for general informational purposes only. All information on the Site is provided in good faith. However, we make no representation or warranty of any kind, express or implied, regarding the accuracy, adequacy, validity, reliability, availability, or completeness of any information on the [&hellip;]<\/p>\n","protected":false},"author":1,"featured_media":17314,"parent":0,"menu_order":0,"comment_status":"closed","ping_status":"closed","template":"elementor_theme","meta":{"_acf_changed":false,"site-sidebar-layout":"no-sidebar","site-content-layout":"page-builder","ast-site-content-layout":"full-width-container","site-content-style":"unboxed","site-sidebar-style":"unboxed","ast-global-header-display":"","ast-banner-title-visibility":"","ast-main-header-display":"","ast-hfb-above-header-display":"","ast-hfb-below-header-display":"","ast-hfb-mobile-header-display":"","site-post-title":"disabled","ast-breadcrumbs-content":"","ast-featured-img":"disabled","footer-sml-layout":"","ast-disable-related-posts":"","theme-transparent-header-meta":"","adv-header-id-meta":"","stick-header-meta":"","header-above-stick-meta":"","header-main-stick-meta":"","header-below-stick-meta":"","astra-migrate-meta-layouts":"set","ast-page-background-enabled":"default","ast-page-background-meta":{"desktop":{"background-color":"","background-image":"","background-repeat":"repeat","background-position":"center center","background-size":"auto","background-attachment":"scroll","background-type":"","background-media":"","overlay-type":"","overlay-color":"","overlay-opacity":"","overlay-gradient":""},"tablet":{"background-color":"","background-image":"","background-repeat":"repeat","background-position":"center center","background-size":"auto","background-attachment":"scroll","background-type":"","background-media":"","overlay-type":"","overlay-color":"","overlay-opacity":"","overlay-gradient":""},"mobile":{"background-color":"","background-image":"","background-repeat":"repeat","background-position":"center center","background-size":"auto","background-attachment":"scroll","background-type":"","background-media":"","overlay-type":"","overlay-color":"","overlay-opacity":"","overlay-gradient":""}},"ast-content-background-meta":{"desktop":{"background-color":"var(--ast-global-color-5)","background-image":"","background-repeat":"repeat","background-position":"center center","background-size":"auto","background-attachment":"scroll","background-type":"","background-media":"","overlay-type":"","overlay-color":"","overlay-opacity":"","overlay-gradient":""},"tablet":{"background-color":"var(--ast-global-color-5)","background-image":"","background-repeat":"repeat","background-position":"center center","background-size":"auto","background-attachment":"scroll","background-type":"","background-media":"","overlay-type":"","overlay-color":"","overlay-opacity":"","overlay-gradient":""},"mobile":{"background-color":"var(--ast-global-color-5)","background-image":"","background-repeat":"repeat","background-position":"center center","background-size":"auto","background-attachment":"scroll","background-type":"","background-media":"","overlay-type":"","overlay-color":"","overlay-opacity":"","overlay-gradient":""}},"uix_meta_title":"","uix_meta_description":"","uix_canonical_url":"","footnotes":""},"class_list":["post-14870","page","type-page","status-publish","has-post-thumbnail","hentry"],"acf":[],"_links":{"self":[{"href":"https:\/\/visa-indonesia.com\/nb\/wp-json\/wp\/v2\/pages\/14870","targetHints":{"allow":["GET"]}}],"collection":[{"href":"https:\/\/visa-indonesia.com\/nb\/wp-json\/wp\/v2\/pages"}],"about":[{"href":"https:\/\/visa-indonesia.com\/nb\/wp-json\/wp\/v2\/types\/page"}],"author":[{"embeddable":true,"href":"https:\/\/visa-indonesia.com\/nb\/wp-json\/wp\/v2\/users\/1"}],"replies":[{"embeddable":true,"href":"https:\/\/visa-indonesia.com\/nb\/wp-json\/wp\/v2\/comments?post=14870"}],"version-history":[{"count":14,"href":"https:\/\/visa-indonesia.com\/nb\/wp-json\/wp\/v2\/pages\/14870\/revisions"}],"predecessor-version":[{"id":30575,"href":"https:\/\/visa-indonesia.com\/nb\/wp-json\/wp\/v2\/pages\/14870\/revisions\/30575"}],"wp:featuredmedia":[{"embeddable":true,"href":"https:\/\/visa-indonesia.com\/nb\/wp-json\/wp\/v2\/media\/17314"}],"wp:attachment":[{"href":"https:\/\/visa-indonesia.com\/nb\/wp-json\/wp\/v2\/media?parent=14870"}],"curies":[{"name":"wp","href":"https:\/\/api.w.org\/{rel}","templated":true}]}}