{"id":14181,"date":"2022-09-22T14:11:34","date_gmt":"2022-09-22T06:11:34","guid":{"rendered":"https:\/\/visa-indonesia.com\/?page_id=14181"},"modified":"2025-12-03T17:26:46","modified_gmt":"2025-12-03T09:26:46","slug":"vilkar-for-bruk-av-affiliateprogrammet","status":"publish","type":"page","link":"https:\/\/visa-indonesia.com\/nb\/affiliate-program-terms-of-use\/","title":{"rendered":"Vilk\u00e5r for bruk av affiliateprogrammet"},"content":{"rendered":"<h1>Vilk\u00e5r for bruk av tilknyttede selskaper<br \/>\n<\/h1>\n<p>Som autorisert affiliate for Visa Indonesia, samtykker du i \u00e5 overholde vilk\u00e5rene og betingelsene i denne avtalen. Vennligst les hele avtalen n\u00f8ye f\u00f8r du registrerer deg og markedsf\u00f8rer Visa Indonesia som en affiliate.<\/p>\n<p>Din deltakelse i programmet er utelukkende for \u00e5 lovlig annonsere v\u00e5r nettside for \u00e5 motta en provisjon p\u00e5 medlemskap og produkter kj\u00f8pt av personer som er henvist til Visa Indonesia via din egen nettside eller personlige henvisninger.<\/p>\n<p>Ved \u00e5 registrere deg for <a href=\"https:\/\/visa-indonesia.com\/nb\/visum-og-regelverk\/alt-du-trenger-a-vite-om-indonesia-bridging-visum\/\"  data-wpil-monitor-id=\"17\">Visa Indonesia<\/a> Affiliate-programmet, aksepterer du denne avtalen og dens vilk\u00e5r og betingelser.<\/p>\n<h2>Godkjenning eller avslag p\u00e5 s\u00f8knaden<br \/>\n<\/h2>\n<p>Vi forbeholder oss retten til \u00e5 godkjenne eller avvise enhver s\u00f8knad om affiliateprogram etter eget skj\u00f8nn. Du vil ikke ha noen rettslig klageadgang mot oss for avvisning av din s\u00f8knad om affiliateprogram.<\/p>\n<h2>Kommisjoner<\/h2>\n<p>Provisjoner utbetales \u00e9n gang i m\u00e5neden. For at en affiliate skal motta provisjon, m\u00e5 den henviste kontoen v\u00e6re aktiv i minst 31 dager.<\/p>\n<p>Du kan ikke henvise deg selv, og du vil ikke motta provisjon p\u00e5 dine egne kontoer.<\/p>\n<p>Betalinger vil kun bli sendt for transaksjoner som er fullf\u00f8rt. Transaksjoner som resulterer i tilbakef\u00f8ringer eller refusjoner, vil ikke bli utbetalt.<\/p>\n<h2>Oppsigelse<\/h2>\n<p>Din s\u00f8knad og status som affiliate i programmet kan suspenderes eller avsluttes av en av f\u00f8lgende \u00e5rsaker:<\/p>\n<ul>\n<li>Upassende reklame (falske p\u00e5stander, villedende hyperkoblinger osv.).<\/li>\n<li>Spamming (masseutsendelse av e-post, masseposting i nyhetsgrupper osv.).<\/li>\n<li>Annonsering p\u00e5 nettsteder som inneholder eller fremmer ulovlige aktiviteter.<\/li>\n<li>Unnlatelse av \u00e5 opplyse om affiliateforholdet for enhver kampanje som kvalifiserer som en anbefaling i henhold til eksisterende retningslinjer og forskrifter fra Federal Trade Commission eller gjeldende delstatslover.<\/li>\n<li>Brudd p\u00e5 immaterielle rettigheter. Visum <a href=\"https:\/\/visa-indonesia.com\/nb\/bali-innreisekrav\/\"  data-wpil-monitor-id=\"27\">Indonesia forbeholder seg retten til \u00e5 kreve<\/a> lisensavtaler fra de som bruker Visa Indonesias varemerker for \u00e5 beskytte v\u00e5re immaterielle rettigheter.<\/li>\n<li>Tilby rabatter, kuponger eller andre former for lovede tilbakebetalinger fra din affiliateprovisjon som et insentiv. Det er imidlertid akseptabelt \u00e5 legge til bonuser eller pakke andre produkter med Visa Indonesia.<\/li>\n<li>Selvhenvisninger, falske transaksjoner, mistanke om svindel hos tilknyttede selskaper.<\/li>\n<\/ul>\n<p>I tillegg til det foreg\u00e5ende forbeholder Visa Indonesia seg retten til \u00e5 avslutte enhver tilknyttet konto n\u00e5r som helst, for brudd p\u00e5 denne avtalen eller uten grunn.<\/p>\n<h2>Tilknyttede lenker<\/h2>\n<p>Du kan bruke grafiske og tekstlige lenker b\u00e5de p\u00e5 nettstedet ditt og i e-postmeldinger. Du kan ogs\u00e5 annonsere for Visa Indonesia-nettstedet i rubrikkannonser p\u00e5 og utenfor nettet, i magasiner og aviser.<\/p>\n<p>Du kan bruke grafikken og teksten som vi har levert, eller du kan lage din egen, s\u00e5 lenge den anses som passende i henhold til vilk\u00e5rene og ikke er i strid med det som er beskrevet i avsnittet om oppsigelse.<\/p>\n<h2>Kupong- og tilbudssider<\/h2>\n<p>Visa Indonesia tilbyr av og til kuponger til utvalgte samarbeidspartnere og til v\u00e5re nyhetsbrevabonnenter. Hvis du ikke er forh\u00e5ndsgodkjent\/tildelt en merkevarekupong, har du ikke lov til \u00e5 markedsf\u00f8re kupongen. Nedenfor finner du vilk\u00e5rene som gjelder for alle samarbeidspartnere som vurderer \u00e5 markedsf\u00f8re v\u00e5re produkter i forbindelse med en avtale eller kupong:<\/p>\n<ul>\n<li>Affiliates kan ikke bruke villedende tekst p\u00e5 affiliate-lenker, knapper eller bilder for \u00e5 antyde at noe annet enn det som for \u00f8yeblikket er autorisert, gjelder for den spesifikke affiliateen.<\/li>\n<li>Affiliates kan ikke by p\u00e5 Visa Indonesia-kuponger, Visa Indonesia-rabatter eller andre setninger som antyder at kuponger er tilgjengelige.<\/li>\n<li>Affiliates kan ikke generere popup-vinduer, popunder-vinduer, iframes, frames eller andre synlige eller usynlige handlinger som setter affiliate-informasjonskapsler, med mindre brukeren har uttrykt en klar og tydelig interesse for \u00e5 aktivere en spesifikk besparelse ved \u00e5 klikke p\u00e5 en tydelig merket lenke, knapp eller bilde for den aktuelle kupongen eller tilbudet. Lenken din m\u00e5 sende den bes\u00f8kende til forhandlerens nettsted.<\/li>\n<li>Brukeren m\u00e5 kunne se informasjon og detaljer om kuponger\/tilbud\/besparelser f\u00f8r en tilknyttet informasjonskapsel settes (dvs. at \"klikk her for \u00e5 se kuponger og \u00e5pne et vindu til forhandlerens nettsted\" IKKE er tillatt).<\/li>\n<li>Affiliatesider kan ikke ha \"Klikk for (eller for \u00e5 se) tilbud\/kupong\" eller noen variant av dette, n\u00e5r det ikke er noen kuponger eller tilbud tilgjengelig, og klikket \u00e5pner forhandlerens nettsted eller setter en informasjonskapsel. Affiliates med slik tekst p\u00e5 forhandlerens landingsside vil umiddelbart bli fjernet fra programmet.<\/li>\n<\/ul>\n<h2>Retningslinjer for betaling per klikk (PPC)<\/h2>\n<p>PPC-budgivning er IKKE tillatt uten skriftlig tillatelse p\u00e5 forh\u00e5nd.<\/p>\n<h2>Ansvar<\/h2>\n<p>Visa Indonesia vil ikke v\u00e6re ansvarlig for indirekte eller utilsiktede skader (tap av inntekter, provisjoner) p\u00e5 grunn av feil i sporing av tilknyttede selskaper, tap av databasefiler eller andre resultater av intensjoner om skade p\u00e5 programmet og\/eller p\u00e5 v\u00e5re nettsider.<\/p>\n<p>Vi gir ingen uttrykte eller underforst\u00e5tte garantier med hensyn til programmet og\/eller medlemskapene eller produktene som selges av Visa Indonesia. Vi p\u00e5st\u00e5r ikke at driften av programmet og\/eller v\u00e5r(e) nettside(r) vil v\u00e6re feilfri, og vi vil ikke v\u00e6re ansvarlige for eventuelle avbrudd eller feil.<\/p>\n<h2>Avtalens varighet<\/h2>\n<p>Denne avtalens gyldighetsperiode begynner n\u00e5r du blir akseptert i programmet, og opph\u00f8rer n\u00e5r affiliatekontoen din avsluttes.<\/p>\n<p>Vilk\u00e5rene og betingelsene i denne avtalen kan endres av oss n\u00e5r som helst. Hvis du ikke godtar endringer i vilk\u00e5rene og betingelsene i denne avtalen, er ditt eneste valg \u00e5 avslutte affiliatekontoen din. Din fortsatte deltakelse i programmet vil utgj\u00f8re din aksept av enhver endring.<\/p>\n<h2>Skadesl\u00f8sholdelse<\/h2>\n<p>Tilknyttet selskap skal holde Visa Indonesia og dets tilknyttede selskaper og datterselskaper, ledere, direkt\u00f8rer, ansatte, lisenstakere, etterf\u00f8lgere og tilordnede, inkludert de som har lisens eller autorisasjon fra Visa Indonesia til \u00e5 overf\u00f8re og distribuere materiale, skadesl\u00f8se fra alle forpliktelser, skader, b\u00f8ter, dommer, krav, kostnader, tap og utgifter (inkludert rimelige advokatsal\u00e6rer og kostnader) som oppst\u00e5r som f\u00f8lge av eller i forbindelse med alle krav som oppst\u00e5r i forbindelse med denne avtalen p\u00e5 grunn av uaktsomhet, uriktig fremstilling, unnlatelse av \u00e5 avsl\u00f8re eller forsettlig fors\u00f8mmelse fra tilknyttet selskap.<\/p>\n<h2>Elektroniske signaturer tr\u00e5dt i kraft<br \/>\n<\/h2>\n<p>Avtalen er en elektronisk kontrakt som angir de juridisk bindende vilk\u00e5rene for din deltakelse i Visa Indonesias affiliateprogram. Du indikerer din aksept av denne avtalen og alle vilk\u00e5rene og betingelsene som finnes eller refereres til i denne avtalen ved \u00e5 fullf\u00f8re s\u00f8knadsprosessen for Visa Indonesia. Denne handlingen skaper en elektronisk signatur som har samme juridiske kraft og virkning som en h\u00e5ndskrevet signatur.<\/p>","protected":false},"excerpt":{"rendered":"<p>Affiliate Terms of Use As an authorized affiliate of Visa Indonesia, you agree to abide by the terms and conditions contained in this Agreement. Please read the entire Agreement carefully before registering and promoting Visa Indonesia as an Affiliate. Your participation in the Program is solely to legally advertise our website to receive a commission [&hellip;]<\/p>\n","protected":false},"author":246,"featured_media":17310,"parent":0,"menu_order":0,"comment_status":"closed","ping_status":"closed","template":"","meta":{"_acf_changed":false,"site-sidebar-layout":"no-sidebar","site-content-layout":"page-builder","ast-site-content-layout":"normal-width-container","site-content-style":"unboxed","site-sidebar-style":"unboxed","ast-global-header-display":"","ast-banner-title-visibility":"","ast-main-header-display":"","ast-hfb-above-header-display":"","ast-hfb-below-header-display":"","ast-hfb-mobile-header-display":"","site-post-title":"disabled","ast-breadcrumbs-content":"","ast-featured-img":"disabled","footer-sml-layout":"","ast-disable-related-posts":"","theme-transparent-header-meta":"","adv-header-id-meta":"","stick-header-meta":"","header-above-stick-meta":"","header-main-stick-meta":"","header-below-stick-meta":"","astra-migrate-meta-layouts":"set","ast-page-background-enabled":"default","ast-page-background-meta":{"desktop":{"background-color":"","background-image":"","background-repeat":"repeat","background-position":"center center","background-size":"auto","background-attachment":"scroll","background-type":"","background-media":"","overlay-type":"","overlay-color":"","overlay-opacity":"","overlay-gradient":""},"tablet":{"background-color":"","background-image":"","background-repeat":"repeat","background-position":"center center","background-size":"auto","background-attachment":"scroll","background-type":"","background-media":"","overlay-type":"","overlay-color":"","overlay-opacity":"","overlay-gradient":""},"mobile":{"background-color":"","background-image":"","background-repeat":"repeat","background-position":"center center","background-size":"auto","background-attachment":"scroll","background-type":"","background-media":"","overlay-type":"","overlay-color":"","overlay-opacity":"","overlay-gradient":""}},"ast-content-background-meta":{"desktop":{"background-color":"var(--ast-global-color-5)","background-image":"","background-repeat":"repeat","background-position":"center center","background-size":"auto","background-attachment":"scroll","background-type":"","background-media":"","overlay-type":"","overlay-color":"","overlay-opacity":"","overlay-gradient":""},"tablet":{"background-color":"var(--ast-global-color-5)","background-image":"","background-repeat":"repeat","background-position":"center center","background-size":"auto","background-attachment":"scroll","background-type":"","background-media":"","overlay-type":"","overlay-color":"","overlay-opacity":"","overlay-gradient":""},"mobile":{"background-color":"var(--ast-global-color-5)","background-image":"","background-repeat":"repeat","background-position":"center center","background-size":"auto","background-attachment":"scroll","background-type":"","background-media":"","overlay-type":"","overlay-color":"","overlay-opacity":"","overlay-gradient":""}},"uix_meta_title":"","uix_meta_description":"","uix_canonical_url":"","footnotes":""},"class_list":["post-14181","page","type-page","status-publish","has-post-thumbnail","hentry"],"acf":[],"_links":{"self":[{"href":"https:\/\/visa-indonesia.com\/nb\/wp-json\/wp\/v2\/pages\/14181","targetHints":{"allow":["GET"]}}],"collection":[{"href":"https:\/\/visa-indonesia.com\/nb\/wp-json\/wp\/v2\/pages"}],"about":[{"href":"https:\/\/visa-indonesia.com\/nb\/wp-json\/wp\/v2\/types\/page"}],"author":[{"embeddable":true,"href":"https:\/\/visa-indonesia.com\/nb\/wp-json\/wp\/v2\/users\/246"}],"replies":[{"embeddable":true,"href":"https:\/\/visa-indonesia.com\/nb\/wp-json\/wp\/v2\/comments?post=14181"}],"version-history":[{"count":12,"href":"https:\/\/visa-indonesia.com\/nb\/wp-json\/wp\/v2\/pages\/14181\/revisions"}],"predecessor-version":[{"id":40302,"href":"https:\/\/visa-indonesia.com\/nb\/wp-json\/wp\/v2\/pages\/14181\/revisions\/40302"}],"wp:featuredmedia":[{"embeddable":true,"href":"https:\/\/visa-indonesia.com\/nb\/wp-json\/wp\/v2\/media\/17310"}],"wp:attachment":[{"href":"https:\/\/visa-indonesia.com\/nb\/wp-json\/wp\/v2\/media?parent=14181"}],"curies":[{"name":"wp","href":"https:\/\/api.w.org\/{rel}","templated":true}]}}