{"id":12618,"date":"2022-07-15T16:28:51","date_gmt":"2022-07-15T08:28:51","guid":{"rendered":"https:\/\/visa-indonesia.com\/?page_id=12618"},"modified":"2025-12-03T17:30:55","modified_gmt":"2025-12-03T09:30:55","slug":"retningslinjer-for-refusjon","status":"publish","type":"page","link":"https:\/\/visa-indonesia.com\/nb\/refund-policy\/","title":{"rendered":"Retningslinjer for refusjon"},"content":{"rendered":"<p>V\u00e5rt m\u00e5l er \u00e5 tilby de mest kundevennlige retningslinjene for refusjon blant alle visumbyr\u00e5er. Derfor pr\u00f8ver vi \u00e5 refundere n\u00e5r det er mulig. Vi ber om forst\u00e5else for at vi ikke kan refundere i alle tilfeller. Vennligst les nedenfor for \u00e5 l\u00e6re mer om detaljene.<\/p>\n\n\n\n<h3 class=\"wp-block-heading\">F\u00e5r jeg full refusjon hvis jeg kansellerer bestillingen min?<\/h3>\n\n\n\n<p>Ja, hvis du kansellerer bestillingen din f\u00f8r vi har lastet opp dataene dine til immigrasjonssystemet, tilbyr vi deg full refusjon. Refusjoner behandles vanligvis innen to virkedager.<\/p>\n\n\n\n<p>Hvis du kansellerer bestillingen din etter at vi har lastet opp dataene dine til immigrasjonssystemet, vil vi ikke kunne tilby noen refusjon.<\/p>\n\n\n\n<h3 class=\"wp-block-heading\">F\u00e5r jeg refusjon hvis visums\u00f8knaden min blir avsl\u00e5tt?<\/h3>\n\n\n\n<p>Ja, hvis vi gj\u00f8r en feil og s\u00f8knaden blir avsl\u00e5tt, refunderer vi bel\u00f8pet. S\u00e5 langt har vi ikke hatt noen tilfeller der visumet har blitt avsl\u00e5tt. S\u00e5 lenge kravene er oppfylt, b\u00f8r visumet ditt bli godkjent. Vanligvis vil vi laste opp s\u00f8knaden p\u00e5 nytt for egen regning, og du vil fortsatt motta visumet ditt. Men hvis du bestemmer deg for \u00e5 f\u00e5 pengene tilbake i stedet, g\u00e5r det ogs\u00e5 bra.<\/p>\n\n\n\n<p>Hvis \u00e5rsaken til avslaget er at du er svartelistet p\u00e5 grunn av tidligere brudd p\u00e5 indonesiske lover, vil vi ikke kunne refundere betalingen din. S\u00e5 langt har vi ikke hatt noen svartelistesaker i l\u00f8pet av alle disse \u00e5rene.<\/p>\n\n\n\n<p><strong>Kort sagt<\/strong>Hvis vi har gjort en feil ved ikke \u00e5 gjennomg\u00e5 dokumentene dine p\u00e5 riktig m\u00e5te, vil vi refundere bel\u00f8pet hvis du ber om refusjon. Hvis det blir avvist fordi du er svartelistet i Indonesia, kan vi ikke gi refusjon.&nbsp;<\/p>\n\n\n\n<h3 class=\"wp-block-heading\">F\u00e5r jeg refusjon hvis jeg blir nektet innreise ved grensen?<\/h3>\n\n\n\n<p>Hvis \u00e5rsaken til at innreise nektes ikke er relatert til visumet, gir vi vanligvis ikke refusjon. Her er vanlige \u00e5rsaker til problemer ved innreise til Indonesia:<\/p>\n\n\n\n<ul class=\"wp-block-list\">\n<li>Passet er ikke lenger gyldig i 6 m\u00e5neder<\/li>\n\n\n\n<li>Ingen tomme sider i passet<\/li>\n\n\n\n<li>Ingen returfly \/ videre billett<\/li>\n\n\n\n<li>Hotelladressen har endret seg og er en annen enn da du s\u00f8kte om visum (vi anbefaler at du foretar en fullstendig refunderbar bestilling p\u00e5 booking.com hvis du ikke har bestilt overnatting enn\u00e5 n\u00e5r du s\u00f8ker om visum)<\/li>\n\n\n\n<li>Ikke et vanlig pass. Innvandringsmyndighetene kan skape problemer for personer som reiser inn med midlertidige pass eller flyktningpass. Ring oss hvis du har problemer, s\u00e5 skal vi gj\u00f8re v\u00e5rt beste for \u00e5 l\u00f8se dem for deg.<\/li>\n<\/ul>\n\n\n\n<h3 class=\"wp-block-heading\">F\u00e5r jeg refusjon hvis flyselskapet nekter meg innreise ved innsjekking?<\/h3>\n\n\n\n<p>Hvis flyselskapet nekter innsjekking og \u00e5rsaken ikke er relatert til visumet ditt, refunderer vi vanligvis ikke. Ring oss hvis du ikke klarer \u00e5 l\u00f8se problemet med flyselskapet p\u00e5 egen h\u00e5nd. Et vanlig problem er manglende returfly eller billett videre. Noen flyselskaper er ikke oppdatert om passkravene for Indonesia. Hvis de ikke godtar passet ditt sammen med visumet du har mottatt fra oss, m\u00e5 du ringe oss, s\u00e5 kontakter vi flyselskapet.<\/p>\n\n\n\n<h3 class=\"wp-block-heading\">N\u00e5r vil jeg motta refusjonen min?<\/h3>\n\n\n\n<p>Vi pr\u00f8ver \u00e5 refundere deg s\u00e5 snart som mulig (vanligvis innen to virkedager). Noen banker eller kredittkort krever imidlertid mer tid for \u00e5 kreditere bel\u00f8pet til kontoen din.<\/p>\n\n\n\n<h3 class=\"wp-block-heading\">Hvor vil jeg motta refusjonen min?<\/h3>\n\n\n\n<p>Vi refunderer bel\u00f8pet til bankkontoen, kredittkortet eller den nettbaserte lommeboken du sendte pengene fra.<\/p>\n\n\n\n<p>Hvis du har betalt med PayPal, refunderer vi automatisk bel\u00f8pet til PayPal-kontoen din. Hvis du har betalt med kredittkort, vil bel\u00f8pet bli refundert til kortet ditt. Hvis du har betalt med bankoverf\u00f8ring, vil vi be om de n\u00f8yaktige bankopplysningene dine.<\/p>\n\n\n\n<p><\/p>","protected":false},"excerpt":{"rendered":"<p>Our goal is to offer the most customer-friendly refund policy among all visa agencies. Therefore, we try to refund whenever possible. Please understand that we cannot refund in all cases. Please read below to learn more about the details. Will I receive a full refund if I cancel my order? Yes, if you cancel your [&hellip;]<\/p>\n","protected":false},"author":1,"featured_media":17305,"parent":0,"menu_order":0,"comment_status":"closed","ping_status":"closed","template":"","meta":{"_acf_changed":false,"site-sidebar-layout":"default","site-content-layout":"","ast-site-content-layout":"default","site-content-style":"default","site-sidebar-style":"default","ast-global-header-display":"","ast-banner-title-visibility":"","ast-main-header-display":"","ast-hfb-above-header-display":"","ast-hfb-below-header-display":"","ast-hfb-mobile-header-display":"","site-post-title":"","ast-breadcrumbs-content":"","ast-featured-img":"disabled","footer-sml-layout":"","ast-disable-related-posts":"","theme-transparent-header-meta":"","adv-header-id-meta":"","stick-header-meta":"","header-above-stick-meta":"","header-main-stick-meta":"","header-below-stick-meta":"","astra-migrate-meta-layouts":"set","ast-page-background-enabled":"default","ast-page-background-meta":{"desktop":{"background-color":"","background-image":"","background-repeat":"repeat","background-position":"center center","background-size":"auto","background-attachment":"scroll","background-type":"","background-media":"","overlay-type":"","overlay-color":"","overlay-opacity":"","overlay-gradient":""},"tablet":{"background-color":"","background-image":"","background-repeat":"repeat","background-position":"center center","background-size":"auto","background-attachment":"scroll","background-type":"","background-media":"","overlay-type":"","overlay-color":"","overlay-opacity":"","overlay-gradient":""},"mobile":{"background-color":"","background-image":"","background-repeat":"repeat","background-position":"center center","background-size":"auto","background-attachment":"scroll","background-type":"","background-media":"","overlay-type":"","overlay-color":"","overlay-opacity":"","overlay-gradient":""}},"ast-content-background-meta":{"desktop":{"background-color":"var(--ast-global-color-5)","background-image":"","background-repeat":"repeat","background-position":"center center","background-size":"auto","background-attachment":"scroll","background-type":"","background-media":"","overlay-type":"","overlay-color":"","overlay-opacity":"","overlay-gradient":""},"tablet":{"background-color":"var(--ast-global-color-5)","background-image":"","background-repeat":"repeat","background-position":"center center","background-size":"auto","background-attachment":"scroll","background-type":"","background-media":"","overlay-type":"","overlay-color":"","overlay-opacity":"","overlay-gradient":""},"mobile":{"background-color":"var(--ast-global-color-5)","background-image":"","background-repeat":"repeat","background-position":"center center","background-size":"auto","background-attachment":"scroll","background-type":"","background-media":"","overlay-type":"","overlay-color":"","overlay-opacity":"","overlay-gradient":""}},"uix_meta_title":"","uix_meta_description":"","uix_canonical_url":"","footnotes":""},"class_list":["post-12618","page","type-page","status-publish","has-post-thumbnail","hentry"],"acf":[],"_links":{"self":[{"href":"https:\/\/visa-indonesia.com\/nb\/wp-json\/wp\/v2\/pages\/12618","targetHints":{"allow":["GET"]}}],"collection":[{"href":"https:\/\/visa-indonesia.com\/nb\/wp-json\/wp\/v2\/pages"}],"about":[{"href":"https:\/\/visa-indonesia.com\/nb\/wp-json\/wp\/v2\/types\/page"}],"author":[{"embeddable":true,"href":"https:\/\/visa-indonesia.com\/nb\/wp-json\/wp\/v2\/users\/1"}],"replies":[{"embeddable":true,"href":"https:\/\/visa-indonesia.com\/nb\/wp-json\/wp\/v2\/comments?post=12618"}],"version-history":[{"count":15,"href":"https:\/\/visa-indonesia.com\/nb\/wp-json\/wp\/v2\/pages\/12618\/revisions"}],"predecessor-version":[{"id":36822,"href":"https:\/\/visa-indonesia.com\/nb\/wp-json\/wp\/v2\/pages\/12618\/revisions\/36822"}],"wp:featuredmedia":[{"embeddable":true,"href":"https:\/\/visa-indonesia.com\/nb\/wp-json\/wp\/v2\/media\/17305"}],"wp:attachment":[{"href":"https:\/\/visa-indonesia.com\/nb\/wp-json\/wp\/v2\/media?parent=12618"}],"curies":[{"name":"wp","href":"https:\/\/api.w.org\/{rel}","templated":true}]}}