{"id":35796,"date":"2025-07-08T04:15:37","date_gmt":"2025-07-07T20:15:37","guid":{"rendered":"https:\/\/visa-indonesia.com\/?post_type=product&#038;p=35796"},"modified":"2026-04-23T18:52:13","modified_gmt":"2026-04-23T10:52:13","slug":"estensione-del-visto-dingresso-multiplo-per-affari-bali-indonesia","status":"publish","type":"product","link":"https:\/\/visa-indonesia.com\/it\/service\/business-multiple-entry-visa-extension-bali-indonesia\/","title":{"rendered":"Estensione del visto per affari a ingresso multiplo (D2)"},"content":{"rendered":"","protected":false},"excerpt":{"rendered":"<h4>Desiderate prolungare il vostro visto D2 e soggiornare altri 60 giorni in Indonesia\/Bali?<\/h4>\n<p>Possiamo aiutarvi con l'estensione del vostro visto Business Multiple-Entry (D2).<\/p>\n<p>Il <strong>Visto d'affari per ingressi multipli (D2)<\/strong> \u00e8 valido per 1 anno, 2 anni o 5 anni. Durante questo periodo si pu\u00f2 uscire\/entrare nel Paese tutte le volte che si vuole. \u00c8 possibile soggiornare per 60 giorni per ogni visita. Se si desidera rimanere pi\u00f9 a lungo di 60 giorni per visita, \u00e8 possibile prolungare due volte le singole visite di 60 giorni ciascuna.<\/p>\n<p><strong>Importante:<\/strong> Per tutte le estensioni \u00e8 necessaria una visita personale all'ufficio immigrazione.<\/p>\n<p>Naturalmente siamo a disposizione per rispondere a qualsiasi domanda!<\/p>","protected":false},"featured_media":36585,"comment_status":"closed","ping_status":"closed","template":"","meta":{"_acf_changed":false,"site-sidebar-layout":"default","site-content-layout":"default","ast-site-content-layout":"default","site-content-style":"default","site-sidebar-style":"default","ast-global-header-display":"","ast-banner-title-visibility":"","ast-main-header-display":"","ast-hfb-above-header-display":"","ast-hfb-below-header-display":"","ast-hfb-mobile-header-display":"","site-post-title":"","ast-breadcrumbs-content":"","ast-featured-img":"","footer-sml-layout":"","ast-disable-related-posts":"","theme-transparent-header-meta":"default","adv-header-id-meta":"","stick-header-meta":"default","header-above-stick-meta":"","header-main-stick-meta":"","header-below-stick-meta":"","astra-migrate-meta-layouts":"set","ast-page-background-enabled":"default","ast-page-background-meta":{"desktop":{"background-color":"","background-image":"","background-repeat":"repeat","background-position":"center center","background-size":"auto","background-attachment":"scroll","background-type":"","background-media":"","overlay-type":"","overlay-color":"","overlay-opacity":"","overlay-gradient":""},"tablet":{"background-color":"","background-image":"","background-repeat":"repeat","background-position":"center center","background-size":"auto","background-attachment":"scroll","background-type":"","background-media":"","overlay-type":"","overlay-color":"","overlay-opacity":"","overlay-gradient":""},"mobile":{"background-color":"","background-image":"","background-repeat":"repeat","background-position":"center center","background-size":"auto","background-attachment":"scroll","background-type":"","background-media":"","overlay-type":"","overlay-color":"","overlay-opacity":"","overlay-gradient":""}},"ast-content-background-meta":{"desktop":{"background-color":"var(--ast-global-color-5)","background-image":"","background-repeat":"repeat","background-position":"center center","background-size":"auto","background-attachment":"scroll","background-type":"","background-media":"","overlay-type":"","overlay-color":"","overlay-opacity":"","overlay-gradient":""},"tablet":{"background-color":"var(--ast-global-color-5)","background-image":"","background-repeat":"repeat","background-position":"center center","background-size":"auto","background-attachment":"scroll","background-type":"","background-media":"","overlay-type":"","overlay-color":"","overlay-opacity":"","overlay-gradient":""},"mobile":{"background-color":"var(--ast-global-color-5)","background-image":"","background-repeat":"repeat","background-position":"center center","background-size":"auto","background-attachment":"scroll","background-type":"","background-media":"","overlay-type":"","overlay-color":"","overlay-opacity":"","overlay-gradient":""}},"uix_meta_title":"","uix_meta_description":"","uix_canonical_url":""},"product_brand":[],"product_cat":[175],"product_tag":[296,297,303,304,305,575,623,624,625,626,783,1089],"comparison_feature":[991,995,996,997,998,999,992,1000,1002,1001],"class_list":{"0":"post-35796","1":"product","2":"type-product","3":"status-publish","4":"has-post-thumbnail","6":"product_cat-visa-extension","7":"product_tag-multiple-entry-visa","8":"product_tag-d212","9":"product_tag-kuta","10":"product_tag-jimbaran","11":"product_tag-south-bali","12":"product_tag-apply-business-visa-indonesia","13":"product_tag-business-visa","14":"product_tag-multiple-entry-visa-bali","15":"product_tag-multiple-entry-visa-indonesia","16":"product_tag-d1-d2-visa","17":"product_tag-d2-visa-indonesia","18":"product_tag-business-multiple-entry-visa-indonesia","19":"comparison_feature-guaranteed_visa_approval","20":"comparison_feature-refunds-available","21":"comparison_feature-multiple-payment-options","22":"comparison_feature-personal-point-of-contact","23":"comparison_feature-support-that-puts-you-first","24":"comparison_feature-apply-anytime","25":"comparison_feature-ease_of_application","26":"comparison_feature-currencies-supported","27":"comparison_feature-payment-methods","28":"comparison_feature-average-response-time","29":"desktop-align-left","30":"tablet-align-left","31":"mobile-align-left","32":"ast-product-gallery-layout-horizontal-slider","33":"ast-product-gallery-with-no-image","34":"ast-magnify-disabled","35":"ast-product-single-variable","36":"ast-product-tabs-layout-horizontal","38":"first","39":"instock","40":"sale","41":"shipping-taxable","42":"purchasable","43":"product-type-variable","44":"has-default-attributes"},"acf":[],"_links":{"self":[{"href":"https:\/\/visa-indonesia.com\/it\/wp-json\/wp\/v2\/product\/35796","targetHints":{"allow":["GET"]}}],"collection":[{"href":"https:\/\/visa-indonesia.com\/it\/wp-json\/wp\/v2\/product"}],"about":[{"href":"https:\/\/visa-indonesia.com\/it\/wp-json\/wp\/v2\/types\/product"}],"replies":[{"embeddable":true,"href":"https:\/\/visa-indonesia.com\/it\/wp-json\/wp\/v2\/comments?post=35796"}],"wp:featuredmedia":[{"embeddable":true,"href":"https:\/\/visa-indonesia.com\/it\/wp-json\/wp\/v2\/media\/36585"}],"wp:attachment":[{"href":"https:\/\/visa-indonesia.com\/it\/wp-json\/wp\/v2\/media?parent=35796"}],"wp:term":[{"taxonomy":"product_brand","embeddable":true,"href":"https:\/\/visa-indonesia.com\/it\/wp-json\/wp\/v2\/product_brand?post=35796"},{"taxonomy":"product_cat","embeddable":true,"href":"https:\/\/visa-indonesia.com\/it\/wp-json\/wp\/v2\/product_cat?post=35796"},{"taxonomy":"product_tag","embeddable":true,"href":"https:\/\/visa-indonesia.com\/it\/wp-json\/wp\/v2\/product_tag?post=35796"},{"taxonomy":"comparison_feature","embeddable":true,"href":"https:\/\/visa-indonesia.com\/it\/wp-json\/wp\/v2\/comparison_feature?post=35796"}],"curies":[{"name":"wp","href":"https:\/\/api.w.org\/{rel}","templated":true}]}}