{"id":12,"date":"2020-11-20T00:02:16","date_gmt":"2020-11-19T16:02:16","guid":{"rendered":"https:\/\/visa-indonesia.com\/?post_type=product&#038;p=12"},"modified":"2026-05-10T07:00:12","modified_gmt":"2026-05-09T23:00:12","slug":"visto-turistico-indonesia","status":"publish","type":"product","link":"https:\/\/visa-indonesia.com\/it\/service\/tourist-visa-indonesia\/","title":{"rendered":"Visto turistico per ingresso singolo Indonesia (C1)"},"content":{"rendered":"<p>Il visto turistico C1 \u00e8 un visto a ingresso singolo. Viene utilizzato per scopi turistici. Questo visto pu\u00f2 essere richiesto solo dall'estero. Dal momento in cui viene rilasciato, ha una validit\u00e0 di 90 giorni, il che significa che devi entrare in Indonesia entro questo periodo; in caso contrario, il visto non sar\u00e0 pi\u00f9 valido. Al momento dell'ingresso, il visto \u00e8 valido per 60 giorni. \u00c8 prorogabile due volte per altri 60 giorni ciascuno, consentendo una durata massima del soggiorno di 180 giorni (60 giorni di soggiorno iniziale pi\u00f9 2 volte 60 giorni di proroga). Questo visto Single-Entry pu\u00f2 essere convertito in un altro tipo di visto (ad esempio <a href=\"https:\/\/visa-indonesia.com\/it\/categoria-di-servizio\/kitas-indonesia\/\">KITAS<\/a>) senza lasciare l'Indonesia.<\/p>","protected":false},"excerpt":{"rendered":"<p><strong>Buone notizie:<\/strong> L'immigrazione ha abbassato le tariffe per il visto C1 e noi abbiamo appena aggiornato i nostri prezzi di conseguenza. Questo \u00e8 il miglior prezzo che abbiamo mai offerto.<\/p>\n<p>Il <strong>Visto turistico a ingresso singolo<\/strong> <strong>Indonesia (C1)<\/strong> \u00e8 adatto a tutti coloro che si recano a Bali o altrove in Indonesia per <strong>turismo<\/strong> scopi. Per scopi commerciali, andare su <strong><a href=\"https:\/\/visa-indonesia.com\/it\/servizio\/visto-daffari-indonesia\/\">Visto per affari Indonesia<\/a><\/strong>.<\/p>\n<p>Il visto iniziale \u00e8 valido per 60 giorni ed \u00e8 prorogabile due volte per altri 60 giorni ciascuno, per una durata massima di 180 giorni (60 giorni di soggiorno iniziale pi\u00f9 2 estensioni di 60 giorni). \u00c8 possibile acquistare le estensioni del visto insieme al visto o ordinarle separatamente in un secondo momento. La procedura di estensione sar\u00e0 la stessa.<\/p>\n<p><strong>Importante: per tutte le estensioni \u00e8 necessaria una visita di persona all'ufficio immigrazione.<\/strong><\/p>\n<p><strong>Attenzione:<\/strong> La richiesta di un visto turistico in Indonesia (visto C1) non \u00e8 pi\u00f9 disponibile. Ci\u00f2 significa che dovrete richiedere il visto al di fuori dell'Indonesia. Non esitate a contattarci in anticipo se avete intenzione di partire e tornare con un nuovo visto C1, per assicurarvi un processo senza intoppi.<\/p>","protected":false},"featured_media":29032,"comment_status":"closed","ping_status":"closed","template":"","meta":{"_acf_changed":false,"site-sidebar-layout":"default","site-content-layout":"default","ast-site-content-layout":"default","site-content-style":"default","site-sidebar-style":"default","ast-global-header-display":"","ast-banner-title-visibility":"","ast-main-header-display":"","ast-hfb-above-header-display":"","ast-hfb-below-header-display":"","ast-hfb-mobile-header-display":"","site-post-title":"","ast-breadcrumbs-content":"","ast-featured-img":"","footer-sml-layout":"","ast-disable-related-posts":"","theme-transparent-header-meta":"default","adv-header-id-meta":"","stick-header-meta":"default","header-above-stick-meta":"","header-main-stick-meta":"","header-below-stick-meta":"","astra-migrate-meta-layouts":"set","ast-page-background-enabled":"default","ast-page-background-meta":{"desktop":{"background-color":"","background-image":"","background-repeat":"repeat","background-position":"center center","background-size":"auto","background-attachment":"scroll","background-type":"","background-media":"","overlay-type":"","overlay-color":"","overlay-opacity":"","overlay-gradient":""},"tablet":{"background-color":"","background-image":"","background-repeat":"repeat","background-position":"center center","background-size":"auto","background-attachment":"scroll","background-type":"","background-media":"","overlay-type":"","overlay-color":"","overlay-opacity":"","overlay-gradient":""},"mobile":{"background-color":"","background-image":"","background-repeat":"repeat","background-position":"center center","background-size":"auto","background-attachment":"scroll","background-type":"","background-media":"","overlay-type":"","overlay-color":"","overlay-opacity":"","overlay-gradient":""}},"ast-content-background-meta":{"desktop":{"background-color":"var(--ast-global-color-5)","background-image":"","background-repeat":"repeat","background-position":"center center","background-size":"auto","background-attachment":"scroll","background-type":"","background-media":"","overlay-type":"","overlay-color":"","overlay-opacity":"","overlay-gradient":""},"tablet":{"background-color":"var(--ast-global-color-5)","background-image":"","background-repeat":"repeat","background-position":"center center","background-size":"auto","background-attachment":"scroll","background-type":"","background-media":"","overlay-type":"","overlay-color":"","overlay-opacity":"","overlay-gradient":""},"mobile":{"background-color":"var(--ast-global-color-5)","background-image":"","background-repeat":"repeat","background-position":"center center","background-size":"auto","background-attachment":"scroll","background-type":"","background-media":"","overlay-type":"","overlay-color":"","overlay-opacity":"","overlay-gradient":""}},"uix_meta_title":"","uix_meta_description":"","uix_canonical_url":""},"product_brand":[],"product_cat":[35,1062],"product_tag":[457,779,778,777,467,466,464,462,461,458,792,456,455,454,453,452,451,450,449,801,809,808,807,806,805,804,803,802,448,800,799,798,797,796,795,794,793,417,427,426,425,424,423,422,419,418,428,416,415,414,318,184,183,47,46,437,447,446,445,443,442,440,439,438,19,436,435,434,433,432,431,430,429],"comparison_feature":[991,994,995,993,996,997,998,999,992,1000,1002,1001],"class_list":{"0":"post-12","1":"product","2":"type-product","3":"status-publish","4":"has-post-thumbnail","6":"product_cat-visa-indonesia","7":"product_cat-single-entry-visas","8":"product_tag-visa-kunjungan-b211a","9":"product_tag-travel-visa-jakarta","10":"product_tag-travel-visa-indonesia","11":"product_tag-travel-visa-bali","12":"product_tag-bali-6-months-visa","13":"product_tag-visa-b211-a","14":"product_tag-offshore-b211-visa","15":"product_tag-2-month-visa-bali","16":"product_tag-visit-visa-b211a","17":"product_tag-2-month-visa-indonesia","18":"product_tag-211a-visa-indonesia","19":"product_tag-e-visa-b211a-indonesia","20":"product_tag-bali-single-entry-visa","21":"product_tag-e-visa-b211a","22":"product_tag-visa-60-days-indonesia","23":"product_tag-indonesia-6-month-visa","24":"product_tag-b211a-visa-application","25":"product_tag-6-month-visa-indonesia","26":"product_tag-bali-visa-60-days","27":"product_tag-211-visa-indonesia","28":"product_tag-bali-visa-211","29":"product_tag-single-visit-visa-indonesia","30":"product_tag-visa-211-b-indonesia","31":"product_tag-b-211-visa-indonesia","32":"product_tag-single-visa-indonesia","33":"product_tag-indonesia-visa-211b","34":"product_tag-indonesia-211-e-visa","35":"product_tag-indonesia-211-a-visa","36":"product_tag-6-month-visa-bali","37":"product_tag-visa-211-indonesia","38":"product_tag-211-a-visa-indonesia","39":"product_tag-indonesia-visa-211","40":"product_tag-visa-bali-60-days","41":"product_tag-indonesia-visa-211a","42":"product_tag-bali-visa-211a","43":"product_tag-indonesia-211a-visa","44":"product_tag-visa-211a-indonesia","45":"product_tag-b211a-visa-bali","46":"product_tag-indonesia-single-entry-visa","47":"product_tag-single-entry-visa-indonesia","48":"product_tag-60-days-visa-indonesia","49":"product_tag-60-day-visa-indonesia","50":"product_tag-visa-b211","51":"product_tag-indonesia-visa-60-days","52":"product_tag-b211-visa-indonesia","53":"product_tag-b211a-visa","54":"product_tag-b211-visa","55":"product_tag-visit-visa-indonesia","56":"product_tag-b211a-visa-indonesia","57":"product_tag-60-day-visa","58":"product_tag-b211a-visit-visa","59":"product_tag-tourist-visa-indonesia","60":"product_tag-tourist-visa-bali","61":"product_tag-tourist-visa","62":"product_tag-visit-visa","63":"product_tag-visa-b211-bali","64":"product_tag-single-entry-visa-bali","65":"product_tag-bali-60-day-tourist-visa","66":"product_tag-60-day-tourist-visa-bali","67":"product_tag-bali-6-month-visa","68":"product_tag-visa-b211-indonesia","69":"product_tag-b211a-visa-indonesia-application","70":"product_tag-visa-b211a-indonesia","71":"product_tag-indonesia-60-day-visa","72":"product_tag-19","73":"product_tag-visa-b211a-bali","74":"product_tag-visa-b211a","75":"product_tag-bali-long-term-visa","76":"product_tag-bali-60-day-visa","77":"product_tag-60-day-visa-bali","78":"product_tag-b211-visa-bali","79":"product_tag-60-day-bali-visa","80":"product_tag-60-day-visa-for-bali","81":"comparison_feature-guaranteed_visa_approval","82":"comparison_feature-guaranteed-visa-delivery-before-departure","83":"comparison_feature-refunds-available","84":"comparison_feature-no-need-to-reveal-your-financial-history","85":"comparison_feature-multiple-payment-options","86":"comparison_feature-personal-point-of-contact","87":"comparison_feature-support-that-puts-you-first","88":"comparison_feature-apply-anytime","89":"comparison_feature-ease_of_application","90":"comparison_feature-currencies-supported","91":"comparison_feature-payment-methods","92":"comparison_feature-average-response-time","93":"desktop-align-left","94":"tablet-align-left","95":"mobile-align-left","96":"ast-product-gallery-layout-horizontal-slider","97":"ast-product-gallery-with-no-image","98":"ast-magnify-disabled","99":"ast-product-single-variable","100":"ast-product-tabs-layout-horizontal","102":"first","103":"instock","104":"featured","105":"shipping-taxable","106":"purchasable","107":"product-type-variable","108":"has-default-attributes"},"acf":[],"_links":{"self":[{"href":"https:\/\/visa-indonesia.com\/it\/wp-json\/wp\/v2\/product\/12","targetHints":{"allow":["GET"]}}],"collection":[{"href":"https:\/\/visa-indonesia.com\/it\/wp-json\/wp\/v2\/product"}],"about":[{"href":"https:\/\/visa-indonesia.com\/it\/wp-json\/wp\/v2\/types\/product"}],"replies":[{"embeddable":true,"href":"https:\/\/visa-indonesia.com\/it\/wp-json\/wp\/v2\/comments?post=12"}],"wp:featuredmedia":[{"embeddable":true,"href":"https:\/\/visa-indonesia.com\/it\/wp-json\/wp\/v2\/media\/29032"}],"wp:attachment":[{"href":"https:\/\/visa-indonesia.com\/it\/wp-json\/wp\/v2\/media?parent=12"}],"wp:term":[{"taxonomy":"product_brand","embeddable":true,"href":"https:\/\/visa-indonesia.com\/it\/wp-json\/wp\/v2\/product_brand?post=12"},{"taxonomy":"product_cat","embeddable":true,"href":"https:\/\/visa-indonesia.com\/it\/wp-json\/wp\/v2\/product_cat?post=12"},{"taxonomy":"product_tag","embeddable":true,"href":"https:\/\/visa-indonesia.com\/it\/wp-json\/wp\/v2\/product_tag?post=12"},{"taxonomy":"comparison_feature","embeddable":true,"href":"https:\/\/visa-indonesia.com\/it\/wp-json\/wp\/v2\/comparison_feature?post=12"}],"curies":[{"name":"wp","href":"https:\/\/api.w.org\/{rel}","templated":true}]}}