{"id":14870,"date":"2022-11-03T22:33:17","date_gmt":"2022-11-03T14:33:17","guid":{"rendered":"https:\/\/visa-indonesia.com\/?page_id=14870"},"modified":"2025-02-17T20:32:16","modified_gmt":"2025-02-17T12:32:16","slug":"disclaimer","status":"publish","type":"page","link":"https:\/\/visa-indonesia.com\/it\/disclaimer\/","title":{"rendered":"Dichiarazione di non responsabilit\u00e0"},"content":{"rendered":"<h1>Esclusione di responsabilit\u00e0 per il sito web<\/h1>\n<p>Le informazioni fornite da Visa Indonesia (\"noi\", \"ci\" o \"nostro\") su\u00a0<a href=\"https:\/\/visa-indonesia.com\/it\/\" data-custom-class=\"link\">https:\/\/visa-indonesia.com<\/a> (il \"Sito\") ha finalit\u00e0 esclusivamente informative generali. Tutte le informazioni contenute nel Sito sono fornite in buona fede. Tuttavia, non forniamo alcuna dichiarazione o garanzia di alcun tipo, espressa o implicita, in merito all'accuratezza, all'adeguatezza, alla validit\u00e0, all'affidabilit\u00e0, alla disponibilit\u00e0 o alla completezza delle informazioni contenute nel Sito. IN NESSUN CASO SAREMO RESPONSABILI NEI CONFRONTI DELL'UTENTE PER EVENTUALI PERDITE O DANNI DI QUALSIASI TIPO SUBITI IN SEGUITO ALL'USO DEL SITO O ALL'AFFIDAMENTO SU QUALSIASI INFORMAZIONE FORNITA SUL SITO. L'USO DEL SITO E L'AFFIDAMENTO ALLE INFORMAZIONI IN ESSO CONTENUTE \u00c8 ESCLUSIVAMENTE A RISCHIO DELL'UTENTE.<\/p>\n<h2>Disclaimer sui link esterni<\/h2>\n<p>Il Sito pu\u00f2 contenere (o pu\u00f2 essere inviato all'utente attraverso il Sito) link ad altri siti web o contenuti appartenenti o provenienti da terzi o link a siti web e funzionalit\u00e0 presenti nei banner o in altre pubblicit\u00e0. Tali link esterni non vengono da noi esaminati, monitorati o controllati per quanto riguarda l'accuratezza, l'adeguatezza, la validit\u00e0, l'affidabilit\u00e0, la disponibilit\u00e0 o la completezza. NON GARANTIAMO, APPOGGIAMO, GARANTIAMO O CI ASSUMIAMO LA RESPONSABILIT\u00c0 PER L'ACCURATEZZA O L'AFFIDABILIT\u00c0 DI QUALSIASI INFORMAZIONE OFFERTA DA SITI WEB DI TERZI COLLEGATI ATTRAVERSO IL SITO O QUALSIASI SITO WEB O FUNZIONE COLLEGATA IN QUALSIASI BANNER O ALTRA PUBBLICIT\u00c0. NON SAREMO PARTE O IN ALCUN MODO RESPONSABILI DEL MONITORAGGIO DI EVENTUALI TRANSAZIONI TRA L'UTENTE E FORNITORI TERZI DI PRODOTTI O SERVIZI.<\/p>\n<h2>Esclusione di responsabilit\u00e0 professionale<\/h2>\n<p>Il Sito non pu\u00f2 contenere e non contiene consulenza legale. Le informazioni legali sono fornite solo a scopo informativo ed educativo e non sostituiscono la consulenza professionale. Di conseguenza, prima di intraprendere qualsiasi azione basata su tali informazioni, vi invitiamo a consultare i professionisti competenti. Non forniamo alcun tipo di consulenza legale. L'USO O L'AFFIDAMENTO DI QUALSIASI INFORMAZIONE CONTENUTA NEL SITO \u00c8 ESCLUSIVAMENTE A VOSTRO RISCHIO E PERICOLO.<\/p>\n<h2>Disclaimer sulle testimonianze<\/h2>\n<p data-custom-class=\"body_text\">Il Sito pu\u00f2 contenere testimonianze di utenti dei nostri prodotti e\/o servizi. Queste testimonianze riflettono le esperienze e le opinioni reali di tali utenti. Tuttavia, le esperienze sono personali di questi utenti e non sono necessariamente rappresentative di tutti gli utenti dei nostri prodotti e\/o servizi. Non pretendiamo, e non dovete presumere, che tutti gli utenti abbiano le stesse esperienze. I RISULTATI INDIVIDUALI POSSONO VARIARE.<\/p>\n<p data-custom-class=\"body_text\">Le testimonianze presenti sul Sito sono presentate in varie forme, come testo, audio e\/o video, e vengono esaminate da noi prima di essere pubblicate. Esse appaiono sul Sito testualmente come fornite dagli utenti, salvo la correzione di errori grammaticali o di battitura. Alcune testimonianze possono essere state abbreviate per motivi di brevit\u00e0, nel caso in cui la testimonianza completa contenesse informazioni estranee non rilevanti per il pubblico.<\/p>\n<p data-custom-class=\"body_text\">I pareri e le opinioni contenuti nelle testimonianze appartengono esclusivamente ai singoli utenti e non riflettono i nostri pareri e opinioni. Non siamo affiliati agli utenti che forniscono testimonianze e gli utenti non sono pagati o altrimenti compensati per le loro testimonianze.<\/p>","protected":false},"excerpt":{"rendered":"<p>Website Disclaimer The information provided by\u00a0Visa Indonesia (&#8220;we,&#8221; &#8220;us,&#8221; or &#8220;our&#8221;) on\u00a0https:\/\/visa-indonesia.com (the\u00a0&#8220;Site&#8221;)\u00a0is for general informational purposes only. All information on the Site is provided in good faith. However, we make no representation or warranty of any kind, express or implied, regarding the accuracy, adequacy, validity, reliability, availability, or completeness of any information on the [&hellip;]<\/p>\n","protected":false},"author":1,"featured_media":17314,"parent":0,"menu_order":0,"comment_status":"closed","ping_status":"closed","template":"elementor_theme","meta":{"_acf_changed":false,"site-sidebar-layout":"no-sidebar","site-content-layout":"page-builder","ast-site-content-layout":"full-width-container","site-content-style":"unboxed","site-sidebar-style":"unboxed","ast-global-header-display":"","ast-banner-title-visibility":"","ast-main-header-display":"","ast-hfb-above-header-display":"","ast-hfb-below-header-display":"","ast-hfb-mobile-header-display":"","site-post-title":"disabled","ast-breadcrumbs-content":"","ast-featured-img":"disabled","footer-sml-layout":"","ast-disable-related-posts":"","theme-transparent-header-meta":"","adv-header-id-meta":"","stick-header-meta":"","header-above-stick-meta":"","header-main-stick-meta":"","header-below-stick-meta":"","astra-migrate-meta-layouts":"set","ast-page-background-enabled":"default","ast-page-background-meta":{"desktop":{"background-color":"","background-image":"","background-repeat":"repeat","background-position":"center center","background-size":"auto","background-attachment":"scroll","background-type":"","background-media":"","overlay-type":"","overlay-color":"","overlay-opacity":"","overlay-gradient":""},"tablet":{"background-color":"","background-image":"","background-repeat":"repeat","background-position":"center center","background-size":"auto","background-attachment":"scroll","background-type":"","background-media":"","overlay-type":"","overlay-color":"","overlay-opacity":"","overlay-gradient":""},"mobile":{"background-color":"","background-image":"","background-repeat":"repeat","background-position":"center center","background-size":"auto","background-attachment":"scroll","background-type":"","background-media":"","overlay-type":"","overlay-color":"","overlay-opacity":"","overlay-gradient":""}},"ast-content-background-meta":{"desktop":{"background-color":"var(--ast-global-color-5)","background-image":"","background-repeat":"repeat","background-position":"center center","background-size":"auto","background-attachment":"scroll","background-type":"","background-media":"","overlay-type":"","overlay-color":"","overlay-opacity":"","overlay-gradient":""},"tablet":{"background-color":"var(--ast-global-color-5)","background-image":"","background-repeat":"repeat","background-position":"center center","background-size":"auto","background-attachment":"scroll","background-type":"","background-media":"","overlay-type":"","overlay-color":"","overlay-opacity":"","overlay-gradient":""},"mobile":{"background-color":"var(--ast-global-color-5)","background-image":"","background-repeat":"repeat","background-position":"center center","background-size":"auto","background-attachment":"scroll","background-type":"","background-media":"","overlay-type":"","overlay-color":"","overlay-opacity":"","overlay-gradient":""}},"uix_meta_title":"","uix_meta_description":"","uix_canonical_url":"","footnotes":""},"class_list":["post-14870","page","type-page","status-publish","has-post-thumbnail","hentry"],"acf":[],"_links":{"self":[{"href":"https:\/\/visa-indonesia.com\/it\/wp-json\/wp\/v2\/pages\/14870","targetHints":{"allow":["GET"]}}],"collection":[{"href":"https:\/\/visa-indonesia.com\/it\/wp-json\/wp\/v2\/pages"}],"about":[{"href":"https:\/\/visa-indonesia.com\/it\/wp-json\/wp\/v2\/types\/page"}],"author":[{"embeddable":true,"href":"https:\/\/visa-indonesia.com\/it\/wp-json\/wp\/v2\/users\/1"}],"replies":[{"embeddable":true,"href":"https:\/\/visa-indonesia.com\/it\/wp-json\/wp\/v2\/comments?post=14870"}],"version-history":[{"count":14,"href":"https:\/\/visa-indonesia.com\/it\/wp-json\/wp\/v2\/pages\/14870\/revisions"}],"predecessor-version":[{"id":30575,"href":"https:\/\/visa-indonesia.com\/it\/wp-json\/wp\/v2\/pages\/14870\/revisions\/30575"}],"wp:featuredmedia":[{"embeddable":true,"href":"https:\/\/visa-indonesia.com\/it\/wp-json\/wp\/v2\/media\/17314"}],"wp:attachment":[{"href":"https:\/\/visa-indonesia.com\/it\/wp-json\/wp\/v2\/media?parent=14870"}],"curies":[{"name":"wp","href":"https:\/\/api.w.org\/{rel}","templated":true}]}}