{"id":14844,"date":"2022-11-03T16:42:23","date_gmt":"2022-11-03T08:42:23","guid":{"rendered":"https:\/\/visa-indonesia.com\/?page_id=14844"},"modified":"2026-03-11T15:35:28","modified_gmt":"2026-03-11T07:35:28","slug":"politica-dei-cookie","status":"publish","type":"page","link":"https:\/\/visa-indonesia.com\/it\/cookie-policy\/","title":{"rendered":"Informativa sui cookie"},"content":{"rendered":"<p><strong>Ultimo aggiornamento 19 ottobre 2022<\/strong>\u00a0La presente Informativa sui cookie spiega come Visa Indonesia (\"<strong>Azienda<\/strong>\", \"<strong>noi<\/strong>\", \"<strong>noi<\/strong>\", e \"<strong>nostro<\/strong>\") utilizza cookie e tecnologie simili per riconoscervi quando visitate i nostri siti web all'indirizzo\u00a0<a href=\"https:\/\/visa-indonesia.com\/it\/\" target=\"_blank\" rel=\"noopener\" data-custom-class=\"link\">https:\/\/visa-indonesia.com<\/a>, (\"<strong>Siti web<\/strong>\"). Il documento spiega cosa sono queste tecnologie e perch\u00e9 le utilizziamo, oltre ai tuoi diritti di controllare l'uso che ne facciamo. In alcuni casi possiamo utilizzare i cookie per raccogliere informazioni personali o che diventano tali se combinate con altre informazioni.\u00a0<strong>Cosa sono i biscotti?<\/strong>\u00a0I cookie sono piccoli file di dati che vengono inseriti nel tuo computer o dispositivo mobile quando visiti un sito web. I cookie sono ampiamente utilizzati dai proprietari dei siti web per farli funzionare o per renderli pi\u00f9 efficienti, oltre che per fornire informazioni di reportistica. I cookie impostati dal proprietario del sito web (in questo caso, Visa Indonesia) sono chiamati \"cookie di prima parte\". I cookie impostati da soggetti diversi dal proprietario del sito web sono chiamati \"cookie di terze parti\". I cookie di terze parti consentono di fornire funzionalit\u00e0 o caratteristiche di terze parti su o attraverso il sito web (ad esempio, pubblicit\u00e0, contenuti interattivi e analisi). Le parti che impostano questi cookie di terze parti possono riconoscere il tuo computer sia quando visita il sito web in questione sia quando visita altri siti web.\u00a0<strong>Perch\u00e9 utilizziamo i cookie?<\/strong>\u00a0Utilizziamo cookie di prima e terza parte per diversi motivi. Alcuni cookie sono necessari per motivi tecnici al funzionamento dei nostri siti web e vengono definiti cookie \"essenziali\" o \"strettamente necessari\". Altri cookie ci permettono di tracciare e indirizzare gli interessi dei nostri utenti per migliorare l'esperienza sulle nostre Propriet\u00e0 Online. Le terze parti utilizzano i cookie attraverso i nostri siti web per scopi pubblicitari, analitici e di altro tipo. Questo aspetto \u00e8 descritto in modo pi\u00f9 dettagliato di seguito. Di seguito sono descritti i tipi specifici di cookie di prima e terza parte utilizzati attraverso i nostri Siti web e le finalit\u00e0 che perseguono (si noti che i cookie specifici utilizzati possono variare a seconda delle Propriet\u00e0 online visitate):\u00a0<strong>Come posso controllare i cookie?<\/strong>\u00a0Hai il diritto di decidere se accettare o rifiutare i cookie. Puoi esercitare i tuoi diritti sui cookie impostando le tue preferenze nel Cookie Consent Manager. Il Cookie Consent Manager ti permette di selezionare le categorie di cookie che accetti o rifiuti. I cookie essenziali non possono essere rifiutati perch\u00e9 sono strettamente necessari per fornirti i servizi. Il Cookie Consent Manager si trova nel banner di notifica e sul nostro sito web. Se scegli di rifiutare i cookie, puoi comunque utilizzare il nostro sito web, anche se l'accesso ad alcune funzionalit\u00e0 e aree del sito potrebbe essere limitato. Puoi anche impostare o modificare i controlli del tuo browser web per accettare o rifiutare i cookie. Poich\u00e9 le modalit\u00e0 con cui puoi rifiutare i cookie attraverso i controlli del tuo browser variano da browser a browser, ti consigliamo di consultare il menu di aiuto del tuo browser per maggiori informazioni. Inoltre, la maggior parte delle reti pubblicitarie offre la possibilit\u00e0 di rifiutare la pubblicit\u00e0 mirata. Se vuoi avere maggiori informazioni, visita il sito\u00a0<a href=\"http:\/\/www.aboutads.info\/choices\/\" target=\"_blank\" rel=\"noopener\" data-custom-class=\"link\">http:\/\/www.aboutads.info\/choices\/<\/a>\u00a0o\u00a0<a href=\"http:\/\/www.youronlinechoices.com\/\" target=\"_blank\" rel=\"noopener\" data-custom-class=\"link\" data-fr-linked=\"true\">http:\/\/www.youronlinechoices.com<\/a>.\u00a0<\/p>\n<p>I tipi specifici di cookie di prima e terza parte utilizzati attraverso i nostri siti web e le finalit\u00e0 che perseguono sono descritti nella tabella seguente (si prega di notare che i cookie specifici utilizzati possono variare a seconda delle specifiche Propriet\u00e0 online visitate):<u><\/u><\/p>\n<p>Cookie essenziali per il sito web:<\/p>\n<p>\u00a0Questi cookie sono strettamente necessari per fornirvi i servizi disponibili attraverso il nostro sito web e per utilizzare alcune delle sue funzionalit\u00e0, come l'accesso alle aree protette.<\/p>\n<section data-custom-class=\"body_text\">\n<table>\n<tbody>\n<tr>\n<td>Nome:<\/td>\n<td>__cf_bm<\/td>\n<\/tr>\n<tr>\n<td>Scopo:<\/td>\n<td>Cloudflare inserisce il cookie nei dispositivi degli utenti finali che accedono ai siti dei clienti protetti dalla modalit\u00e0 di gestione dei bot o di lotta ai bot.<\/td>\n<\/tr>\n<tr>\n<td>Fornitore:<\/td>\n<td>.afterpay.com<\/td>\n<\/tr>\n<tr>\n<td>Servizio:<\/td>\n<td>Cloudflare\u00a0<a href=\"https:\/\/jetpack.com\/support\/cookies\/\" target=\"_blank\" rel=\"noopener\">Visualizza l'informativa sulla privacy del servizio<\/a>\u00a0\u00a0<\/td>\n<\/tr>\n<tr>\n<td>Paese:<\/td>\n<td>Stati Uniti<\/td>\n<\/tr>\n<tr>\n<td>Tipo:<\/td>\n<td>server_cookie<\/td>\n<\/tr>\n<tr>\n<td>Scade in:<\/td>\n<td>30 minuti<\/td>\n<\/tr>\n<\/tbody>\n<\/table>\n<\/section>\n<section data-custom-class=\"body_text\">\n<table>\n<tbody>\n<tr>\n<td>Nome:<\/td>\n<td>__tlbcpv<\/td>\n<\/tr>\n<tr>\n<td>Scopo:<\/td>\n<td>Utilizzato per registrare le visualizzazioni uniche del banner di consenso da parte dei visitatori.<\/td>\n<\/tr>\n<tr>\n<td>Fornitore:<\/td>\n<td>.termly.io<\/td>\n<\/tr>\n<tr>\n<td>Servizio:<\/td>\n<td>A termine\u00a0<a href=\"https:\/\/termly.io\/our-privacy-policy\/\" target=\"_blank\" rel=\"noopener\">Visualizza l'informativa sulla privacy del servizio<\/a>\u00a0\u00a0<\/td>\n<\/tr>\n<tr>\n<td>Paese:<\/td>\n<td>Stati Uniti<\/td>\n<\/tr>\n<tr>\n<td>Tipo:<\/td>\n<td>http_cookie<\/td>\n<\/tr>\n<tr>\n<td>Scade in:<\/td>\n<td>1 anno<\/td>\n<\/tr>\n<\/tbody>\n<\/table>\n<\/section>\n<p>\u00a0<strong><u><br \/>Cookie analitici e di personalizzazione:<\/u><\/strong><\/p>\n<p>Questi cookie raccolgono informazioni che vengono utilizzate in forma aggregata per aiutarci a capire come vengono utilizzati i nostri siti web o l'efficacia delle nostre campagne di marketing, oppure per aiutarci a personalizzare i nostri siti web per voi.<\/p>\n<section data-custom-class=\"body_text\">\n<table>\n<tbody>\n<tr>\n<td>Nome:<\/td>\n<td>#collect<\/td>\n<\/tr>\n<tr>\n<td>Scopo:<\/td>\n<td>Invia dati come il comportamento e il dispositivo del visitatore a Google Analytics. \u00c8 in grado di tenere traccia del visitatore attraverso i canali di marketing e i dispositivi. \u00c8 un cookie di tipo pixel tracker la cui attivit\u00e0 dura per tutta la sessione di navigazione.<\/td>\n<\/tr>\n<tr>\n<td>Fornitore:<\/td>\n<td>visto-indonesia.com<\/td>\n<\/tr>\n<tr>\n<td>Servizio:<\/td>\n<td>Google Analytics\u00a0<a href=\"https:\/\/policies.google.com\/technologies\/ads\" target=\"_blank\" rel=\"noopener\">Visualizza l'informativa sulla privacy del servizio<\/a>\u00a0\u00a0<\/td>\n<\/tr>\n<tr>\n<td>Paese:<\/td>\n<td>Stati Uniti<\/td>\n<\/tr>\n<tr>\n<td>Tipo:<\/td>\n<td>tracciatore_di_pixel<\/td>\n<\/tr>\n<tr>\n<td>Scade in:<\/td>\n<td>sessione<\/td>\n<\/tr>\n<\/tbody>\n<\/table>\n<\/section>\n<section data-custom-class=\"body_text\">\n<table>\n<tbody>\n<tr>\n<td>Nome:<\/td>\n<td>_ga<\/td>\n<\/tr>\n<tr>\n<td>Scopo:<\/td>\n<td>Registra un particolare ID utilizzato per ottenere dati sull'utilizzo del sito web da parte dell'utente. \u00c8 un cookie HTTP che scade dopo 2 anni.<\/td>\n<\/tr>\n<tr>\n<td>Fornitore:<\/td>\n<td>.visa-indonesia.com<\/td>\n<\/tr>\n<tr>\n<td>Servizio:<\/td>\n<td>Google Analytics\u00a0<a href=\"https:\/\/policies.google.com\/technologies\/ads\" target=\"_blank\" rel=\"noopener\">Visualizza l'informativa sulla privacy del servizio<\/a>\u00a0\u00a0<\/td>\n<\/tr>\n<tr>\n<td>Paese:<\/td>\n<td>__________<\/td>\n<\/tr>\n<tr>\n<td>Tipo:<\/td>\n<td>http_cookie<\/td>\n<\/tr>\n<tr>\n<td>Scade in:<\/td>\n<td>1 anno 11 mesi 29 giorni<\/td>\n<\/tr>\n<\/tbody>\n<\/table>\n<\/section>\n<section data-custom-class=\"body_text\">\n<table>\n<tbody>\n<tr>\n<td>Nome:<\/td>\n<td>_ga_#<\/td>\n<\/tr>\n<tr>\n<td>Scopo:<\/td>\n<td>Utilizzato per distinguere i singoli utenti mediante la designazione di un numero generato in modo casuale come identificativo del cliente, che consente di calcolare le visite e le sessioni.<\/td>\n<\/tr>\n<tr>\n<td>Fornitore:<\/td>\n<td>.visa-indonesia.com<\/td>\n<\/tr>\n<tr>\n<td>Servizio:<\/td>\n<td>Analisi di Google\u00a0<a href=\"https:\/\/policies.google.com\/technologies\/ads\" target=\"_blank\" rel=\"noopener\">Visualizza l'informativa sulla privacy del servizio<\/a>\u00a0\u00a0<\/td>\n<\/tr>\n<tr>\n<td>Paese:<\/td>\n<td>__________<\/td>\n<\/tr>\n<tr>\n<td>Tipo:<\/td>\n<td>http_cookie<\/td>\n<\/tr>\n<tr>\n<td>Scade in:<\/td>\n<td>1 anno 11 mesi 29 giorni<\/td>\n<\/tr>\n<\/tbody>\n<\/table>\n<\/section>\n<section data-custom-class=\"body_text\">\n<table>\n<tbody>\n<tr>\n<td>Nome:<\/td>\n<td>10785860472\/<\/td>\n<\/tr>\n<tr>\n<td>Scopo:<\/td>\n<td>__________<\/td>\n<\/tr>\n<tr>\n<td>Fornitore:<\/td>\n<td>visto-indonesia.com<\/td>\n<\/tr>\n<tr>\n<td>Servizio:<\/td>\n<td>__________ \u00a0<\/td>\n<\/tr>\n<tr>\n<td>Paese:<\/td>\n<td>Stati Uniti<\/td>\n<\/tr>\n<tr>\n<td>Tipo:<\/td>\n<td>tracciatore_di_pixel<\/td>\n<\/tr>\n<tr>\n<td>Scade in:<\/td>\n<td>sessione<\/td>\n<\/tr>\n<\/tbody>\n<\/table>\n<\/section>\n<section data-custom-class=\"body_text\">\n<table>\n<tbody>\n<tr>\n<td>Nome:<\/td>\n<td>_gat#<\/td>\n<\/tr>\n<tr>\n<td>Scopo:<\/td>\n<td>Consente a Google Analytics di regolare il tasso di richiesta. \u00c8 un tipo di cookie HTTP che dura per una sessione.<\/td>\n<\/tr>\n<tr>\n<td>Fornitore:<\/td>\n<td>.visa-indonesia.com<\/td>\n<\/tr>\n<tr>\n<td>Servizio:<\/td>\n<td>Google Analytics\u00a0<a href=\"https:\/\/policies.google.com\/technologies\/ads\" target=\"_blank\" rel=\"noopener\">Visualizza l'informativa sulla privacy del servizio<\/a>\u00a0\u00a0<\/td>\n<\/tr>\n<tr>\n<td>Paese:<\/td>\n<td>__________<\/td>\n<\/tr>\n<tr>\n<td>Tipo:<\/td>\n<td>http_cookie<\/td>\n<\/tr>\n<tr>\n<td>Scade in:<\/td>\n<td>1 minuto<\/td>\n<\/tr>\n<\/tbody>\n<\/table>\n<\/section>\n<section data-custom-class=\"body_text\">\n<table>\n<tbody>\n<tr>\n<td>Nome:<\/td>\n<td>_gid<\/td>\n<\/tr>\n<tr>\n<td>Scopo:<\/td>\n<td>Conserva un ID univoco che viene poi utilizzato per ottenere dati statistici sull'utilizzo del sito web da parte dei visitatori. \u00c8 un tipo di cookie HTTP e scade dopo una sessione di navigazione.<\/td>\n<\/tr>\n<tr>\n<td>Fornitore:<\/td>\n<td>.visa-indonesia.com<\/td>\n<\/tr>\n<tr>\n<td>Servizio:<\/td>\n<td>Google Analytics\u00a0<a href=\"https:\/\/policies.google.com\/technologies\/ads\" target=\"_blank\" rel=\"noopener\">Visualizza l'informativa sulla privacy del servizio<\/a>\u00a0\u00a0<\/td>\n<\/tr>\n<tr>\n<td>Paese:<\/td>\n<td>__________<\/td>\n<\/tr>\n<tr>\n<td>Tipo:<\/td>\n<td>http_cookie<\/td>\n<\/tr>\n<tr>\n<td>Scade in:<\/td>\n<td>1 giorno<\/td>\n<\/tr>\n<\/tbody>\n<\/table>\n<\/section>\n<p><strong><u><br \/>Cookie pubblicitari:<\/u><\/strong><\/p>\n<p>Questi cookie vengono utilizzati per rendere i messaggi pubblicitari pi\u00f9 pertinenti per l'utente. Svolgono funzioni come evitare che lo stesso annuncio ricompaia continuamente, garantire che gli annunci vengano visualizzati correttamente per gli inserzionisti e, in alcuni casi, selezionare annunci basati sui vostri interessi.<\/p>\n<section data-custom-class=\"body_text\">\n<table>\n<tbody>\n<tr>\n<td>Nome:<\/td>\n<td>_gcl_au<\/td>\n<\/tr>\n<tr>\n<td>Scopo:<\/td>\n<td>Utilizzato da Google AdSense per sperimentare l'efficienza degli annunci pubblicitari sui siti web che utilizzano i suoi servizi.<\/td>\n<\/tr>\n<tr>\n<td>Fornitore:<\/td>\n<td>.visa-indonesia.com<\/td>\n<\/tr>\n<tr>\n<td>Servizio:<\/td>\n<td>AdSense\u00a0<a href=\"https:\/\/policies.google.com\/technologies\/ads?hl=en\" target=\"_blank\" rel=\"noopener\">Visualizza l'informativa sulla privacy del servizio<\/a>\u00a0\u00a0<\/td>\n<\/tr>\n<tr>\n<td>Paese:<\/td>\n<td>__________<\/td>\n<\/tr>\n<tr>\n<td>Tipo:<\/td>\n<td>http_cookie<\/td>\n<\/tr>\n<tr>\n<td>Scade in:<\/td>\n<td>2 mesi 29 giorni<\/td>\n<\/tr>\n<\/tbody>\n<\/table>\n<\/section>\n<section data-custom-class=\"body_text\">\n<table>\n<tbody>\n<tr>\n<td>Nome:<\/td>\n<td>IDE<\/td>\n<\/tr>\n<tr>\n<td>Scopo:<\/td>\n<td>Utilizzato per misurare il tasso di conversione degli annunci presentati all'utente. Scade tra 1,5 anni.<\/td>\n<\/tr>\n<tr>\n<td>Fornitore:<\/td>\n<td>.doubleclick.net<\/td>\n<\/tr>\n<tr>\n<td>Servizio:<\/td>\n<td>Doppio clic\u00a0<a href=\"https:\/\/policies.google.com\/privacy\" target=\"_blank\" rel=\"noopener\">Visualizza l'informativa sulla privacy del servizio<\/a>\u00a0\u00a0<\/td>\n<\/tr>\n<tr>\n<td>Paese:<\/td>\n<td>Stati Uniti<\/td>\n<\/tr>\n<tr>\n<td>Tipo:<\/td>\n<td>server_cookie<\/td>\n<\/tr>\n<tr>\n<td>Scade in:<\/td>\n<td>1 anno 11 mesi 29 giorni<\/td>\n<\/tr>\n<\/tbody>\n<\/table>\n<\/section>\n<section data-custom-class=\"body_text\">\n<table>\n<tbody>\n<tr>\n<td>Nome:<\/td>\n<td>a<\/td>\n<\/tr>\n<tr>\n<td>Scopo:<\/td>\n<td>Registra un ID univoco che identifica il dispositivo di un utente che ritorna. L'ID viene utilizzato per annunci mirati.<\/td>\n<\/tr>\n<tr>\n<td>Fornitore:<\/td>\n<td>visto-indonesia.com<\/td>\n<\/tr>\n<tr>\n<td>Servizio:<\/td>\n<td>Cox Digital Solutions (ex Adify)\u00a0<a href=\"https:\/\/www.novomotus.com\/privacy-policy\/\" target=\"_blank\" rel=\"noopener\">Visualizza l'informativa sulla privacy del servizio<\/a>\u00a0\u00a0<\/td>\n<\/tr>\n<tr>\n<td>Paese:<\/td>\n<td>Stati Uniti<\/td>\n<\/tr>\n<tr>\n<td>Tipo:<\/td>\n<td>tracciatore_di_pixel<\/td>\n<\/tr>\n<tr>\n<td>Scade in:<\/td>\n<td>sessione<\/td>\n<\/tr>\n<\/tbody>\n<\/table>\n<\/section>\n<section data-custom-class=\"body_text\">\n<table>\n<tbody>\n<tr>\n<td>Nome:<\/td>\n<td>ga-audiences<\/td>\n<\/tr>\n<tr>\n<td>Scopo:<\/td>\n<td>Utilizzato da Google AdWords per coinvolgere nuovamente i visitatori che probabilmente si convertiranno in clienti in base al loro comportamento online sui vari siti web.<\/td>\n<\/tr>\n<tr>\n<td>Fornitore:<\/td>\n<td>visto-indonesia.com<\/td>\n<\/tr>\n<tr>\n<td>Servizio:<\/td>\n<td>AdWords\u00a0<a href=\"https:\/\/policies.google.com\/privacy\" target=\"_blank\" rel=\"noopener\">Visualizza l'informativa sulla privacy del servizio<\/a>\u00a0\u00a0<\/td>\n<\/tr>\n<tr>\n<td>Paese:<\/td>\n<td>Stati Uniti<\/td>\n<\/tr>\n<tr>\n<td>Tipo:<\/td>\n<td>tracciatore_di_pixel<\/td>\n<\/tr>\n<tr>\n<td>Scade in:<\/td>\n<td>sessione<\/td>\n<\/tr>\n<\/tbody>\n<\/table>\n<\/section>\n<section data-custom-class=\"body_text\">\n<table>\n<tbody>\n<tr>\n<td>Nome:<\/td>\n<td>td<\/td>\n<\/tr>\n<tr>\n<td>Scopo:<\/td>\n<td>Utilizzato per fornire agli utenti pubblicit\u00e0 mirate in base all'attivit\u00e0 di navigazione. \u00c8 un cookie HTTP.<\/td>\n<\/tr>\n<tr>\n<td>Fornitore:<\/td>\n<td>visto-indonesia.com<\/td>\n<\/tr>\n<tr>\n<td>Servizio:<\/td>\n<td>UnrulyX\u00a0<a href=\"https:\/\/unruly.co\/privacy\/#privacy-policy\" target=\"_blank\" rel=\"noopener\">Visualizza l'informativa sulla privacy del servizio<\/a>\u00a0\u00a0<\/td>\n<\/tr>\n<tr>\n<td>Paese:<\/td>\n<td>Stati Uniti<\/td>\n<\/tr>\n<tr>\n<td>Tipo:<\/td>\n<td>tracciatore_di_pixel<\/td>\n<\/tr>\n<tr>\n<td>Scade in:<\/td>\n<td>sessione<\/td>\n<\/tr>\n<\/tbody>\n<\/table>\n<\/section>\n<section data-custom-class=\"body_text\">\n<table>\n<tbody>\n<tr>\n<td>Nome:<\/td>\n<td>cookie_di_prova<\/td>\n<\/tr>\n<tr>\n<td>Scopo:<\/td>\n<td>Un cookie di sessione utilizzato per verificare se il browser dell'utente supporta i cookie.<\/td>\n<\/tr>\n<tr>\n<td>Fornitore:<\/td>\n<td>.doubleclick.net<\/td>\n<\/tr>\n<tr>\n<td>Servizio:<\/td>\n<td>Doppio clic\u00a0<a href=\"https:\/\/policies.google.com\/privacy\" target=\"_blank\" rel=\"noopener\">Visualizza l'informativa sulla privacy del servizio<\/a>\u00a0\u00a0<\/td>\n<\/tr>\n<tr>\n<td>Paese:<\/td>\n<td>Stati Uniti<\/td>\n<\/tr>\n<tr>\n<td>Tipo:<\/td>\n<td>server_cookie<\/td>\n<\/tr>\n<tr>\n<td>Scade in:<\/td>\n<td>15 minuti<\/td>\n<\/tr>\n<\/tbody>\n<\/table>\n<\/section>\n<p><strong><u><br \/>Biscotti non classificati:<\/u><\/strong><\/p>\n<p>Si tratta di cookie che non sono ancora stati classificati. Stiamo procedendo alla classificazione di questi cookie con l'aiuto dei loro fornitori.<\/p>\n<section data-custom-class=\"body_text\">\n<table>\n<tbody>\n<tr>\n<td>Nome:<\/td>\n<td>_wpfuuid<\/td>\n<\/tr>\n<tr>\n<td>Scopo:<\/td>\n<td>__________<\/td>\n<\/tr>\n<tr>\n<td>Fornitore:<\/td>\n<td>visto-indonesia.com<\/td>\n<\/tr>\n<tr>\n<td>Servizio:<\/td>\n<td>__________ \u00a0<\/td>\n<\/tr>\n<tr>\n<td>Paese:<\/td>\n<td>__________<\/td>\n<\/tr>\n<tr>\n<td>Tipo:<\/td>\n<td>http_cookie<\/td>\n<\/tr>\n<tr>\n<td>Scade in:<\/td>\n<td>10 anni 11 mesi 11 giorni<\/td>\n<\/tr>\n<\/tbody>\n<\/table>\n<\/section>\n<section data-custom-class=\"body_text\">\n<table>\n<tbody>\n<tr>\n<td>Nome:<\/td>\n<td>wp_woocommerce_session_7c1349875ffe6a81fe06e870b04df4a5<\/td>\n<\/tr>\n<tr>\n<td>Scopo:<\/td>\n<td>__________<\/td>\n<\/tr>\n<tr>\n<td>Fornitore:<\/td>\n<td>visto-indonesia.com<\/td>\n<\/tr>\n<tr>\n<td>Servizio:<\/td>\n<td>__________ \u00a0<\/td>\n<\/tr>\n<tr>\n<td>Paese:<\/td>\n<td>__________<\/td>\n<\/tr>\n<tr>\n<td>Tipo:<\/td>\n<td>server_cookie<\/td>\n<\/tr>\n<tr>\n<td>Scade in:<\/td>\n<td>2 giorni<\/td>\n<\/tr>\n<\/tbody>\n<\/table>\n<\/section>\n<p>\u00a0<strong>Che dire di altre tecnologie di tracciamento, come i web beacon?<\/strong>\u00a0I cookie non sono l'unico modo per riconoscere o tracciare i visitatori di un sito web. Di tanto in tanto possiamo utilizzare altre tecnologie simili, come i web beacon (talvolta chiamati \"tracking pixel\" o \"clear gif\"). Si tratta di piccoli file grafici che contengono un identificatore unico che ci permette di riconoscere quando qualcuno ha visitato il nostro sito web o ha aperto un'e-mail che lo include. Questo ci permette, ad esempio, di monitorare i modelli di traffico degli utenti da una pagina all'altra di un sito web, di consegnare o comunicare con i cookie, di capire se sei arrivato al sito web da una pubblicit\u00e0 online visualizzata su un sito web di terzi, di migliorare le prestazioni del sito e di misurare il successo delle campagne di e-mail marketing. In molti casi, queste tecnologie dipendono dai cookie per funzionare correttamente e quindi il rifiuto dei cookie ne compromette il funzionamento.\u00a0<strong>Utilizzate i cookie di Flash o i Local Shared Objects?<\/strong>\u00a0I siti web possono anche utilizzare i cosiddetti \"Flash Cookies\" (noti anche come Local Shared Objects o \"LSO\") per, tra le altre cose, raccogliere e memorizzare informazioni sull'utilizzo dei nostri servizi, per la prevenzione delle frodi e per altre operazioni del sito. Se non vuoi che i Flash Cookies vengano memorizzati sul tuo computer, puoi regolare le impostazioni del tuo Flash player in modo da bloccare la memorizzazione dei Flash Cookies utilizzando gli strumenti contenuti nel sito web di Flash.\u00a0<a href=\"https:\/\/www.macromedia.com\/support\/documentation\/en\/flashplayer\/help\/settings_manager07.html\" target=\"_BLANK\" rel=\"noopener\" data-custom-class=\"link\">Pannello delle impostazioni di archiviazione del sito web<\/a>. \u00c8 inoltre possibile controllare i cookie di Flash accedendo alla sezione\u00a0<a href=\"https:\/\/www.macromedia.com\/support\/documentation\/en\/flashplayer\/help\/settings_manager03.html\" target=\"_BLANK\" rel=\"noopener\" data-custom-class=\"link\">Pannello delle impostazioni globali di memorizzazione<\/a>\u00a0e seguendo le istruzioni (che possono includere istruzioni che spiegano, ad esempio, come cancellare i Flash Cookies esistenti (indicati come \"informazioni\" sul sito di Macromedia), come impedire che i Flash LSO vengano inseriti nel tuo computer senza che tu lo chieda e (per Flash Player 8 e successivi) come bloccare i Flash Cookies che non vengono forniti dall'operatore della pagina in cui ti trovi in quel momento). Si prega di notare che l'impostazione del Flash Player per limitare o limitare l'accettazione dei Flash Cookies pu\u00f2 ridurre o impedire la funzionalit\u00e0 di alcune applicazioni Flash, incluse, potenzialmente, le applicazioni Flash utilizzate in connessione con i nostri servizi o contenuti online.\u00a0<strong>Fate pubblicit\u00e0 mirata?<\/strong>\u00a0Le terze parti possono inserire dei cookie nel vostro computer o dispositivo mobile per pubblicare pubblicit\u00e0 attraverso i nostri siti web. Queste societ\u00e0 possono utilizzare le informazioni relative alle visite dell'utente a questo e ad altri siti web per fornire annunci pubblicitari pertinenti su beni e servizi che potrebbero interessare l'utente. Possono anche impiegare una tecnologia utilizzata per misurare l'efficacia degli annunci pubblicitari. Ci\u00f2 pu\u00f2 avvenire mediante l'utilizzo di cookie o web beacon per raccogliere informazioni sulle visite dell'utente a questo e ad altri siti, al fine di fornire pubblicit\u00e0 pertinenti su beni e servizi di potenziale interesse per l'utente. Le informazioni raccolte attraverso questo processo non consentono a noi o a loro di identificare il vostro nome, i vostri dati di contatto o altri dettagli che vi identificano direttamente, a meno che non scegliate di fornirli.\u00a0<strong>Con quale frequenza aggiornerete la presente Informativa sui cookie?<\/strong>\u00a0Potremmo aggiornare periodicamente la presente Informativa sui cookie per riflettere, ad esempio, le modifiche ai cookie che utilizziamo o per altri motivi operativi, legali o normativi. Ti invitiamo pertanto a consultare regolarmente la presente Informativa sui cookie per rimanere informato sul nostro utilizzo dei cookie e delle tecnologie correlate. La data riportata nella parte superiore della presente Informativa sui cookie indica l'ultimo aggiornamento della stessa.\u00a0<strong>Dove posso ottenere ulteriori informazioni?<\/strong>\u00a0In caso di domande sull'uso dei cookie o di altre tecnologie, inviaci un'e-mail all'indirizzo support(at)visa-indonesia.com o per posta a: PT. <a href=\"https:\/\/visa-indonesia.com\/it\/visti-e-regolamenti\/visto-per-nomadi-digitali-per-bali\/\" data-wpil-monitor-id=\"31\">Visto Bali<\/a> IndonesiaJalan Mertanadi 60A<br \/>Kerobokan 80361<br \/>Badung, Bali<br \/>Indonesia<\/p>","protected":false},"excerpt":{"rendered":"<p>Last updated\u00a0October 19, 2022\u00a0This Cookie Policy explains how\u00a0Visa Indonesia (\u201cCompany\u201c, \u201cwe\u201c, \u201cus\u201c, and \u201cour\u201c) uses cookies and similar technologies to recognize you when you visit our websites at\u00a0https:\/\/visa-indonesia.com,\u00a0(\u201cWebsites\u201c). It explains what these technologies are and why we use them, as well as your rights to control our use of them.\u00a0In some cases we may use [&hellip;]<\/p>\n","protected":false},"author":1,"featured_media":17324,"parent":0,"menu_order":0,"comment_status":"closed","ping_status":"closed","template":"","meta":{"_acf_changed":false,"site-sidebar-layout":"no-sidebar","site-content-layout":"page-builder","ast-site-content-layout":"normal-width-container","site-content-style":"boxed","site-sidebar-style":"unboxed","ast-global-header-display":"","ast-banner-title-visibility":"","ast-main-header-display":"","ast-hfb-above-header-display":"","ast-hfb-below-header-display":"","ast-hfb-mobile-header-display":"","site-post-title":"","ast-breadcrumbs-content":"","ast-featured-img":"disabled","footer-sml-layout":"","ast-disable-related-posts":"","theme-transparent-header-meta":"","adv-header-id-meta":"","stick-header-meta":"","header-above-stick-meta":"","header-main-stick-meta":"","header-below-stick-meta":"","astra-migrate-meta-layouts":"set","ast-page-background-enabled":"default","ast-page-background-meta":{"desktop":{"background-color":"","background-image":"","background-repeat":"repeat","background-position":"center center","background-size":"auto","background-attachment":"scroll","background-type":"","background-media":"","overlay-type":"","overlay-color":"","overlay-opacity":"","overlay-gradient":""},"tablet":{"background-color":"","background-image":"","background-repeat":"repeat","background-position":"center center","background-size":"auto","background-attachment":"scroll","background-type":"","background-media":"","overlay-type":"","overlay-color":"","overlay-opacity":"","overlay-gradient":""},"mobile":{"background-color":"","background-image":"","background-repeat":"repeat","background-position":"center center","background-size":"auto","background-attachment":"scroll","background-type":"","background-media":"","overlay-type":"","overlay-color":"","overlay-opacity":"","overlay-gradient":""}},"ast-content-background-meta":{"desktop":{"background-color":"var(--ast-global-color-5)","background-image":"","background-repeat":"repeat","background-position":"center center","background-size":"auto","background-attachment":"scroll","background-type":"","background-media":"","overlay-type":"","overlay-color":"","overlay-opacity":"","overlay-gradient":""},"tablet":{"background-color":"var(--ast-global-color-5)","background-image":"","background-repeat":"repeat","background-position":"center center","background-size":"auto","background-attachment":"scroll","background-type":"","background-media":"","overlay-type":"","overlay-color":"","overlay-opacity":"","overlay-gradient":""},"mobile":{"background-color":"var(--ast-global-color-5)","background-image":"","background-repeat":"repeat","background-position":"center center","background-size":"auto","background-attachment":"scroll","background-type":"","background-media":"","overlay-type":"","overlay-color":"","overlay-opacity":"","overlay-gradient":""}},"uix_meta_title":"","uix_meta_description":"","uix_canonical_url":"","footnotes":""},"class_list":["post-14844","page","type-page","status-publish","has-post-thumbnail","hentry"],"acf":[],"_links":{"self":[{"href":"https:\/\/visa-indonesia.com\/it\/wp-json\/wp\/v2\/pages\/14844","targetHints":{"allow":["GET"]}}],"collection":[{"href":"https:\/\/visa-indonesia.com\/it\/wp-json\/wp\/v2\/pages"}],"about":[{"href":"https:\/\/visa-indonesia.com\/it\/wp-json\/wp\/v2\/types\/page"}],"author":[{"embeddable":true,"href":"https:\/\/visa-indonesia.com\/it\/wp-json\/wp\/v2\/users\/1"}],"replies":[{"embeddable":true,"href":"https:\/\/visa-indonesia.com\/it\/wp-json\/wp\/v2\/comments?post=14844"}],"version-history":[{"count":16,"href":"https:\/\/visa-indonesia.com\/it\/wp-json\/wp\/v2\/pages\/14844\/revisions"}],"predecessor-version":[{"id":44947,"href":"https:\/\/visa-indonesia.com\/it\/wp-json\/wp\/v2\/pages\/14844\/revisions\/44947"}],"wp:featuredmedia":[{"embeddable":true,"href":"https:\/\/visa-indonesia.com\/it\/wp-json\/wp\/v2\/media\/17324"}],"wp:attachment":[{"href":"https:\/\/visa-indonesia.com\/it\/wp-json\/wp\/v2\/media?parent=14844"}],"curies":[{"name":"wp","href":"https:\/\/api.w.org\/{rel}","templated":true}]}}