{"id":12618,"date":"2022-07-15T16:28:51","date_gmt":"2022-07-15T08:28:51","guid":{"rendered":"https:\/\/visa-indonesia.com\/?page_id=12618"},"modified":"2025-12-03T17:30:55","modified_gmt":"2025-12-03T09:30:55","slug":"politica-di-rimborso","status":"publish","type":"page","link":"https:\/\/visa-indonesia.com\/it\/refund-policy\/","title":{"rendered":"Politica di rimborso"},"content":{"rendered":"<p>Il nostro obiettivo \u00e8 quello di offrire la politica di rimborso pi\u00f9 favorevole al cliente tra tutte le agenzie di visti. Pertanto, cerchiamo di rimborsare ogni volta che \u00e8 possibile. Vi preghiamo di comprendere che non possiamo rimborsare in tutti i casi. Si prega di leggere di seguito per saperne di pi\u00f9 sui dettagli.<\/p>\n\n\n\n<h3 class=\"wp-block-heading\">Ricever\u00f2 un rimborso completo se annullo il mio ordine?<\/h3>\n\n\n\n<p>S\u00ec, se annullate l'ordine prima di aver caricato i vostri dati nel sistema di immigrazione, vi offriamo un rimborso completo. I rimborsi vengono generalmente elaborati entro 2 giorni lavorativi.<\/p>\n\n\n\n<p>Se l'ordine viene annullato dopo che i dati sono stati caricati nel sistema di immigrazione, non potremo offrire alcun rimborso.<\/p>\n\n\n\n<h3 class=\"wp-block-heading\">Ricever\u00f2 un rimborso se la mia domanda di visto viene respinta?<\/h3>\n\n\n\n<p>S\u00ec, se commettiamo un errore e la domanda viene respinta, rimborsiamo. Finora non abbiamo avuto casi di rifiuto del visto. Se i requisiti sono soddisfatti, il visto dovrebbe essere approvato. In genere, ricaricheremo la domanda a nostre spese e riceverete comunque il visto. Tuttavia, se decidete di ottenere un rimborso, va bene lo stesso.<\/p>\n\n\n\n<p>Nel caso in cui il motivo del rifiuto sia la presenza di una lista nera a causa di precedenti violazioni delle leggi indonesiane, non potremo rimborsare il pagamento. Finora non abbiamo avuto nessun caso di lista nera in tutti questi anni.<\/p>\n\n\n\n<p><strong>In breve<\/strong>Se abbiamo commesso un errore non esaminando correttamente i vostri documenti, vi rimborseremo l'importo se viene richiesto un rimborso. Se la richiesta di rimborso viene respinta perch\u00e9 l'utente \u00e8 stato inserito in una lista nera in Indonesia, non possiamo fornire un rimborso.&nbsp;<\/p>\n\n\n\n<h3 class=\"wp-block-heading\">Ricever\u00f2 un rimborso se il mio ingresso viene negato alle frontiere dell'immigrazione?<\/h3>\n\n\n\n<p>Se il motivo del rifiuto dell'ingresso non \u00e8 legato al visto, in genere non forniamo un rimborso. Ecco i motivi pi\u00f9 comuni che causano problemi all'ingresso in Indonesia:<\/p>\n\n\n\n<ul class=\"wp-block-list\">\n<li>Il passaporto non \u00e8 pi\u00f9 valido per 6 mesi<\/li>\n\n\n\n<li>Nessuna pagina vuota nel passaporto<\/li>\n\n\n\n<li>Nessun volo di ritorno \/ biglietto di proseguimento<\/li>\n\n\n\n<li>L'indirizzo dell'hotel \u00e8 cambiato ed \u00e8 diverso da quello indicato al momento della richiesta del visto (si consiglia di effettuare una prenotazione completamente rimborsabile su booking.com se non si \u00e8 ancora prenotato l'alloggio al momento della richiesta del visto)<\/li>\n\n\n\n<li>Non un passaporto regolare. I funzionari dell'immigrazione possono creare problemi a chi entra con passaporti temporanei o per rifugiati. In caso di problemi, chiamateci e faremo del nostro meglio per risolverli.<\/li>\n<\/ul>\n\n\n\n<h3 class=\"wp-block-heading\">Ricever\u00f2 un rimborso se il mio ingresso viene negato dalla compagnia aerea al check-in?<\/h3>\n\n\n\n<p>Se la compagnia aerea nega il check-in e il motivo non \u00e8 legato al visto, di solito non effettuiamo rimborsi. Vi preghiamo di chiamarci se non riuscite a risolvere il problema con la compagnia aerea da soli. Un problema comune \u00e8 la mancanza del volo di ritorno o del biglietto di proseguimento. Alcune compagnie aeree non sono aggiornate sui requisiti del passaporto per l'Indonesia. Se non accettano il vostro passaporto insieme al visto che avete ricevuto da noi, chiamateci e contatteremo la compagnia aerea.<\/p>\n\n\n\n<h3 class=\"wp-block-heading\">Quando ricever\u00f2 il rimborso?<\/h3>\n\n\n\n<p>Cerchiamo di rimborsarvi il prima possibile (di solito entro 2 giorni lavorativi). Tuttavia, alcune banche o carte di credito richiedono pi\u00f9 tempo per accreditare l'importo sul vostro conto.<\/p>\n\n\n\n<h3 class=\"wp-block-heading\">Dove ricever\u00f2 il rimborso?<\/h3>\n\n\n\n<p>L'importo verr\u00e0 rimborsato sul conto bancario, sulla carta di credito o sul portafoglio online da cui \u00e8 stato inviato il denaro.<\/p>\n\n\n\n<p>Se avete pagato con PayPal, vi rimborseremo automaticamente l'importo sul vostro conto PayPal. Se avete pagato con carta di credito, l'importo sar\u00e0 rimborsato sulla vostra carta. Se avete pagato con bonifico bancario, vi chiederemo le vostre esatte coordinate bancarie.<\/p>\n\n\n\n<p><\/p>","protected":false},"excerpt":{"rendered":"<p>Our goal is to offer the most customer-friendly refund policy among all visa agencies. Therefore, we try to refund whenever possible. Please understand that we cannot refund in all cases. Please read below to learn more about the details. Will I receive a full refund if I cancel my order? Yes, if you cancel your [&hellip;]<\/p>\n","protected":false},"author":1,"featured_media":17305,"parent":0,"menu_order":0,"comment_status":"closed","ping_status":"closed","template":"","meta":{"_acf_changed":false,"site-sidebar-layout":"default","site-content-layout":"","ast-site-content-layout":"default","site-content-style":"default","site-sidebar-style":"default","ast-global-header-display":"","ast-banner-title-visibility":"","ast-main-header-display":"","ast-hfb-above-header-display":"","ast-hfb-below-header-display":"","ast-hfb-mobile-header-display":"","site-post-title":"","ast-breadcrumbs-content":"","ast-featured-img":"disabled","footer-sml-layout":"","ast-disable-related-posts":"","theme-transparent-header-meta":"","adv-header-id-meta":"","stick-header-meta":"","header-above-stick-meta":"","header-main-stick-meta":"","header-below-stick-meta":"","astra-migrate-meta-layouts":"set","ast-page-background-enabled":"default","ast-page-background-meta":{"desktop":{"background-color":"","background-image":"","background-repeat":"repeat","background-position":"center center","background-size":"auto","background-attachment":"scroll","background-type":"","background-media":"","overlay-type":"","overlay-color":"","overlay-opacity":"","overlay-gradient":""},"tablet":{"background-color":"","background-image":"","background-repeat":"repeat","background-position":"center center","background-size":"auto","background-attachment":"scroll","background-type":"","background-media":"","overlay-type":"","overlay-color":"","overlay-opacity":"","overlay-gradient":""},"mobile":{"background-color":"","background-image":"","background-repeat":"repeat","background-position":"center center","background-size":"auto","background-attachment":"scroll","background-type":"","background-media":"","overlay-type":"","overlay-color":"","overlay-opacity":"","overlay-gradient":""}},"ast-content-background-meta":{"desktop":{"background-color":"var(--ast-global-color-5)","background-image":"","background-repeat":"repeat","background-position":"center center","background-size":"auto","background-attachment":"scroll","background-type":"","background-media":"","overlay-type":"","overlay-color":"","overlay-opacity":"","overlay-gradient":""},"tablet":{"background-color":"var(--ast-global-color-5)","background-image":"","background-repeat":"repeat","background-position":"center center","background-size":"auto","background-attachment":"scroll","background-type":"","background-media":"","overlay-type":"","overlay-color":"","overlay-opacity":"","overlay-gradient":""},"mobile":{"background-color":"var(--ast-global-color-5)","background-image":"","background-repeat":"repeat","background-position":"center center","background-size":"auto","background-attachment":"scroll","background-type":"","background-media":"","overlay-type":"","overlay-color":"","overlay-opacity":"","overlay-gradient":""}},"uix_meta_title":"","uix_meta_description":"","uix_canonical_url":"","footnotes":""},"class_list":["post-12618","page","type-page","status-publish","has-post-thumbnail","hentry"],"acf":[],"_links":{"self":[{"href":"https:\/\/visa-indonesia.com\/it\/wp-json\/wp\/v2\/pages\/12618","targetHints":{"allow":["GET"]}}],"collection":[{"href":"https:\/\/visa-indonesia.com\/it\/wp-json\/wp\/v2\/pages"}],"about":[{"href":"https:\/\/visa-indonesia.com\/it\/wp-json\/wp\/v2\/types\/page"}],"author":[{"embeddable":true,"href":"https:\/\/visa-indonesia.com\/it\/wp-json\/wp\/v2\/users\/1"}],"replies":[{"embeddable":true,"href":"https:\/\/visa-indonesia.com\/it\/wp-json\/wp\/v2\/comments?post=12618"}],"version-history":[{"count":15,"href":"https:\/\/visa-indonesia.com\/it\/wp-json\/wp\/v2\/pages\/12618\/revisions"}],"predecessor-version":[{"id":36822,"href":"https:\/\/visa-indonesia.com\/it\/wp-json\/wp\/v2\/pages\/12618\/revisions\/36822"}],"wp:featuredmedia":[{"embeddable":true,"href":"https:\/\/visa-indonesia.com\/it\/wp-json\/wp\/v2\/media\/17305"}],"wp:attachment":[{"href":"https:\/\/visa-indonesia.com\/it\/wp-json\/wp\/v2\/media?parent=12618"}],"curies":[{"name":"wp","href":"https:\/\/api.w.org\/{rel}","templated":true}]}}