{"id":36759,"date":"2025-07-23T23:33:43","date_gmt":"2025-07-23T15:33:43","guid":{"rendered":"https:\/\/visa-indonesia.com\/?post_type=product&#038;p=36759"},"modified":"2026-05-07T16:21:04","modified_gmt":"2026-05-07T08:21:04","slug":"pre-investissement-single-entry-visa-extension-bali-indonesia","status":"publish","type":"product","link":"https:\/\/visa-indonesia.com\/fr\/service\/pre-investment-single-entry-visa-extension-bali-indonesia\/","title":{"rendered":"Prolongation du visa \u00e0 entr\u00e9e unique C12"},"content":{"rendered":"","protected":false},"excerpt":{"rendered":"<h4>Prolongez votre visa de pr\u00e9-investissement C12 \u00e0 entr\u00e9e unique avec notre aide !<\/h4>\n<p>Le visa de pr\u00e9investissement \u00e0 entr\u00e9e unique (C12) est valable 180 jours. Si vous souhaitez rester plus longtemps que 180 jours, vous pouvez prolonger le visa de 180 jours. Au total, vous pouvez rester jusqu'\u00e0 360 jours (180+180).<\/p>\n<p>Nous veillons \u00e0 ce que vos donn\u00e9es et votre paiement soient correctement transmis \u00e0 l\u2019immigration. De votre c\u00f4t\u00e9, il vous suffit simplement de vous rendre au bureau de l\u2019immigration avec votre passeport afin d\u2019y faire prendre votre photo et vos empreintes. Nous vous enverrons vos informations de rendez-vous \u00e0 l\u2019immigration.<\/p>\n<p><strong>Important :<\/strong> Une visite personnelle au bureau de l'immigration est n\u00e9cessaire pour toutes les prolongations.<\/p>\n<p>Bien entendu, nous sommes \u00e9galement \u00e0 votre disposition pour r\u00e9pondre \u00e0 toutes vos questions !<\/p>\n<p>Veuillez noter que tous les autres visas C, tels que les visas C1, C2, C3, C6 et C11, ne peuvent \u00eatre prolong\u00e9s que deux fois pour une dur\u00e9e de 60 jours chacun. <a href=\"https:\/\/visa-indonesia.com\/fr\/service\/extension-du-visa-a-entree-unique-bali-indonesie\/\">Veuillez trouver ici la prolongation du visa C (+60 jours)<\/a>.<\/p>","protected":false},"featured_media":36772,"comment_status":"closed","ping_status":"closed","template":"","meta":{"_acf_changed":false,"site-sidebar-layout":"default","site-content-layout":"default","ast-site-content-layout":"default","site-content-style":"default","site-sidebar-style":"default","ast-global-header-display":"","ast-banner-title-visibility":"","ast-main-header-display":"","ast-hfb-above-header-display":"","ast-hfb-below-header-display":"","ast-hfb-mobile-header-display":"","site-post-title":"","ast-breadcrumbs-content":"","ast-featured-img":"","footer-sml-layout":"","ast-disable-related-posts":"","theme-transparent-header-meta":"default","adv-header-id-meta":"","stick-header-meta":"default","header-above-stick-meta":"","header-main-stick-meta":"","header-below-stick-meta":"","astra-migrate-meta-layouts":"set","ast-page-background-enabled":"default","ast-page-background-meta":{"desktop":{"background-color":"","background-image":"","background-repeat":"repeat","background-position":"center center","background-size":"auto","background-attachment":"scroll","background-type":"","background-media":"","overlay-type":"","overlay-color":"","overlay-opacity":"","overlay-gradient":""},"tablet":{"background-color":"","background-image":"","background-repeat":"repeat","background-position":"center center","background-size":"auto","background-attachment":"scroll","background-type":"","background-media":"","overlay-type":"","overlay-color":"","overlay-opacity":"","overlay-gradient":""},"mobile":{"background-color":"","background-image":"","background-repeat":"repeat","background-position":"center center","background-size":"auto","background-attachment":"scroll","background-type":"","background-media":"","overlay-type":"","overlay-color":"","overlay-opacity":"","overlay-gradient":""}},"ast-content-background-meta":{"desktop":{"background-color":"var(--ast-global-color-5)","background-image":"","background-repeat":"repeat","background-position":"center center","background-size":"auto","background-attachment":"scroll","background-type":"","background-media":"","overlay-type":"","overlay-color":"","overlay-opacity":"","overlay-gradient":""},"tablet":{"background-color":"var(--ast-global-color-5)","background-image":"","background-repeat":"repeat","background-position":"center center","background-size":"auto","background-attachment":"scroll","background-type":"","background-media":"","overlay-type":"","overlay-color":"","overlay-opacity":"","overlay-gradient":""},"mobile":{"background-color":"var(--ast-global-color-5)","background-image":"","background-repeat":"repeat","background-position":"center center","background-size":"auto","background-attachment":"scroll","background-type":"","background-media":"","overlay-type":"","overlay-color":"","overlay-opacity":"","overlay-gradient":""}},"uix_meta_title":"","uix_meta_description":"","uix_canonical_url":""},"product_brand":[],"product_cat":[175],"product_tag":[724,725,726,727,1170,1171,1212,1213,1214,1215,1216,1217,1218],"comparison_feature":[1186,991,995,996,997,998,999,992,1000,1002,1001],"class_list":{"0":"post-36759","1":"product","2":"type-product","3":"status-publish","4":"has-post-thumbnail","6":"product_cat-visa-extension","7":"product_tag-pre-investment-visa","8":"product_tag-pre-investment-visa-bali","9":"product_tag-pre-investment-visa-indonesia","10":"product_tag-invest-in-bali","11":"product_tag-c12-visa-bali","12":"product_tag-c12-visa-indonesia","13":"product_tag-c12-visa-extension","14":"product_tag-c12-pre-investment-visa-bali","15":"product_tag-c12-pre-investment-visa","16":"product_tag-c12-pre-investment-visa-indonesia","17":"product_tag-c12-single-entry-pre-investment-visa","18":"product_tag-single-entry-pre-investment-visa","19":"product_tag-investment-bali","20":"comparison_feature-fast-easy","21":"comparison_feature-guaranteed_visa_approval","22":"comparison_feature-refunds-available","23":"comparison_feature-multiple-payment-options","24":"comparison_feature-personal-point-of-contact","25":"comparison_feature-support-that-puts-you-first","26":"comparison_feature-apply-anytime","27":"comparison_feature-ease_of_application","28":"comparison_feature-currencies-supported","29":"comparison_feature-payment-methods","30":"comparison_feature-average-response-time","31":"desktop-align-left","32":"tablet-align-left","33":"mobile-align-left","34":"ast-product-gallery-layout-horizontal-slider","35":"ast-product-gallery-with-no-image","36":"ast-magnify-disabled","37":"ast-product-single-variable","38":"ast-product-tabs-layout-horizontal","40":"first","41":"instock","42":"sale","43":"shipping-taxable","44":"purchasable","45":"product-type-variable","46":"has-default-attributes"},"acf":[],"_links":{"self":[{"href":"https:\/\/visa-indonesia.com\/fr\/wp-json\/wp\/v2\/product\/36759","targetHints":{"allow":["GET"]}}],"collection":[{"href":"https:\/\/visa-indonesia.com\/fr\/wp-json\/wp\/v2\/product"}],"about":[{"href":"https:\/\/visa-indonesia.com\/fr\/wp-json\/wp\/v2\/types\/product"}],"replies":[{"embeddable":true,"href":"https:\/\/visa-indonesia.com\/fr\/wp-json\/wp\/v2\/comments?post=36759"}],"wp:featuredmedia":[{"embeddable":true,"href":"https:\/\/visa-indonesia.com\/fr\/wp-json\/wp\/v2\/media\/36772"}],"wp:attachment":[{"href":"https:\/\/visa-indonesia.com\/fr\/wp-json\/wp\/v2\/media?parent=36759"}],"wp:term":[{"taxonomy":"product_brand","embeddable":true,"href":"https:\/\/visa-indonesia.com\/fr\/wp-json\/wp\/v2\/product_brand?post=36759"},{"taxonomy":"product_cat","embeddable":true,"href":"https:\/\/visa-indonesia.com\/fr\/wp-json\/wp\/v2\/product_cat?post=36759"},{"taxonomy":"product_tag","embeddable":true,"href":"https:\/\/visa-indonesia.com\/fr\/wp-json\/wp\/v2\/product_tag?post=36759"},{"taxonomy":"comparison_feature","embeddable":true,"href":"https:\/\/visa-indonesia.com\/fr\/wp-json\/wp\/v2\/comparison_feature?post=36759"}],"curies":[{"name":"wp","href":"https:\/\/api.w.org\/{rel}","templated":true}]}}