{"id":31644,"date":"2025-05-12T02:37:48","date_gmt":"2025-05-11T18:37:48","guid":{"rendered":"https:\/\/visa-indonesia.com\/?post_type=product&#038;p=31644"},"modified":"2026-04-23T18:52:14","modified_gmt":"2026-04-23T10:52:14","slug":"visa-dor-indonesie","status":"publish","type":"product","link":"https:\/\/visa-indonesia.com\/fr\/service\/golden-visa-indonesia\/","title":{"rendered":"Visa dor\u00e9 (Golden Visa) Indon\u00e9sie"},"content":{"rendered":"","protected":false},"excerpt":{"rendered":"<p>Le <strong>Visa dor\u00e9 (Golden Visa) Indon\u00e9sie<\/strong> permet aux investisseurs \u00e9trangers de s\u00e9journer pendant 5 ou 10 ans sans avoir \u00e0 cr\u00e9er une soci\u00e9t\u00e9 locale. Il existe trois cat\u00e9gories principales :<\/p>\n<ul>\n<li>E28B pour la cr\u00e9ation d'une entreprise<\/li>\n<li>E28C pour l'investissement sans \u00e9tablissement<\/li>\n<li>E28D pour les directeurs ou commissaires qui cr\u00e9ent une soci\u00e9t\u00e9<\/li>\n<\/ul>\n<p>Avec un Golden Visa, vous b\u00e9n\u00e9ficiez de nombreux avantages tels que l'ouverture de comptes bancaires locaux, la possession de v\u00e9hicules et la location de biens immobiliers \u00e0 long terme. Vous pouvez \u00e9galement parrainer des membres de votre famille et ceux-ci peuvent \u00e9galement obtenir un Golden Visa !<\/p>","protected":false},"featured_media":32659,"comment_status":"closed","ping_status":"closed","template":"","meta":{"_acf_changed":false,"site-sidebar-layout":"default","site-content-layout":"","ast-site-content-layout":"default","site-content-style":"default","site-sidebar-style":"default","ast-global-header-display":"","ast-banner-title-visibility":"","ast-main-header-display":"","ast-hfb-above-header-display":"","ast-hfb-below-header-display":"","ast-hfb-mobile-header-display":"","site-post-title":"","ast-breadcrumbs-content":"","ast-featured-img":"","footer-sml-layout":"","ast-disable-related-posts":"","theme-transparent-header-meta":"default","adv-header-id-meta":"","stick-header-meta":"","header-above-stick-meta":"","header-main-stick-meta":"","header-below-stick-meta":"","astra-migrate-meta-layouts":"set","ast-page-background-enabled":"default","ast-page-background-meta":{"desktop":{"background-color":"","background-image":"","background-repeat":"repeat","background-position":"center center","background-size":"auto","background-attachment":"scroll","background-type":"","background-media":"","overlay-type":"","overlay-color":"","overlay-opacity":"","overlay-gradient":""},"tablet":{"background-color":"","background-image":"","background-repeat":"repeat","background-position":"center center","background-size":"auto","background-attachment":"scroll","background-type":"","background-media":"","overlay-type":"","overlay-color":"","overlay-opacity":"","overlay-gradient":""},"mobile":{"background-color":"","background-image":"","background-repeat":"repeat","background-position":"center center","background-size":"auto","background-attachment":"scroll","background-type":"","background-media":"","overlay-type":"","overlay-color":"","overlay-opacity":"","overlay-gradient":""}},"ast-content-background-meta":{"desktop":{"background-color":"var(--ast-global-color-5)","background-image":"","background-repeat":"repeat","background-position":"center center","background-size":"auto","background-attachment":"scroll","background-type":"","background-media":"","overlay-type":"","overlay-color":"","overlay-opacity":"","overlay-gradient":""},"tablet":{"background-color":"var(--ast-global-color-5)","background-image":"","background-repeat":"repeat","background-position":"center center","background-size":"auto","background-attachment":"scroll","background-type":"","background-media":"","overlay-type":"","overlay-color":"","overlay-opacity":"","overlay-gradient":""},"mobile":{"background-color":"var(--ast-global-color-5)","background-image":"","background-repeat":"repeat","background-position":"center center","background-size":"auto","background-attachment":"scroll","background-type":"","background-media":"","overlay-type":"","overlay-color":"","overlay-opacity":"","overlay-gradient":""}},"uix_meta_title":"","uix_meta_description":"","uix_canonical_url":""},"product_brand":[],"product_cat":[332],"product_tag":[420,441,906,907,908,909],"comparison_feature":[991,994,995,996,997,998,999,992,1000,1002,1001],"class_list":{"0":"post-31644","1":"product","2":"type-product","3":"status-publish","4":"has-post-thumbnail","6":"product_cat-kitas-indonesia","7":"product_tag-long-term-visa-indonesia","8":"product_tag-long-term-visa-bali","9":"product_tag-golden-visa","10":"product_tag-golden-visa-indonesia","11":"product_tag-golden-visa-bali","12":"product_tag-10-year-visa-indonesia","13":"comparison_feature-guaranteed_visa_approval","14":"comparison_feature-guaranteed-visa-delivery-before-departure","15":"comparison_feature-refunds-available","16":"comparison_feature-multiple-payment-options","17":"comparison_feature-personal-point-of-contact","18":"comparison_feature-support-that-puts-you-first","19":"comparison_feature-apply-anytime","20":"comparison_feature-ease_of_application","21":"comparison_feature-currencies-supported","22":"comparison_feature-payment-methods","23":"comparison_feature-average-response-time","24":"desktop-align-left","25":"tablet-align-left","26":"mobile-align-left","27":"ast-product-gallery-layout-horizontal-slider","28":"ast-product-gallery-with-no-image","29":"ast-magnify-disabled","30":"ast-product-single-variable","31":"ast-product-tabs-layout-horizontal","33":"first","34":"instock","35":"shipping-taxable","36":"purchasable","37":"product-type-variable","38":"has-default-attributes"},"acf":[],"_links":{"self":[{"href":"https:\/\/visa-indonesia.com\/fr\/wp-json\/wp\/v2\/product\/31644","targetHints":{"allow":["GET"]}}],"collection":[{"href":"https:\/\/visa-indonesia.com\/fr\/wp-json\/wp\/v2\/product"}],"about":[{"href":"https:\/\/visa-indonesia.com\/fr\/wp-json\/wp\/v2\/types\/product"}],"replies":[{"embeddable":true,"href":"https:\/\/visa-indonesia.com\/fr\/wp-json\/wp\/v2\/comments?post=31644"}],"wp:featuredmedia":[{"embeddable":true,"href":"https:\/\/visa-indonesia.com\/fr\/wp-json\/wp\/v2\/media\/32659"}],"wp:attachment":[{"href":"https:\/\/visa-indonesia.com\/fr\/wp-json\/wp\/v2\/media?parent=31644"}],"wp:term":[{"taxonomy":"product_brand","embeddable":true,"href":"https:\/\/visa-indonesia.com\/fr\/wp-json\/wp\/v2\/product_brand?post=31644"},{"taxonomy":"product_cat","embeddable":true,"href":"https:\/\/visa-indonesia.com\/fr\/wp-json\/wp\/v2\/product_cat?post=31644"},{"taxonomy":"product_tag","embeddable":true,"href":"https:\/\/visa-indonesia.com\/fr\/wp-json\/wp\/v2\/product_tag?post=31644"},{"taxonomy":"comparison_feature","embeddable":true,"href":"https:\/\/visa-indonesia.com\/fr\/wp-json\/wp\/v2\/comparison_feature?post=31644"}],"curies":[{"name":"wp","href":"https:\/\/api.w.org\/{rel}","templated":true}]}}