{"id":24796,"date":"2024-06-13T09:47:57","date_gmt":"2024-06-13T01:47:57","guid":{"rendered":"https:\/\/visa-indonesia.com\/?post_type=product&#038;p=24796"},"modified":"2026-05-03T13:59:45","modified_gmt":"2026-05-03T05:59:45","slug":"visa-daffaires-indonesie","status":"publish","type":"product","link":"https:\/\/visa-indonesia.com\/fr\/service\/business-visa-indonesia\/","title":{"rendered":"Visa d'affaires Indon\u00e9sie (C2)"},"content":{"rendered":"<p>Le visa d'affaires C2 est un visa \u00e0 entr\u00e9e unique. Il est sp\u00e9cialement con\u00e7u pour assister \u00e0 des r\u00e9unions d'affaires (C2). Ce visa ne peut \u00eatre demand\u00e9 qu'\u00e0 l'ext\u00e9rieur de l'Indon\u00e9sie. \u00c0 partir du moment o\u00f9 il est d\u00e9livr\u00e9, il est valable 90 jours, ce qui signifie que vous devez entrer en Indon\u00e9sie au cours de cette p\u00e9riode, faute de quoi le visa devient invalide. \u00c0 l'entr\u00e9e, le visa est valable 60 jours. Il peut \u00eatre prolong\u00e9 deux fois pour 60 jours suppl\u00e9mentaires, soit une dur\u00e9e de s\u00e9jour maximale de 180 jours (60 jours pour le s\u00e9jour initial plus deux prolongations de 60 jours). Ce visa \u00e0 entr\u00e9e unique peut \u00eatre converti en un autre type de visa (par exemple <a href=\"https:\/\/visa-indonesia.com\/fr\/categorie-de-service\/kitas-indonesia\/\">KITAS<\/a>) sans quitter l'Indon\u00e9sie.<\/p>","protected":false},"excerpt":{"rendered":"<p>L'entr\u00e9e unique de 60 jours <strong>Visa d'affaires Indon\u00e9sie (C2)<\/strong> convient \u00e0 toute personne se rendant \u00e0 Bali ou ailleurs en Indon\u00e9sie \u00e0 des fins professionnelles. Ce visa est sp\u00e9cifiquement destin\u00e9 \u00e0 la participation \u00e0 des r\u00e9unions d'affaires et \u00e0 des activit\u00e9s li\u00e9es \u00e0 l'entreprise.<\/p>\n<p>Le visa initial est valable 60 jours et peut \u00eatre prolong\u00e9 deux fois pour 60 jours suppl\u00e9mentaires, soit une dur\u00e9e maximale de 180 jours (60 jours pour le s\u00e9jour initial et deux fois 60 jours pour la prolongation). Vous pouvez acheter une ou plusieurs prorogations de visa en m\u00eame temps que votre visa ou commander les prorogations s\u00e9par\u00e9ment plus tard. La proc\u00e9dure de prolongation sera la m\u00eame.<\/p>\n<p><strong>Important :<\/strong> Une visite personnelle au bureau de l'immigration est n\u00e9cessaire pour toutes les extensions.<\/p>\n<p><strong>Attention :<\/strong> Il n'est plus possible d'introduire une demande de visa C2 \u00e0 l'int\u00e9rieur du pays. Cela signifie que vous devez demander votre visa d'affaires en dehors de l'Indon\u00e9sie. N'h\u00e9sitez pas \u00e0 nous contacter rapidement si vous pr\u00e9voyez de partir en avion et de revenir avec un nouveau visa C2, afin que la proc\u00e9dure soit la plus simple possible.<\/p>","protected":false},"featured_media":28983,"comment_status":"closed","ping_status":"closed","template":"","meta":{"_acf_changed":false,"site-sidebar-layout":"default","site-content-layout":"default","ast-site-content-layout":"default","site-content-style":"default","site-sidebar-style":"default","ast-global-header-display":"","ast-banner-title-visibility":"","ast-main-header-display":"","ast-hfb-above-header-display":"","ast-hfb-below-header-display":"","ast-hfb-mobile-header-display":"","site-post-title":"","ast-breadcrumbs-content":"","ast-featured-img":"","footer-sml-layout":"","ast-disable-related-posts":"","theme-transparent-header-meta":"default","adv-header-id-meta":"","stick-header-meta":"default","header-above-stick-meta":"","header-main-stick-meta":"","header-below-stick-meta":"","astra-migrate-meta-layouts":"set","ast-page-background-enabled":"default","ast-page-background-meta":{"desktop":{"background-color":"","background-image":"","background-repeat":"repeat","background-position":"center center","background-size":"auto","background-attachment":"scroll","background-type":"","background-media":"","overlay-type":"","overlay-color":"","overlay-opacity":"","overlay-gradient":""},"tablet":{"background-color":"","background-image":"","background-repeat":"repeat","background-position":"center center","background-size":"auto","background-attachment":"scroll","background-type":"","background-media":"","overlay-type":"","overlay-color":"","overlay-opacity":"","overlay-gradient":""},"mobile":{"background-color":"","background-image":"","background-repeat":"repeat","background-position":"center center","background-size":"auto","background-attachment":"scroll","background-type":"","background-media":"","overlay-type":"","overlay-color":"","overlay-opacity":"","overlay-gradient":""}},"ast-content-background-meta":{"desktop":{"background-color":"var(--ast-global-color-5)","background-image":"","background-repeat":"repeat","background-position":"center center","background-size":"auto","background-attachment":"scroll","background-type":"","background-media":"","overlay-type":"","overlay-color":"","overlay-opacity":"","overlay-gradient":""},"tablet":{"background-color":"var(--ast-global-color-5)","background-image":"","background-repeat":"repeat","background-position":"center center","background-size":"auto","background-attachment":"scroll","background-type":"","background-media":"","overlay-type":"","overlay-color":"","overlay-opacity":"","overlay-gradient":""},"mobile":{"background-color":"var(--ast-global-color-5)","background-image":"","background-repeat":"repeat","background-position":"center center","background-size":"auto","background-attachment":"scroll","background-type":"","background-media":"","overlay-type":"","overlay-color":"","overlay-opacity":"","overlay-gradient":""}},"uix_meta_title":"","uix_meta_description":"","uix_canonical_url":""},"product_brand":[],"product_cat":[35,1062],"product_tag":[181,182,572,576,577,578,579,580,583,585,586,589,591,593,594,595,596,598,599,600,602,603,606,607,610,611,612,843],"comparison_feature":[991,994,995,996,997,998,999,992,1000,1002,1001],"class_list":{"0":"post-24796","1":"product","2":"type-product","3":"status-publish","4":"has-post-thumbnail","6":"product_cat-visa-indonesia","7":"product_cat-single-entry-visas","8":"product_tag-business-visa-bali","9":"product_tag-business-visa-indonesia","10":"product_tag-indonesia-business-visa-online-application","11":"product_tag-indonesia-business-visa-requirements","12":"product_tag-apply-indonesia-business-visa","13":"product_tag-bali-business-visa-cost","14":"product_tag-bali-business-visa-requirements","15":"product_tag-bali-visa-business","16":"product_tag-business-visa-211a-indonesia","17":"product_tag-business-visa-bali-indonesia","18":"product_tag-business-visa-bali-price","19":"product_tag-business-visa-indonesia-cost","20":"product_tag-business-visa-indonesia-price","21":"product_tag-business-visa-requirements-for-indonesia","22":"product_tag-business-visa-to-bali","23":"product_tag-business-visit-visa-indonesia","24":"product_tag-indonesia-business-visa-application","25":"product_tag-indonesia-business-visa-b211a","26":"product_tag-indonesia-business-visa-cost","27":"product_tag-indonesia-business-visa-fee","28":"product_tag-indonesia-business-visa-for-singaporean","29":"product_tag-indonesia-business-visa-for-us-citizens","30":"product_tag-indonesia-business-visa-price","31":"product_tag-indonesia-business-visa-processing-time","32":"product_tag-indonesia-single-entry-business-visa","33":"product_tag-single-business-visa-indonesia","34":"product_tag-single-entry-business-visa-indonesia","35":"product_tag-indonesia-business-visa-singapore","36":"comparison_feature-guaranteed_visa_approval","37":"comparison_feature-guaranteed-visa-delivery-before-departure","38":"comparison_feature-refunds-available","39":"comparison_feature-multiple-payment-options","40":"comparison_feature-personal-point-of-contact","41":"comparison_feature-support-that-puts-you-first","42":"comparison_feature-apply-anytime","43":"comparison_feature-ease_of_application","44":"comparison_feature-currencies-supported","45":"comparison_feature-payment-methods","46":"comparison_feature-average-response-time","47":"desktop-align-left","48":"tablet-align-left","49":"mobile-align-left","50":"ast-product-gallery-layout-horizontal-slider","51":"ast-product-gallery-with-no-image","52":"ast-magnify-disabled","53":"ast-product-single-variable","54":"ast-product-tabs-layout-horizontal","56":"first","57":"instock","58":"sale","59":"featured","60":"shipping-taxable","61":"purchasable","62":"product-type-variable","63":"has-default-attributes"},"acf":[],"_links":{"self":[{"href":"https:\/\/visa-indonesia.com\/fr\/wp-json\/wp\/v2\/product\/24796","targetHints":{"allow":["GET"]}}],"collection":[{"href":"https:\/\/visa-indonesia.com\/fr\/wp-json\/wp\/v2\/product"}],"about":[{"href":"https:\/\/visa-indonesia.com\/fr\/wp-json\/wp\/v2\/types\/product"}],"replies":[{"embeddable":true,"href":"https:\/\/visa-indonesia.com\/fr\/wp-json\/wp\/v2\/comments?post=24796"}],"wp:featuredmedia":[{"embeddable":true,"href":"https:\/\/visa-indonesia.com\/fr\/wp-json\/wp\/v2\/media\/28983"}],"wp:attachment":[{"href":"https:\/\/visa-indonesia.com\/fr\/wp-json\/wp\/v2\/media?parent=24796"}],"wp:term":[{"taxonomy":"product_brand","embeddable":true,"href":"https:\/\/visa-indonesia.com\/fr\/wp-json\/wp\/v2\/product_brand?post=24796"},{"taxonomy":"product_cat","embeddable":true,"href":"https:\/\/visa-indonesia.com\/fr\/wp-json\/wp\/v2\/product_cat?post=24796"},{"taxonomy":"product_tag","embeddable":true,"href":"https:\/\/visa-indonesia.com\/fr\/wp-json\/wp\/v2\/product_tag?post=24796"},{"taxonomy":"comparison_feature","embeddable":true,"href":"https:\/\/visa-indonesia.com\/fr\/wp-json\/wp\/v2\/comparison_feature?post=24796"}],"curies":[{"name":"wp","href":"https:\/\/api.w.org\/{rel}","templated":true}]}}