{"id":24701,"date":"2024-06-10T16:54:18","date_gmt":"2024-06-10T08:54:18","guid":{"rendered":"https:\/\/visa-indonesia.com\/?post_type=product&#038;p=24701"},"modified":"2026-05-09T14:20:17","modified_gmt":"2026-05-09T06:20:17","slug":"visa-pour-le-volontariat-en-indonesie","status":"publish","type":"product","link":"https:\/\/visa-indonesia.com\/fr\/service\/volunteering-visa-indonesia\/","title":{"rendered":"Visa pour le volontariat en Indon\u00e9sie (C6)"},"content":{"rendered":"<p>Le visa C6 est un visa \u00e0 entr\u00e9e unique. Il peut \u00eatre utilis\u00e9 pour des programmes sociaux, humanitaires et de volontariat. Ce visa ne peut \u00eatre demand\u00e9 qu'\u00e0 l'ext\u00e9rieur de l'Indon\u00e9sie. \u00c0 partir du moment o\u00f9 il est d\u00e9livr\u00e9, il est valable 90 jours, ce qui signifie que vous devez entrer en Indon\u00e9sie au cours de cette p\u00e9riode, faute de quoi le visa devient invalide. \u00c0 l'entr\u00e9e, le visa est valable 60 jours. Il peut \u00eatre prolong\u00e9 deux fois pour 60 jours suppl\u00e9mentaires, soit une dur\u00e9e de s\u00e9jour maximale de 180 jours (60 jours pour le s\u00e9jour initial plus deux prolongations de 60 jours). Ce visa \u00e0 entr\u00e9e unique peut \u00eatre converti en un autre type de visa (par exemple <a href=\"https:\/\/visa-indonesia.com\/fr\/categorie-de-service\/kitas-indonesia\/\">KITAS<\/a>) sans quitter l'Indon\u00e9sie.<\/p>","protected":false},"excerpt":{"rendered":"<p>L'entr\u00e9e unique de 60 jours <strong>Visa pour le volontariat (C6)<\/strong> pour l'Indon\u00e9sie (ancien visa B211A) convient \u00e0 toute personne se rendant \u00e0 Bali ou ailleurs en Indon\u00e9sie dans le cadre de programmes sociaux, humanitaires ou de volontariat.<\/p>\n<p>Le visa initial est valable pour 60 jours et peut \u00eatre prolong\u00e9 deux fois pour 60 jours suppl\u00e9mentaires, ce qui porte la dur\u00e9e maximale du s\u00e9jour \u00e0 180 jours (60 jours pour le s\u00e9jour initial et deux fois 60 jours pour la prolongation). Vous avez la possibilit\u00e9 d'acheter une ou plusieurs prorogations de visa en m\u00eame temps que votre visa ou de commander les prorogations s\u00e9par\u00e9ment plus tard. La proc\u00e9dure de prolongation sera la m\u00eame.<\/p>\n<p><strong>Important :<\/strong> Une visite personnelle au bureau de l'immigration est n\u00e9cessaire pour toutes les extensions.<\/p>\n<p><strong>Attention :<\/strong> Il n'est plus possible d'introduire une demande de visa C6 \u00e0 l'int\u00e9rieur du pays. Cela signifie que vous devez demander votre visa en dehors de l'Indon\u00e9sie. Veuillez nous contacter rapidement si vous pr\u00e9voyez de prendre l'avion et de revenir avec un nouveau visa C6, afin que la proc\u00e9dure soit la plus simple possible.<\/p>","protected":false},"featured_media":29004,"comment_status":"closed","ping_status":"closed","template":"","meta":{"_acf_changed":false,"site-sidebar-layout":"default","site-content-layout":"default","ast-site-content-layout":"default","site-content-style":"default","site-sidebar-style":"default","ast-global-header-display":"","ast-banner-title-visibility":"","ast-main-header-display":"","ast-hfb-above-header-display":"","ast-hfb-below-header-display":"","ast-hfb-mobile-header-display":"","site-post-title":"","ast-breadcrumbs-content":"","ast-featured-img":"","footer-sml-layout":"","ast-disable-related-posts":"","theme-transparent-header-meta":"default","adv-header-id-meta":"","stick-header-meta":"default","header-above-stick-meta":"","header-main-stick-meta":"","header-below-stick-meta":"","astra-migrate-meta-layouts":"set","ast-page-background-enabled":"default","ast-page-background-meta":{"desktop":{"background-color":"","background-image":"","background-repeat":"repeat","background-position":"center center","background-size":"auto","background-attachment":"scroll","background-type":"","background-media":"","overlay-type":"","overlay-color":"","overlay-opacity":"","overlay-gradient":""},"tablet":{"background-color":"","background-image":"","background-repeat":"repeat","background-position":"center center","background-size":"auto","background-attachment":"scroll","background-type":"","background-media":"","overlay-type":"","overlay-color":"","overlay-opacity":"","overlay-gradient":""},"mobile":{"background-color":"","background-image":"","background-repeat":"repeat","background-position":"center center","background-size":"auto","background-attachment":"scroll","background-type":"","background-media":"","overlay-type":"","overlay-color":"","overlay-opacity":"","overlay-gradient":""}},"ast-content-background-meta":{"desktop":{"background-color":"var(--ast-global-color-5)","background-image":"","background-repeat":"repeat","background-position":"center center","background-size":"auto","background-attachment":"scroll","background-type":"","background-media":"","overlay-type":"","overlay-color":"","overlay-opacity":"","overlay-gradient":""},"tablet":{"background-color":"var(--ast-global-color-5)","background-image":"","background-repeat":"repeat","background-position":"center center","background-size":"auto","background-attachment":"scroll","background-type":"","background-media":"","overlay-type":"","overlay-color":"","overlay-opacity":"","overlay-gradient":""},"mobile":{"background-color":"var(--ast-global-color-5)","background-image":"","background-repeat":"repeat","background-position":"center center","background-size":"auto","background-attachment":"scroll","background-type":"","background-media":"","overlay-type":"","overlay-color":"","overlay-opacity":"","overlay-gradient":""}},"uix_meta_title":"","uix_meta_description":"","uix_canonical_url":""},"product_brand":[],"product_cat":[35,1062],"product_tag":[443,451,450,449,448,447,446,445,444,452,442,441,440,439,438,437,436,435,453,454,455,456,457,458,459,460,461,462,463,464,465,466,467,184,418,417,416,415,414,318,240,185,419,183,182,181,47,46,20,19,18,420,421,422,423,424,425,426,427,428,429,430,431,432,433,434],"comparison_feature":[991,994,995,996,997,998,999,992,1000,1002,1001],"class_list":{"0":"post-24701","1":"product","2":"type-product","3":"status-publish","4":"has-post-thumbnail","6":"product_cat-visa-indonesia","7":"product_cat-single-entry-visas","8":"product_tag-bali-6-month-visa","9":"product_tag-b211a-visa-application","10":"product_tag-6-month-visa-indonesia","11":"product_tag-bali-visa-60-days","12":"product_tag-6-month-visa-bali","13":"product_tag-single-entry-visa-bali","14":"product_tag-bali-60-day-tourist-visa","15":"product_tag-60-day-tourist-visa-bali","16":"product_tag-b211a-business-visa","17":"product_tag-indonesia-6-month-visa","18":"product_tag-visa-b211-indonesia","19":"product_tag-long-term-visa-bali","20":"product_tag-b211a-visa-indonesia-application","21":"product_tag-visa-b211a-indonesia","22":"product_tag-indonesia-60-day-visa","23":"product_tag-visa-b211-bali","24":"product_tag-visa-b211a-bali","25":"product_tag-visa-b211a","26":"product_tag-visa-60-days-indonesia","27":"product_tag-e-visa-b211a","28":"product_tag-bali-single-entry-visa","29":"product_tag-e-visa-b211a-indonesia","30":"product_tag-visa-kunjungan-b211a","31":"product_tag-2-month-visa-indonesia","32":"product_tag-business-visa-jakarta","33":"product_tag-living-in-bali-visa","34":"product_tag-visit-visa-b211a","35":"product_tag-2-month-visa-bali","36":"product_tag-business-visa-b211a","37":"product_tag-offshore-b211-visa","38":"product_tag-social-b211a-visa","39":"product_tag-visa-b211-a","40":"product_tag-bali-6-months-visa","41":"product_tag-tourist-visa-indonesia","42":"product_tag-b211a-visa","43":"product_tag-b211a-visa-bali","44":"product_tag-visit-visa-indonesia","45":"product_tag-b211a-visa-indonesia","46":"product_tag-60-day-visa","47":"product_tag-b211a-visit-visa","48":"product_tag-long-term-visa","49":"product_tag-longterm-visa","50":"product_tag-b211-visa-indonesia","51":"product_tag-tourist-visa-bali","52":"product_tag-business-visa-indonesia","53":"product_tag-business-visa-bali","54":"product_tag-tourist-visa","55":"product_tag-visit-visa","56":"product_tag-b211a","57":"product_tag-19","58":"product_tag-business","59":"product_tag-long-term-visa-indonesia","60":"product_tag-bali-business-visa","61":"product_tag-indonesia-visa-60-days","62":"product_tag-visa-b211","63":"product_tag-60-day-visa-indonesia","64":"product_tag-60-days-visa-indonesia","65":"product_tag-single-entry-visa-indonesia","66":"product_tag-indonesia-single-entry-visa","67":"product_tag-b211-visa","68":"product_tag-60-day-visa-for-bali","69":"product_tag-60-day-bali-visa","70":"product_tag-b211-visa-bali","71":"product_tag-60-day-visa-bali","72":"product_tag-bali-60-day-visa","73":"product_tag-bali-long-term-visa","74":"comparison_feature-guaranteed_visa_approval","75":"comparison_feature-guaranteed-visa-delivery-before-departure","76":"comparison_feature-refunds-available","77":"comparison_feature-multiple-payment-options","78":"comparison_feature-personal-point-of-contact","79":"comparison_feature-support-that-puts-you-first","80":"comparison_feature-apply-anytime","81":"comparison_feature-ease_of_application","82":"comparison_feature-currencies-supported","83":"comparison_feature-payment-methods","84":"comparison_feature-average-response-time","85":"desktop-align-left","86":"tablet-align-left","87":"mobile-align-left","88":"ast-product-gallery-layout-horizontal-slider","89":"ast-product-gallery-with-no-image","90":"ast-magnify-disabled","91":"ast-product-single-variable","92":"ast-product-tabs-layout-horizontal","94":"first","95":"instock","96":"featured","97":"shipping-taxable","98":"purchasable","99":"product-type-variable","100":"has-default-attributes"},"acf":[],"_links":{"self":[{"href":"https:\/\/visa-indonesia.com\/fr\/wp-json\/wp\/v2\/product\/24701","targetHints":{"allow":["GET"]}}],"collection":[{"href":"https:\/\/visa-indonesia.com\/fr\/wp-json\/wp\/v2\/product"}],"about":[{"href":"https:\/\/visa-indonesia.com\/fr\/wp-json\/wp\/v2\/types\/product"}],"replies":[{"embeddable":true,"href":"https:\/\/visa-indonesia.com\/fr\/wp-json\/wp\/v2\/comments?post=24701"}],"wp:featuredmedia":[{"embeddable":true,"href":"https:\/\/visa-indonesia.com\/fr\/wp-json\/wp\/v2\/media\/29004"}],"wp:attachment":[{"href":"https:\/\/visa-indonesia.com\/fr\/wp-json\/wp\/v2\/media?parent=24701"}],"wp:term":[{"taxonomy":"product_brand","embeddable":true,"href":"https:\/\/visa-indonesia.com\/fr\/wp-json\/wp\/v2\/product_brand?post=24701"},{"taxonomy":"product_cat","embeddable":true,"href":"https:\/\/visa-indonesia.com\/fr\/wp-json\/wp\/v2\/product_cat?post=24701"},{"taxonomy":"product_tag","embeddable":true,"href":"https:\/\/visa-indonesia.com\/fr\/wp-json\/wp\/v2\/product_tag?post=24701"},{"taxonomy":"comparison_feature","embeddable":true,"href":"https:\/\/visa-indonesia.com\/fr\/wp-json\/wp\/v2\/comparison_feature?post=24701"}],"curies":[{"name":"wp","href":"https:\/\/api.w.org\/{rel}","templated":true}]}}