{"id":18264,"date":"2023-04-14T14:03:46","date_gmt":"2023-04-14T06:03:46","guid":{"rendered":"https:\/\/visa-indonesia.com\/?post_type=product&#038;p=18264"},"modified":"2026-05-15T16:13:29","modified_gmt":"2026-05-15T08:13:29","slug":"e-visa-on-arrival-indonesia","status":"publish","type":"product","link":"https:\/\/visa-indonesia.com\/fr\/service\/e-visa-on-arrival-indonesia\/","title":{"rendered":"Visa \u00e9lectronique \u00e0 l'arriv\u00e9e Indon\u00e9sie"},"content":{"rendered":"","protected":false},"excerpt":{"rendered":"<p><strong>Vous souhaitez entrer \u00e0 Bali ou en Indon\u00e9sie et demander votre visa d'arriv\u00e9e \u00e0 l'avance ?<\/strong><\/p>\n<p>Le visa \u00e9lectronique \u00e0 l'arriv\u00e9e permet de voyager pour des <strong>s\u00e9jours touristiques<\/strong>, <strong>des visites \u00e0 la famille<\/strong> ou aux <strong>amis<\/strong>, <strong>des activit\u00e9s professionnelles<\/strong> telles que des r\u00e9unions ou la signature de contrats, des visites de sites comme des usines ou des bureaux, ainsi que pour recevoir des <strong>traitements m\u00e9dicaux<\/strong> ou d\u2019autres services de sant\u00e9.<\/p>\n<p>Vous avez la possibilit\u00e9 de cr\u00e9er un compte sur le portail de l'immigration (evisa.imigrasi.go.id) et d'y d\u00e9poser votre demande de mani\u00e8re ind\u00e9pendante, ou vous pouvez vous \u00e9pargner les tracas et obtenir votre e-Visa On Arrival Indonesia (abr\u00e9g\u00e9 e-VOA) avec notre aide (la demande doit \u00eatre faite au moins 48 heures avant votre vol). Les raisons d'obtenir l'e-VOA se trouvent dans l'onglet \u201cDescription\u201d ci-dessous.<\/p>\n<p>Si vous avez besoin du visa \u00e9lectronique \u00e0 l'arriv\u00e9e dans les 2 ou 3 jours ouvrables suivants, veuillez nous en informer et nous nous efforcerons de vous le fournir le plus rapidement possible. Veuillez noter que nous ne pouvons traiter les commandes que les jours ouvrables. Avant de passer commande, veuillez v\u00e9rifier que vous \u00eates titulaire d'un passeport d'un pays \u00e9ligible pour un visa \u00e9lectronique. <a href=\"https:\/\/visa-indonesia.com\/fr\/visa-a-larrivee-bali-indonesie\/\" target=\"_blank\" rel=\"noopener\">visa \u00e0 l'arriv\u00e9e<\/a>.<\/p>\n<p><strong>Important : une visite personnelle au bureau de l'immigration est n\u00e9cessaire pour toutes les prolongations.<\/strong><\/p>","protected":false},"featured_media":28981,"comment_status":"closed","ping_status":"closed","template":"","meta":{"_acf_changed":false,"site-sidebar-layout":"default","site-content-layout":"default","ast-site-content-layout":"default","site-content-style":"default","site-sidebar-style":"default","ast-global-header-display":"","ast-banner-title-visibility":"","ast-main-header-display":"","ast-hfb-above-header-display":"","ast-hfb-below-header-display":"","ast-hfb-mobile-header-display":"","site-post-title":"","ast-breadcrumbs-content":"","ast-featured-img":"","footer-sml-layout":"","ast-disable-related-posts":"","theme-transparent-header-meta":"default","adv-header-id-meta":"","stick-header-meta":"default","header-above-stick-meta":"","header-main-stick-meta":"","header-below-stick-meta":"","astra-migrate-meta-layouts":"set","ast-page-background-enabled":"default","ast-page-background-meta":{"desktop":{"background-color":"","background-image":"","background-repeat":"repeat","background-position":"center center","background-size":"auto","background-attachment":"scroll","background-type":"","background-media":"","overlay-type":"","overlay-color":"","overlay-opacity":"","overlay-gradient":""},"tablet":{"background-color":"","background-image":"","background-repeat":"repeat","background-position":"center center","background-size":"auto","background-attachment":"scroll","background-type":"","background-media":"","overlay-type":"","overlay-color":"","overlay-opacity":"","overlay-gradient":""},"mobile":{"background-color":"","background-image":"","background-repeat":"repeat","background-position":"center center","background-size":"auto","background-attachment":"scroll","background-type":"","background-media":"","overlay-type":"","overlay-color":"","overlay-opacity":"","overlay-gradient":""}},"ast-content-background-meta":{"desktop":{"background-color":"var(--ast-global-color-5)","background-image":"","background-repeat":"repeat","background-position":"center center","background-size":"auto","background-attachment":"scroll","background-type":"","background-media":"","overlay-type":"","overlay-color":"","overlay-opacity":"","overlay-gradient":""},"tablet":{"background-color":"var(--ast-global-color-5)","background-image":"","background-repeat":"repeat","background-position":"center center","background-size":"auto","background-attachment":"scroll","background-type":"","background-media":"","overlay-type":"","overlay-color":"","overlay-opacity":"","overlay-gradient":""},"mobile":{"background-color":"var(--ast-global-color-5)","background-image":"","background-repeat":"repeat","background-position":"center center","background-size":"auto","background-attachment":"scroll","background-type":"","background-media":"","overlay-type":"","overlay-color":"","overlay-opacity":"","overlay-gradient":""}},"uix_meta_title":"","uix_meta_description":"","uix_canonical_url":""},"product_brand":[],"product_cat":[35,1062],"product_tag":[150,184,320,321,322,323,324,325,326,327,328],"comparison_feature":[991,994,995,996,997,998,999,992,1000,1002,1001],"class_list":{"0":"post-18264","1":"product","2":"type-product","3":"status-publish","4":"has-post-thumbnail","6":"product_cat-visa-indonesia","7":"product_cat-single-entry-visas","8":"product_tag-visa-on-arrival","9":"product_tag-tourist-visa-indonesia","10":"product_tag-b213-visa","11":"product_tag-e-visa-on-arrival","12":"product_tag-e-visa-on-arrival-bali","13":"product_tag-e-visa-on-arrival-indonesia","14":"product_tag-e-voa-bali","15":"product_tag-e-voa-indonesia","16":"product_tag-evoa-bali","17":"product_tag-evoa-indonesia","18":"product_tag-e-voa-extension","19":"comparison_feature-guaranteed_visa_approval","20":"comparison_feature-guaranteed-visa-delivery-before-departure","21":"comparison_feature-refunds-available","22":"comparison_feature-multiple-payment-options","23":"comparison_feature-personal-point-of-contact","24":"comparison_feature-support-that-puts-you-first","25":"comparison_feature-apply-anytime","26":"comparison_feature-ease_of_application","27":"comparison_feature-currencies-supported","28":"comparison_feature-payment-methods","29":"comparison_feature-average-response-time","30":"desktop-align-left","31":"tablet-align-left","32":"mobile-align-left","33":"ast-product-gallery-layout-horizontal-slider","34":"ast-product-gallery-with-no-image","35":"ast-magnify-disabled","36":"ast-product-single-variable","37":"ast-product-tabs-layout-horizontal","39":"first","40":"instock","41":"shipping-taxable","42":"purchasable","43":"product-type-variable","44":"has-default-attributes"},"acf":[],"_links":{"self":[{"href":"https:\/\/visa-indonesia.com\/fr\/wp-json\/wp\/v2\/product\/18264","targetHints":{"allow":["GET"]}}],"collection":[{"href":"https:\/\/visa-indonesia.com\/fr\/wp-json\/wp\/v2\/product"}],"about":[{"href":"https:\/\/visa-indonesia.com\/fr\/wp-json\/wp\/v2\/types\/product"}],"replies":[{"embeddable":true,"href":"https:\/\/visa-indonesia.com\/fr\/wp-json\/wp\/v2\/comments?post=18264"}],"wp:featuredmedia":[{"embeddable":true,"href":"https:\/\/visa-indonesia.com\/fr\/wp-json\/wp\/v2\/media\/28981"}],"wp:attachment":[{"href":"https:\/\/visa-indonesia.com\/fr\/wp-json\/wp\/v2\/media?parent=18264"}],"wp:term":[{"taxonomy":"product_brand","embeddable":true,"href":"https:\/\/visa-indonesia.com\/fr\/wp-json\/wp\/v2\/product_brand?post=18264"},{"taxonomy":"product_cat","embeddable":true,"href":"https:\/\/visa-indonesia.com\/fr\/wp-json\/wp\/v2\/product_cat?post=18264"},{"taxonomy":"product_tag","embeddable":true,"href":"https:\/\/visa-indonesia.com\/fr\/wp-json\/wp\/v2\/product_tag?post=18264"},{"taxonomy":"comparison_feature","embeddable":true,"href":"https:\/\/visa-indonesia.com\/fr\/wp-json\/wp\/v2\/comparison_feature?post=18264"}],"curies":[{"name":"wp","href":"https:\/\/api.w.org\/{rel}","templated":true}]}}