{"id":11530,"date":"2022-05-18T11:49:57","date_gmt":"2022-05-18T03:49:57","guid":{"rendered":"https:\/\/visa-indonesia.com\/?post_type=product&#038;p=11530"},"modified":"2026-05-07T13:00:08","modified_gmt":"2026-05-07T05:00:08","slug":"visa-a-larrivee-extension-bali-indonesie","status":"publish","type":"product","link":"https:\/\/visa-indonesia.com\/fr\/service\/visa-on-arrival-extension-bali-indonesia\/","title":{"rendered":"Prolongation du visa \u00e0 l'arriv\u00e9e Bali \/ Indon\u00e9sie (+30 jours)"},"content":{"rendered":"","protected":false},"excerpt":{"rendered":"<h4><strong>Prolongez facilement votre visa \u00e0 l\u2019arriv\u00e9e gr\u00e2ce \u00e0 notre assistance !<\/strong><\/h4>\n<p>Nous nous assurons que vos donn\u00e9es et votre paiement soient correctement transmis \u00e0 l\u2019immigration. Tout ce que vous avez \u00e0 faire est de vous rendre au bureau de l\u2019immigration avec votre passeport afin d\u2019y faire prendre votre photo et vos empreintes. Vous recevrez de notre part la confirmation de rendez-vous \u00e0 l\u2019immigration.<\/p>\n<p>Bien entendu, nous sommes \u00e9galement \u00e0 votre disposition pour r\u00e9pondre \u00e0 toutes vos questions !<\/p>\n<p><strong>Important :<\/strong> Une visite personnelle au bureau de l'immigration est n\u00e9cessaire pour toutes les prolongations.<\/p>","protected":false},"featured_media":29030,"comment_status":"closed","ping_status":"closed","template":"","meta":{"_acf_changed":false,"site-sidebar-layout":"default","site-content-layout":"default","ast-site-content-layout":"default","site-content-style":"default","site-sidebar-style":"default","ast-global-header-display":"","ast-banner-title-visibility":"","ast-main-header-display":"","ast-hfb-above-header-display":"","ast-hfb-below-header-display":"","ast-hfb-mobile-header-display":"","site-post-title":"","ast-breadcrumbs-content":"","ast-featured-img":"","footer-sml-layout":"","ast-disable-related-posts":"","theme-transparent-header-meta":"default","adv-header-id-meta":"","stick-header-meta":"default","header-above-stick-meta":"","header-main-stick-meta":"","header-below-stick-meta":"","astra-migrate-meta-layouts":"set","ast-page-background-enabled":"default","ast-page-background-meta":{"desktop":{"background-color":"","background-image":"","background-repeat":"repeat","background-position":"center center","background-size":"auto","background-attachment":"scroll","background-type":"","background-media":"","overlay-type":"","overlay-color":"","overlay-opacity":"","overlay-gradient":""},"tablet":{"background-color":"","background-image":"","background-repeat":"repeat","background-position":"center center","background-size":"auto","background-attachment":"scroll","background-type":"","background-media":"","overlay-type":"","overlay-color":"","overlay-opacity":"","overlay-gradient":""},"mobile":{"background-color":"","background-image":"","background-repeat":"repeat","background-position":"center center","background-size":"auto","background-attachment":"scroll","background-type":"","background-media":"","overlay-type":"","overlay-color":"","overlay-opacity":"","overlay-gradient":""}},"ast-content-background-meta":{"desktop":{"background-color":"var(--ast-global-color-5)","background-image":"","background-repeat":"repeat","background-position":"center center","background-size":"auto","background-attachment":"scroll","background-type":"","background-media":"","overlay-type":"","overlay-color":"","overlay-opacity":"","overlay-gradient":""},"tablet":{"background-color":"var(--ast-global-color-5)","background-image":"","background-repeat":"repeat","background-position":"center center","background-size":"auto","background-attachment":"scroll","background-type":"","background-media":"","overlay-type":"","overlay-color":"","overlay-opacity":"","overlay-gradient":""},"mobile":{"background-color":"var(--ast-global-color-5)","background-image":"","background-repeat":"repeat","background-position":"center center","background-size":"auto","background-attachment":"scroll","background-type":"","background-media":"","overlay-type":"","overlay-color":"","overlay-opacity":"","overlay-gradient":""}},"uix_meta_title":"","uix_meta_description":"","uix_canonical_url":""},"product_brand":[],"product_cat":[175],"product_tag":[150,189,190,191,192],"comparison_feature":[991,995,996,997,998,999,992,1000,1002,1001],"class_list":{"0":"post-11530","1":"product","2":"type-product","3":"status-publish","4":"has-post-thumbnail","6":"product_cat-visa-extension","7":"product_tag-visa-on-arrival","8":"product_tag-visa-on-arrival-extension","9":"product_tag-extension","10":"product_tag-voa-extension-bali","11":"product_tag-voa-extension","12":"comparison_feature-guaranteed_visa_approval","13":"comparison_feature-refunds-available","14":"comparison_feature-multiple-payment-options","15":"comparison_feature-personal-point-of-contact","16":"comparison_feature-support-that-puts-you-first","17":"comparison_feature-apply-anytime","18":"comparison_feature-ease_of_application","19":"comparison_feature-currencies-supported","20":"comparison_feature-payment-methods","21":"comparison_feature-average-response-time","22":"desktop-align-left","23":"tablet-align-left","24":"mobile-align-left","25":"ast-product-gallery-layout-horizontal-slider","26":"ast-product-gallery-with-no-image","27":"ast-magnify-disabled","28":"ast-product-single-variable","29":"ast-product-tabs-layout-horizontal","31":"first","32":"instock","33":"shipping-taxable","34":"purchasable","35":"product-type-variable","36":"has-default-attributes"},"acf":[],"_links":{"self":[{"href":"https:\/\/visa-indonesia.com\/fr\/wp-json\/wp\/v2\/product\/11530","targetHints":{"allow":["GET"]}}],"collection":[{"href":"https:\/\/visa-indonesia.com\/fr\/wp-json\/wp\/v2\/product"}],"about":[{"href":"https:\/\/visa-indonesia.com\/fr\/wp-json\/wp\/v2\/types\/product"}],"replies":[{"embeddable":true,"href":"https:\/\/visa-indonesia.com\/fr\/wp-json\/wp\/v2\/comments?post=11530"}],"wp:featuredmedia":[{"embeddable":true,"href":"https:\/\/visa-indonesia.com\/fr\/wp-json\/wp\/v2\/media\/29030"}],"wp:attachment":[{"href":"https:\/\/visa-indonesia.com\/fr\/wp-json\/wp\/v2\/media?parent=11530"}],"wp:term":[{"taxonomy":"product_brand","embeddable":true,"href":"https:\/\/visa-indonesia.com\/fr\/wp-json\/wp\/v2\/product_brand?post=11530"},{"taxonomy":"product_cat","embeddable":true,"href":"https:\/\/visa-indonesia.com\/fr\/wp-json\/wp\/v2\/product_cat?post=11530"},{"taxonomy":"product_tag","embeddable":true,"href":"https:\/\/visa-indonesia.com\/fr\/wp-json\/wp\/v2\/product_tag?post=11530"},{"taxonomy":"comparison_feature","embeddable":true,"href":"https:\/\/visa-indonesia.com\/fr\/wp-json\/wp\/v2\/comparison_feature?post=11530"}],"curies":[{"name":"wp","href":"https:\/\/api.w.org\/{rel}","templated":true}]}}