{"id":28145,"date":"2024-10-25T16:07:36","date_gmt":"2024-10-25T08:07:36","guid":{"rendered":"https:\/\/visa-indonesia.com\/?page_id=28145"},"modified":"2024-10-25T16:07:45","modified_gmt":"2024-10-25T08:07:45","slug":"politique-de-depassement-de-sejour","status":"publish","type":"page","link":"https:\/\/visa-indonesia.com\/fr\/overstay-policy\/","title":{"rendered":"politique relative au d\u00e9passement de s\u00e9jour"},"content":{"rendered":"<h2 class=\"wp-block-heading\">Politique en mati\u00e8re de d\u00e9passement de s\u00e9jour : Votre responsabilit\u00e9 en tant que client Visa<\/h2>\n\n\n\n<p>Dans notre agence de visa, nous nous effor\u00e7ons de faire en sorte que nos clients vivent une exp\u00e9rience harmonieuse et conforme pendant leur s\u00e9jour en Indon\u00e9sie. Cependant, il est essentiel de comprendre que la gestion de la dur\u00e9e de votre visa et la garantie d'un renouvellement en temps voulu sont des t\u00e2ches qui ne sont pas toujours ais\u00e9es. <strong>votre responsabilit\u00e9<\/strong> en tant que titulaire d'un visa. Cette politique d\u00e9crit notre approche des d\u00e9passements de d\u00e9lai, des rappels et des responsabilit\u00e9s que vous, en tant que client, devez conna\u00eetre.<\/p>\n\n\n\n<h3 class=\"wp-block-heading\">P\u00e9nalit\u00e9 pour d\u00e9passement de s\u00e9jour<\/h3>\n\n\n\n<p>Si vous d\u00e9passez la dur\u00e9e de validit\u00e9 de votre visa en Indon\u00e9sie, vous encourrez une p\u00e9nalit\u00e9 de <strong>1 million IDR par jour<\/strong> conform\u00e9ment \u00e0 <a href=\"https:\/\/www.imigrasi.go.id\/berita\/2023\/03\/24\/apa-sanksi-keimigrasian-bagi-wna-yang-melanggar-ketertiban-ini-jawabannya\" target=\"_blank\" rel=\"noopener\">R\u00e9glementation indon\u00e9sienne en mati\u00e8re d'immigration<\/a>. Cette amende s'applique pour chaque jour o\u00f9 vous restez dans le pays au-del\u00e0 de la date d'expiration de votre visa. Veuillez noter que l'amende est payable directement \u00e0 l'immigration et que nous ne pouvons pas vous aider \u00e0 couvrir ces co\u00fbts.<\/p>\n\n\n\n<h3 class=\"wp-block-heading\">Comment nous aidons \u00e0 pr\u00e9venir les s\u00e9jours prolong\u00e9s<\/h3>\n\n\n\n<p>Il peut parfois \u00eatre difficile de respecter la date d'expiration de votre visa. Pour vous aider \u00e0 rester en conformit\u00e9, nous avons mis en place un syst\u00e8me de rappel proactif qui comprend :<\/p>\n\n\n\n<ol class=\"wp-block-list\">\n<li>- <strong>Rappels automatis\u00e9s par courrier \u00e9lectronique<\/strong>: Notre syst\u00e8me envoie des rappels par courrier \u00e9lectronique \u00e0 l'approche de la date d'expiration de votre visa.<\/li>\n\n\n\n<li>- <strong>Notifications WhatsApp<\/strong>: Nous utilisons \u00e9galement WhatsApp pour envoyer des rappels, ce qui vous permet d'\u00eatre bien inform\u00e9.<\/li>\n\n\n\n<li><strong>- Soutien administratif<\/strong>: Outre les messages automatis\u00e9s, notre personnel s'efforce de vous contacter directement.<\/li>\n<\/ol>\n\n\n\n<p>Nous prenons toutes les mesures possibles pour vous avertir de l'expiration prochaine de votre visa afin d'\u00e9viter les d\u00e9passements de dur\u00e9e de s\u00e9jour. Toutefois, veuillez noter que les rappels sont un service suppl\u00e9mentaire et ne remplacent pas votre responsabilit\u00e9 premi\u00e8re dans la gestion de votre visa.<\/p>\n\n\n\n<h3 class=\"wp-block-heading\">Clause de non-responsabilit\u00e9 : nos limites<\/h3>\n\n\n\n<p>Malgr\u00e9 tous nos efforts, nous ne pouvons pas garantir que tous les rappels vous parviendront en raison d'\u00e9ventuels probl\u00e8mes techniques ou d'erreurs humaines. Par exemple, nous ne pouvons pas garantir que tous les rappels vous parviennent :<\/p>\n\n\n\n<ul class=\"wp-block-list\">\n<li>- <strong>Les courriels peuvent ne pas \u00eatre d\u00e9livr\u00e9s<\/strong> en raison d'adresses \u00e9lectroniques incorrectes, de probl\u00e8mes de serveur ou de filtres anti-spam.<\/li>\n\n\n\n<li>- <strong>Notifications WhatsApp<\/strong> peuvent ne pas \u00eatre re\u00e7us en raison de changements de num\u00e9ros de t\u00e9l\u00e9phone, de restrictions li\u00e9es \u00e0 l'application ou de probl\u00e8mes de r\u00e9seau.<\/li>\n<\/ul>\n\n\n\n<p>Bien que nous nous efforcions de minimiser ces probl\u00e8mes, nous ne sommes pas responsables des cons\u00e9quences \u00e9ventuelles de notifications non d\u00e9livr\u00e9es. En fin de compte, c'est vous, le titulaire du visa, qui \u00eates responsable du maintien d'un visa actif et valide.<\/p>\n\n\n\n<h3 class=\"wp-block-heading\">Note finale<\/h3>\n\n\n\n<p>En travaillant avec nous, vous reconnaissez que vous \u00eates seul responsable de la gestion de votre visa et de tous les co\u00fbts qui y sont li\u00e9s, y compris les amendes pour d\u00e9passement de la dur\u00e9e de s\u00e9jour autoris\u00e9e. Nous ne couvrons ni ne partageons aucune obligation financi\u00e8re li\u00e9e aux p\u00e9nalit\u00e9s impos\u00e9es par les services d'immigration en cas de d\u00e9passement de la dur\u00e9e de s\u00e9jour autoris\u00e9e. Veuillez contr\u00f4ler r\u00e9guli\u00e8rement le statut de votre visa et r\u00e9pondre rapidement \u00e0 tout rappel que vous recevez.<\/p>\n\n\n\n<p>Si vous avez des questions ou si vous avez besoin d'aide, n'h\u00e9sitez pas \u00e0 contacter notre \u00e9quipe d'assistance. Nous sommes l\u00e0 pour vous aider.<\/p>\n\n\n\n<p><\/p>","protected":false},"excerpt":{"rendered":"<p>Overstay Policy: Your Responsibility as a Visa Client At our visa agency, we strive to ensure that our clients have a smooth and compliant experience while staying in Indonesia. However, it\u2019s crucial to understand that managing your visa duration and ensuring timely renewals is your responsibility as a visa holder. This policy outlines our approach [&hellip;]<\/p>\n","protected":false},"author":1,"featured_media":0,"parent":0,"menu_order":0,"comment_status":"closed","ping_status":"closed","template":"","meta":{"_acf_changed":false,"site-sidebar-layout":"default","site-content-layout":"","ast-site-content-layout":"default","site-content-style":"default","site-sidebar-style":"default","ast-global-header-display":"","ast-banner-title-visibility":"","ast-main-header-display":"","ast-hfb-above-header-display":"","ast-hfb-below-header-display":"","ast-hfb-mobile-header-display":"","site-post-title":"","ast-breadcrumbs-content":"","ast-featured-img":"","footer-sml-layout":"","ast-disable-related-posts":"","theme-transparent-header-meta":"","adv-header-id-meta":"","stick-header-meta":"","header-above-stick-meta":"","header-main-stick-meta":"","header-below-stick-meta":"","astra-migrate-meta-layouts":"set","ast-page-background-enabled":"default","ast-page-background-meta":{"desktop":{"background-color":"","background-image":"","background-repeat":"repeat","background-position":"center center","background-size":"auto","background-attachment":"scroll","background-type":"","background-media":"","overlay-type":"","overlay-color":"","overlay-opacity":"","overlay-gradient":""},"tablet":{"background-color":"","background-image":"","background-repeat":"repeat","background-position":"center center","background-size":"auto","background-attachment":"scroll","background-type":"","background-media":"","overlay-type":"","overlay-color":"","overlay-opacity":"","overlay-gradient":""},"mobile":{"background-color":"","background-image":"","background-repeat":"repeat","background-position":"center center","background-size":"auto","background-attachment":"scroll","background-type":"","background-media":"","overlay-type":"","overlay-color":"","overlay-opacity":"","overlay-gradient":""}},"ast-content-background-meta":{"desktop":{"background-color":"var(--ast-global-color-5)","background-image":"","background-repeat":"repeat","background-position":"center center","background-size":"auto","background-attachment":"scroll","background-type":"","background-media":"","overlay-type":"","overlay-color":"","overlay-opacity":"","overlay-gradient":""},"tablet":{"background-color":"var(--ast-global-color-5)","background-image":"","background-repeat":"repeat","background-position":"center center","background-size":"auto","background-attachment":"scroll","background-type":"","background-media":"","overlay-type":"","overlay-color":"","overlay-opacity":"","overlay-gradient":""},"mobile":{"background-color":"var(--ast-global-color-5)","background-image":"","background-repeat":"repeat","background-position":"center center","background-size":"auto","background-attachment":"scroll","background-type":"","background-media":"","overlay-type":"","overlay-color":"","overlay-opacity":"","overlay-gradient":""}},"uix_meta_title":"","uix_meta_description":"","uix_canonical_url":"","footnotes":""},"class_list":["post-28145","page","type-page","status-publish","hentry"],"acf":[],"_links":{"self":[{"href":"https:\/\/visa-indonesia.com\/fr\/wp-json\/wp\/v2\/pages\/28145","targetHints":{"allow":["GET"]}}],"collection":[{"href":"https:\/\/visa-indonesia.com\/fr\/wp-json\/wp\/v2\/pages"}],"about":[{"href":"https:\/\/visa-indonesia.com\/fr\/wp-json\/wp\/v2\/types\/page"}],"author":[{"embeddable":true,"href":"https:\/\/visa-indonesia.com\/fr\/wp-json\/wp\/v2\/users\/1"}],"replies":[{"embeddable":true,"href":"https:\/\/visa-indonesia.com\/fr\/wp-json\/wp\/v2\/comments?post=28145"}],"version-history":[{"count":2,"href":"https:\/\/visa-indonesia.com\/fr\/wp-json\/wp\/v2\/pages\/28145\/revisions"}],"predecessor-version":[{"id":28147,"href":"https:\/\/visa-indonesia.com\/fr\/wp-json\/wp\/v2\/pages\/28145\/revisions\/28147"}],"wp:attachment":[{"href":"https:\/\/visa-indonesia.com\/fr\/wp-json\/wp\/v2\/media?parent=28145"}],"curies":[{"name":"wp","href":"https:\/\/api.w.org\/{rel}","templated":true}]}}