{"id":14870,"date":"2022-11-03T22:33:17","date_gmt":"2022-11-03T14:33:17","guid":{"rendered":"https:\/\/visa-indonesia.com\/?page_id=14870"},"modified":"2025-02-17T20:32:16","modified_gmt":"2025-02-17T12:32:16","slug":"clause-de-non-responsabilite","status":"publish","type":"page","link":"https:\/\/visa-indonesia.com\/fr\/disclaimer\/","title":{"rendered":"Clause de non-responsabilit\u00e9"},"content":{"rendered":"<h1>Avis de non-responsabilit\u00e9 du site web<\/h1>\n<p>Les informations fournies par Visa Indon\u00e9sie (\"nous\", \"notre\" ou \"nos\") sur\u00a0<a href=\"https:\/\/visa-indonesia.com\/fr\/\" data-custom-class=\"link\">https:\/\/visa-indonesia.com<\/a> (le \"Site\") est destin\u00e9 \u00e0 des fins d'information g\u00e9n\u00e9rale uniquement. Toutes les informations figurant sur le site sont fournies en toute bonne foi. Toutefois, nous ne faisons aucune d\u00e9claration ni ne donnons aucune garantie, expresse ou implicite, concernant l'exactitude, l'ad\u00e9quation, la validit\u00e9, la fiabilit\u00e9, la disponibilit\u00e9 ou l'exhaustivit\u00e9 des informations figurant sur le site. NOUS NE POUVONS EN AUCUN CAS \u00caTRE TENUS RESPONSABLES DES PERTES OU DOMMAGES DE TOUTE NATURE R\u00c9SULTANT DE L'UTILISATION DU SITE OU DE LA CONFIANCE ACCORD\u00c9E AUX INFORMATIONS FOURNIES SUR LE SITE. VOUS UTILISEZ LE SITE ET VOUS VOUS FIEZ AUX INFORMATIONS QU'IL CONTIENT \u00c0 VOS PROPRES RISQUES.<\/p>\n<h2>Liens externes Disclaimer<\/h2>\n<p>Le site peut contenir (ou vous pouvez \u00eatre envoy\u00e9 par le biais du site) des liens vers d'autres sites web ou contenus appartenant \u00e0 des tiers ou provenant de tiers, ou des liens vers des sites web et des fonctionnalit\u00e9s dans des banni\u00e8res ou d'autres publicit\u00e9s. Ces liens externes ne font pas l'objet d'une enqu\u00eate, d'un contr\u00f4le ou d'une v\u00e9rification de notre part quant \u00e0 leur exactitude, leur ad\u00e9quation, leur validit\u00e9, leur fiabilit\u00e9, leur disponibilit\u00e9 ou leur exhaustivit\u00e9. NOUS NE GARANTISSONS PAS, N'APPROUVONS PAS, NE CAUTIONNONS PAS ET N'ASSUMONS PAS LA RESPONSABILIT\u00c9 DE L'EXACTITUDE OU DE LA FIABILIT\u00c9 DES INFORMATIONS OFFERTES PAR LES SITES WEB DE TIERS LI\u00c9S AU SITE OU PAR UN SITE WEB OU UNE FONCTION LI\u00c9S \u00c0 UNE BANNI\u00c8RE OU \u00c0 UNE AUTRE PUBLICIT\u00c9. NOUS NE SERONS PAS PARTIE PRENANTE ET NE SERONS EN AUCUN CAS RESPONSABLES DU CONTR\u00d4LE DE TOUTE TRANSACTION ENTRE VOUS ET DES FOURNISSEURS TIERS DE PRODUITS OU DE SERVICES.<\/p>\n<h2>Clause de non-responsabilit\u00e9 professionnelle<\/h2>\n<p>Le site ne peut pas contenir et ne contient pas de conseils juridiques. Les informations juridiques sont fournies \u00e0 des fins d'information g\u00e9n\u00e9rale et d'\u00e9ducation uniquement et ne remplacent pas les conseils d'un professionnel. Par cons\u00e9quent, avant d'entreprendre toute action sur la base de ces informations, nous vous encourageons \u00e0 consulter les professionnels appropri\u00e9s. Nous ne fournissons aucun conseil juridique. L'UTILISATION DE TOUTE INFORMATION CONTENUE SUR LE SITE SE FAIT \u00c0 VOS RISQUES ET P\u00c9RILS.<\/p>\n<h2>T\u00e9moignages Clause de non-responsabilit\u00e9<\/h2>\n<p data-custom-class=\"body_text\">Le site peut contenir des t\u00e9moignages d'utilisateurs de nos produits et\/ou services. Ces t\u00e9moignages refl\u00e8tent les exp\u00e9riences r\u00e9elles et les opinions de ces utilisateurs. Toutefois, ces exp\u00e9riences sont personnelles \u00e0 ces utilisateurs particuliers et ne sont pas n\u00e9cessairement repr\u00e9sentatives de l'ensemble des utilisateurs de nos produits et\/ou services. Nous ne pr\u00e9tendons pas, et vous ne devez pas supposer, que tous les utilisateurs auront les m\u00eames exp\u00e9riences. LES R\u00c9SULTATS INDIVIDUELS PEUVENT VARIER.<\/p>\n<p data-custom-class=\"body_text\">Les t\u00e9moignages figurant sur le site sont pr\u00e9sent\u00e9s sous diverses formes (texte, audio et\/ou vid\u00e9o) et sont examin\u00e9s par nos soins avant d'\u00eatre publi\u00e9s. Ils apparaissent sur le site tels qu'ils ont \u00e9t\u00e9 donn\u00e9s par les utilisateurs, \u00e0 l'exception de la correction des erreurs de grammaire ou de frappe. Certains t\u00e9moignages peuvent avoir \u00e9t\u00e9 raccourcis par souci de concision lorsque le t\u00e9moignage complet contenait des informations non pertinentes pour le grand public.<\/p>\n<p data-custom-class=\"body_text\">Les points de vue et opinions contenus dans les t\u00e9moignages n'appartiennent qu'\u00e0 l'utilisateur individuel et ne refl\u00e8tent pas nos points de vue et opinions. Nous ne sommes pas affili\u00e9s aux utilisateurs qui fournissent des t\u00e9moignages, et les utilisateurs ne sont pas r\u00e9mun\u00e9r\u00e9s ou indemnis\u00e9s pour leurs t\u00e9moignages.<\/p>","protected":false},"excerpt":{"rendered":"<p>Website Disclaimer The information provided by\u00a0Visa Indonesia (&#8220;we,&#8221; &#8220;us,&#8221; or &#8220;our&#8221;) on\u00a0https:\/\/visa-indonesia.com (the\u00a0&#8220;Site&#8221;)\u00a0is for general informational purposes only. All information on the Site is provided in good faith. However, we make no representation or warranty of any kind, express or implied, regarding the accuracy, adequacy, validity, reliability, availability, or completeness of any information on the [&hellip;]<\/p>\n","protected":false},"author":1,"featured_media":17314,"parent":0,"menu_order":0,"comment_status":"closed","ping_status":"closed","template":"elementor_theme","meta":{"_acf_changed":false,"site-sidebar-layout":"no-sidebar","site-content-layout":"page-builder","ast-site-content-layout":"full-width-container","site-content-style":"unboxed","site-sidebar-style":"unboxed","ast-global-header-display":"","ast-banner-title-visibility":"","ast-main-header-display":"","ast-hfb-above-header-display":"","ast-hfb-below-header-display":"","ast-hfb-mobile-header-display":"","site-post-title":"disabled","ast-breadcrumbs-content":"","ast-featured-img":"disabled","footer-sml-layout":"","ast-disable-related-posts":"","theme-transparent-header-meta":"","adv-header-id-meta":"","stick-header-meta":"","header-above-stick-meta":"","header-main-stick-meta":"","header-below-stick-meta":"","astra-migrate-meta-layouts":"set","ast-page-background-enabled":"default","ast-page-background-meta":{"desktop":{"background-color":"","background-image":"","background-repeat":"repeat","background-position":"center center","background-size":"auto","background-attachment":"scroll","background-type":"","background-media":"","overlay-type":"","overlay-color":"","overlay-opacity":"","overlay-gradient":""},"tablet":{"background-color":"","background-image":"","background-repeat":"repeat","background-position":"center center","background-size":"auto","background-attachment":"scroll","background-type":"","background-media":"","overlay-type":"","overlay-color":"","overlay-opacity":"","overlay-gradient":""},"mobile":{"background-color":"","background-image":"","background-repeat":"repeat","background-position":"center center","background-size":"auto","background-attachment":"scroll","background-type":"","background-media":"","overlay-type":"","overlay-color":"","overlay-opacity":"","overlay-gradient":""}},"ast-content-background-meta":{"desktop":{"background-color":"var(--ast-global-color-5)","background-image":"","background-repeat":"repeat","background-position":"center center","background-size":"auto","background-attachment":"scroll","background-type":"","background-media":"","overlay-type":"","overlay-color":"","overlay-opacity":"","overlay-gradient":""},"tablet":{"background-color":"var(--ast-global-color-5)","background-image":"","background-repeat":"repeat","background-position":"center center","background-size":"auto","background-attachment":"scroll","background-type":"","background-media":"","overlay-type":"","overlay-color":"","overlay-opacity":"","overlay-gradient":""},"mobile":{"background-color":"var(--ast-global-color-5)","background-image":"","background-repeat":"repeat","background-position":"center center","background-size":"auto","background-attachment":"scroll","background-type":"","background-media":"","overlay-type":"","overlay-color":"","overlay-opacity":"","overlay-gradient":""}},"uix_meta_title":"","uix_meta_description":"","uix_canonical_url":"","footnotes":""},"class_list":["post-14870","page","type-page","status-publish","has-post-thumbnail","hentry"],"acf":[],"_links":{"self":[{"href":"https:\/\/visa-indonesia.com\/fr\/wp-json\/wp\/v2\/pages\/14870","targetHints":{"allow":["GET"]}}],"collection":[{"href":"https:\/\/visa-indonesia.com\/fr\/wp-json\/wp\/v2\/pages"}],"about":[{"href":"https:\/\/visa-indonesia.com\/fr\/wp-json\/wp\/v2\/types\/page"}],"author":[{"embeddable":true,"href":"https:\/\/visa-indonesia.com\/fr\/wp-json\/wp\/v2\/users\/1"}],"replies":[{"embeddable":true,"href":"https:\/\/visa-indonesia.com\/fr\/wp-json\/wp\/v2\/comments?post=14870"}],"version-history":[{"count":14,"href":"https:\/\/visa-indonesia.com\/fr\/wp-json\/wp\/v2\/pages\/14870\/revisions"}],"predecessor-version":[{"id":30575,"href":"https:\/\/visa-indonesia.com\/fr\/wp-json\/wp\/v2\/pages\/14870\/revisions\/30575"}],"wp:featuredmedia":[{"embeddable":true,"href":"https:\/\/visa-indonesia.com\/fr\/wp-json\/wp\/v2\/media\/17314"}],"wp:attachment":[{"href":"https:\/\/visa-indonesia.com\/fr\/wp-json\/wp\/v2\/media?parent=14870"}],"curies":[{"name":"wp","href":"https:\/\/api.w.org\/{rel}","templated":true}]}}