{"id":14181,"date":"2022-09-22T14:11:34","date_gmt":"2022-09-22T06:11:34","guid":{"rendered":"https:\/\/visa-indonesia.com\/?page_id=14181"},"modified":"2025-12-03T17:26:46","modified_gmt":"2025-12-03T09:26:46","slug":"conditions-dutilisation-du-programme-daffiliation","status":"publish","type":"page","link":"https:\/\/visa-indonesia.com\/fr\/affiliate-program-terms-of-use\/","title":{"rendered":"Conditions d'utilisation du programme d'affiliation"},"content":{"rendered":"<h1>Conditions d'utilisation de l'affiliation<br \/>\n<\/h1>\n<p>En tant qu'affili\u00e9 autoris\u00e9 de Visa Indon\u00e9sie, vous acceptez de respecter les termes et conditions contenus dans le pr\u00e9sent accord. Veuillez lire attentivement l'int\u00e9gralit\u00e9 de l'accord avant de vous inscrire et de promouvoir Visa Indon\u00e9sie en tant qu'affili\u00e9.<\/p>\n<p>Votre participation au programme consiste uniquement \u00e0 faire de la publicit\u00e9 l\u00e9gale sur notre site web afin de recevoir une commission sur les adh\u00e9sions et les produits achet\u00e9s par des personnes qui ont \u00e9t\u00e9 orient\u00e9es vers Visa Indonesia par votre propre site web ou par des personnes que vous avez orient\u00e9es.<\/p>\n<p>En s'inscrivant au <a href=\"https:\/\/visa-indonesia.com\/fr\/visas-et-reglementations\/tout-ce-quil-faut-savoir-sur-le-visa-provisoire-indonesien\/\"  data-wpil-monitor-id=\"17\">Visa Indon\u00e9sie<\/a> programme d'affiliation, vous indiquez que vous acceptez le pr\u00e9sent accord et ses conditions g\u00e9n\u00e9rales.<\/p>\n<h2>Approbation ou rejet de la demande<br \/>\n<\/h2>\n<p>Nous nous r\u00e9servons le droit d'approuver ou de rejeter TOUTE demande de programme d'affiliation \u00e0 notre seule et enti\u00e8re discr\u00e9tion. Vous n'aurez aucun recours l\u00e9gal contre nous en cas de rejet de votre demande de programme d'affiliation.<\/p>\n<h2>Commissions<\/h2>\n<p>Les commissions seront pay\u00e9es une fois par mois. Pour qu'un affili\u00e9 re\u00e7oive une commission, le compte r\u00e9f\u00e9renc\u00e9 doit rester actif pendant au moins 31 jours.<\/p>\n<p>Vous ne pouvez pas vous recommander vous-m\u00eame et vous ne recevrez pas de commission sur vos propres comptes.<\/p>\n<p>Les paiements ne seront envoy\u00e9s que pour les transactions qui ont \u00e9t\u00e9 effectu\u00e9es avec succ\u00e8s. Les transactions qui donnent lieu \u00e0 des r\u00e9trocessions ou \u00e0 des remboursements ne seront pas pay\u00e9es.<\/p>\n<h2>Cessation d'activit\u00e9<\/h2>\n<p>Votre candidature d'affili\u00e9 et votre statut dans le programme peuvent \u00eatre suspendus ou r\u00e9sili\u00e9s pour l'une des raisons suivantes :<\/p>\n<ul>\n<li>les publicit\u00e9s inappropri\u00e9es (fausses all\u00e9gations, liens hypertextes trompeurs, etc.).<\/li>\n<li>le pollupostage (envoi massif de courriels, de messages sur les groupes de discussion, etc.)<\/li>\n<li>La publicit\u00e9 sur des sites contenant ou promouvant des activit\u00e9s ill\u00e9gales.<\/li>\n<li>Absence de divulgation de la relation d'affiliation pour toute promotion qualifi\u00e9e d'approbation en vertu des lignes directrices et r\u00e9glementations existantes de la Federal Trade Commission ou de toute loi nationale applicable.<\/li>\n<li>Violation des droits de propri\u00e9t\u00e9 intellectuelle. Visa <a href=\"https:\/\/visa-indonesia.com\/fr\/conditions-dentree-a-bali\/\"  data-wpil-monitor-id=\"27\">L'Indon\u00e9sie se r\u00e9serve le droit d'exiger<\/a> des accords de licence avec ceux qui utilisent les marques de Visa Indon\u00e9sie afin de prot\u00e9ger nos droits de propri\u00e9t\u00e9 intellectuelle.<\/li>\n<li>Offrir des rabais, des coupons ou d'autres formes de ristournes promises sur votre commission d'affili\u00e9 \u00e0 titre d'incitation. L'ajout de bonus ou le regroupement d'autres produits avec Visa Indonesia est toutefois acceptable.<\/li>\n<li>Auto-recommandations, transactions frauduleuses, suspicion de fraude de la part d'un affili\u00e9.<\/li>\n<\/ul>\n<p>En plus de ce qui pr\u00e9c\u00e8de, Visa Indon\u00e9sie se r\u00e9serve le droit de r\u00e9silier tout compte d'affili\u00e9 \u00e0 tout moment, pour toute violation de la pr\u00e9sente convention ou sans raison.<\/p>\n<h2>Liens d'affiliation<\/h2>\n<p>Vous pouvez utiliser des liens graphiques et textuels sur votre site web et dans vos messages \u00e9lectroniques. Vous pouvez \u00e9galement faire de la publicit\u00e9 pour le site Visa Indonesia dans les petites annonces en ligne et hors ligne, les magazines et les journaux.<\/p>\n<p>Vous pouvez utiliser les graphiques et les textes que nous vous fournissons ou cr\u00e9er les v\u00f4tres, pour autant qu'ils soient jug\u00e9s appropri\u00e9s conform\u00e9ment aux conditions et qu'ils n'enfreignent pas les dispositions de la section \"R\u00e9siliation\".<\/p>\n<h2>Sites de coupons et de bonnes affaires<\/h2>\n<p>Visa Indon\u00e9sie offre occasionnellement des coupons \u00e0 certains de ses affili\u00e9s et aux abonn\u00e9s de son bulletin d'information. Si vous n'\u00eates pas pr\u00e9approuv\u00e9 \/ assign\u00e9 \u00e0 un coupon de marque, vous n'\u00eates pas autoris\u00e9 \u00e0 promouvoir le coupon. Vous trouverez ci-dessous les conditions applicables \u00e0 tout affili\u00e9 qui envisage de promouvoir nos produits dans le cadre d'une op\u00e9ration ou d'un coupon :<\/p>\n<ul>\n<li>Les affili\u00e9s ne peuvent pas utiliser de texte trompeur sur les liens, boutons ou images d'affiliation pour sugg\u00e9rer que tout ce qui n'est pas actuellement autoris\u00e9 concerne l'affili\u00e9 en question.<\/li>\n<li>Les affili\u00e9s ne peuvent pas ench\u00e9rir sur les coupons Visa Indon\u00e9sie, les r\u00e9ductions Visa Indon\u00e9sie ou d'autres phrases impliquant que des coupons sont disponibles.<\/li>\n<li>Les affili\u00e9s ne peuvent pas g\u00e9n\u00e9rer de pop-ups, de pop-unders, d'iframes, de cadres ou d'autres actions visibles ou invisibles qui cr\u00e9ent des cookies d'affiliation, sauf si l'utilisateur a exprim\u00e9 un int\u00e9r\u00eat clair et explicite pour l'activation d'une \u00e9conomie sp\u00e9cifique en cliquant sur un lien, un bouton ou une image clairement identifi\u00e9(e) pour ce coupon ou cette offre particulier(e). Votre lien doit envoyer le visiteur sur le site du marchand.<\/li>\n<li>L'utilisateur doit \u00eatre en mesure de voir les informations et les d\u00e9tails relatifs aux coupons, aux offres et aux \u00e9conomies avant qu'un cookie d'affiliation ne soit install\u00e9 (c'est-\u00e0-dire que la mention \"cliquez ici pour voir les coupons et ouvrir une fen\u00eatre vers le site du commer\u00e7ant\" n'est PAS autoris\u00e9e).<\/li>\n<li>Les sites affili\u00e9s ne doivent pas comporter la mention \"Cliquez pour (ou pour voir) une offre\/un bon de r\u00e9duction\" ou toute autre variante, lorsqu'il n'y a pas de bons de r\u00e9duction ou d'offres disponibles et que le clic ouvre le site du commer\u00e7ant ou installe un cookie. Les affili\u00e9s dont la page d'accueil du site marchand comporte un tel texte seront imm\u00e9diatement exclus du programme.<\/li>\n<\/ul>\n<h2>Politique de paiement au clic (PPC)<\/h2>\n<p>Les ench\u00e8res PPC ne sont PAS autoris\u00e9es sans autorisation \u00e9crite pr\u00e9alable.<\/p>\n<h2>Responsabilit\u00e9<\/h2>\n<p>Visa Indon\u00e9sie ne sera pas responsable des dommages indirects ou accidentels (perte de revenus, commissions) dus \u00e0 des d\u00e9faillances dans le suivi des affili\u00e9s, \u00e0 la perte de fichiers de base de donn\u00e9es ou \u00e0 tout r\u00e9sultat d'intention de nuire au programme et\/ou \u00e0 notre (nos) site(s) web.<\/p>\n<p>Nous ne donnons aucune garantie expresse ou implicite en ce qui concerne le programme et\/ou les adh\u00e9sions ou les produits vendus par Visa Indon\u00e9sie. Nous ne pr\u00e9tendons pas que le fonctionnement du programme et\/ou de notre (nos) site(s) web sera exempt d'erreurs et nous ne serons pas responsables de toute interruption ou erreur.<\/p>\n<h2>Dur\u00e9e de l'accord<\/h2>\n<p>La dur\u00e9e du pr\u00e9sent accord commence \u00e0 partir de votre acceptation dans le programme et se termine lorsque votre compte d'affili\u00e9 est r\u00e9sili\u00e9.<\/p>\n<p>Nous pouvons modifier les termes et conditions du pr\u00e9sent accord \u00e0 tout moment. Si une modification des termes et conditions du pr\u00e9sent accord est inacceptable pour vous, votre seul choix est de r\u00e9silier votre compte d'affili\u00e9. En continuant \u00e0 participer au programme, vous acceptez toute modification.<\/p>\n<h2>Indemnisation<\/h2>\n<p>L'affili\u00e9 doit indemniser et d\u00e9gager de toute responsabilit\u00e9 Visa Indon\u00e9sie et ses soci\u00e9t\u00e9s affili\u00e9es et filiales, ses dirigeants, ses administrateurs, ses employ\u00e9s, ses licenci\u00e9s, ses successeurs et ses ayants droit, y compris ceux qui sont licenci\u00e9s ou autoris\u00e9s par Visa Indon\u00e9sie \u00e0 transmettre et \u00e0 distribuer des documents, de toute responsabilit\u00e9, de tout dommage, de toute amende, de tout jugement, de toute r\u00e9clamation, de tout co\u00fbt, de toute perte et de toute d\u00e9pense (y compris les honoraires et les frais juridiques raisonnables) d\u00e9coulant de ou li\u00e9s \u00e0 toute r\u00e9clamation subie dans le cadre du pr\u00e9sent accord en raison d'une n\u00e9gligence, d'une fausse d\u00e9claration, d'un d\u00e9faut de divulgation ou d'une faute intentionnelle de la part de l'affili\u00e9.<\/p>\n<h2>Signatures \u00e9lectroniques efficaces<br \/>\n<\/h2>\n<p>L'accord est un contrat \u00e9lectronique qui d\u00e9finit les conditions juridiquement contraignantes de votre participation au programme d'affiliation de Visa Indon\u00e9sie. Vous indiquez que vous acceptez le pr\u00e9sent contrat et toutes les conditions qu'il contient ou auxquelles il fait r\u00e9f\u00e9rence en compl\u00e9tant le processus de demande d'adh\u00e9sion \u00e0 Visa Indon\u00e9sie. Cette action cr\u00e9e une signature \u00e9lectronique qui a la m\u00eame force et le m\u00eame effet juridique qu'une signature manuscrite.<\/p>","protected":false},"excerpt":{"rendered":"<p>Affiliate Terms of Use As an authorized affiliate of Visa Indonesia, you agree to abide by the terms and conditions contained in this Agreement. Please read the entire Agreement carefully before registering and promoting Visa Indonesia as an Affiliate. Your participation in the Program is solely to legally advertise our website to receive a commission [&hellip;]<\/p>\n","protected":false},"author":246,"featured_media":17310,"parent":0,"menu_order":0,"comment_status":"closed","ping_status":"closed","template":"","meta":{"_acf_changed":false,"site-sidebar-layout":"no-sidebar","site-content-layout":"page-builder","ast-site-content-layout":"normal-width-container","site-content-style":"unboxed","site-sidebar-style":"unboxed","ast-global-header-display":"","ast-banner-title-visibility":"","ast-main-header-display":"","ast-hfb-above-header-display":"","ast-hfb-below-header-display":"","ast-hfb-mobile-header-display":"","site-post-title":"disabled","ast-breadcrumbs-content":"","ast-featured-img":"disabled","footer-sml-layout":"","ast-disable-related-posts":"","theme-transparent-header-meta":"","adv-header-id-meta":"","stick-header-meta":"","header-above-stick-meta":"","header-main-stick-meta":"","header-below-stick-meta":"","astra-migrate-meta-layouts":"set","ast-page-background-enabled":"default","ast-page-background-meta":{"desktop":{"background-color":"","background-image":"","background-repeat":"repeat","background-position":"center center","background-size":"auto","background-attachment":"scroll","background-type":"","background-media":"","overlay-type":"","overlay-color":"","overlay-opacity":"","overlay-gradient":""},"tablet":{"background-color":"","background-image":"","background-repeat":"repeat","background-position":"center center","background-size":"auto","background-attachment":"scroll","background-type":"","background-media":"","overlay-type":"","overlay-color":"","overlay-opacity":"","overlay-gradient":""},"mobile":{"background-color":"","background-image":"","background-repeat":"repeat","background-position":"center center","background-size":"auto","background-attachment":"scroll","background-type":"","background-media":"","overlay-type":"","overlay-color":"","overlay-opacity":"","overlay-gradient":""}},"ast-content-background-meta":{"desktop":{"background-color":"var(--ast-global-color-5)","background-image":"","background-repeat":"repeat","background-position":"center center","background-size":"auto","background-attachment":"scroll","background-type":"","background-media":"","overlay-type":"","overlay-color":"","overlay-opacity":"","overlay-gradient":""},"tablet":{"background-color":"var(--ast-global-color-5)","background-image":"","background-repeat":"repeat","background-position":"center center","background-size":"auto","background-attachment":"scroll","background-type":"","background-media":"","overlay-type":"","overlay-color":"","overlay-opacity":"","overlay-gradient":""},"mobile":{"background-color":"var(--ast-global-color-5)","background-image":"","background-repeat":"repeat","background-position":"center center","background-size":"auto","background-attachment":"scroll","background-type":"","background-media":"","overlay-type":"","overlay-color":"","overlay-opacity":"","overlay-gradient":""}},"uix_meta_title":"","uix_meta_description":"","uix_canonical_url":"","footnotes":""},"class_list":["post-14181","page","type-page","status-publish","has-post-thumbnail","hentry"],"acf":[],"_links":{"self":[{"href":"https:\/\/visa-indonesia.com\/fr\/wp-json\/wp\/v2\/pages\/14181","targetHints":{"allow":["GET"]}}],"collection":[{"href":"https:\/\/visa-indonesia.com\/fr\/wp-json\/wp\/v2\/pages"}],"about":[{"href":"https:\/\/visa-indonesia.com\/fr\/wp-json\/wp\/v2\/types\/page"}],"author":[{"embeddable":true,"href":"https:\/\/visa-indonesia.com\/fr\/wp-json\/wp\/v2\/users\/246"}],"replies":[{"embeddable":true,"href":"https:\/\/visa-indonesia.com\/fr\/wp-json\/wp\/v2\/comments?post=14181"}],"version-history":[{"count":12,"href":"https:\/\/visa-indonesia.com\/fr\/wp-json\/wp\/v2\/pages\/14181\/revisions"}],"predecessor-version":[{"id":40302,"href":"https:\/\/visa-indonesia.com\/fr\/wp-json\/wp\/v2\/pages\/14181\/revisions\/40302"}],"wp:featuredmedia":[{"embeddable":true,"href":"https:\/\/visa-indonesia.com\/fr\/wp-json\/wp\/v2\/media\/17310"}],"wp:attachment":[{"href":"https:\/\/visa-indonesia.com\/fr\/wp-json\/wp\/v2\/media?parent=14181"}],"curies":[{"name":"wp","href":"https:\/\/api.w.org\/{rel}","templated":true}]}}