{"id":24739,"date":"2024-06-11T12:08:27","date_gmt":"2024-06-11T04:08:27","guid":{"rendered":"https:\/\/visa-indonesia.com\/?post_type=product&#038;p=24739"},"modified":"2026-05-03T14:01:39","modified_gmt":"2026-05-03T06:01:39","slug":"curso-corto-de-formacion-visado-indonesia","status":"publish","type":"product","link":"https:\/\/visa-indonesia.com\/es\/service\/short-course-training-visa-indonesia\/","title":{"rendered":"Curso corto\/visado de formaci\u00f3n Indonesia (C9)"},"content":{"rendered":"<div class=\"flex flex-grow flex-col max-w-full\">\n<div class=\"min-h-[20px] text-message flex flex-col items-start whitespace-pre-wrap break-words [.text-message+&amp;]:mt-5 juice:w-full juice:items-end overflow-x-auto gap-2\" dir=\"auto\" data-message-author-role=\"assistant\" data-message-id=\"6483260d-bf7d-4cbc-ae67-a42b4f6ad6c9\">\n<div class=\"flex w-full flex-col gap-1 juice:empty:hidden juice:first:pt-[3px]\">\n<div class=\"markdown prose w-full break-words dark:prose-invert dark\">\n<p>The C9 visa is a Single-Entry visa. It can be used for short courses or training. This visa can only be applied for from outside of Indonesia. From the time it is issued, it is valid for 90 days, meaning you need to enter Indonesia within that period; otherwise, the visa becomes invalid. Upon entry, the visa is valid for 60 days. It is extendable twice for an additional 60 days each, allowing for a maximum length of stay of 180 days (60 days initial stay plus 2x 60 days extension). This Single-Entry visa can be converted into another visa type (for example <a href=\"https:\/\/visa-indonesia.com\/service-category\/kitas-indonesia\/\">KITAS<\/a>) without leaving Indonesia.<\/p>\n<\/div>\n<\/div>\n<\/div>\n<\/div>\n","protected":false},"excerpt":{"rendered":"<p>El visado de corta duraci\u00f3n (C9) de 60 d\u00edas para Indonesia (antiguo visado B211A) es adecuado para cualquier persona que viaje a Bali o a cualquier otro lugar de Indonesia para realizar un curso o formaci\u00f3n de corta duraci\u00f3n.<\/p>\n<p>El visado inicial tiene una validez de 60 d\u00edas y es prorrogable dos veces por 60 d\u00edas adicionales cada una, lo que permite una estancia m\u00e1xima de 180 d\u00edas (60 d\u00edas de estancia inicial m\u00e1s 2 pr\u00f3rrogas de 60 d\u00edas). Tiene la opci\u00f3n de adquirir la pr\u00f3rroga o pr\u00f3rrogas junto con el visado o solicitarlas por separado m\u00e1s adelante. El proceso de pr\u00f3rroga ser\u00e1 el mismo.<\/p>\n<p><strong>Importante:<\/strong> Se requiere una visita personal en la oficina de inmigraci\u00f3n para todas las pr\u00f3rrogas.<\/p>\n<p><strong>Atenci\u00f3n:<\/strong> Ya no es posible solicitar un visado C9 en tierra. Esto significa que tendr\u00e1 que solicitar su visado fuera de Indonesia. P\u00f3ngase en contacto con nosotros con antelaci\u00f3n si tiene previsto volar y volver con un nuevo visado C9 para que el proceso sea lo m\u00e1s sencillo posible.<\/p>","protected":false},"featured_media":29005,"comment_status":"closed","ping_status":"closed","template":"","meta":{"_acf_changed":false,"site-sidebar-layout":"default","site-content-layout":"default","ast-site-content-layout":"default","site-content-style":"default","site-sidebar-style":"default","ast-global-header-display":"","ast-banner-title-visibility":"","ast-main-header-display":"","ast-hfb-above-header-display":"","ast-hfb-below-header-display":"","ast-hfb-mobile-header-display":"","site-post-title":"","ast-breadcrumbs-content":"","ast-featured-img":"","footer-sml-layout":"","ast-disable-related-posts":"","theme-transparent-header-meta":"default","adv-header-id-meta":"","stick-header-meta":"default","header-above-stick-meta":"","header-main-stick-meta":"","header-below-stick-meta":"","astra-migrate-meta-layouts":"set","ast-page-background-enabled":"default","ast-page-background-meta":{"desktop":{"background-color":"","background-image":"","background-repeat":"repeat","background-position":"center center","background-size":"auto","background-attachment":"scroll","background-type":"","background-media":"","overlay-type":"","overlay-color":"","overlay-opacity":"","overlay-gradient":""},"tablet":{"background-color":"","background-image":"","background-repeat":"repeat","background-position":"center center","background-size":"auto","background-attachment":"scroll","background-type":"","background-media":"","overlay-type":"","overlay-color":"","overlay-opacity":"","overlay-gradient":""},"mobile":{"background-color":"","background-image":"","background-repeat":"repeat","background-position":"center center","background-size":"auto","background-attachment":"scroll","background-type":"","background-media":"","overlay-type":"","overlay-color":"","overlay-opacity":"","overlay-gradient":""}},"ast-content-background-meta":{"desktop":{"background-color":"var(--ast-global-color-5)","background-image":"","background-repeat":"repeat","background-position":"center center","background-size":"auto","background-attachment":"scroll","background-type":"","background-media":"","overlay-type":"","overlay-color":"","overlay-opacity":"","overlay-gradient":""},"tablet":{"background-color":"var(--ast-global-color-5)","background-image":"","background-repeat":"repeat","background-position":"center center","background-size":"auto","background-attachment":"scroll","background-type":"","background-media":"","overlay-type":"","overlay-color":"","overlay-opacity":"","overlay-gradient":""},"mobile":{"background-color":"var(--ast-global-color-5)","background-image":"","background-repeat":"repeat","background-position":"center center","background-size":"auto","background-attachment":"scroll","background-type":"","background-media":"","overlay-type":"","overlay-color":"","overlay-opacity":"","overlay-gradient":""}},"uix_meta_title":"","uix_meta_description":"","uix_canonical_url":""},"product_brand":[],"product_cat":[35,1062],"product_tag":[18,20,46,47,181,182,183,184,185,240,318,414,415,416,417,418,419,420,421,422,423,424,425,426,427,428,429,430,431,432,433,434,435,436,437,438,439,440,441,442,443,444,445,446,447,448,449,450,451,452,453,454,455,456,457,459,460,461,463,464,465,466,467,772,773,774,775,776],"comparison_feature":[991,994,995,996,997,998,999,992,1000,1002,1001],"class_list":{"0":"post-24739","1":"product","2":"type-product","3":"status-publish","4":"has-post-thumbnail","6":"product_cat-visa-indonesia","7":"product_cat-single-entry-visas","8":"product_tag-business","9":"product_tag-b211a","10":"product_tag-visit-visa","11":"product_tag-tourist-visa","12":"product_tag-business-visa-bali","13":"product_tag-business-visa-indonesia","14":"product_tag-tourist-visa-bali","15":"product_tag-tourist-visa-indonesia","16":"product_tag-longterm-visa","17":"product_tag-long-term-visa","18":"product_tag-b211a-visit-visa","19":"product_tag-60-day-visa","20":"product_tag-b211a-visa-indonesia","21":"product_tag-visit-visa-indonesia","22":"product_tag-b211a-visa-bali","23":"product_tag-b211a-visa","24":"product_tag-b211-visa-indonesia","25":"product_tag-long-term-visa-indonesia","26":"product_tag-bali-business-visa","27":"product_tag-indonesia-visa-60-days","28":"product_tag-visa-b211","29":"product_tag-60-day-visa-indonesia","30":"product_tag-60-days-visa-indonesia","31":"product_tag-single-entry-visa-indonesia","32":"product_tag-indonesia-single-entry-visa","33":"product_tag-b211-visa","34":"product_tag-60-day-visa-for-bali","35":"product_tag-60-day-bali-visa","36":"product_tag-b211-visa-bali","37":"product_tag-60-day-visa-bali","38":"product_tag-bali-60-day-visa","39":"product_tag-bali-long-term-visa","40":"product_tag-visa-b211a","41":"product_tag-visa-b211a-bali","42":"product_tag-visa-b211-bali","43":"product_tag-indonesia-60-day-visa","44":"product_tag-visa-b211a-indonesia","45":"product_tag-b211a-visa-indonesia-application","46":"product_tag-long-term-visa-bali","47":"product_tag-visa-b211-indonesia","48":"product_tag-bali-6-month-visa","49":"product_tag-b211a-business-visa","50":"product_tag-60-day-tourist-visa-bali","51":"product_tag-bali-60-day-tourist-visa","52":"product_tag-single-entry-visa-bali","53":"product_tag-6-month-visa-bali","54":"product_tag-bali-visa-60-days","55":"product_tag-6-month-visa-indonesia","56":"product_tag-b211a-visa-application","57":"product_tag-indonesia-6-month-visa","58":"product_tag-visa-60-days-indonesia","59":"product_tag-e-visa-b211a","60":"product_tag-bali-single-entry-visa","61":"product_tag-e-visa-b211a-indonesia","62":"product_tag-visa-kunjungan-b211a","63":"product_tag-business-visa-jakarta","64":"product_tag-living-in-bali-visa","65":"product_tag-visit-visa-b211a","66":"product_tag-business-visa-b211a","67":"product_tag-offshore-b211-visa","68":"product_tag-social-b211a-visa","69":"product_tag-visa-b211-a","70":"product_tag-bali-6-months-visa","71":"product_tag-short-course-bali","72":"product_tag-short-course-indonesia","73":"product_tag-short-course-jakarta","74":"product_tag-short-training-indonesia","75":"product_tag-c9-visa-indonesia","76":"comparison_feature-guaranteed_visa_approval","77":"comparison_feature-guaranteed-visa-delivery-before-departure","78":"comparison_feature-refunds-available","79":"comparison_feature-multiple-payment-options","80":"comparison_feature-personal-point-of-contact","81":"comparison_feature-support-that-puts-you-first","82":"comparison_feature-apply-anytime","83":"comparison_feature-ease_of_application","84":"comparison_feature-currencies-supported","85":"comparison_feature-payment-methods","86":"comparison_feature-average-response-time","87":"desktop-align-left","88":"tablet-align-left","89":"mobile-align-left","90":"ast-product-gallery-layout-horizontal-slider","91":"ast-product-gallery-with-no-image","92":"ast-magnify-disabled","93":"ast-product-single-variable","94":"ast-product-tabs-layout-horizontal","96":"first","97":"instock","98":"featured","99":"shipping-taxable","100":"purchasable","101":"product-type-variable","102":"has-default-attributes"},"acf":[],"_links":{"self":[{"href":"https:\/\/visa-indonesia.com\/es\/wp-json\/wp\/v2\/product\/24739","targetHints":{"allow":["GET"]}}],"collection":[{"href":"https:\/\/visa-indonesia.com\/es\/wp-json\/wp\/v2\/product"}],"about":[{"href":"https:\/\/visa-indonesia.com\/es\/wp-json\/wp\/v2\/types\/product"}],"replies":[{"embeddable":true,"href":"https:\/\/visa-indonesia.com\/es\/wp-json\/wp\/v2\/comments?post=24739"}],"wp:featuredmedia":[{"embeddable":true,"href":"https:\/\/visa-indonesia.com\/es\/wp-json\/wp\/v2\/media\/29005"}],"wp:attachment":[{"href":"https:\/\/visa-indonesia.com\/es\/wp-json\/wp\/v2\/media?parent=24739"}],"wp:term":[{"taxonomy":"product_brand","embeddable":true,"href":"https:\/\/visa-indonesia.com\/es\/wp-json\/wp\/v2\/product_brand?post=24739"},{"taxonomy":"product_cat","embeddable":true,"href":"https:\/\/visa-indonesia.com\/es\/wp-json\/wp\/v2\/product_cat?post=24739"},{"taxonomy":"product_tag","embeddable":true,"href":"https:\/\/visa-indonesia.com\/es\/wp-json\/wp\/v2\/product_tag?post=24739"},{"taxonomy":"comparison_feature","embeddable":true,"href":"https:\/\/visa-indonesia.com\/es\/wp-json\/wp\/v2\/comparison_feature?post=24739"}],"curies":[{"name":"wp","href":"https:\/\/api.w.org\/{rel}","templated":true}]}}