{"id":21936,"date":"2023-12-16T13:53:11","date_gmt":"2023-12-16T05:53:11","guid":{"rendered":"https:\/\/visa-indonesia.com\/?page_id=21936"},"modified":"2025-03-10T16:08:02","modified_gmt":"2025-03-10T08:08:02","slug":"colabora-con-nosotros","status":"publish","type":"page","link":"https:\/\/visa-indonesia.com\/es\/partner-with-us\/","title":{"rendered":"As\u00f3ciese con nosotros"},"content":{"rendered":"<p>\u00a1Hola! Me alegro de que est\u00e9s interesado en colaborar con visa-indonesia.com. Elige la categor\u00eda que m\u00e1s te convenga y ponte en contacto con nosotros. Esperamos tener una gran colaboraci\u00f3n.<\/p>\n<h2><a href=\"\/es\/programa-de-afiliados\/\">Afiliaci\u00f3n-Asociaci\u00f3n<\/a><\/h2>\n<p>\t\t\t\t\t\t\t\t\t\t\t\t\t\t\t\t<a href=\"\/es\/programa-de-afiliados\/\"><br \/>\n\t\t\t\t\t\t\t<img decoding=\"async\" width=\"1024\" height=\"536\" src=\"https:\/\/visa-indonesia.com\/wp-content\/uploads\/affiliate-partner-werden-1024x536.png\" alt=\"\" srcset=\"https:\/\/visa-indonesia.com\/wp-content\/uploads\/affiliate-partner-werden-1024x536.png 1024w, https:\/\/visa-indonesia.com\/wp-content\/uploads\/affiliate-partner-werden-300x157.png 300w, https:\/\/visa-indonesia.com\/wp-content\/uploads\/affiliate-partner-werden-768x402.png 768w, https:\/\/visa-indonesia.com\/wp-content\/uploads\/affiliate-partner-werden-360x188.png 360w, https:\/\/visa-indonesia.com\/wp-content\/uploads\/affiliate-partner-werden-600x314.png 600w, https:\/\/visa-indonesia.com\/wp-content\/uploads\/affiliate-partner-werden.png 1200w\" sizes=\"(max-width: 1024px) 100vw, 1024px\">\t\t\t\t\t\t\t\t<\/a><br \/>\n\t\t\t\t\t<a href=\"\/es\/programa-de-afiliados\/\"><br \/>\n\t\t\t\t\t\t\t\t\tAsociaci\u00f3n de afiliados<br \/>\n\t\t\t\t\t<\/a><\/p>\n<p>Ideal para influencers, blogueros de viajes, YouTubers, operadores de sitios web, etc.<\/p>\n<h2><a href=\"https:\/\/b2b.visa-indonesia.com\">Asociaci\u00f3n B2B<\/a><\/h2>\n<p>\t\t\t\t\t\t\t\t\t\t\t\t\t\t\t\t<a href=\"https:\/\/b2b.visa-indonesia.com\"><br \/>\n\t\t\t\t\t\t\t<img decoding=\"async\" width=\"1024\" height=\"536\" src=\"https:\/\/visa-indonesia.com\/wp-content\/uploads\/affiliate-partner-werden-2-1024x536.png\" alt=\"\" srcset=\"https:\/\/visa-indonesia.com\/wp-content\/uploads\/affiliate-partner-werden-2-1024x536.png 1024w, https:\/\/visa-indonesia.com\/wp-content\/uploads\/affiliate-partner-werden-2-300x157.png 300w, https:\/\/visa-indonesia.com\/wp-content\/uploads\/affiliate-partner-werden-2-768x402.png 768w, https:\/\/visa-indonesia.com\/wp-content\/uploads\/affiliate-partner-werden-2-360x188.png 360w, https:\/\/visa-indonesia.com\/wp-content\/uploads\/affiliate-partner-werden-2-600x314.png 600w, https:\/\/visa-indonesia.com\/wp-content\/uploads\/affiliate-partner-werden-2.png 1200w\" sizes=\"(max-width: 1024px) 100vw, 1024px\">\t\t\t\t\t\t\t\t<\/a><br \/>\n\t\t\t\t\t<a href=\"https:\/\/b2b.visa-indonesia.com\"><br \/>\n\t\t\t\t\t\t\t\t\tConvi\u00e9rtete en socio comercial<br \/>\n\t\t\t\t\t<\/a><\/p>\n<p>Colaboramos con empresas de viajes y otras empresas que env\u00edan regularmente clientes o empleados a Indonesia.<\/p>\n<h2>Los amigos reclutan amigos<\/h2>\n<p>\t\t\t\t\t\t\t\t\t\t\t\t\t\t\t<img decoding=\"async\" width=\"1024\" height=\"536\" src=\"https:\/\/visa-indonesia.com\/wp-content\/uploads\/affiliate-partner-werden-3-1024x536.png\" alt=\"\" srcset=\"https:\/\/visa-indonesia.com\/wp-content\/uploads\/affiliate-partner-werden-3-1024x536.png 1024w, https:\/\/visa-indonesia.com\/wp-content\/uploads\/affiliate-partner-werden-3-300x157.png 300w, https:\/\/visa-indonesia.com\/wp-content\/uploads\/affiliate-partner-werden-3-768x402.png 768w, https:\/\/visa-indonesia.com\/wp-content\/uploads\/affiliate-partner-werden-3-360x188.png 360w, https:\/\/visa-indonesia.com\/wp-content\/uploads\/affiliate-partner-werden-3-600x314.png 600w, https:\/\/visa-indonesia.com\/wp-content\/uploads\/affiliate-partner-werden-3.png 1200w\" sizes=\"(max-width: 1024px) 100vw, 1024px\"><br \/>\n\t\t\t\t\t<a href=\"#\"><br \/>\n\t\t\t\t\t\t\t\t\tRecomienda a un amigo (pr\u00f3ximamente)<br \/>\n\t\t\t\t\t<\/a><\/p>\n<p>Nuestro programa \"amigos recomiendan amigos\" para clientes existentes empezar\u00e1 pronto...<\/p>","protected":false},"excerpt":{"rendered":"<p>Hello! It&#8217;s nice that you are interested in a partnership with visa-indonesia.com. Choose the category that suits you and get in touch with us. We look forward to a great collaboration. Affiliate-Partnership Affiliate Partnership Ideal for influencers, travel bloggers, YouTubers, website operators, etc. B2B Partnership Become a business partner We work together with travel companies [&hellip;]<\/p>\n","protected":false},"author":1,"featured_media":0,"parent":0,"menu_order":0,"comment_status":"closed","ping_status":"closed","template":"","meta":{"_acf_changed":false,"site-sidebar-layout":"no-sidebar","site-content-layout":"page-builder","ast-site-content-layout":"full-width-container","site-content-style":"default","site-sidebar-style":"default","ast-global-header-display":"","ast-banner-title-visibility":"","ast-main-header-display":"","ast-hfb-above-header-display":"","ast-hfb-below-header-display":"","ast-hfb-mobile-header-display":"","site-post-title":"disabled","ast-breadcrumbs-content":"","ast-featured-img":"disabled","footer-sml-layout":"","ast-disable-related-posts":"","theme-transparent-header-meta":"","adv-header-id-meta":"","stick-header-meta":"","header-above-stick-meta":"","header-main-stick-meta":"","header-below-stick-meta":"","astra-migrate-meta-layouts":"set","ast-page-background-enabled":"default","ast-page-background-meta":{"desktop":{"background-color":"","background-image":"","background-repeat":"repeat","background-position":"center center","background-size":"auto","background-attachment":"scroll","background-type":"","background-media":"","overlay-type":"","overlay-color":"","overlay-opacity":"","overlay-gradient":""},"tablet":{"background-color":"","background-image":"","background-repeat":"repeat","background-position":"center center","background-size":"auto","background-attachment":"scroll","background-type":"","background-media":"","overlay-type":"","overlay-color":"","overlay-opacity":"","overlay-gradient":""},"mobile":{"background-color":"","background-image":"","background-repeat":"repeat","background-position":"center center","background-size":"auto","background-attachment":"scroll","background-type":"","background-media":"","overlay-type":"","overlay-color":"","overlay-opacity":"","overlay-gradient":""}},"ast-content-background-meta":{"desktop":{"background-color":"var(--ast-global-color-5)","background-image":"","background-repeat":"repeat","background-position":"center center","background-size":"auto","background-attachment":"scroll","background-type":"","background-media":"","overlay-type":"","overlay-color":"","overlay-opacity":"","overlay-gradient":""},"tablet":{"background-color":"var(--ast-global-color-5)","background-image":"","background-repeat":"repeat","background-position":"center center","background-size":"auto","background-attachment":"scroll","background-type":"","background-media":"","overlay-type":"","overlay-color":"","overlay-opacity":"","overlay-gradient":""},"mobile":{"background-color":"var(--ast-global-color-5)","background-image":"","background-repeat":"repeat","background-position":"center center","background-size":"auto","background-attachment":"scroll","background-type":"","background-media":"","overlay-type":"","overlay-color":"","overlay-opacity":"","overlay-gradient":""}},"uix_meta_title":"","uix_meta_description":"","uix_canonical_url":"","footnotes":""},"class_list":["post-21936","page","type-page","status-publish","hentry"],"acf":[],"_links":{"self":[{"href":"https:\/\/visa-indonesia.com\/es\/wp-json\/wp\/v2\/pages\/21936","targetHints":{"allow":["GET"]}}],"collection":[{"href":"https:\/\/visa-indonesia.com\/es\/wp-json\/wp\/v2\/pages"}],"about":[{"href":"https:\/\/visa-indonesia.com\/es\/wp-json\/wp\/v2\/types\/page"}],"author":[{"embeddable":true,"href":"https:\/\/visa-indonesia.com\/es\/wp-json\/wp\/v2\/users\/1"}],"replies":[{"embeddable":true,"href":"https:\/\/visa-indonesia.com\/es\/wp-json\/wp\/v2\/comments?post=21936"}],"version-history":[{"count":15,"href":"https:\/\/visa-indonesia.com\/es\/wp-json\/wp\/v2\/pages\/21936\/revisions"}],"predecessor-version":[{"id":30552,"href":"https:\/\/visa-indonesia.com\/es\/wp-json\/wp\/v2\/pages\/21936\/revisions\/30552"}],"wp:attachment":[{"href":"https:\/\/visa-indonesia.com\/es\/wp-json\/wp\/v2\/media?parent=21936"}],"curies":[{"name":"wp","href":"https:\/\/api.w.org\/{rel}","templated":true}]}}