{"id":14870,"date":"2022-11-03T22:33:17","date_gmt":"2022-11-03T14:33:17","guid":{"rendered":"https:\/\/visa-indonesia.com\/?page_id=14870"},"modified":"2025-02-17T20:32:16","modified_gmt":"2025-02-17T12:32:16","slug":"descargo-de-responsabilidad","status":"publish","type":"page","link":"https:\/\/visa-indonesia.com\/es\/disclaimer\/","title":{"rendered":"Descargo de responsabilidad"},"content":{"rendered":"<h1>Descargo de responsabilidad<\/h1>\n<p>La informaci\u00f3n proporcionada por Visa Indonesia (\"nosotros\", \"nos\" o \"nuestro\") en\u00a0<a href=\"https:\/\/visa-indonesia.com\/es\/\" data-custom-class=\"link\">https:\/\/visa-indonesia.com<\/a> (el \"Sitio\") tiene \u00fanicamente fines informativos generales. Toda la informaci\u00f3n contenida en el Sitio se facilita de buena fe. Sin embargo, no ofrecemos ninguna declaraci\u00f3n ni garant\u00eda de ning\u00fan tipo, expresa o impl\u00edcita, sobre la exactitud, adecuaci\u00f3n, validez, fiabilidad, disponibilidad o integridad de la informaci\u00f3n contenida en el Sitio. BAJO NINGUNA CIRCUNSTANCIA SEREMOS RESPONSABLES ANTE USTED POR CUALQUIER P\u00c9RDIDA O DA\u00d1O DE CUALQUIER TIPO INCURRIDOS COMO RESULTADO DEL USO DEL SITIO O DE LA CONFIANZA DEPOSITADA EN CUALQUIER INFORMACI\u00d3N PROPORCIONADA EN EL SITIO. EL USO QUE USTED HAGA DEL SITIO Y LA CONFIANZA QUE DEPOSITE EN LA INFORMACI\u00d3N CONTENIDA EN EL MISMO SON DE SU EXCLUSIVA RESPONSABILIDAD.<\/p>\n<h2>Enlaces externos Descargo de responsabilidad<\/h2>\n<p>El Sitio puede contener (o usted puede recibir a trav\u00e9s del Sitio) enlaces a otros sitios web o contenidos pertenecientes a terceros o procedentes de terceros, o enlaces a sitios web y funciones en banners u otro tipo de publicidad. No investigamos, supervisamos ni comprobamos la exactitud, adecuaci\u00f3n, validez, fiabilidad, disponibilidad o integridad de dichos enlaces externos. NO AVALAMOS, GARANTIZAMOS NI ASUMIMOS RESPONSABILIDAD ALGUNA POR LA EXACTITUD O FIABILIDAD DE LA INFORMACI\u00d3N OFRECIDA POR SITIOS WEB DE TERCEROS ENLAZADOS A TRAV\u00c9S DEL SITIO O POR CUALQUIER SITIO WEB O ELEMENTO ENLAZADO EN CUALQUIER BANNER U OTRO TIPO DE PUBLICIDAD. NO SEREMOS PARTE NI RESPONSABLES EN MODO ALGUNO DE LA SUPERVISI\u00d3N DE CUALQUIER TRANSACCI\u00d3N ENTRE USTED Y TERCEROS PROVEEDORES DE PRODUCTOS O SERVICIOS.<\/p>\n<h2>Descargo de responsabilidad profesional<\/h2>\n<p>El Sitio no puede contener ni contiene asesoramiento jur\u00eddico. La informaci\u00f3n jur\u00eddica se facilita \u00fanicamente con fines informativos y educativos y no sustituye al asesoramiento profesional. Por consiguiente, antes de emprender cualquier acci\u00f3n basada en dicha informaci\u00f3n, le recomendamos que consulte con los profesionales adecuados. No proporcionamos ning\u00fan tipo de asesoramiento jur\u00eddico. EL USO O LA CONFIANZA DEPOSITADA EN CUALQUIER INFORMACI\u00d3N CONTENIDA EN EL SITIO CORRE EXCLUSIVAMENTE POR SU CUENTA Y RIESGO.<\/p>\n<h2>Testimonios Descargo de responsabilidad<\/h2>\n<p data-custom-class=\"body_text\">El Sitio puede contener testimonios de usuarios de nuestros productos y\/o servicios. Estos testimonios reflejan las experiencias y opiniones reales de dichos usuarios. Sin embargo, las experiencias son personales de esos usuarios en particular y no son necesariamente representativas de todos los usuarios de nuestros productos y\/o servicios. No afirmamos, y usted no debe asumir, que todos los usuarios tendr\u00e1n las mismas experiencias. SUS RESULTADOS INDIVIDUALES PUEDEN VARIAR.<\/p>\n<p data-custom-class=\"body_text\">Los testimonios que aparecen en el Sitio se presentan en diversas formas, como texto, audio y\/o v\u00eddeo, y son revisados por nosotros antes de ser publicados. Aparecen en el Sitio textualmente, tal y como han sido presentados por los usuarios, a excepci\u00f3n de la correcci\u00f3n de errores gramaticales o tipogr\u00e1ficos. Algunos testimonios pueden haber sido acortados en aras de la brevedad cuando el testimonio completo conten\u00eda informaci\u00f3n superflua no relevante para el p\u00fablico en general.<\/p>\n<p data-custom-class=\"body_text\">Los puntos de vista y opiniones contenidos en los testimonios pertenecen exclusivamente al usuario individual y no reflejan nuestros puntos de vista y opiniones. No estamos afiliados con los usuarios que proporcionan testimonios, y los usuarios no son pagados o compensados por sus testimonios.<\/p>","protected":false},"excerpt":{"rendered":"<p>Website Disclaimer The information provided by\u00a0Visa Indonesia (&#8220;we,&#8221; &#8220;us,&#8221; or &#8220;our&#8221;) on\u00a0https:\/\/visa-indonesia.com (the\u00a0&#8220;Site&#8221;)\u00a0is for general informational purposes only. All information on the Site is provided in good faith. However, we make no representation or warranty of any kind, express or implied, regarding the accuracy, adequacy, validity, reliability, availability, or completeness of any information on the [&hellip;]<\/p>\n","protected":false},"author":1,"featured_media":17314,"parent":0,"menu_order":0,"comment_status":"closed","ping_status":"closed","template":"elementor_theme","meta":{"_acf_changed":false,"site-sidebar-layout":"no-sidebar","site-content-layout":"page-builder","ast-site-content-layout":"full-width-container","site-content-style":"unboxed","site-sidebar-style":"unboxed","ast-global-header-display":"","ast-banner-title-visibility":"","ast-main-header-display":"","ast-hfb-above-header-display":"","ast-hfb-below-header-display":"","ast-hfb-mobile-header-display":"","site-post-title":"disabled","ast-breadcrumbs-content":"","ast-featured-img":"disabled","footer-sml-layout":"","ast-disable-related-posts":"","theme-transparent-header-meta":"","adv-header-id-meta":"","stick-header-meta":"","header-above-stick-meta":"","header-main-stick-meta":"","header-below-stick-meta":"","astra-migrate-meta-layouts":"set","ast-page-background-enabled":"default","ast-page-background-meta":{"desktop":{"background-color":"","background-image":"","background-repeat":"repeat","background-position":"center center","background-size":"auto","background-attachment":"scroll","background-type":"","background-media":"","overlay-type":"","overlay-color":"","overlay-opacity":"","overlay-gradient":""},"tablet":{"background-color":"","background-image":"","background-repeat":"repeat","background-position":"center center","background-size":"auto","background-attachment":"scroll","background-type":"","background-media":"","overlay-type":"","overlay-color":"","overlay-opacity":"","overlay-gradient":""},"mobile":{"background-color":"","background-image":"","background-repeat":"repeat","background-position":"center center","background-size":"auto","background-attachment":"scroll","background-type":"","background-media":"","overlay-type":"","overlay-color":"","overlay-opacity":"","overlay-gradient":""}},"ast-content-background-meta":{"desktop":{"background-color":"var(--ast-global-color-5)","background-image":"","background-repeat":"repeat","background-position":"center center","background-size":"auto","background-attachment":"scroll","background-type":"","background-media":"","overlay-type":"","overlay-color":"","overlay-opacity":"","overlay-gradient":""},"tablet":{"background-color":"var(--ast-global-color-5)","background-image":"","background-repeat":"repeat","background-position":"center center","background-size":"auto","background-attachment":"scroll","background-type":"","background-media":"","overlay-type":"","overlay-color":"","overlay-opacity":"","overlay-gradient":""},"mobile":{"background-color":"var(--ast-global-color-5)","background-image":"","background-repeat":"repeat","background-position":"center center","background-size":"auto","background-attachment":"scroll","background-type":"","background-media":"","overlay-type":"","overlay-color":"","overlay-opacity":"","overlay-gradient":""}},"uix_meta_title":"","uix_meta_description":"","uix_canonical_url":"","footnotes":""},"class_list":["post-14870","page","type-page","status-publish","has-post-thumbnail","hentry"],"acf":[],"_links":{"self":[{"href":"https:\/\/visa-indonesia.com\/es\/wp-json\/wp\/v2\/pages\/14870","targetHints":{"allow":["GET"]}}],"collection":[{"href":"https:\/\/visa-indonesia.com\/es\/wp-json\/wp\/v2\/pages"}],"about":[{"href":"https:\/\/visa-indonesia.com\/es\/wp-json\/wp\/v2\/types\/page"}],"author":[{"embeddable":true,"href":"https:\/\/visa-indonesia.com\/es\/wp-json\/wp\/v2\/users\/1"}],"replies":[{"embeddable":true,"href":"https:\/\/visa-indonesia.com\/es\/wp-json\/wp\/v2\/comments?post=14870"}],"version-history":[{"count":14,"href":"https:\/\/visa-indonesia.com\/es\/wp-json\/wp\/v2\/pages\/14870\/revisions"}],"predecessor-version":[{"id":30575,"href":"https:\/\/visa-indonesia.com\/es\/wp-json\/wp\/v2\/pages\/14870\/revisions\/30575"}],"wp:featuredmedia":[{"embeddable":true,"href":"https:\/\/visa-indonesia.com\/es\/wp-json\/wp\/v2\/media\/17314"}],"wp:attachment":[{"href":"https:\/\/visa-indonesia.com\/es\/wp-json\/wp\/v2\/media?parent=14870"}],"curies":[{"name":"wp","href":"https:\/\/api.w.org\/{rel}","templated":true}]}}