{"id":14181,"date":"2022-09-22T14:11:34","date_gmt":"2022-09-22T06:11:34","guid":{"rendered":"https:\/\/visa-indonesia.com\/?page_id=14181"},"modified":"2025-12-03T17:26:46","modified_gmt":"2025-12-03T09:26:46","slug":"condiciones-de-uso-del-programa-de-afiliados","status":"publish","type":"page","link":"https:\/\/visa-indonesia.com\/es\/affiliate-program-terms-of-use\/","title":{"rendered":"Condiciones de uso del programa de afiliados"},"content":{"rendered":"<h1>Condiciones de uso para afiliados<br \/>\n<\/h1>\n<p>Como afiliado autorizado de Visa Indonesia, usted se compromete a cumplir los t\u00e9rminos y condiciones contenidos en el presente Acuerdo. Lea detenidamente todo el Acuerdo antes de registrarse y promocionar Visa Indonesia como afiliado.<\/p>\n<p>Su participaci\u00f3n en el Programa tiene como \u00fanico fin hacer publicidad legal de nuestro sitio web para recibir una comisi\u00f3n por las afiliaciones y los productos adquiridos por personas remitidas a Visa Indonesia por su propio sitio web o por referencias personales.<\/p>\n<p>Al inscribirse en el <a href=\"https:\/\/visa-indonesia.com\/es\/visados-y-normativa\/todo-lo-que-necesita-saber-sobre-el-visado-puente-de-indonesia\/\"  data-wpil-monitor-id=\"17\">Visado Indonesia<\/a> Programa de Afiliaci\u00f3n, usted indica que acepta este Acuerdo y sus t\u00e9rminos y condiciones.<\/p>\n<h2>Aprobaci\u00f3n o rechazo de la solicitud<br \/>\n<\/h2>\n<p>Nos reservamos el derecho de aprobar o rechazar CUALQUIER Solicitud de Programa de Afiliaci\u00f3n a nuestra entera y absoluta discreci\u00f3n. Usted no tendr\u00e1 ning\u00fan recurso legal contra nosotros por el rechazo de su Solicitud de Programa de Afiliados.<\/p>\n<h2>Comisiones<\/h2>\n<p>Las comisiones se pagar\u00e1n una vez al mes. Para que un afiliado reciba una comisi\u00f3n, la cuenta referida debe permanecer activa durante un m\u00ednimo de 31 d\u00edas.<\/p>\n<p>No puede referirse a s\u00ed mismo y no recibir\u00e1 ninguna comisi\u00f3n por sus propias cuentas.<\/p>\n<p>S\u00f3lo se enviar\u00e1n pagos por transacciones que se hayan completado con \u00e9xito. Las transacciones que den lugar a devoluciones o reembolsos no se abonar\u00e1n.<\/p>\n<h2>Terminaci\u00f3n<\/h2>\n<p>Su solicitud de afiliaci\u00f3n y su estatus en el Programa pueden ser suspendidos o cancelados por cualquiera de las siguientes razones:<\/p>\n<ul>\n<li>Anuncios inapropiados (afirmaciones falsas, hiperv\u00ednculos enga\u00f1osos, etc.).<\/li>\n<li>Spamming (correo electr\u00f3nico masivo, publicaci\u00f3n masiva en grupos de noticias, etc.).<\/li>\n<li>Publicidad en sitios que contengan o promuevan actividades ilegales.<\/li>\n<li>No revelar la relaci\u00f3n de afiliaci\u00f3n en el caso de cualquier promoci\u00f3n que pueda calificarse como promoci\u00f3n seg\u00fan las directrices y reglamentos vigentes de la Comisi\u00f3n Federal de Comercio o cualquier ley estatal aplicable.<\/li>\n<li>Violaci\u00f3n de los derechos de propiedad intelectual. Visa <a href=\"https:\/\/visa-indonesia.com\/es\/requisitos-de-entrada-en-bali\/\"  data-wpil-monitor-id=\"27\">Indonesia se reserva el derecho de exigir<\/a> acuerdos de licencia de quienes emplean marcas comerciales de Visa Indonesia con el fin de proteger nuestros derechos de propiedad intelectual.<\/li>\n<li>Ofrecer reembolsos, cupones u otra forma de devoluci\u00f3n prometida de su comisi\u00f3n de afiliado como incentivo. Sin embargo, es aceptable a\u00f1adir bonificaciones o agrupar otros productos con Visa Indonesia.<\/li>\n<li>Auto-referencias, transacciones fraudulentas, sospechas de fraude de afiliados.<\/li>\n<\/ul>\n<p>Adem\u00e1s de lo anterior, Visa Indonesia se reserva el derecho de cancelar cualquier cuenta de afiliado en cualquier momento, por cualquier violaci\u00f3n de este Acuerdo o sin raz\u00f3n.<\/p>\n<h2>Enlaces afiliados<\/h2>\n<p>Puede utilizar enlaces gr\u00e1ficos y de texto tanto en su sitio web como en sus mensajes de correo electr\u00f3nico. Tambi\u00e9n puede anunciar el sitio de Visa Indonesia en anuncios clasificados en l\u00ednea y fuera de l\u00ednea, revistas y peri\u00f3dicos.<\/p>\n<p>Usted puede utilizar los gr\u00e1ficos y textos proporcionados por nosotros, o puede crear los suyos propios siempre que se consideren apropiados de acuerdo con las condiciones y no infrinjan lo indicado en la secci\u00f3n Rescisi\u00f3n.<\/p>\n<h2>Sitios de cupones y ofertas<\/h2>\n<p>Visa Indonesia ofrece ocasionalmente cupones a afiliados seleccionados y a nuestros suscriptores del bolet\u00edn de noticias. Si no est\u00e1 pre-aprobado \/ asignado un cup\u00f3n de marca, entonces no se le permite promover el cup\u00f3n. A continuaci\u00f3n se presentan los t\u00e9rminos que se aplican a cualquier afiliado que est\u00e1 considerando la promoci\u00f3n de nuestros productos en relaci\u00f3n con un acuerdo o cup\u00f3n:<\/p>\n<ul>\n<li>Los afiliados no podr\u00e1n utilizar texto enga\u00f1oso en los enlaces, botones o im\u00e1genes de afiliaci\u00f3n para dar a entender que algo distinto de las ofertas actualmente autorizadas se dirige al afiliado concreto.<\/li>\n<li>Los afiliados no pueden pujar por cupones de Visa Indonesia, descuentos de Visa Indonesia u otras frases que impliquen que hay cupones disponibles.<\/li>\n<li>Los afiliados no pueden generar pop-ups, pop-unders, iframes, frames o cualquier otra acci\u00f3n vista o no vista que establezca cookies de afiliaci\u00f3n, a menos que el usuario haya expresado un inter\u00e9s claro y expl\u00edcito en activar un ahorro espec\u00edfico haciendo clic en un enlace, bot\u00f3n o imagen claramente marcados para ese cup\u00f3n u oferta en particular. Su enlace debe enviar al visitante al sitio del comerciante.<\/li>\n<li>El usuario debe poder ver la informaci\u00f3n y los detalles del cup\u00f3n\/de la oferta\/del ahorro antes de que se instale una cookie de afiliado (es decir, NO se permite \"haga clic aqu\u00ed para ver los cupones y abrir una ventana al sitio del comerciante\").<\/li>\n<li>Los sitios de afiliados no podr\u00e1n incluir el texto \"Haga clic para (o para ver) la oferta\/cup\u00f3n\" ni ninguna variante, cuando no haya cupones ni ofertas disponibles y el clic abra el sitio del comerciante o establezca una cookie. Los afiliados que incluyan este tipo de texto en la p\u00e1gina de destino del comerciante ser\u00e1n eliminados inmediatamente del programa.<\/li>\n<\/ul>\n<h2>Pol\u00edtica de pago por clic (PPC)<\/h2>\n<p>NO se permiten las pujas PPC sin autorizaci\u00f3n previa por escrito.<\/p>\n<h2>Responsabilidad<\/h2>\n<p>Visa Indonesia no ser\u00e1 responsable de da\u00f1os indirectos o accidentales (p\u00e9rdida de ingresos, comisiones) debidos a fallos en el seguimiento de afiliados, p\u00e9rdida de archivos de bases de datos o cualquier resultado de intentos de da\u00f1o al Programa y\/o a nuestro(s) sitio(s) web.<\/p>\n<p>No ofrecemos ninguna garant\u00eda expresa o impl\u00edcita con respecto al Programa y\/o a las afiliaciones o productos vendidos por Visa Indonesia. No hacemos ninguna afirmaci\u00f3n de que el funcionamiento del Programa y\/o nuestro(s) sitio(s) web estar\u00e1(n) libre(s) de errores y no seremos responsables de ninguna interrupci\u00f3n o error.<\/p>\n<h2>Vigencia del Acuerdo<\/h2>\n<p>La vigencia del presente Acuerdo comienza en el momento de su aceptaci\u00f3n en el Programa y finalizar\u00e1 cuando se cancele su cuenta de afiliado.<\/p>\n<p>Los t\u00e9rminos y condiciones de este acuerdo pueden ser modificados por nosotros en cualquier momento. Si alguna modificaci\u00f3n de los t\u00e9rminos y condiciones de este acuerdo es inaceptable para usted, su \u00fanica opci\u00f3n es cancelar su cuenta de afiliado. Su participaci\u00f3n continuada en el Programa constituir\u00e1 su aceptaci\u00f3n de cualquier cambio.<\/p>\n<h2>Indemnizaci\u00f3n<\/h2>\n<p>El afiliado indemnizar\u00e1 y mantendr\u00e1 indemne a Visa Indonesia y a sus empresas afiliadas y subsidiarias, funcionarios, directores, empleados, licenciatarios, sucesores y cesionarios, incluidos aquellos con licencia o autorizados por Visa Indonesia para transmitir y distribuir materiales, de todas y cada una de las responsabilidades, da\u00f1os, multas, sentencias, reclamaciones, costes, p\u00e9rdidas y gastos (incluidos honorarios y costes legales razonables) derivados o relacionados con todas y cada una de las reclamaciones sufridas en relaci\u00f3n con el presente contrato debido a negligencia, tergiversaci\u00f3n, omisi\u00f3n de informaci\u00f3n o mala conducta intencionada del afiliado.<\/p>\n<h2>Firma electr\u00f3nica efectiva<br \/>\n<\/h2>\n<p>El Acuerdo es un contrato electr\u00f3nico que establece los t\u00e9rminos legalmente vinculantes de su participaci\u00f3n en el programa de afiliaci\u00f3n de Visa Indonesia. Usted indica su aceptaci\u00f3n de este Acuerdo y de todos los t\u00e9rminos y condiciones contenidos o a los que se hace referencia en este Acuerdo completando el proceso de solicitud de Visa Indonesia. Esta acci\u00f3n crea una firma electr\u00f3nica que tiene la misma fuerza legal y efecto que una firma manuscrita.<\/p>","protected":false},"excerpt":{"rendered":"<p>Affiliate Terms of Use As an authorized affiliate of Visa Indonesia, you agree to abide by the terms and conditions contained in this Agreement. Please read the entire Agreement carefully before registering and promoting Visa Indonesia as an Affiliate. Your participation in the Program is solely to legally advertise our website to receive a commission [&hellip;]<\/p>\n","protected":false},"author":246,"featured_media":17310,"parent":0,"menu_order":0,"comment_status":"closed","ping_status":"closed","template":"","meta":{"_acf_changed":false,"site-sidebar-layout":"no-sidebar","site-content-layout":"page-builder","ast-site-content-layout":"normal-width-container","site-content-style":"unboxed","site-sidebar-style":"unboxed","ast-global-header-display":"","ast-banner-title-visibility":"","ast-main-header-display":"","ast-hfb-above-header-display":"","ast-hfb-below-header-display":"","ast-hfb-mobile-header-display":"","site-post-title":"disabled","ast-breadcrumbs-content":"","ast-featured-img":"disabled","footer-sml-layout":"","ast-disable-related-posts":"","theme-transparent-header-meta":"","adv-header-id-meta":"","stick-header-meta":"","header-above-stick-meta":"","header-main-stick-meta":"","header-below-stick-meta":"","astra-migrate-meta-layouts":"set","ast-page-background-enabled":"default","ast-page-background-meta":{"desktop":{"background-color":"","background-image":"","background-repeat":"repeat","background-position":"center center","background-size":"auto","background-attachment":"scroll","background-type":"","background-media":"","overlay-type":"","overlay-color":"","overlay-opacity":"","overlay-gradient":""},"tablet":{"background-color":"","background-image":"","background-repeat":"repeat","background-position":"center center","background-size":"auto","background-attachment":"scroll","background-type":"","background-media":"","overlay-type":"","overlay-color":"","overlay-opacity":"","overlay-gradient":""},"mobile":{"background-color":"","background-image":"","background-repeat":"repeat","background-position":"center center","background-size":"auto","background-attachment":"scroll","background-type":"","background-media":"","overlay-type":"","overlay-color":"","overlay-opacity":"","overlay-gradient":""}},"ast-content-background-meta":{"desktop":{"background-color":"var(--ast-global-color-5)","background-image":"","background-repeat":"repeat","background-position":"center center","background-size":"auto","background-attachment":"scroll","background-type":"","background-media":"","overlay-type":"","overlay-color":"","overlay-opacity":"","overlay-gradient":""},"tablet":{"background-color":"var(--ast-global-color-5)","background-image":"","background-repeat":"repeat","background-position":"center center","background-size":"auto","background-attachment":"scroll","background-type":"","background-media":"","overlay-type":"","overlay-color":"","overlay-opacity":"","overlay-gradient":""},"mobile":{"background-color":"var(--ast-global-color-5)","background-image":"","background-repeat":"repeat","background-position":"center center","background-size":"auto","background-attachment":"scroll","background-type":"","background-media":"","overlay-type":"","overlay-color":"","overlay-opacity":"","overlay-gradient":""}},"uix_meta_title":"","uix_meta_description":"","uix_canonical_url":"","footnotes":""},"class_list":["post-14181","page","type-page","status-publish","has-post-thumbnail","hentry"],"acf":[],"_links":{"self":[{"href":"https:\/\/visa-indonesia.com\/es\/wp-json\/wp\/v2\/pages\/14181","targetHints":{"allow":["GET"]}}],"collection":[{"href":"https:\/\/visa-indonesia.com\/es\/wp-json\/wp\/v2\/pages"}],"about":[{"href":"https:\/\/visa-indonesia.com\/es\/wp-json\/wp\/v2\/types\/page"}],"author":[{"embeddable":true,"href":"https:\/\/visa-indonesia.com\/es\/wp-json\/wp\/v2\/users\/246"}],"replies":[{"embeddable":true,"href":"https:\/\/visa-indonesia.com\/es\/wp-json\/wp\/v2\/comments?post=14181"}],"version-history":[{"count":12,"href":"https:\/\/visa-indonesia.com\/es\/wp-json\/wp\/v2\/pages\/14181\/revisions"}],"predecessor-version":[{"id":40302,"href":"https:\/\/visa-indonesia.com\/es\/wp-json\/wp\/v2\/pages\/14181\/revisions\/40302"}],"wp:featuredmedia":[{"embeddable":true,"href":"https:\/\/visa-indonesia.com\/es\/wp-json\/wp\/v2\/media\/17310"}],"wp:attachment":[{"href":"https:\/\/visa-indonesia.com\/es\/wp-json\/wp\/v2\/media?parent=14181"}],"curies":[{"name":"wp","href":"https:\/\/api.w.org\/{rel}","templated":true}]}}