{"id":40601,"date":"2025-11-06T17:26:16","date_gmt":"2025-11-06T09:26:16","guid":{"rendered":"https:\/\/visa-indonesia.com\/?post_type=product&#038;p=40601"},"modified":"2026-05-12T14:59:43","modified_gmt":"2026-05-12T06:59:43","slug":"fix-venter-pa-bekraeftelse","status":"publish","type":"product","link":"https:\/\/visa-indonesia.com\/da\/service\/fix-waiting-verification\/","title":{"rendered":"Fix ventetid p\u00e5 bekr\u00e6ftelse af visum til Indonesien"},"content":{"rendered":"","protected":false},"excerpt":{"rendered":"<p>Hvis din indonesiske e-Visa-ans\u00f8gning sidder fast i \u201cventer p\u00e5 bekr\u00e6ftelse\u201d eller \u201cventer p\u00e5 officerens bekr\u00e6ftelse\u201d p\u00e5 det officielle immigrationswebsted, er du ikke alene. Mange rejsende ender med at strande, blive forvirrede eller blive tvunget til at betale for et nyt visum ved ankomsten. Alt sammen fordi deres ans\u00f8gning aldrig bliver behandlet i tide. Vi er her for at rette op p\u00e5 det.<\/p>\n<p>Med vores service tr\u00e6der vi til og overtager din sag. Vores erfarne team kommunikerer direkte med immigrationsmyndighederne, l\u00f8ser flaskehalse og f\u00e5r dit visum til at g\u00e5 hurtigt.<\/p>","protected":false},"featured_media":41063,"comment_status":"closed","ping_status":"closed","template":"","meta":{"_acf_changed":false,"site-sidebar-layout":"default","site-content-layout":"","ast-site-content-layout":"default","site-content-style":"default","site-sidebar-style":"default","ast-global-header-display":"","ast-banner-title-visibility":"","ast-main-header-display":"","ast-hfb-above-header-display":"","ast-hfb-below-header-display":"","ast-hfb-mobile-header-display":"","site-post-title":"","ast-breadcrumbs-content":"","ast-featured-img":"","footer-sml-layout":"","ast-disable-related-posts":"","theme-transparent-header-meta":"default","adv-header-id-meta":"","stick-header-meta":"","header-above-stick-meta":"","header-main-stick-meta":"","header-below-stick-meta":"","astra-migrate-meta-layouts":"set","ast-page-background-enabled":"default","ast-page-background-meta":{"desktop":{"background-color":"","background-image":"","background-repeat":"repeat","background-position":"center center","background-size":"auto","background-attachment":"scroll","background-type":"","background-media":"","overlay-type":"","overlay-color":"","overlay-opacity":"","overlay-gradient":""},"tablet":{"background-color":"","background-image":"","background-repeat":"repeat","background-position":"center center","background-size":"auto","background-attachment":"scroll","background-type":"","background-media":"","overlay-type":"","overlay-color":"","overlay-opacity":"","overlay-gradient":""},"mobile":{"background-color":"","background-image":"","background-repeat":"repeat","background-position":"center center","background-size":"auto","background-attachment":"scroll","background-type":"","background-media":"","overlay-type":"","overlay-color":"","overlay-opacity":"","overlay-gradient":""}},"ast-content-background-meta":{"desktop":{"background-color":"var(--ast-global-color-5)","background-image":"","background-repeat":"repeat","background-position":"center center","background-size":"auto","background-attachment":"scroll","background-type":"","background-media":"","overlay-type":"","overlay-color":"","overlay-opacity":"","overlay-gradient":""},"tablet":{"background-color":"var(--ast-global-color-5)","background-image":"","background-repeat":"repeat","background-position":"center center","background-size":"auto","background-attachment":"scroll","background-type":"","background-media":"","overlay-type":"","overlay-color":"","overlay-opacity":"","overlay-gradient":""},"mobile":{"background-color":"var(--ast-global-color-5)","background-image":"","background-repeat":"repeat","background-position":"center center","background-size":"auto","background-attachment":"scroll","background-type":"","background-media":"","overlay-type":"","overlay-color":"","overlay-opacity":"","overlay-gradient":""}},"uix_meta_title":"","uix_meta_description":"","uix_canonical_url":""},"product_brand":[],"product_cat":[15],"product_tag":[],"comparison_feature":[],"class_list":{"0":"post-40601","1":"product","2":"type-product","3":"status-publish","4":"has-post-thumbnail","6":"product_cat-uncategorized","7":"desktop-align-left","8":"tablet-align-left","9":"mobile-align-left","10":"ast-product-gallery-layout-horizontal-slider","11":"ast-product-gallery-with-no-image","12":"ast-magnify-disabled","13":"ast-product-tabs-layout-horizontal","15":"first","16":"instock","17":"shipping-taxable","18":"purchasable","19":"product-type-simple"},"acf":[],"_links":{"self":[{"href":"https:\/\/visa-indonesia.com\/da\/wp-json\/wp\/v2\/product\/40601","targetHints":{"allow":["GET"]}}],"collection":[{"href":"https:\/\/visa-indonesia.com\/da\/wp-json\/wp\/v2\/product"}],"about":[{"href":"https:\/\/visa-indonesia.com\/da\/wp-json\/wp\/v2\/types\/product"}],"replies":[{"embeddable":true,"href":"https:\/\/visa-indonesia.com\/da\/wp-json\/wp\/v2\/comments?post=40601"}],"wp:featuredmedia":[{"embeddable":true,"href":"https:\/\/visa-indonesia.com\/da\/wp-json\/wp\/v2\/media\/41063"}],"wp:attachment":[{"href":"https:\/\/visa-indonesia.com\/da\/wp-json\/wp\/v2\/media?parent=40601"}],"wp:term":[{"taxonomy":"product_brand","embeddable":true,"href":"https:\/\/visa-indonesia.com\/da\/wp-json\/wp\/v2\/product_brand?post=40601"},{"taxonomy":"product_cat","embeddable":true,"href":"https:\/\/visa-indonesia.com\/da\/wp-json\/wp\/v2\/product_cat?post=40601"},{"taxonomy":"product_tag","embeddable":true,"href":"https:\/\/visa-indonesia.com\/da\/wp-json\/wp\/v2\/product_tag?post=40601"},{"taxonomy":"comparison_feature","embeddable":true,"href":"https:\/\/visa-indonesia.com\/da\/wp-json\/wp\/v2\/comparison_feature?post=40601"}],"curies":[{"name":"wp","href":"https:\/\/api.w.org\/{rel}","templated":true}]}}