{"id":40397,"date":"2025-10-23T12:53:31","date_gmt":"2025-10-23T04:53:31","guid":{"rendered":"https:\/\/visa-indonesia.com\/?post_type=product&#038;p=40397"},"modified":"2026-04-23T18:52:10","modified_gmt":"2026-04-23T10:52:10","slug":"esim-indonesien-bali-50gb-90dage","status":"publish","type":"product","link":"https:\/\/visa-indonesia.com\/da\/service\/esim-indonesia-bali-50gb-90days\/","title":{"rendered":"eSIM Indonesien &amp; Bali 50 GB \/ 30 dage"},"content":{"rendered":"","protected":false},"excerpt":{"rendered":"<p class=\"p4\">eSIM til Indonesien med 50 GB datavolumen, gyldigt i 30 dage fra den f\u00f8rste forbindelse til det indonesiske netv\u00e6rk. <b><\/b>Levering via e-mail inden for 5 minutter. Der kr\u00e6ves ingen personlig bekr\u00e6ftelse. \u00d8jeblikkelig brug efter scanning af QR-koden - fuld 5G-hastighed uden neddrosling.\u00a0\u00a0<span class=\"s2\"><b>Det er en fordel:<\/b><\/span> Du beh\u00f8ver ikke at registrere din IMEI eller telefon i lufthavnen ved ankomsten; den vil stadig fungere problemfrit p\u00e5 det indonesiske netv\u00e6rk. Du kan bruge det til at oprette et hotspot. eSIM underst\u00f8tter b\u00e5de 5G og 4G\/LTE.<\/p>\n<p class=\"p1\">\ud83d\udfe2 <span class=\"s2\"><b>Hovednetv\u00e6rk:<\/b><\/span> Indosat Ooredoo (IM3) - st\u00e6rk d\u00e6kning i byer og turistomr\u00e5der (Bali, Jakarta, Yogyakarta, Lombok)<br \/>\n\ud83d\udd35 <span class=\"s2\"><b>Alternativt netv\u00e6rk:<\/b><\/span> Telkomsel - st\u00f8rste udbyder, bedste d\u00e6kning p\u00e5 fjerntliggende \u00f8er<\/p>","protected":false},"featured_media":40392,"comment_status":"closed","ping_status":"closed","template":"","meta":{"_acf_changed":false,"site-sidebar-layout":"default","site-content-layout":"","ast-site-content-layout":"default","site-content-style":"default","site-sidebar-style":"default","ast-global-header-display":"","ast-banner-title-visibility":"","ast-main-header-display":"","ast-hfb-above-header-display":"","ast-hfb-below-header-display":"","ast-hfb-mobile-header-display":"","site-post-title":"","ast-breadcrumbs-content":"","ast-featured-img":"","footer-sml-layout":"","ast-disable-related-posts":"","theme-transparent-header-meta":"default","adv-header-id-meta":"","stick-header-meta":"","header-above-stick-meta":"","header-main-stick-meta":"","header-below-stick-meta":"","astra-migrate-meta-layouts":"set","ast-page-background-enabled":"default","ast-page-background-meta":{"desktop":{"background-color":"","background-image":"","background-repeat":"repeat","background-position":"center center","background-size":"auto","background-attachment":"scroll","background-type":"","background-media":"","overlay-type":"","overlay-color":"","overlay-opacity":"","overlay-gradient":""},"tablet":{"background-color":"","background-image":"","background-repeat":"repeat","background-position":"center center","background-size":"auto","background-attachment":"scroll","background-type":"","background-media":"","overlay-type":"","overlay-color":"","overlay-opacity":"","overlay-gradient":""},"mobile":{"background-color":"","background-image":"","background-repeat":"repeat","background-position":"center center","background-size":"auto","background-attachment":"scroll","background-type":"","background-media":"","overlay-type":"","overlay-color":"","overlay-opacity":"","overlay-gradient":""}},"ast-content-background-meta":{"desktop":{"background-color":"var(--ast-global-color-5)","background-image":"","background-repeat":"repeat","background-position":"center center","background-size":"auto","background-attachment":"scroll","background-type":"","background-media":"","overlay-type":"","overlay-color":"","overlay-opacity":"","overlay-gradient":""},"tablet":{"background-color":"var(--ast-global-color-5)","background-image":"","background-repeat":"repeat","background-position":"center center","background-size":"auto","background-attachment":"scroll","background-type":"","background-media":"","overlay-type":"","overlay-color":"","overlay-opacity":"","overlay-gradient":""},"mobile":{"background-color":"var(--ast-global-color-5)","background-image":"","background-repeat":"repeat","background-position":"center center","background-size":"auto","background-attachment":"scroll","background-type":"","background-media":"","overlay-type":"","overlay-color":"","overlay-opacity":"","overlay-gradient":""}},"uix_meta_title":"","uix_meta_description":"","uix_canonical_url":""},"product_brand":[],"product_cat":[1562],"product_tag":[1563,1564,1565,1566,1567,1568,1569,1570,1571,1572,1573,1574],"comparison_feature":[],"class_list":{"0":"post-40397","1":"product","2":"type-product","3":"status-publish","4":"has-post-thumbnail","6":"product_cat-esim","7":"product_tag-esim-indonesia","8":"product_tag-esim-bali","9":"product_tag-e-sim-bali","10":"product_tag-bali-esim","11":"product_tag-esim-indonesien","12":"product_tag-e-sim-indonesien","13":"product_tag-indonesia-esim","14":"product_tag-indonesia-e-sim","15":"product_tag-indonesien-esim","16":"product_tag-indonesien-e-sim","17":"product_tag-bali-e-sim","18":"product_tag-e-sim-indonesia","19":"desktop-align-left","20":"tablet-align-left","21":"mobile-align-left","22":"ast-product-gallery-layout-horizontal-slider","23":"ast-product-gallery-with-no-image","24":"ast-magnify-disabled","25":"ast-product-tabs-layout-horizontal","27":"first","28":"instock","29":"shipping-taxable","30":"purchasable","31":"product-type-simple"},"acf":[],"_links":{"self":[{"href":"https:\/\/visa-indonesia.com\/da\/wp-json\/wp\/v2\/product\/40397","targetHints":{"allow":["GET"]}}],"collection":[{"href":"https:\/\/visa-indonesia.com\/da\/wp-json\/wp\/v2\/product"}],"about":[{"href":"https:\/\/visa-indonesia.com\/da\/wp-json\/wp\/v2\/types\/product"}],"replies":[{"embeddable":true,"href":"https:\/\/visa-indonesia.com\/da\/wp-json\/wp\/v2\/comments?post=40397"}],"wp:featuredmedia":[{"embeddable":true,"href":"https:\/\/visa-indonesia.com\/da\/wp-json\/wp\/v2\/media\/40392"}],"wp:attachment":[{"href":"https:\/\/visa-indonesia.com\/da\/wp-json\/wp\/v2\/media?parent=40397"}],"wp:term":[{"taxonomy":"product_brand","embeddable":true,"href":"https:\/\/visa-indonesia.com\/da\/wp-json\/wp\/v2\/product_brand?post=40397"},{"taxonomy":"product_cat","embeddable":true,"href":"https:\/\/visa-indonesia.com\/da\/wp-json\/wp\/v2\/product_cat?post=40397"},{"taxonomy":"product_tag","embeddable":true,"href":"https:\/\/visa-indonesia.com\/da\/wp-json\/wp\/v2\/product_tag?post=40397"},{"taxonomy":"comparison_feature","embeddable":true,"href":"https:\/\/visa-indonesia.com\/da\/wp-json\/wp\/v2\/comparison_feature?post=40397"}],"curies":[{"name":"wp","href":"https:\/\/api.w.org\/{rel}","templated":true}]}}