{"id":40097,"date":"2025-11-23T17:35:37","date_gmt":"2025-11-23T09:35:37","guid":{"rendered":"https:\/\/visa-indonesia.com\/?post_type=product&#038;p=40097"},"modified":"2026-04-23T18:52:09","modified_gmt":"2026-04-23T10:52:09","slug":"lkpm-rapport-investeringsaktivitetsrapport","status":"publish","type":"product","link":"https:\/\/visa-indonesia.com\/da\/service\/lkpm-report-investment-activity-report\/","title":{"rendered":"LKPM-rapport (rapport om investeringsaktivitet)"},"content":{"rendered":"","protected":false},"excerpt":{"rendered":"<p>Investeringsaktivitetsrapporten (LKPM) er en obligatorisk compliance-gateway, der gennemg\u00e5r strenge driftsrevisioner, hvilket ofte afleder dit teams ekspertise fra indt\u00e6gtsgenerering. Dataindtastningsfejl og forsinkelser kan \u00f8ge risikoen for alvorlige sanktioner og administrative risici fra Investment Coordinating Board (BKPM) betydeligt.<\/p>\n<p>Vi eliminerer denne byrde fuldst\u00e6ndigt. Vores eksperter h\u00e5ndterer omhyggeligt hele dit LKPM-workflow, fra validering af alle \u00f8konomiske datapunkter til sikring af fejlfri og rettidig indsendelse gennem OSS-systemet.<\/p>\n<p>Kontakt vores dedikerede tjenester i dag for at neutralisere dine risici og flytte dit lederskabs fulde fokus tilbage til kernedriften.<\/p>","protected":false},"featured_media":41064,"comment_status":"closed","ping_status":"closed","template":"","meta":{"_acf_changed":false,"site-sidebar-layout":"default","site-content-layout":"","ast-site-content-layout":"default","site-content-style":"default","site-sidebar-style":"default","ast-global-header-display":"","ast-banner-title-visibility":"","ast-main-header-display":"","ast-hfb-above-header-display":"","ast-hfb-below-header-display":"","ast-hfb-mobile-header-display":"","site-post-title":"","ast-breadcrumbs-content":"","ast-featured-img":"","footer-sml-layout":"","ast-disable-related-posts":"","theme-transparent-header-meta":"default","adv-header-id-meta":"","stick-header-meta":"","header-above-stick-meta":"","header-main-stick-meta":"","header-below-stick-meta":"","astra-migrate-meta-layouts":"set","ast-page-background-enabled":"default","ast-page-background-meta":{"desktop":{"background-color":"","background-image":"","background-repeat":"repeat","background-position":"center center","background-size":"auto","background-attachment":"scroll","background-type":"","background-media":"","overlay-type":"","overlay-color":"","overlay-opacity":"","overlay-gradient":""},"tablet":{"background-color":"","background-image":"","background-repeat":"repeat","background-position":"center center","background-size":"auto","background-attachment":"scroll","background-type":"","background-media":"","overlay-type":"","overlay-color":"","overlay-opacity":"","overlay-gradient":""},"mobile":{"background-color":"","background-image":"","background-repeat":"repeat","background-position":"center center","background-size":"auto","background-attachment":"scroll","background-type":"","background-media":"","overlay-type":"","overlay-color":"","overlay-opacity":"","overlay-gradient":""}},"ast-content-background-meta":{"desktop":{"background-color":"var(--ast-global-color-5)","background-image":"","background-repeat":"repeat","background-position":"center center","background-size":"auto","background-attachment":"scroll","background-type":"","background-media":"","overlay-type":"","overlay-color":"","overlay-opacity":"","overlay-gradient":""},"tablet":{"background-color":"var(--ast-global-color-5)","background-image":"","background-repeat":"repeat","background-position":"center center","background-size":"auto","background-attachment":"scroll","background-type":"","background-media":"","overlay-type":"","overlay-color":"","overlay-opacity":"","overlay-gradient":""},"mobile":{"background-color":"var(--ast-global-color-5)","background-image":"","background-repeat":"repeat","background-position":"center center","background-size":"auto","background-attachment":"scroll","background-type":"","background-media":"","overlay-type":"","overlay-color":"","overlay-opacity":"","overlay-gradient":""}},"uix_meta_title":"","uix_meta_description":"","uix_canonical_url":""},"product_brand":[],"product_cat":[848],"product_tag":[],"comparison_feature":[],"class_list":{"0":"post-40097","1":"product","2":"type-product","3":"status-publish","4":"has-post-thumbnail","6":"product_cat-legal-documents","7":"desktop-align-left","8":"tablet-align-left","9":"mobile-align-left","10":"ast-product-gallery-layout-horizontal-slider","11":"ast-product-gallery-with-no-image","12":"ast-magnify-disabled","13":"ast-product-single-variable","14":"ast-product-tabs-layout-horizontal","16":"first","17":"instock","18":"sale","19":"shipping-taxable","20":"purchasable","21":"product-type-variable"},"acf":[],"_links":{"self":[{"href":"https:\/\/visa-indonesia.com\/da\/wp-json\/wp\/v2\/product\/40097","targetHints":{"allow":["GET"]}}],"collection":[{"href":"https:\/\/visa-indonesia.com\/da\/wp-json\/wp\/v2\/product"}],"about":[{"href":"https:\/\/visa-indonesia.com\/da\/wp-json\/wp\/v2\/types\/product"}],"replies":[{"embeddable":true,"href":"https:\/\/visa-indonesia.com\/da\/wp-json\/wp\/v2\/comments?post=40097"}],"wp:featuredmedia":[{"embeddable":true,"href":"https:\/\/visa-indonesia.com\/da\/wp-json\/wp\/v2\/media\/41064"}],"wp:attachment":[{"href":"https:\/\/visa-indonesia.com\/da\/wp-json\/wp\/v2\/media?parent=40097"}],"wp:term":[{"taxonomy":"product_brand","embeddable":true,"href":"https:\/\/visa-indonesia.com\/da\/wp-json\/wp\/v2\/product_brand?post=40097"},{"taxonomy":"product_cat","embeddable":true,"href":"https:\/\/visa-indonesia.com\/da\/wp-json\/wp\/v2\/product_cat?post=40097"},{"taxonomy":"product_tag","embeddable":true,"href":"https:\/\/visa-indonesia.com\/da\/wp-json\/wp\/v2\/product_tag?post=40097"},{"taxonomy":"comparison_feature","embeddable":true,"href":"https:\/\/visa-indonesia.com\/da\/wp-json\/wp\/v2\/comparison_feature?post=40097"}],"curies":[{"name":"wp","href":"https:\/\/api.w.org\/{rel}","templated":true}]}}