{"id":36199,"date":"2025-07-22T20:03:37","date_gmt":"2025-07-22T12:03:37","guid":{"rendered":"https:\/\/visa-indonesia.com\/?post_type=product&#038;p=36199"},"modified":"2026-05-07T14:03:58","modified_gmt":"2026-05-07T06:03:58","slug":"visum-til-musikudovere-i-indonesien","status":"publish","type":"product","link":"https:\/\/visa-indonesia.com\/da\/service\/music-performer-visa-indonesia\/","title":{"rendered":"Visum til musikud\u00f8vere i Indonesien (C7A)"},"content":{"rendered":"","protected":false},"excerpt":{"rendered":"<p><span data-color=\"transparent\">Har du et show p\u00e5 vej i Indonesien, eller skal du v\u00e6re v\u00e6rt for et, men er ikke sikker p\u00e5, hvor du skal starte med visa og sponsorater? Du beh\u00f8ver ikke at finde ud af det hele alene. Vi er her for at v\u00e6re din partner hvert skridt p\u00e5 vejen. Fra at arrangere officielt indonesisk sponsorat, hvis du har brug for det, til at h\u00e5ndtere hvert eneste stykke visumpapirarbejde, s\u00f8rger vi for, at processen f\u00f8les klar, enkel og stressfri. Lad os g\u00f8re dine performance-planer til virkelighed sammen!<\/span><\/p>\n<p><strong><span data-color=\"transparent\">Det er vigtigt:<\/span><\/strong><span data-color=\"transparent\"> Det 30-dages single entry-visum for musikere (C7A) er designet til kunstnere, musikere og andre kreative fagfolk, der rejser til Bali eller andre steder i Indonesien for at optr\u00e6de professionelt, ikke for at bes\u00f8ge venner eller for at v\u00e6re turist. For flere detaljer, l\u00e6s venligst nedenfor.<\/span><\/p>","protected":false},"featured_media":36339,"comment_status":"closed","ping_status":"closed","template":"","meta":{"_acf_changed":false,"site-sidebar-layout":"default","site-content-layout":"","ast-site-content-layout":"default","site-content-style":"default","site-sidebar-style":"default","ast-global-header-display":"","ast-banner-title-visibility":"","ast-main-header-display":"","ast-hfb-above-header-display":"","ast-hfb-below-header-display":"","ast-hfb-mobile-header-display":"","site-post-title":"","ast-breadcrumbs-content":"","ast-featured-img":"","footer-sml-layout":"","ast-disable-related-posts":"","theme-transparent-header-meta":"default","adv-header-id-meta":"","stick-header-meta":"","header-above-stick-meta":"","header-main-stick-meta":"","header-below-stick-meta":"","astra-migrate-meta-layouts":"set","ast-page-background-enabled":"default","ast-page-background-meta":{"desktop":{"background-color":"","background-image":"","background-repeat":"repeat","background-position":"center center","background-size":"auto","background-attachment":"scroll","background-type":"","background-media":"","overlay-type":"","overlay-color":"","overlay-opacity":"","overlay-gradient":""},"tablet":{"background-color":"","background-image":"","background-repeat":"repeat","background-position":"center center","background-size":"auto","background-attachment":"scroll","background-type":"","background-media":"","overlay-type":"","overlay-color":"","overlay-opacity":"","overlay-gradient":""},"mobile":{"background-color":"","background-image":"","background-repeat":"repeat","background-position":"center center","background-size":"auto","background-attachment":"scroll","background-type":"","background-media":"","overlay-type":"","overlay-color":"","overlay-opacity":"","overlay-gradient":""}},"ast-content-background-meta":{"desktop":{"background-color":"var(--ast-global-color-5)","background-image":"","background-repeat":"repeat","background-position":"center center","background-size":"auto","background-attachment":"scroll","background-type":"","background-media":"","overlay-type":"","overlay-color":"","overlay-opacity":"","overlay-gradient":""},"tablet":{"background-color":"var(--ast-global-color-5)","background-image":"","background-repeat":"repeat","background-position":"center center","background-size":"auto","background-attachment":"scroll","background-type":"","background-media":"","overlay-type":"","overlay-color":"","overlay-opacity":"","overlay-gradient":""},"mobile":{"background-color":"var(--ast-global-color-5)","background-image":"","background-repeat":"repeat","background-position":"center center","background-size":"auto","background-attachment":"scroll","background-type":"","background-media":"","overlay-type":"","overlay-color":"","overlay-opacity":"","overlay-gradient":""}},"uix_meta_title":"","uix_meta_description":"","uix_canonical_url":""},"product_brand":[],"product_cat":[35],"product_tag":[1194,1195,1196,1197,1198,1199,1200,1201,1202,1203,1204],"comparison_feature":[991,1186,994,995,996,997,998,999,992,1000,1002,1001],"class_list":{"0":"post-36199","1":"product","2":"type-product","3":"status-publish","4":"has-post-thumbnail","6":"product_cat-visa-indonesia","7":"product_tag-music-performer-visa","8":"product_tag-music-performer-visa-indonesia","9":"product_tag-music-performer-visa-bali","10":"product_tag-dj-bali","11":"product_tag-dj-indonesia","12":"product_tag-musican-bali","13":"product_tag-musican-indoneisa","14":"product_tag-c7a-visa-bali","15":"product_tag-c7a-visa-indonesia","16":"product_tag-music-performer-visa-c7a","17":"product_tag-c7a-visa","18":"comparison_feature-guaranteed_visa_approval","19":"comparison_feature-fast-easy","20":"comparison_feature-guaranteed-visa-delivery-before-departure","21":"comparison_feature-refunds-available","22":"comparison_feature-multiple-payment-options","23":"comparison_feature-personal-point-of-contact","24":"comparison_feature-support-that-puts-you-first","25":"comparison_feature-apply-anytime","26":"comparison_feature-ease_of_application","27":"comparison_feature-currencies-supported","28":"comparison_feature-payment-methods","29":"comparison_feature-average-response-time","30":"desktop-align-left","31":"tablet-align-left","32":"mobile-align-left","33":"ast-product-gallery-layout-horizontal-slider","34":"ast-product-gallery-with-no-image","35":"ast-magnify-disabled","36":"ast-product-single-variable","37":"ast-product-tabs-layout-horizontal","39":"first","40":"instock","41":"sale","42":"shipping-taxable","43":"purchasable","44":"product-type-variable"},"acf":[],"_links":{"self":[{"href":"https:\/\/visa-indonesia.com\/da\/wp-json\/wp\/v2\/product\/36199","targetHints":{"allow":["GET"]}}],"collection":[{"href":"https:\/\/visa-indonesia.com\/da\/wp-json\/wp\/v2\/product"}],"about":[{"href":"https:\/\/visa-indonesia.com\/da\/wp-json\/wp\/v2\/types\/product"}],"replies":[{"embeddable":true,"href":"https:\/\/visa-indonesia.com\/da\/wp-json\/wp\/v2\/comments?post=36199"}],"wp:featuredmedia":[{"embeddable":true,"href":"https:\/\/visa-indonesia.com\/da\/wp-json\/wp\/v2\/media\/36339"}],"wp:attachment":[{"href":"https:\/\/visa-indonesia.com\/da\/wp-json\/wp\/v2\/media?parent=36199"}],"wp:term":[{"taxonomy":"product_brand","embeddable":true,"href":"https:\/\/visa-indonesia.com\/da\/wp-json\/wp\/v2\/product_brand?post=36199"},{"taxonomy":"product_cat","embeddable":true,"href":"https:\/\/visa-indonesia.com\/da\/wp-json\/wp\/v2\/product_cat?post=36199"},{"taxonomy":"product_tag","embeddable":true,"href":"https:\/\/visa-indonesia.com\/da\/wp-json\/wp\/v2\/product_tag?post=36199"},{"taxonomy":"comparison_feature","embeddable":true,"href":"https:\/\/visa-indonesia.com\/da\/wp-json\/wp\/v2\/comparison_feature?post=36199"}],"curies":[{"name":"wp","href":"https:\/\/api.w.org\/{rel}","templated":true}]}}