{"id":35859,"date":"2025-07-08T14:55:22","date_gmt":"2025-07-08T06:55:22","guid":{"rendered":"https:\/\/visa-indonesia.com\/?post_type=product&#038;p=35859"},"modified":"2026-04-23T18:52:12","modified_gmt":"2026-04-23T10:52:12","slug":"praktikophold-forlaengelse-af-single-entry-visum-bali-indonesien","status":"publish","type":"product","link":"https:\/\/visa-indonesia.com\/da\/service\/internship-single-entry-visa-extension-bali-indonesia\/","title":{"rendered":"C22A\/C22B Forl\u00e6ngelse af visum til \u00e9n indrejse"},"content":{"rendered":"","protected":false},"excerpt":{"rendered":"<h4>Forl\u00e6ng dit C22A- og C22B-visum med vores hj\u00e6lp!<\/h4>\n<p>Single-Entry Visa (C22A \/ C22B) er gyldigt i 180 dage. Hvis du gerne vil blive l\u00e6ngere end 180 dage, kan du forl\u00e6nge visummet med 180 dage. I alt kan du blive op til 360 dage (180+180).<\/p>\n<p>Vi s\u00f8rger for, at dine data og din betaling kommer korrekt frem til immigrationen. Det eneste, du skal g\u00f8re, er at g\u00e5 til immigrationen med dit pas og f\u00e5 taget dit pasfoto og dine fingeraftryk. Du vil modtage en aftale med immigrationsmyndighederne fra os.<\/p>\n<p><strong>Det er vigtigt:<\/strong> Et personligt bes\u00f8g p\u00e5 immigrationskontoret er p\u00e5kr\u00e6vet for alle forl\u00e6ngelser.<\/p>\n<p>Vi st\u00e5r selvf\u00f8lgelig ogs\u00e5 til r\u00e5dighed for at besvare eventuelle sp\u00f8rgsm\u00e5l!<\/p>\n<p>Bem\u00e6rk, at alle andre C-visum som C1, C2, C3, C6 og C11 kun kan forl\u00e6nges to gange med 60 dage hver. <a href=\"https:\/\/visa-indonesia.com\/da\/service\/forlaengelse-af-visum-til-en-enkelt-indrejse-bali-indonesien\/\">Her finder du forl\u00e6ngelsen af C-visa (+60 dage)<\/a>.<\/p>","protected":false},"featured_media":36587,"comment_status":"closed","ping_status":"closed","template":"","meta":{"_acf_changed":false,"site-sidebar-layout":"default","site-content-layout":"default","ast-site-content-layout":"default","site-content-style":"default","site-sidebar-style":"default","ast-global-header-display":"","ast-banner-title-visibility":"","ast-main-header-display":"","ast-hfb-above-header-display":"","ast-hfb-below-header-display":"","ast-hfb-mobile-header-display":"","site-post-title":"","ast-breadcrumbs-content":"","ast-featured-img":"","footer-sml-layout":"","ast-disable-related-posts":"","theme-transparent-header-meta":"default","adv-header-id-meta":"","stick-header-meta":"default","header-above-stick-meta":"","header-main-stick-meta":"","header-below-stick-meta":"","astra-migrate-meta-layouts":"set","ast-page-background-enabled":"default","ast-page-background-meta":{"desktop":{"background-color":"","background-image":"","background-repeat":"repeat","background-position":"center center","background-size":"auto","background-attachment":"scroll","background-type":"","background-media":"","overlay-type":"","overlay-color":"","overlay-opacity":"","overlay-gradient":""},"tablet":{"background-color":"","background-image":"","background-repeat":"repeat","background-position":"center center","background-size":"auto","background-attachment":"scroll","background-type":"","background-media":"","overlay-type":"","overlay-color":"","overlay-opacity":"","overlay-gradient":""},"mobile":{"background-color":"","background-image":"","background-repeat":"repeat","background-position":"center center","background-size":"auto","background-attachment":"scroll","background-type":"","background-media":"","overlay-type":"","overlay-color":"","overlay-opacity":"","overlay-gradient":""}},"ast-content-background-meta":{"desktop":{"background-color":"var(--ast-global-color-5)","background-image":"","background-repeat":"repeat","background-position":"center center","background-size":"auto","background-attachment":"scroll","background-type":"","background-media":"","overlay-type":"","overlay-color":"","overlay-opacity":"","overlay-gradient":""},"tablet":{"background-color":"var(--ast-global-color-5)","background-image":"","background-repeat":"repeat","background-position":"center center","background-size":"auto","background-attachment":"scroll","background-type":"","background-media":"","overlay-type":"","overlay-color":"","overlay-opacity":"","overlay-gradient":""},"mobile":{"background-color":"var(--ast-global-color-5)","background-image":"","background-repeat":"repeat","background-position":"center center","background-size":"auto","background-attachment":"scroll","background-type":"","background-media":"","overlay-type":"","overlay-color":"","overlay-opacity":"","overlay-gradient":""}},"uix_meta_title":"","uix_meta_description":"","uix_canonical_url":""},"product_brand":[],"product_cat":[175],"product_tag":[303,304,305,763,765,766,767,768,1089,1090,1091,1092,1093,1094,1095,1096],"comparison_feature":[991,995,996,997,998,999,992,1000,1002,1001],"class_list":{"0":"post-35859","1":"product","2":"type-product","3":"status-publish","4":"has-post-thumbnail","6":"product_cat-visa-extension","7":"product_tag-kuta","8":"product_tag-jimbaran","9":"product_tag-south-bali","10":"product_tag-academic-internship-indonesia","11":"product_tag-academic-internship-bali","12":"product_tag-c22a-internship-visa","13":"product_tag-corporate-internship-indonesia","14":"product_tag-corporate-internship-bali","15":"product_tag-business-multiple-entry-visa-indonesia","16":"product_tag-internship-visa","17":"product_tag-internship-visa-bali","18":"product_tag-internship-visa-indonesia","19":"product_tag-internship-bali","20":"product_tag-internship-java","21":"product_tag-c22b-internship-visa","22":"product_tag-internship-visa-extension","23":"comparison_feature-guaranteed_visa_approval","24":"comparison_feature-refunds-available","25":"comparison_feature-multiple-payment-options","26":"comparison_feature-personal-point-of-contact","27":"comparison_feature-support-that-puts-you-first","28":"comparison_feature-apply-anytime","29":"comparison_feature-ease_of_application","30":"comparison_feature-currencies-supported","31":"comparison_feature-payment-methods","32":"comparison_feature-average-response-time","33":"desktop-align-left","34":"tablet-align-left","35":"mobile-align-left","36":"ast-product-gallery-layout-horizontal-slider","37":"ast-product-gallery-with-no-image","38":"ast-magnify-disabled","39":"ast-product-single-variable","40":"ast-product-tabs-layout-horizontal","42":"first","43":"instock","44":"sale","45":"shipping-taxable","46":"purchasable","47":"product-type-variable","48":"has-default-attributes"},"acf":[],"_links":{"self":[{"href":"https:\/\/visa-indonesia.com\/da\/wp-json\/wp\/v2\/product\/35859","targetHints":{"allow":["GET"]}}],"collection":[{"href":"https:\/\/visa-indonesia.com\/da\/wp-json\/wp\/v2\/product"}],"about":[{"href":"https:\/\/visa-indonesia.com\/da\/wp-json\/wp\/v2\/types\/product"}],"replies":[{"embeddable":true,"href":"https:\/\/visa-indonesia.com\/da\/wp-json\/wp\/v2\/comments?post=35859"}],"wp:featuredmedia":[{"embeddable":true,"href":"https:\/\/visa-indonesia.com\/da\/wp-json\/wp\/v2\/media\/36587"}],"wp:attachment":[{"href":"https:\/\/visa-indonesia.com\/da\/wp-json\/wp\/v2\/media?parent=35859"}],"wp:term":[{"taxonomy":"product_brand","embeddable":true,"href":"https:\/\/visa-indonesia.com\/da\/wp-json\/wp\/v2\/product_brand?post=35859"},{"taxonomy":"product_cat","embeddable":true,"href":"https:\/\/visa-indonesia.com\/da\/wp-json\/wp\/v2\/product_cat?post=35859"},{"taxonomy":"product_tag","embeddable":true,"href":"https:\/\/visa-indonesia.com\/da\/wp-json\/wp\/v2\/product_tag?post=35859"},{"taxonomy":"comparison_feature","embeddable":true,"href":"https:\/\/visa-indonesia.com\/da\/wp-json\/wp\/v2\/comparison_feature?post=35859"}],"curies":[{"name":"wp","href":"https:\/\/api.w.org\/{rel}","templated":true}]}}